{"id":3263,"date":"2020-07-17T13:07:37","date_gmt":"2020-07-17T13:07:37","guid":{"rendered":"http:\/\/genetikascentrs.lv\/o-nas\/sertifikati\/"},"modified":"2025-10-07T11:14:10","modified_gmt":"2025-10-07T11:14:10","slug":"sertifikaty","status":"publish","type":"page","link":"https:\/\/genetikascentrs.lv\/ru\/o-nas\/sertifikaty\/","title":{"rendered":"\u0421\u0435\u0440\u0442\u0438\u0444\u0438\u043a\u0430\u0442\u044b"},"content":{"rendered":"[vc_row disable_element=&#187;yes&#187;][vc_column][vc_media_grid grid_id=&#187;vc_gid:1759835424619-82ed2170-98b7-9&#8243; include=&#187;6541,6544,6547,6550,6553,6556&#8243; el_class=&#187;sert_box&#187;][vc_empty_space][vc_media_grid grid_id=&#187;vc_gid:1759835424620-1296cc4f-bc1f-10&#8243; include=&#187;2728,5411,2737,2740,2743,5414,2749,2755,2758&#8243; el_class=&#187;sert_box&#187;][\/vc_column][\/vc_row][vc_row el_class=&#187;new-cert&#187;][vc_column width=&#187;1\/3&#8243;][theme_text_image_element tt_order=&#187;1&#8243; tt_onclick=&#187;1&#8243; tt_image_link=&#187;http:\/\/genetikascentrs.lv\/wp-content\/uploads\/2025\/10\/2025_Akreditacijas_aplieciba_M_541_08-1.pdf&#187; image=&#187;6571&#8243;][\/theme_text_image_element][\/vc_column][vc_column width=&#187;1\/3&#8243;][theme_text_image_element tt_order=&#187;1&#8243; tt_onclick=&#187;1&#8243; tt_image_link=&#187;https:\/\/genetikascentrs.lv\/wp-content\/uploads\/2020\/07\/csm_WhatClinicAward2016_4751591e19.jpg&#187; image=&#187;2728&#8243;][\/theme_text_image_element][\/vc_column][vc_column width=&#187;1\/3&#8243;][theme_text_image_element tt_order=&#187;1&#8243; tt_onclick=&#187;1&#8243; tt_image_link=&#187;https:\/\/genetikascentrs.lv\/wp-content\/uploads\/2020\/07\/csm_6d733afdfc_fe13b5aa47.jpg&#187; image=&#187;2737&#8243;][\/theme_text_image_element][\/vc_column][\/vc_row][vc_row el_class=&#187;new-cert&#187;][vc_column width=&#187;1\/3&#8243;][theme_text_image_element tt_order=&#187;1&#8243; tt_onclick=&#187;1&#8243; tt_image_link=&#187;https:\/\/genetikascentrs.lv\/wp-content\/uploads\/2020\/07\/csm_IVF-Clinic-Award-Certificate-IVF-Riga-2017_b23c33f36d.jpg&#187; image=&#187;2740&#8243;][\/theme_text_image_element][\/vc_column][vc_column width=&#187;1\/3&#8243;][theme_text_image_element tt_order=&#187;1&#8243; tt_onclick=&#187;1&#8243; tt_image_link=&#187;https:\/\/genetikascentrs.lv\/wp-content\/uploads\/2020\/07\/csm_IVF_Clinic_Award_Certificate_iVF_Riga_2015_09e8915537.jpg&#187; image=&#187;2743&#8243;][\/theme_text_image_element][\/vc_column][vc_column width=&#187;1\/3&#8243;][theme_text_image_element tt_order=&#187;1&#8243; tt_onclick=&#187;1&#8243; tt_image_link=&#187;https:\/\/genetikascentrs.lv\/wp-content\/uploads\/2020\/07\/csm_04a9e85ab8_0eabdb80db.jpg&#187; image=&#187;2755&#8243;][\/theme_text_image_element][\/vc_column][\/vc_row][vc_row el_class=&#187;new-cert&#187;][vc_column width=&#187;1\/3&#8243;][theme_text_image_element tt_order=&#187;1&#8243; tt_onclick=&#187;1&#8243; tt_image_link=&#187;https:\/\/genetikascentrs.lv\/wp-content\/uploads\/2020\/07\/csm_Kval_Balva_a0fb328f22.jpg&#187; image=&#187;2749&#8243;][\/theme_text_image_element][\/vc_column][vc_column width=&#187;1\/3&#8243;][theme_text_image_element tt_order=&#187;1&#8243; tt_onclick=&#187;1&#8243; tt_image_link=&#187;https:\/\/genetikascentrs.lv\/wp-content\/uploads\/2020\/07\/csm_Trusted_Clinic2014_1f8f54880a.jpg&#187; image=&#187;2758&#8243;][\/theme_text_image_element][\/vc_column][vc_column width=&#187;1\/3&#8243;][theme_text_image_element tt_order=&#187;1&#8243; tt_onclick=&#187;1&#8243; tt_image_link=&#187;https:\/\/genetikascentrs.lv\/wp-content\/uploads\/2023\/07\/2023_IVF_9001_Lat-pdf-724&#215;1024.jpg&#187; image=&#187;6574&#8243;][\/theme_text_image_element][\/vc_column][\/vc_row][vc_row el_class=&#187;new-cert&#187;][vc_column width=&#187;1\/3&#8243;][theme_text_image_element tt_order=&#187;1&#8243; tt_onclick=&#187;1&#8243; tt_image_link=&#187;https:\/\/genetikascentrs.lv\/wp-content\/uploads\/2023\/07\/1lpp-AC_7_11__iVF-Riga_E_Audu_un_sunu_izmantosanas_atlauja_1.png&#187; image=&#187;6577&#8243;][\/theme_text_image_element][\/vc_column][vc_column width=&#187;1\/3&#8243;][\/vc_column][vc_column width=&#187;1\/3&#8243;][\/vc_column][\/vc_row]\n","protected":false},"excerpt":{"rendered":"<p>[vc_row disable_element=&#187;yes&#187;][vc_column][vc_media_grid grid_id=&#187;vc_gid:1759835424619-82ed2170-98b7-9&#8243; include=&#187;6541,6544,6547,6550,6553,6556&#8243; el_class=&#187;sert_box&#187;][vc_empty_space][vc_media_grid grid_id=&#187;vc_gid:1759835424620-1296cc4f-bc1f-10&#8243; include=&#187;2728,5411,2737,2740,2743,5414,2749,2755,2758&#8243; el_class=&#187;sert_box&#187;][\/vc_column][\/vc_row][vc_row el_class=&#187;new-cert&#187;][vc_column width=&#187;1\/3&#8243;][theme_text_image_element tt_order=&#187;1&#8243; tt_onclick=&#187;1&#8243; tt_image_link=&#187;http:\/\/genetikascentrs.lv\/wp-content\/uploads\/2025\/10\/2025_Akreditacijas_aplieciba_M_541_08-1.pdf&#187; image=&#187;6571&#8243;][\/theme_text_image_element][\/vc_column][vc_column width=&#187;1\/3&#8243;][theme_text_image_element tt_order=&#187;1&#8243; tt_onclick=&#187;1&#8243; tt_image_link=&#187;https:\/\/genetikascentrs.lv\/wp-content\/uploads\/2020\/07\/csm_WhatClinicAward2016_4751591e19.jpg&#187; image=&#187;2728&#8243;][\/theme_text_image_element][\/vc_column][vc_column width=&#187;1\/3&#8243;][theme_text_image_element tt_order=&#187;1&#8243; tt_onclick=&#187;1&#8243; tt_image_link=&#187;https:\/\/genetikascentrs.lv\/wp-content\/uploads\/2020\/07\/csm_6d733afdfc_fe13b5aa47.jpg&#187; image=&#187;2737&#8243;][\/theme_text_image_element][\/vc_column][\/vc_row][vc_row el_class=&#187;new-cert&#187;][vc_column width=&#187;1\/3&#8243;][theme_text_image_element tt_order=&#187;1&#8243; tt_onclick=&#187;1&#8243; tt_image_link=&#187;https:\/\/genetikascentrs.lv\/wp-content\/uploads\/2020\/07\/csm_IVF-Clinic-Award-Certificate-IVF-Riga-2017_b23c33f36d.jpg&#187; image=&#187;2740&#8243;][\/theme_text_image_element][\/vc_column][vc_column width=&#187;1\/3&#8243;][theme_text_image_element tt_order=&#187;1&#8243; tt_onclick=&#187;1&#8243; tt_image_link=&#187;https:\/\/genetikascentrs.lv\/wp-content\/uploads\/2020\/07\/csm_IVF_Clinic_Award_Certificate_iVF_Riga_2015_09e8915537.jpg&#187; image=&#187;2743&#8243;][\/theme_text_image_element][\/vc_column][vc_column width=&#187;1\/3&#8243;][theme_text_image_element tt_order=&#187;1&#8243; tt_onclick=&#187;1&#8243; tt_image_link=&#187;https:\/\/genetikascentrs.lv\/wp-content\/uploads\/2020\/07\/csm_04a9e85ab8_0eabdb80db.jpg&#187; image=&#187;2755&#8243;][\/theme_text_image_element][\/vc_column][\/vc_row][vc_row el_class=&#187;new-cert&#187;][vc_column width=&#187;1\/3&#8243;][theme_text_image_element tt_order=&#187;1&#8243; tt_onclick=&#187;1&#8243; tt_image_link=&#187;https:\/\/genetikascentrs.lv\/wp-content\/uploads\/2020\/07\/csm_Kval_Balva_a0fb328f22.jpg&#187; image=&#187;2749&#8243;][\/theme_text_image_element][\/vc_column][vc_column width=&#187;1\/3&#8243;][theme_text_image_element tt_order=&#187;1&#8243; tt_onclick=&#187;1&#8243; tt_image_link=&#187;https:\/\/genetikascentrs.lv\/wp-content\/uploads\/2020\/07\/csm_Trusted_Clinic2014_1f8f54880a.jpg&#187; image=&#187;2758&#8243;][\/theme_text_image_element][\/vc_column][vc_column width=&#187;1\/3&#8243;][theme_text_image_element tt_order=&#187;1&#8243; tt_onclick=&#187;1&#8243; tt_image_link=&#187;https:\/\/genetikascentrs.lv\/wp-content\/uploads\/2023\/07\/2023_IVF_9001_Lat-pdf-724&#215;1024.jpg&#187; <\/p>\n<div class=\"btn-more-wrapper\"><a href=\"https:\/\/genetikascentrs.lv\/ru\/o-nas\/sertifikaty\/\" class=\"btn btn-sm btn-hover-fill\"><svg class=\"icon icon-right-arrow\" version=\"1.1\" xmlns=\"http:\/\/www.w3.org\/2000\/svg\" width=\"32\" height=\"32\" viewBox=\"0 0 32 32\"><title>right-arrow<\/title><path d=\"M21.548 5.088c-0.436-0.451-1.162-0.451-1.613 0-0.436 0.436-0.436 1.162 0 1.596l8.177 8.177h-26.984c-0.629 0.001-1.129 0.501-1.129 1.13s0.5 1.145 1.129 1.145h26.984l-8.177 8.162c-0.436 0.451-0.436 1.178 0 1.613 0.451 0.451 1.178 0.451 1.613 0l10.113-10.113c0.451-0.436 0.451-1.162 0-1.596l-10.113-10.114z\"><\/path><\/svg>\u0427\u0438\u0442\u0430\u0442\u044c \u0434\u0430\u043b\u0435\u0435<span class=\"screen-reader-text\"> &#171;\u0421\u0435\u0440\u0442\u0438\u0444\u0438\u043a\u0430\u0442\u044b&#187;<\/span><svg class=\"icon icon-right-arrow\" version=\"1.1\" xmlns=\"http:\/\/www.w3.org\/2000\/svg\" width=\"32\" height=\"32\" viewBox=\"0 0 32 32\"><title>right-arrow<\/title><path d=\"M21.548 5.088c-0.436-0.451-1.162-0.451-1.613 0-0.436 0.436-0.436 1.162 0 1.596l8.177 8.177h-26.984c-0.629 0.001-1.129 0.501-1.129 1.13s0.5 1.145 1.129 1.145h26.984l-8.177 8.162c-0.436 0.451-0.436 1.178 0 1.613 0.451 0.451 1.178 0.451 1.613 0l10.113-10.113c0.451-0.436 0.451-1.162 0-1.596l-10.113-10.114z\"><\/path><\/svg><\/a><\/div>\n","protected":false},"author":1,"featured_media":0,"parent":3001,"menu_order":0,"comment_status":"closed","ping_status":"closed","template":"","meta":{"footnotes":""},"class_list":["post-3263","page","type-page","status-publish","hentry"],"yoast_head":"<!-- This site is optimized with the Yoast SEO plugin v24.5 - https:\/\/yoast.com\/wordpress\/plugins\/seo\/ -->\n<title>\u0421\u0435\u0440\u0442\u0438\u0444\u0438\u043a\u0430\u0442\u044b, \u0426\u0435\u043d\u0442\u0440 \u0433\u0435\u043d\u0435\u0442\u0438\u043a\u0438 iVF Riga - iVF Riga \u0123en\u0113tikas centrs<\/title>\n<meta name=\"description\" content=\"\u0421\u0435\u0440\u0442\u0438\u0444\u0438\u043a\u0430\u0442\u044b, \u0426\u0435\u043d\u0442\u0440 \u0433\u0435\u043d\u0435\u0442\u0438\u043a\u0438 iVF Riga. \u0412\u044b\u0441\u043e\u043a\u043e\u043a\u0432\u0430\u043b\u0438\u0444\u0438\u0446\u0438\u0440\u043e\u0432\u0430\u043d\u043d\u044b\u0435 \u0432\u0440\u0430\u0447\u0438-\u0433\u0435\u043d\u0435\u0442\u0438\u043a\u0438, \u0431\u043e\u043b\u044c\u0448\u043e\u0439 \u043e\u043f\u044b\u0442 \u0440\u0430\u0431\u043e\u0442\u044b, \u0441\u043e\u0432\u0440\u0435\u043c\u0435\u043d\u043d\u043e \u043e\u0431\u043e\u0440\u0443\u0434\u043e\u0432\u0430\u043d\u043d\u0430\u044f \u043b\u0430\u0431\u043e\u0440\u0430\u0442\u043e\u0440\u0438\u044f.\" \/>\n<meta name=\"robots\" content=\"index, follow, max-snippet:-1, max-image-preview:large, max-video-preview:-1\" \/>\n<link rel=\"canonical\" href=\"https:\/\/genetikascentrs.lv\/ru\/o-nas\/sertifikaty\/\" \/>\n<meta property=\"og:locale\" content=\"ru_RU\" \/>\n<meta property=\"og:type\" content=\"article\" \/>\n<meta property=\"og:title\" content=\"\u0421\u0435\u0440\u0442\u0438\u0444\u0438\u043a\u0430\u0442\u044b, \u0426\u0435\u043d\u0442\u0440 \u0433\u0435\u043d\u0435\u0442\u0438\u043a\u0438 iVF Riga - iVF Riga \u0123en\u0113tikas centrs\" \/>\n<meta property=\"og:description\" content=\"\u0421\u0435\u0440\u0442\u0438\u0444\u0438\u043a\u0430\u0442\u044b, \u0426\u0435\u043d\u0442\u0440 \u0433\u0435\u043d\u0435\u0442\u0438\u043a\u0438 iVF Riga. \u0412\u044b\u0441\u043e\u043a\u043e\u043a\u0432\u0430\u043b\u0438\u0444\u0438\u0446\u0438\u0440\u043e\u0432\u0430\u043d\u043d\u044b\u0435 \u0432\u0440\u0430\u0447\u0438-\u0433\u0435\u043d\u0435\u0442\u0438\u043a\u0438, \u0431\u043e\u043b\u044c\u0448\u043e\u0439 \u043e\u043f\u044b\u0442 \u0440\u0430\u0431\u043e\u0442\u044b, \u0441\u043e\u0432\u0440\u0435\u043c\u0435\u043d\u043d\u043e \u043e\u0431\u043e\u0440\u0443\u0434\u043e\u0432\u0430\u043d\u043d\u0430\u044f \u043b\u0430\u0431\u043e\u0440\u0430\u0442\u043e\u0440\u0438\u044f.\" \/>\n<meta property=\"og:url\" content=\"https:\/\/genetikascentrs.lv\/ru\/o-nas\/sertifikaty\/\" \/>\n<meta property=\"og:site_name\" content=\"iVF Riga \u0123en\u0113tikas centrs\" \/>\n<meta property=\"article:modified_time\" content=\"2025-10-07T11:14:10+00:00\" \/>\n<meta name=\"twitter:card\" content=\"summary_large_image\" \/>\n<meta name=\"twitter:label1\" content=\"\u041f\u0440\u0438\u043c\u0435\u0440\u043d\u043e\u0435 \u0432\u0440\u0435\u043c\u044f \u0434\u043b\u044f \u0447\u0442\u0435\u043d\u0438\u044f\" \/>\n\t<meta name=\"twitter:data1\" content=\"1 \u043c\u0438\u043d\u0443\u0442\u0430\" \/>\n<script type=\"application\/ld+json\" class=\"yoast-schema-graph\">{\"@context\":\"https:\/\/schema.org\",\"@graph\":[{\"@type\":\"WebPage\",\"@id\":\"https:\/\/genetikascentrs.lv\/ru\/o-nas\/sertifikaty\/\",\"url\":\"https:\/\/genetikascentrs.lv\/ru\/o-nas\/sertifikaty\/\",\"name\":\"\u0421\u0435\u0440\u0442\u0438\u0444\u0438\u043a\u0430\u0442\u044b, \u0426\u0435\u043d\u0442\u0440 \u0433\u0435\u043d\u0435\u0442\u0438\u043a\u0438 iVF Riga - iVF Riga \u0123en\u0113tikas centrs\",\"isPartOf\":{\"@id\":\"https:\/\/genetikascentrs.lv\/ru\/#website\"},\"datePublished\":\"2020-07-17T13:07:37+00:00\",\"dateModified\":\"2025-10-07T11:14:10+00:00\",\"description\":\"\u0421\u0435\u0440\u0442\u0438\u0444\u0438\u043a\u0430\u0442\u044b, \u0426\u0435\u043d\u0442\u0440 \u0433\u0435\u043d\u0435\u0442\u0438\u043a\u0438 iVF Riga. \u0412\u044b\u0441\u043e\u043a\u043e\u043a\u0432\u0430\u043b\u0438\u0444\u0438\u0446\u0438\u0440\u043e\u0432\u0430\u043d\u043d\u044b\u0435 \u0432\u0440\u0430\u0447\u0438-\u0433\u0435\u043d\u0435\u0442\u0438\u043a\u0438, \u0431\u043e\u043b\u044c\u0448\u043e\u0439 \u043e\u043f\u044b\u0442 \u0440\u0430\u0431\u043e\u0442\u044b, \u0441\u043e\u0432\u0440\u0435\u043c\u0435\u043d\u043d\u043e \u043e\u0431\u043e\u0440\u0443\u0434\u043e\u0432\u0430\u043d\u043d\u0430\u044f \u043b\u0430\u0431\u043e\u0440\u0430\u0442\u043e\u0440\u0438\u044f.\",\"breadcrumb\":{\"@id\":\"https:\/\/genetikascentrs.lv\/ru\/o-nas\/sertifikaty\/#breadcrumb\"},\"inLanguage\":\"ru-RU\",\"potentialAction\":[{\"@type\":\"ReadAction\",\"target\":[\"https:\/\/genetikascentrs.lv\/ru\/o-nas\/sertifikaty\/\"]}]},{\"@type\":\"BreadcrumbList\",\"@id\":\"https:\/\/genetikascentrs.lv\/ru\/o-nas\/sertifikaty\/#breadcrumb\",\"itemListElement\":[{\"@type\":\"ListItem\",\"position\":1,\"name\":\"Home\",\"item\":\"https:\/\/genetikascentrs.lv\/ru\/\"},{\"@type\":\"ListItem\",\"position\":2,\"name\":\"\u041e \u043d\u0430\u0441\",\"item\":\"https:\/\/genetikascentrs.lv\/ru\/o-nas\/\"},{\"@type\":\"ListItem\",\"position\":3,\"name\":\"\u0421\u0435\u0440\u0442\u0438\u0444\u0438\u043a\u0430\u0442\u044b\"}]},{\"@type\":\"WebSite\",\"@id\":\"https:\/\/genetikascentrs.lv\/ru\/#website\",\"url\":\"https:\/\/genetikascentrs.lv\/ru\/\",\"name\":\"iVF Riga \u0123en\u0113tikas centrs\",\"description\":\"\u0122en\u0113tikas centrs\",\"publisher\":{\"@id\":\"https:\/\/genetikascentrs.lv\/ru\/#organization\"},\"potentialAction\":[{\"@type\":\"SearchAction\",\"target\":{\"@type\":\"EntryPoint\",\"urlTemplate\":\"https:\/\/genetikascentrs.lv\/ru\/?s={search_term_string}\"},\"query-input\":{\"@type\":\"PropertyValueSpecification\",\"valueRequired\":true,\"valueName\":\"search_term_string\"}}],\"inLanguage\":\"ru-RU\"},{\"@type\":\"Organization\",\"@id\":\"https:\/\/genetikascentrs.lv\/ru\/#organization\",\"name\":\"iVF Riga \u0123en\u0113tikas centrs\",\"url\":\"https:\/\/genetikascentrs.lv\/ru\/\",\"logo\":{\"@type\":\"ImageObject\",\"inLanguage\":\"ru-RU\",\"@id\":\"https:\/\/genetikascentrs.lv\/ru\/#\/schema\/logo\/image\/\",\"url\":\"https:\/\/genetikascentrs.lv\/wp-content\/uploads\/2021\/02\/cropped-iVF-Genetikas-logo.png\",\"contentUrl\":\"https:\/\/genetikascentrs.lv\/wp-content\/uploads\/2021\/02\/cropped-iVF-Genetikas-logo.png\",\"width\":861,\"height\":250,\"caption\":\"iVF Riga \u0123en\u0113tikas centrs\"},\"image\":{\"@id\":\"https:\/\/genetikascentrs.lv\/ru\/#\/schema\/logo\/image\/\"}}]}<\/script>\n<!-- \/ Yoast SEO plugin. -->","yoast_head_json":{"title":"\u0421\u0435\u0440\u0442\u0438\u0444\u0438\u043a\u0430\u0442\u044b, \u0426\u0435\u043d\u0442\u0440 \u0433\u0435\u043d\u0435\u0442\u0438\u043a\u0438 iVF Riga - iVF Riga \u0123en\u0113tikas centrs","description":"\u0421\u0435\u0440\u0442\u0438\u0444\u0438\u043a\u0430\u0442\u044b, \u0426\u0435\u043d\u0442\u0440 \u0433\u0435\u043d\u0435\u0442\u0438\u043a\u0438 iVF Riga. \u0412\u044b\u0441\u043e\u043a\u043e\u043a\u0432\u0430\u043b\u0438\u0444\u0438\u0446\u0438\u0440\u043e\u0432\u0430\u043d\u043d\u044b\u0435 \u0432\u0440\u0430\u0447\u0438-\u0433\u0435\u043d\u0435\u0442\u0438\u043a\u0438, \u0431\u043e\u043b\u044c\u0448\u043e\u0439 \u043e\u043f\u044b\u0442 \u0440\u0430\u0431\u043e\u0442\u044b, \u0441\u043e\u0432\u0440\u0435\u043c\u0435\u043d\u043d\u043e \u043e\u0431\u043e\u0440\u0443\u0434\u043e\u0432\u0430\u043d\u043d\u0430\u044f \u043b\u0430\u0431\u043e\u0440\u0430\u0442\u043e\u0440\u0438\u044f.","robots":{"index":"index","follow":"follow","max-snippet":"max-snippet:-1","max-image-preview":"max-image-preview:large","max-video-preview":"max-video-preview:-1"},"canonical":"https:\/\/genetikascentrs.lv\/ru\/o-nas\/sertifikaty\/","og_locale":"ru_RU","og_type":"article","og_title":"\u0421\u0435\u0440\u0442\u0438\u0444\u0438\u043a\u0430\u0442\u044b, \u0426\u0435\u043d\u0442\u0440 \u0433\u0435\u043d\u0435\u0442\u0438\u043a\u0438 iVF Riga - iVF Riga \u0123en\u0113tikas centrs","og_description":"\u0421\u0435\u0440\u0442\u0438\u0444\u0438\u043a\u0430\u0442\u044b, \u0426\u0435\u043d\u0442\u0440 \u0433\u0435\u043d\u0435\u0442\u0438\u043a\u0438 iVF Riga. \u0412\u044b\u0441\u043e\u043a\u043e\u043a\u0432\u0430\u043b\u0438\u0444\u0438\u0446\u0438\u0440\u043e\u0432\u0430\u043d\u043d\u044b\u0435 \u0432\u0440\u0430\u0447\u0438-\u0433\u0435\u043d\u0435\u0442\u0438\u043a\u0438, \u0431\u043e\u043b\u044c\u0448\u043e\u0439 \u043e\u043f\u044b\u0442 \u0440\u0430\u0431\u043e\u0442\u044b, \u0441\u043e\u0432\u0440\u0435\u043c\u0435\u043d\u043d\u043e \u043e\u0431\u043e\u0440\u0443\u0434\u043e\u0432\u0430\u043d\u043d\u0430\u044f \u043b\u0430\u0431\u043e\u0440\u0430\u0442\u043e\u0440\u0438\u044f.","og_url":"https:\/\/genetikascentrs.lv\/ru\/o-nas\/sertifikaty\/","og_site_name":"iVF Riga \u0123en\u0113tikas centrs","article_modified_time":"2025-10-07T11:14:10+00:00","twitter_card":"summary_large_image","twitter_misc":{"\u041f\u0440\u0438\u043c\u0435\u0440\u043d\u043e\u0435 \u0432\u0440\u0435\u043c\u044f \u0434\u043b\u044f \u0447\u0442\u0435\u043d\u0438\u044f":"1 \u043c\u0438\u043d\u0443\u0442\u0430"},"schema":{"@context":"https:\/\/schema.org","@graph":[{"@type":"WebPage","@id":"https:\/\/genetikascentrs.lv\/ru\/o-nas\/sertifikaty\/","url":"https:\/\/genetikascentrs.lv\/ru\/o-nas\/sertifikaty\/","name":"\u0421\u0435\u0440\u0442\u0438\u0444\u0438\u043a\u0430\u0442\u044b, \u0426\u0435\u043d\u0442\u0440 \u0433\u0435\u043d\u0435\u0442\u0438\u043a\u0438 iVF Riga - iVF Riga \u0123en\u0113tikas centrs","isPartOf":{"@id":"https:\/\/genetikascentrs.lv\/ru\/#website"},"datePublished":"2020-07-17T13:07:37+00:00","dateModified":"2025-10-07T11:14:10+00:00","description":"\u0421\u0435\u0440\u0442\u0438\u0444\u0438\u043a\u0430\u0442\u044b, \u0426\u0435\u043d\u0442\u0440 \u0433\u0435\u043d\u0435\u0442\u0438\u043a\u0438 iVF Riga. \u0412\u044b\u0441\u043e\u043a\u043e\u043a\u0432\u0430\u043b\u0438\u0444\u0438\u0446\u0438\u0440\u043e\u0432\u0430\u043d\u043d\u044b\u0435 \u0432\u0440\u0430\u0447\u0438-\u0433\u0435\u043d\u0435\u0442\u0438\u043a\u0438, \u0431\u043e\u043b\u044c\u0448\u043e\u0439 \u043e\u043f\u044b\u0442 \u0440\u0430\u0431\u043e\u0442\u044b, \u0441\u043e\u0432\u0440\u0435\u043c\u0435\u043d\u043d\u043e \u043e\u0431\u043e\u0440\u0443\u0434\u043e\u0432\u0430\u043d\u043d\u0430\u044f \u043b\u0430\u0431\u043e\u0440\u0430\u0442\u043e\u0440\u0438\u044f.","breadcrumb":{"@id":"https:\/\/genetikascentrs.lv\/ru\/o-nas\/sertifikaty\/#breadcrumb"},"inLanguage":"ru-RU","potentialAction":[{"@type":"ReadAction","target":["https:\/\/genetikascentrs.lv\/ru\/o-nas\/sertifikaty\/"]}]},{"@type":"BreadcrumbList","@id":"https:\/\/genetikascentrs.lv\/ru\/o-nas\/sertifikaty\/#breadcrumb","itemListElement":[{"@type":"ListItem","position":1,"name":"Home","item":"https:\/\/genetikascentrs.lv\/ru\/"},{"@type":"ListItem","position":2,"name":"\u041e \u043d\u0430\u0441","item":"https:\/\/genetikascentrs.lv\/ru\/o-nas\/"},{"@type":"ListItem","position":3,"name":"\u0421\u0435\u0440\u0442\u0438\u0444\u0438\u043a\u0430\u0442\u044b"}]},{"@type":"WebSite","@id":"https:\/\/genetikascentrs.lv\/ru\/#website","url":"https:\/\/genetikascentrs.lv\/ru\/","name":"iVF Riga \u0123en\u0113tikas centrs","description":"\u0122en\u0113tikas centrs","publisher":{"@id":"https:\/\/genetikascentrs.lv\/ru\/#organization"},"potentialAction":[{"@type":"SearchAction","target":{"@type":"EntryPoint","urlTemplate":"https:\/\/genetikascentrs.lv\/ru\/?s={search_term_string}"},"query-input":{"@type":"PropertyValueSpecification","valueRequired":true,"valueName":"search_term_string"}}],"inLanguage":"ru-RU"},{"@type":"Organization","@id":"https:\/\/genetikascentrs.lv\/ru\/#organization","name":"iVF Riga \u0123en\u0113tikas centrs","url":"https:\/\/genetikascentrs.lv\/ru\/","logo":{"@type":"ImageObject","inLanguage":"ru-RU","@id":"https:\/\/genetikascentrs.lv\/ru\/#\/schema\/logo\/image\/","url":"https:\/\/genetikascentrs.lv\/wp-content\/uploads\/2021\/02\/cropped-iVF-Genetikas-logo.png","contentUrl":"https:\/\/genetikascentrs.lv\/wp-content\/uploads\/2021\/02\/cropped-iVF-Genetikas-logo.png","width":861,"height":250,"caption":"iVF Riga \u0123en\u0113tikas centrs"},"image":{"@id":"https:\/\/genetikascentrs.lv\/ru\/#\/schema\/logo\/image\/"}}]}},"_links":{"self":[{"href":"https:\/\/genetikascentrs.lv\/ru\/wp-json\/wp\/v2\/pages\/3263","targetHints":{"allow":["GET"]}}],"collection":[{"href":"https:\/\/genetikascentrs.lv\/ru\/wp-json\/wp\/v2\/pages"}],"about":[{"href":"https:\/\/genetikascentrs.lv\/ru\/wp-json\/wp\/v2\/types\/page"}],"author":[{"embeddable":true,"href":"https:\/\/genetikascentrs.lv\/ru\/wp-json\/wp\/v2\/users\/1"}],"replies":[{"embeddable":true,"href":"https:\/\/genetikascentrs.lv\/ru\/wp-json\/wp\/v2\/comments?post=3263"}],"version-history":[{"count":14,"href":"https:\/\/genetikascentrs.lv\/ru\/wp-json\/wp\/v2\/pages\/3263\/revisions"}],"predecessor-version":[{"id":6590,"href":"https:\/\/genetikascentrs.lv\/ru\/wp-json\/wp\/v2\/pages\/3263\/revisions\/6590"}],"up":[{"embeddable":true,"href":"https:\/\/genetikascentrs.lv\/ru\/wp-json\/wp\/v2\/pages\/3001"}],"wp:attachment":[{"href":"https:\/\/genetikascentrs.lv\/ru\/wp-json\/wp\/v2\/media?parent=3263"}],"curies":[{"name":"wp","href":"https:\/\/api.w.org\/{rel}","templated":true}]}}