{"id":3221,"date":"2020-07-07T15:01:28","date_gmt":"2020-07-07T15:01:28","guid":{"rendered":"http:\/\/genetikascentrs.lv\/galerija\/"},"modified":"2021-06-17T12:58:22","modified_gmt":"2021-06-17T12:58:22","slug":"galjereja","status":"publish","type":"page","link":"https:\/\/genetikascentrs.lv\/ru\/galjereja\/","title":{"rendered":"\u0413\u0430\u043b\u0435\u0440\u0435\u044f"},"content":{"rendered":"[vc_row disable_element=&#187;yes&#187;][vc_column][theme_gallery_popover_element gal_type=&#187;tab_simple&#187; gal_gutter=&#187;30&#8243; gal_labels=&#187;false&#187; gal_tabs_titles=&#187;Laboratorija,Person\u0101ls,Telpas&#187; gal_images=&#187;2483,2480,2477,2474,2471,2468,2465,2462,2459,2456,2453,2450,2447,2444,2441,2438,2435&#8243; gal_tabs_links=&#187;3,3,3,3,3,2,2,1,2,2,1,1,1,1,1,1,1&#8243;][\/theme_gallery_popover_element][\/vc_column][\/vc_row][vc_row][vc_column][theme_gallery_popover_element gal_type=&#187;tab_simple&#187; gal_gutter=&#187;30&#8243; gal_labels=&#187;false&#187; gal_images=&#187;4849,4852,4855,4858,4861,4864,4867,4870,4873,4876,4879,4882,4885,4888,4891,4894&#8243; gal_tabs_links=&#187;1,1,1,1,1,1,1,1,1,1,1,1,1,1,1,1&#8243;][\/theme_gallery_popover_element][\/vc_column][\/vc_row]\n","protected":false},"excerpt":{"rendered":"<p>[vc_row disable_element=&#187;yes&#187;][vc_column][theme_gallery_popover_element gal_type=&#187;tab_simple&#187; gal_gutter=&#187;30&#8243; gal_labels=&#187;false&#187; gal_tabs_titles=&#187;Laboratorija,Person\u0101ls,Telpas&#187; gal_images=&#187;2483,2480,2477,2474,2471,2468,2465,2462,2459,2456,2453,2450,2447,2444,2441,2438,2435&#8243; gal_tabs_links=&#187;3,3,3,3,3,2,2,1,2,2,1,1,1,1,1,1,1&#8243;][\/theme_gallery_popover_element][\/vc_column][\/vc_row][vc_row][vc_column][theme_gallery_popover_element gal_type=&#187;tab_simple&#187; gal_gutter=&#187;30&#8243; gal_labels=&#187;false&#187; gal_images=&#187;4849,4852,4855,4858,4861,4864,4867,4870,4873,4876,4879,4882,4885,4888,4891,4894&#8243; gal_tabs_links=&#187;1,1,1,1,1,1,1,1,1,1,1,1,1,1,1,1&#8243;][\/theme_gallery_popover_element][\/vc_column][\/vc_row]<\/p>\n","protected":false},"author":1,"featured_media":0,"parent":0,"menu_order":4,"comment_status":"closed","ping_status":"closed","template":"custompagett.php","meta":{"footnotes":""},"class_list":["post-3221","page","type-page","status-publish","hentry"],"yoast_head":"<!-- This site is optimized with the Yoast SEO plugin v24.5 - https:\/\/yoast.com\/wordpress\/plugins\/seo\/ -->\n<title>\u0413\u0430\u043b\u0435\u0440\u0435\u044f - iVF Riga \u0123en\u0113tikas centrs<\/title>\n<meta name=\"description\" content=\"\u0413\u0430\u043b\u0435\u0440\u0435\u044f \u0426\u0435\u043d\u0442\u0440 \u0433\u0435\u043d\u0435\u0442\u0438\u043a\u0438 iVF Riga. \u0412\u044b\u0441\u043e\u043a\u043e\u043a\u0432\u0430\u043b\u0438\u0444\u0438\u0446\u0438\u0440\u043e\u0432\u0430\u043d\u043d\u044b\u0435 \u0432\u0440\u0430\u0447\u0438-\u0433\u0435\u043d\u0435\u0442\u0438\u043a\u0438, \u0431\u043e\u043b\u044c\u0448\u043e\u0439 \u043e\u043f\u044b\u0442 \u0440\u0430\u0431\u043e\u0442\u044b, \u0441\u043e\u0432\u0440\u0435\u043c\u0435\u043d\u043d\u043e \u043e\u0431\u043e\u0440\u0443\u0434\u043e\u0432\u0430\u043d\u043d\u0430\u044f \u043b\u0430\u0431\u043e\u0440\u0430\u0442\u043e\u0440\u0438\u044f.\" \/>\n<meta name=\"robots\" content=\"index, follow, max-snippet:-1, max-image-preview:large, max-video-preview:-1\" \/>\n<link rel=\"canonical\" href=\"https:\/\/genetikascentrs.lv\/ru\/galjereja\/\" \/>\n<meta property=\"og:locale\" content=\"ru_RU\" \/>\n<meta property=\"og:type\" content=\"article\" \/>\n<meta property=\"og:title\" content=\"\u0413\u0430\u043b\u0435\u0440\u0435\u044f - iVF Riga \u0123en\u0113tikas centrs\" \/>\n<meta property=\"og:description\" content=\"\u0413\u0430\u043b\u0435\u0440\u0435\u044f \u0426\u0435\u043d\u0442\u0440 \u0433\u0435\u043d\u0435\u0442\u0438\u043a\u0438 iVF Riga. \u0412\u044b\u0441\u043e\u043a\u043e\u043a\u0432\u0430\u043b\u0438\u0444\u0438\u0446\u0438\u0440\u043e\u0432\u0430\u043d\u043d\u044b\u0435 \u0432\u0440\u0430\u0447\u0438-\u0433\u0435\u043d\u0435\u0442\u0438\u043a\u0438, \u0431\u043e\u043b\u044c\u0448\u043e\u0439 \u043e\u043f\u044b\u0442 \u0440\u0430\u0431\u043e\u0442\u044b, \u0441\u043e\u0432\u0440\u0435\u043c\u0435\u043d\u043d\u043e \u043e\u0431\u043e\u0440\u0443\u0434\u043e\u0432\u0430\u043d\u043d\u0430\u044f \u043b\u0430\u0431\u043e\u0440\u0430\u0442\u043e\u0440\u0438\u044f.\" \/>\n<meta property=\"og:url\" content=\"https:\/\/genetikascentrs.lv\/ru\/galjereja\/\" \/>\n<meta property=\"og:site_name\" content=\"iVF Riga \u0123en\u0113tikas centrs\" \/>\n<meta property=\"article:modified_time\" content=\"2021-06-17T12:58:22+00:00\" \/>\n<meta name=\"twitter:card\" content=\"summary_large_image\" \/>\n<meta name=\"twitter:label1\" content=\"\u041f\u0440\u0438\u043c\u0435\u0440\u043d\u043e\u0435 \u0432\u0440\u0435\u043c\u044f \u0434\u043b\u044f \u0447\u0442\u0435\u043d\u0438\u044f\" \/>\n\t<meta name=\"twitter:data1\" content=\"1 \u043c\u0438\u043d\u0443\u0442\u0430\" \/>\n<script type=\"application\/ld+json\" class=\"yoast-schema-graph\">{\"@context\":\"https:\/\/schema.org\",\"@graph\":[{\"@type\":\"WebPage\",\"@id\":\"https:\/\/genetikascentrs.lv\/ru\/galjereja\/\",\"url\":\"https:\/\/genetikascentrs.lv\/ru\/galjereja\/\",\"name\":\"\u0413\u0430\u043b\u0435\u0440\u0435\u044f - iVF Riga \u0123en\u0113tikas centrs\",\"isPartOf\":{\"@id\":\"https:\/\/genetikascentrs.lv\/ru\/#website\"},\"datePublished\":\"2020-07-07T15:01:28+00:00\",\"dateModified\":\"2021-06-17T12:58:22+00:00\",\"description\":\"\u0413\u0430\u043b\u0435\u0440\u0435\u044f \u0426\u0435\u043d\u0442\u0440 \u0433\u0435\u043d\u0435\u0442\u0438\u043a\u0438 iVF Riga. \u0412\u044b\u0441\u043e\u043a\u043e\u043a\u0432\u0430\u043b\u0438\u0444\u0438\u0446\u0438\u0440\u043e\u0432\u0430\u043d\u043d\u044b\u0435 \u0432\u0440\u0430\u0447\u0438-\u0433\u0435\u043d\u0435\u0442\u0438\u043a\u0438, \u0431\u043e\u043b\u044c\u0448\u043e\u0439 \u043e\u043f\u044b\u0442 \u0440\u0430\u0431\u043e\u0442\u044b, \u0441\u043e\u0432\u0440\u0435\u043c\u0435\u043d\u043d\u043e \u043e\u0431\u043e\u0440\u0443\u0434\u043e\u0432\u0430\u043d\u043d\u0430\u044f \u043b\u0430\u0431\u043e\u0440\u0430\u0442\u043e\u0440\u0438\u044f.\",\"breadcrumb\":{\"@id\":\"https:\/\/genetikascentrs.lv\/ru\/galjereja\/#breadcrumb\"},\"inLanguage\":\"ru-RU\",\"potentialAction\":[{\"@type\":\"ReadAction\",\"target\":[\"https:\/\/genetikascentrs.lv\/ru\/galjereja\/\"]}]},{\"@type\":\"BreadcrumbList\",\"@id\":\"https:\/\/genetikascentrs.lv\/ru\/galjereja\/#breadcrumb\",\"itemListElement\":[{\"@type\":\"ListItem\",\"position\":1,\"name\":\"Home\",\"item\":\"https:\/\/genetikascentrs.lv\/ru\/\"},{\"@type\":\"ListItem\",\"position\":2,\"name\":\"\u0413\u0430\u043b\u0435\u0440\u0435\u044f\"}]},{\"@type\":\"WebSite\",\"@id\":\"https:\/\/genetikascentrs.lv\/ru\/#website\",\"url\":\"https:\/\/genetikascentrs.lv\/ru\/\",\"name\":\"iVF Riga \u0123en\u0113tikas centrs\",\"description\":\"\u0122en\u0113tikas centrs\",\"publisher\":{\"@id\":\"https:\/\/genetikascentrs.lv\/ru\/#organization\"},\"potentialAction\":[{\"@type\":\"SearchAction\",\"target\":{\"@type\":\"EntryPoint\",\"urlTemplate\":\"https:\/\/genetikascentrs.lv\/ru\/?s={search_term_string}\"},\"query-input\":{\"@type\":\"PropertyValueSpecification\",\"valueRequired\":true,\"valueName\":\"search_term_string\"}}],\"inLanguage\":\"ru-RU\"},{\"@type\":\"Organization\",\"@id\":\"https:\/\/genetikascentrs.lv\/ru\/#organization\",\"name\":\"iVF Riga \u0123en\u0113tikas centrs\",\"url\":\"https:\/\/genetikascentrs.lv\/ru\/\",\"logo\":{\"@type\":\"ImageObject\",\"inLanguage\":\"ru-RU\",\"@id\":\"https:\/\/genetikascentrs.lv\/ru\/#\/schema\/logo\/image\/\",\"url\":\"https:\/\/genetikascentrs.lv\/wp-content\/uploads\/2021\/02\/cropped-iVF-Genetikas-logo.png\",\"contentUrl\":\"https:\/\/genetikascentrs.lv\/wp-content\/uploads\/2021\/02\/cropped-iVF-Genetikas-logo.png\",\"width\":861,\"height\":250,\"caption\":\"iVF Riga \u0123en\u0113tikas centrs\"},\"image\":{\"@id\":\"https:\/\/genetikascentrs.lv\/ru\/#\/schema\/logo\/image\/\"}}]}<\/script>\n<!-- \/ Yoast SEO plugin. -->","yoast_head_json":{"title":"\u0413\u0430\u043b\u0435\u0440\u0435\u044f - iVF Riga \u0123en\u0113tikas centrs","description":"\u0413\u0430\u043b\u0435\u0440\u0435\u044f \u0426\u0435\u043d\u0442\u0440 \u0433\u0435\u043d\u0435\u0442\u0438\u043a\u0438 iVF Riga. \u0412\u044b\u0441\u043e\u043a\u043e\u043a\u0432\u0430\u043b\u0438\u0444\u0438\u0446\u0438\u0440\u043e\u0432\u0430\u043d\u043d\u044b\u0435 \u0432\u0440\u0430\u0447\u0438-\u0433\u0435\u043d\u0435\u0442\u0438\u043a\u0438, \u0431\u043e\u043b\u044c\u0448\u043e\u0439 \u043e\u043f\u044b\u0442 \u0440\u0430\u0431\u043e\u0442\u044b, \u0441\u043e\u0432\u0440\u0435\u043c\u0435\u043d\u043d\u043e \u043e\u0431\u043e\u0440\u0443\u0434\u043e\u0432\u0430\u043d\u043d\u0430\u044f \u043b\u0430\u0431\u043e\u0440\u0430\u0442\u043e\u0440\u0438\u044f.","robots":{"index":"index","follow":"follow","max-snippet":"max-snippet:-1","max-image-preview":"max-image-preview:large","max-video-preview":"max-video-preview:-1"},"canonical":"https:\/\/genetikascentrs.lv\/ru\/galjereja\/","og_locale":"ru_RU","og_type":"article","og_title":"\u0413\u0430\u043b\u0435\u0440\u0435\u044f - iVF Riga \u0123en\u0113tikas centrs","og_description":"\u0413\u0430\u043b\u0435\u0440\u0435\u044f \u0426\u0435\u043d\u0442\u0440 \u0433\u0435\u043d\u0435\u0442\u0438\u043a\u0438 iVF Riga. \u0412\u044b\u0441\u043e\u043a\u043e\u043a\u0432\u0430\u043b\u0438\u0444\u0438\u0446\u0438\u0440\u043e\u0432\u0430\u043d\u043d\u044b\u0435 \u0432\u0440\u0430\u0447\u0438-\u0433\u0435\u043d\u0435\u0442\u0438\u043a\u0438, \u0431\u043e\u043b\u044c\u0448\u043e\u0439 \u043e\u043f\u044b\u0442 \u0440\u0430\u0431\u043e\u0442\u044b, \u0441\u043e\u0432\u0440\u0435\u043c\u0435\u043d\u043d\u043e \u043e\u0431\u043e\u0440\u0443\u0434\u043e\u0432\u0430\u043d\u043d\u0430\u044f \u043b\u0430\u0431\u043e\u0440\u0430\u0442\u043e\u0440\u0438\u044f.","og_url":"https:\/\/genetikascentrs.lv\/ru\/galjereja\/","og_site_name":"iVF Riga \u0123en\u0113tikas centrs","article_modified_time":"2021-06-17T12:58:22+00:00","twitter_card":"summary_large_image","twitter_misc":{"\u041f\u0440\u0438\u043c\u0435\u0440\u043d\u043e\u0435 \u0432\u0440\u0435\u043c\u044f \u0434\u043b\u044f \u0447\u0442\u0435\u043d\u0438\u044f":"1 \u043c\u0438\u043d\u0443\u0442\u0430"},"schema":{"@context":"https:\/\/schema.org","@graph":[{"@type":"WebPage","@id":"https:\/\/genetikascentrs.lv\/ru\/galjereja\/","url":"https:\/\/genetikascentrs.lv\/ru\/galjereja\/","name":"\u0413\u0430\u043b\u0435\u0440\u0435\u044f - iVF Riga \u0123en\u0113tikas centrs","isPartOf":{"@id":"https:\/\/genetikascentrs.lv\/ru\/#website"},"datePublished":"2020-07-07T15:01:28+00:00","dateModified":"2021-06-17T12:58:22+00:00","description":"\u0413\u0430\u043b\u0435\u0440\u0435\u044f \u0426\u0435\u043d\u0442\u0440 \u0433\u0435\u043d\u0435\u0442\u0438\u043a\u0438 iVF Riga. \u0412\u044b\u0441\u043e\u043a\u043e\u043a\u0432\u0430\u043b\u0438\u0444\u0438\u0446\u0438\u0440\u043e\u0432\u0430\u043d\u043d\u044b\u0435 \u0432\u0440\u0430\u0447\u0438-\u0433\u0435\u043d\u0435\u0442\u0438\u043a\u0438, \u0431\u043e\u043b\u044c\u0448\u043e\u0439 \u043e\u043f\u044b\u0442 \u0440\u0430\u0431\u043e\u0442\u044b, \u0441\u043e\u0432\u0440\u0435\u043c\u0435\u043d\u043d\u043e \u043e\u0431\u043e\u0440\u0443\u0434\u043e\u0432\u0430\u043d\u043d\u0430\u044f \u043b\u0430\u0431\u043e\u0440\u0430\u0442\u043e\u0440\u0438\u044f.","breadcrumb":{"@id":"https:\/\/genetikascentrs.lv\/ru\/galjereja\/#breadcrumb"},"inLanguage":"ru-RU","potentialAction":[{"@type":"ReadAction","target":["https:\/\/genetikascentrs.lv\/ru\/galjereja\/"]}]},{"@type":"BreadcrumbList","@id":"https:\/\/genetikascentrs.lv\/ru\/galjereja\/#breadcrumb","itemListElement":[{"@type":"ListItem","position":1,"name":"Home","item":"https:\/\/genetikascentrs.lv\/ru\/"},{"@type":"ListItem","position":2,"name":"\u0413\u0430\u043b\u0435\u0440\u0435\u044f"}]},{"@type":"WebSite","@id":"https:\/\/genetikascentrs.lv\/ru\/#website","url":"https:\/\/genetikascentrs.lv\/ru\/","name":"iVF Riga \u0123en\u0113tikas centrs","description":"\u0122en\u0113tikas centrs","publisher":{"@id":"https:\/\/genetikascentrs.lv\/ru\/#organization"},"potentialAction":[{"@type":"SearchAction","target":{"@type":"EntryPoint","urlTemplate":"https:\/\/genetikascentrs.lv\/ru\/?s={search_term_string}"},"query-input":{"@type":"PropertyValueSpecification","valueRequired":true,"valueName":"search_term_string"}}],"inLanguage":"ru-RU"},{"@type":"Organization","@id":"https:\/\/genetikascentrs.lv\/ru\/#organization","name":"iVF Riga \u0123en\u0113tikas centrs","url":"https:\/\/genetikascentrs.lv\/ru\/","logo":{"@type":"ImageObject","inLanguage":"ru-RU","@id":"https:\/\/genetikascentrs.lv\/ru\/#\/schema\/logo\/image\/","url":"https:\/\/genetikascentrs.lv\/wp-content\/uploads\/2021\/02\/cropped-iVF-Genetikas-logo.png","contentUrl":"https:\/\/genetikascentrs.lv\/wp-content\/uploads\/2021\/02\/cropped-iVF-Genetikas-logo.png","width":861,"height":250,"caption":"iVF Riga \u0123en\u0113tikas centrs"},"image":{"@id":"https:\/\/genetikascentrs.lv\/ru\/#\/schema\/logo\/image\/"}}]}},"_links":{"self":[{"href":"https:\/\/genetikascentrs.lv\/ru\/wp-json\/wp\/v2\/pages\/3221","targetHints":{"allow":["GET"]}}],"collection":[{"href":"https:\/\/genetikascentrs.lv\/ru\/wp-json\/wp\/v2\/pages"}],"about":[{"href":"https:\/\/genetikascentrs.lv\/ru\/wp-json\/wp\/v2\/types\/page"}],"author":[{"embeddable":true,"href":"https:\/\/genetikascentrs.lv\/ru\/wp-json\/wp\/v2\/users\/1"}],"replies":[{"embeddable":true,"href":"https:\/\/genetikascentrs.lv\/ru\/wp-json\/wp\/v2\/comments?post=3221"}],"version-history":[{"count":5,"href":"https:\/\/genetikascentrs.lv\/ru\/wp-json\/wp\/v2\/pages\/3221\/revisions"}],"predecessor-version":[{"id":4903,"href":"https:\/\/genetikascentrs.lv\/ru\/wp-json\/wp\/v2\/pages\/3221\/revisions\/4903"}],"wp:attachment":[{"href":"https:\/\/genetikascentrs.lv\/ru\/wp-json\/wp\/v2\/media?parent=3221"}],"curies":[{"name":"wp","href":"https:\/\/api.w.org\/{rel}","templated":true}]}}