{"id":2984,"date":"2020-07-07T15:01:27","date_gmt":"2020-07-07T15:01:27","guid":{"rendered":"http:\/\/genetikascentrs.lv\/pakalpojumi\/"},"modified":"2024-08-23T13:44:42","modified_gmt":"2024-08-23T13:44:42","slug":"uslugi","status":"publish","type":"page","link":"https:\/\/genetikascentrs.lv\/ru\/uslugi\/","title":{"rendered":"\u0423\u0441\u043b\u0443\u0433\u0438"},"content":{"rendered":"[vc_row rsclass=&#187;clean&#187; el_class=&#187;row col-equalH&#187;][vc_column width=&#187;1\/3&#8243; rsclass=&#187;clean&#187; el_class=&#187;col-md-6 col-lg-4&#8243; rsinner=&#187;service-card&#187;][vc_single_image image=&#187;4155&#8243; img_size=&#187;full&#187; rsclass=&#187;clean&#187; el_class=&#187;service-card-photo&#187; rs_image_class=&#187;img-fluid&#187;][\/vc_single_image][vc_custom_heading text=&#187;\u0413\u0435\u043d\u0435\u0442\u0438\u0447\u0435\u0441\u043a\u0438\u0435 \u0430\u043d\u0430\u043b\u0438\u0437\u044b&#187; font_container=&#187;tag:h5|text_align:left&#187; use_theme_fonts=&#187;yes&#187; rs_decor_place=&#187;2&#8243; el_class=&#187;service-card-name&#187; link=&#187;url:http%3A%2F%2Fgenetikascentrs.lv%2Fru%2Fpakalpojumi%2Fgenetisheskije-analizy%2F|title:Cosmetic%20Dentistry||&#187;]\n<div class=\"h-decor\"><\/div>\n[\/vc_custom_heading][\/vc_column][vc_column width=&#187;1\/3&#8243; rsclass=&#187;clean&#187; rsinner=&#187;service-card&#187; el_class=&#187;col-md-6 col-lg-4&#8243;][vc_single_image image=&#187;4198&#8243; img_size=&#187;full&#187; rsclass=&#187;clean&#187; el_class=&#187;service-card-photo&#187; rs_image_class=&#187;img-fluid&#187;][\/vc_single_image][vc_custom_heading text=&#187;\u041f\u0440\u0435\u0438\u043c\u043f\u043b\u0430\u043d\u0442\u0430\u0446\u0438\u043e\u043d\u043d\u043e\u0435 \u0433\u0435\u043d\u0435\u0442\u0438\u0447\u0435\u0441\u043a\u043e\u0435 \u0442\u0435\u0441\u0442\u0438\u0440\u043e\u0432\u0430\u043d\u0438\u0435&#187; font_container=&#187;tag:h5|text_align:left&#187; use_theme_fonts=&#187;yes&#187; rs_decor_place=&#187;2&#8243; el_class=&#187;service-card-name&#187; link=&#187;url:http%3A%2F%2Fgenetikascentrs.lv%2Fru%2Fpakalpojumi%2Fpredimplacionnoje-geneticheskoje-testirovanije-pgs-pgd-pgt-a-pgt-m%2F|title:Cosmetic%20Dentistry||&#187;]\n<div class=\"h-decor\"><\/div>\n[\/vc_custom_heading][\/vc_column][vc_column width=&#187;1\/3&#8243; rsclass=&#187;clean&#187; rsinner=&#187;service-card&#187; el_class=&#187;col-md-6 col-lg-4&#8243;][vc_single_image image=&#187;4169&#8243; img_size=&#187;full&#187; rsclass=&#187;clean&#187; el_class=&#187;service-card-photo&#187; rs_image_class=&#187;img-fluid&#187;][\/vc_single_image][vc_custom_heading text=&#187;\u041f\u043e\u043c\u043e\u0449\u044c \u043f\u0430\u0446\u0438\u0435\u043d\u0442\u0430\u043c \u0441 \u043e\u043d\u043a\u043e\u043b\u043e\u0433\u0438\u0447\u0435\u0441\u043a\u0438\u043c\u0438 \u0437\u0430\u0431\u043e\u043b\u0435\u0432\u0430\u043d\u0438\u044f\u043c\u0438&#187; font_container=&#187;tag:h5|text_align:left&#187; use_theme_fonts=&#187;yes&#187; rs_decor_place=&#187;2&#8243; el_class=&#187;service-card-name&#187; link=&#187;url:http%3A%2F%2Fgenetikascentrs.lv%2Fru%2Fpakalpojumi%2Fpomoshj-pacientam-c-onkologisheskimi-zabolevanijami%2F|title:Cosmetic%20Dentistry||&#187;]\n<div class=\"h-decor\"><\/div>\n[\/vc_custom_heading][\/vc_column][vc_column width=&#187;1\/3&#8243; rsclass=&#187;clean&#187; rsinner=&#187;service-card&#187; el_class=&#187;col-md-6 col-lg-4&#8243;][vc_single_image image=&#187;4192&#8243; img_size=&#187;full&#187; rsclass=&#187;clean&#187; el_class=&#187;service-card-photo&#187; rs_image_class=&#187;img-fluid&#187;][\/vc_single_image][vc_custom_heading text=&#187;\u0413\u0435\u043d\u0435\u0442\u0438\u0447\u0435\u0441\u043a\u0438\u0435 \u043a\u043e\u043d\u0441\u0443\u043b\u044c\u0442\u0430\u0446\u0438\u0438&#187; font_container=&#187;tag:h5|text_align:left&#187; use_theme_fonts=&#187;yes&#187; rs_decor_place=&#187;2&#8243; el_class=&#187;service-card-name&#187; link=&#187;url:http%3A%2F%2Fgenetikascentrs.lv%2Fru%2Fpakalpojumi%2Fgenetisheskije-konsultaciji%2F|title:Cosmetic%20Dentistry||&#187;]\n<div class=\"h-decor\"><\/div>\n[\/vc_custom_heading][\/vc_column][vc_column width=&#187;1\/3&#8243; rsclass=&#187;clean&#187; rsinner=&#187;service-card&#187; el_class=&#187;col-md-6 col-lg-4&#8243;][vc_single_image image=&#187;4163&#8243; img_size=&#187;full&#187; rsclass=&#187;clean&#187; el_class=&#187;service-card-photo&#187; rs_image_class=&#187;img-fluid&#187;][\/vc_single_image][vc_custom_heading text=&#187;\u0413\u0435\u043d\u0435\u0442\u0438\u0447\u0435\u0441\u043a\u043e\u0435 \u0442\u0435\u0441\u0442\u0438\u0440\u043e\u0432\u0430\u043d\u0438\u0435 \u043d\u0430\u0441\u043b\u0435\u0434\u0441\u0442\u0432\u0435\u043d\u043d\u044b\u0445 \u043e\u043d\u043a\u043e\u0437\u0430\u0431\u043e\u043b\u0435\u0432\u0430\u043d\u0438\u0439&#187; font_container=&#187;tag:h5|text_align:left&#187; use_theme_fonts=&#187;yes&#187; rs_decor_place=&#187;2&#8243; el_class=&#187;service-card-name&#187; link=&#187;url:%2Fru%2Fpakalpojumi%2Fgenetisheskoje-testirovanije-nasledstvennih-onkozabolevanij%2F|title:Cosmetic%20Dentistry||&#187;]\n<div class=\"h-decor\"><\/div>\n[\/vc_custom_heading][\/vc_column][vc_column width=&#187;1\/3&#8243; rsclass=&#187;clean&#187; rsinner=&#187;service-card&#187; el_class=&#187;col-md-6 col-lg-4&#8243;][vc_single_image image=&#187;4195&#8243; img_size=&#187;full&#187; rsclass=&#187;clean&#187; el_class=&#187;service-card-photo&#187; rs_image_class=&#187;img-fluid&#187;][\/vc_single_image][vc_custom_heading text=&#187;Viva Genomics: \u0433\u0435\u043d\u0435\u0442\u0438\u0447\u0435\u0441\u043a\u0438\u0435 \u0442\u0435\u0441\u0442\u044b \u0441\u0442\u0438\u043b\u044f \u0436\u0438\u0437\u043d\u0438&#187; font_container=&#187;tag:h5|text_align:left&#187; use_theme_fonts=&#187;yes&#187; rs_decor_place=&#187;2&#8243; el_class=&#187;service-card-name&#187; link=&#187;url:%2Fru%2Fpakalpojumi%2Fgenetisheskije-analizy%2Fviva-genomics-geneticheskije-testi-stilja-zhizni%2F|title:Cosmetic%20Dentistry||&#187;]\n<div class=\"h-decor\"><\/div>\n[\/vc_custom_heading][\/vc_column][vc_column width=&#187;1\/3&#8243; rsclass=&#187;clean&#187; el_class=&#187;col-md-6 col-lg-4&#8243; rsinner=&#187;service-card&#187;][vc_single_image image=&#187;4163&#8243; img_size=&#187;full&#187; rsclass=&#187;clean&#187; el_class=&#187;service-card-photo&#187; rs_image_class=&#187;img-fluid&#187;][\/vc_single_image][vc_custom_heading text=&#187;Superior Onko&#187; font_container=&#187;tag:h5|text_align:left&#187; use_theme_fonts=&#187;yes&#187; rs_decor_place=&#187;2&#8243; el_class=&#187;service-card-name&#187; link=&#187;url:http%3A%2F%2Fgenetikascentrs.lv%2Fru%2Fuslugi%2Fsuperior-onko%2F|title:Cosmetic%20Dentistry||&#187;]\n<div class=\"h-decor\"><\/div>\n[\/vc_custom_heading][\/vc_column][vc_column width=&#187;1\/3&#8243; rsclass=&#187;clean&#187; rsinner=&#187;service-card&#187; el_class=&#187;col-md-6 col-lg-4&#8243;][vc_single_image image=&#187;4155&#8243; img_size=&#187;full&#187; rsclass=&#187;clean&#187; el_class=&#187;service-card-photo&#187; rs_image_class=&#187;img-fluid&#187;][\/vc_single_image][vc_custom_heading text=&#187;\u0421\u0435\u043a\u0432\u0435\u043d\u0438\u0440\u043e\u0432\u0430\u043d\u0438\u0435 \u044d\u043a\u0437\u043e\u043c\u0430&#187; font_container=&#187;tag:h5|text_align:left&#187; use_theme_fonts=&#187;yes&#187; rs_decor_place=&#187;2&#8243; el_class=&#187;service-card-name&#187; link=&#187;url:http%3A%2F%2Fgenetikascentrs.lv%2Fru%2Fuslugi%2Feksoma-sekvencesana%2F|title:Cosmetic%20Dentistry||&#187;]\n<div class=\"h-decor\"><\/div>\n[\/vc_custom_heading][\/vc_column][vc_column width=&#187;1\/3&#8243; rsclass=&#187;clean&#187; rsinner=&#187;service-card&#187; el_class=&#187;col-md-6 col-lg-4&#8243;][vc_single_image image=&#187;4155&#8243; img_size=&#187;full&#187; rsclass=&#187;clean&#187; el_class=&#187;service-card-photo&#187; rs_image_class=&#187;img-fluid&#187;][\/vc_single_image][vc_custom_heading text=&#187;\u041e\u043f\u0440\u0435\u0434\u0435\u043b\u0435\u043d\u0438\u0435 \u043d\u0430\u0441\u043b\u0435\u0434\u0441\u0442\u0432\u0435\u043d\u043d\u044b\u0445 \u043c\u0443\u0442\u0430\u0446\u0438\u0439 BRCA1 \u0438 BRCA2&#8243; font_container=&#187;tag:h5|text_align:left&#187; use_theme_fonts=&#187;yes&#187; rs_decor_place=&#187;2&#8243; el_class=&#187;service-card-name&#187; link=&#187;url:http%3A%2F%2Fgenetikascentrs.lv%2Fru%2Fuslugi%2Fgenetisheskoje-testirovanije-nasledstvennih-onkozabolevanij%2F|title:Cosmetic%20Dentistry||&#187;]\n<div class=\"h-decor\"><\/div>\n[\/vc_custom_heading][\/vc_column][\/vc_row]\n","protected":false},"excerpt":{"rendered":"<p>[vc_row rsclass=&#187;clean&#187; el_class=&#187;row col-equalH&#187;][vc_column width=&#187;1\/3&#8243; rsclass=&#187;clean&#187; el_class=&#187;col-md-6 col-lg-4&#8243; rsinner=&#187;service-card&#187;][vc_single_image image=&#187;4155&#8243; img_size=&#187;full&#187; rsclass=&#187;clean&#187; el_class=&#187;service-card-photo&#187; rs_image_class=&#187;img-fluid&#187;][\/vc_single_image][vc_custom_heading text=&#187;\u0413\u0435\u043d\u0435\u0442\u0438\u0447\u0435\u0441\u043a\u0438\u0435 \u0430\u043d\u0430\u043b\u0438\u0437\u044b&#187; font_container=&#187;tag:h5|text_align:left&#187; use_theme_fonts=&#187;yes&#187; rs_decor_place=&#187;2&#8243; el_class=&#187;service-card-name&#187; link=&#187;url:http%3A%2F%2Fgenetikascentrs.lv%2Fru%2Fpakalpojumi%2Fgenetisheskije-analizy%2F|title:Cosmetic%20Dentistry||&#187;] [\/vc_custom_heading][\/vc_column][vc_column width=&#187;1\/3&#8243; rsclass=&#187;clean&#187; rsinner=&#187;service-card&#187; el_class=&#187;col-md-6 col-lg-4&#8243;][vc_single_image image=&#187;4198&#8243; img_size=&#187;full&#187; rsclass=&#187;clean&#187; el_class=&#187;service-card-photo&#187; rs_image_class=&#187;img-fluid&#187;][\/vc_single_image][vc_custom_heading text=&#187;\u041f\u0440\u0435\u0438\u043c\u043f\u043b\u0430\u043d\u0442\u0430\u0446\u0438\u043e\u043d\u043d\u043e\u0435 \u0433\u0435\u043d\u0435\u0442\u0438\u0447\u0435\u0441\u043a\u043e\u0435 \u0442\u0435\u0441\u0442\u0438\u0440\u043e\u0432\u0430\u043d\u0438\u0435&#187; font_container=&#187;tag:h5|text_align:left&#187; use_theme_fonts=&#187;yes&#187; rs_decor_place=&#187;2&#8243; el_class=&#187;service-card-name&#187; link=&#187;url:http%3A%2F%2Fgenetikascentrs.lv%2Fru%2Fpakalpojumi%2Fpredimplacionnoje-geneticheskoje-testirovanije-pgs-pgd-pgt-a-pgt-m%2F|title:Cosmetic%20Dentistry||&#187;] [\/vc_custom_heading][\/vc_column][vc_column width=&#187;1\/3&#8243; rsclass=&#187;clean&#187; rsinner=&#187;service-card&#187; el_class=&#187;col-md-6 col-lg-4&#8243;][vc_single_image image=&#187;4169&#8243; img_size=&#187;full&#187; rsclass=&#187;clean&#187; el_class=&#187;service-card-photo&#187; rs_image_class=&#187;img-fluid&#187;][\/vc_single_image][vc_custom_heading text=&#187;\u041f\u043e\u043c\u043e\u0449\u044c \u043f\u0430\u0446\u0438\u0435\u043d\u0442\u0430\u043c \u0441 \u043e\u043d\u043a\u043e\u043b\u043e\u0433\u0438\u0447\u0435\u0441\u043a\u0438\u043c\u0438 <\/p>\n<div class=\"btn-more-wrapper\"><a href=\"https:\/\/genetikascentrs.lv\/ru\/uslugi\/\" class=\"btn btn-sm btn-hover-fill\"><svg class=\"icon icon-right-arrow\" version=\"1.1\" xmlns=\"http:\/\/www.w3.org\/2000\/svg\" width=\"32\" height=\"32\" viewBox=\"0 0 32 32\"><title>right-arrow<\/title><path d=\"M21.548 5.088c-0.436-0.451-1.162-0.451-1.613 0-0.436 0.436-0.436 1.162 0 1.596l8.177 8.177h-26.984c-0.629 0.001-1.129 0.501-1.129 1.13s0.5 1.145 1.129 1.145h26.984l-8.177 8.162c-0.436 0.451-0.436 1.178 0 1.613 0.451 0.451 1.178 0.451 1.613 0l10.113-10.113c0.451-0.436 0.451-1.162 0-1.596l-10.113-10.114z\"><\/path><\/svg>\u0427\u0438\u0442\u0430\u0442\u044c \u0434\u0430\u043b\u0435\u0435<span class=\"screen-reader-text\"> &#171;\u0423\u0441\u043b\u0443\u0433\u0438&#187;<\/span><svg class=\"icon icon-right-arrow\" version=\"1.1\" xmlns=\"http:\/\/www.w3.org\/2000\/svg\" width=\"32\" height=\"32\" viewBox=\"0 0 32 32\"><title>right-arrow<\/title><path d=\"M21.548 5.088c-0.436-0.451-1.162-0.451-1.613 0-0.436 0.436-0.436 1.162 0 1.596l8.177 8.177h-26.984c-0.629 0.001-1.129 0.501-1.129 1.13s0.5 1.145 1.129 1.145h26.984l-8.177 8.162c-0.436 0.451-0.436 1.178 0 1.613 0.451 0.451 1.178 0.451 1.613 0l10.113-10.113c0.451-0.436 0.451-1.162 0-1.596l-10.113-10.114z\"><\/path><\/svg><\/a><\/div>\n","protected":false},"author":1,"featured_media":0,"parent":0,"menu_order":1,"comment_status":"closed","ping_status":"closed","template":"custompagett.php","meta":{"footnotes":""},"class_list":["post-2984","page","type-page","status-publish","hentry"],"yoast_head":"<!-- This site is optimized with the Yoast SEO plugin v24.5 - https:\/\/yoast.com\/wordpress\/plugins\/seo\/ -->\n<title>\u0423\u0441\u043b\u0443\u0433\u0438 \u0426\u0435\u043d\u0442\u0440 \u0433\u0435\u043d\u0435\u0442\u0438\u043a\u0438 iVF Riga - iVF Riga \u0123en\u0113tikas centrs<\/title>\n<meta name=\"description\" content=\"\u0423\u0441\u043b\u0443\u0433\u0438. \u0426\u0435\u043d\u0442\u0440 \u0433\u0435\u043d\u0435\u0442\u0438\u043a\u0438 iVF Riga. \u0412\u044b\u0441\u043e\u043a\u043e\u043a\u0432\u0430\u043b\u0438\u0444\u0438\u0446\u0438\u0440\u043e\u0432\u0430\u043d\u043d\u044b\u0435 \u0432\u0440\u0430\u0447\u0438-\u0433\u0435\u043d\u0435\u0442\u0438\u043a\u0438, \u0431\u043e\u043b\u044c\u0448\u043e\u0439 \u043e\u043f\u044b\u0442 \u0440\u0430\u0431\u043e\u0442\u044b, \u0441\u043e\u0432\u0440\u0435\u043c\u0435\u043d\u043d\u043e \u043e\u0431\u043e\u0440\u0443\u0434\u043e\u0432\u0430\u043d\u043d\u0430\u044f \u043b\u0430\u0431\u043e\u0440\u0430\u0442\u043e\u0440\u0438\u044f.\" \/>\n<meta name=\"robots\" content=\"index, follow, max-snippet:-1, max-image-preview:large, max-video-preview:-1\" \/>\n<link rel=\"canonical\" href=\"https:\/\/genetikascentrs.lv\/ru\/uslugi\/\" \/>\n<meta property=\"og:locale\" content=\"ru_RU\" \/>\n<meta property=\"og:type\" content=\"article\" \/>\n<meta property=\"og:title\" content=\"\u0423\u0441\u043b\u0443\u0433\u0438 \u0426\u0435\u043d\u0442\u0440 \u0433\u0435\u043d\u0435\u0442\u0438\u043a\u0438 iVF Riga - iVF Riga \u0123en\u0113tikas centrs\" \/>\n<meta property=\"og:description\" content=\"\u0423\u0441\u043b\u0443\u0433\u0438. \u0426\u0435\u043d\u0442\u0440 \u0433\u0435\u043d\u0435\u0442\u0438\u043a\u0438 iVF Riga. \u0412\u044b\u0441\u043e\u043a\u043e\u043a\u0432\u0430\u043b\u0438\u0444\u0438\u0446\u0438\u0440\u043e\u0432\u0430\u043d\u043d\u044b\u0435 \u0432\u0440\u0430\u0447\u0438-\u0433\u0435\u043d\u0435\u0442\u0438\u043a\u0438, \u0431\u043e\u043b\u044c\u0448\u043e\u0439 \u043e\u043f\u044b\u0442 \u0440\u0430\u0431\u043e\u0442\u044b, \u0441\u043e\u0432\u0440\u0435\u043c\u0435\u043d\u043d\u043e \u043e\u0431\u043e\u0440\u0443\u0434\u043e\u0432\u0430\u043d\u043d\u0430\u044f \u043b\u0430\u0431\u043e\u0440\u0430\u0442\u043e\u0440\u0438\u044f.\" \/>\n<meta property=\"og:url\" content=\"https:\/\/genetikascentrs.lv\/ru\/uslugi\/\" \/>\n<meta property=\"og:site_name\" content=\"iVF Riga \u0123en\u0113tikas centrs\" \/>\n<meta property=\"article:modified_time\" content=\"2024-08-23T13:44:42+00:00\" \/>\n<meta name=\"twitter:card\" content=\"summary_large_image\" \/>\n<meta name=\"twitter:label1\" content=\"\u041f\u0440\u0438\u043c\u0435\u0440\u043d\u043e\u0435 \u0432\u0440\u0435\u043c\u044f \u0434\u043b\u044f \u0447\u0442\u0435\u043d\u0438\u044f\" \/>\n\t<meta name=\"twitter:data1\" content=\"1 \u043c\u0438\u043d\u0443\u0442\u0430\" \/>\n<script type=\"application\/ld+json\" class=\"yoast-schema-graph\">{\"@context\":\"https:\/\/schema.org\",\"@graph\":[{\"@type\":\"WebPage\",\"@id\":\"https:\/\/genetikascentrs.lv\/ru\/uslugi\/\",\"url\":\"https:\/\/genetikascentrs.lv\/ru\/uslugi\/\",\"name\":\"\u0423\u0441\u043b\u0443\u0433\u0438 \u0426\u0435\u043d\u0442\u0440 \u0433\u0435\u043d\u0435\u0442\u0438\u043a\u0438 iVF Riga - iVF Riga \u0123en\u0113tikas centrs\",\"isPartOf\":{\"@id\":\"https:\/\/genetikascentrs.lv\/ru\/#website\"},\"datePublished\":\"2020-07-07T15:01:27+00:00\",\"dateModified\":\"2024-08-23T13:44:42+00:00\",\"description\":\"\u0423\u0441\u043b\u0443\u0433\u0438. \u0426\u0435\u043d\u0442\u0440 \u0433\u0435\u043d\u0435\u0442\u0438\u043a\u0438 iVF Riga. \u0412\u044b\u0441\u043e\u043a\u043e\u043a\u0432\u0430\u043b\u0438\u0444\u0438\u0446\u0438\u0440\u043e\u0432\u0430\u043d\u043d\u044b\u0435 \u0432\u0440\u0430\u0447\u0438-\u0433\u0435\u043d\u0435\u0442\u0438\u043a\u0438, \u0431\u043e\u043b\u044c\u0448\u043e\u0439 \u043e\u043f\u044b\u0442 \u0440\u0430\u0431\u043e\u0442\u044b, \u0441\u043e\u0432\u0440\u0435\u043c\u0435\u043d\u043d\u043e \u043e\u0431\u043e\u0440\u0443\u0434\u043e\u0432\u0430\u043d\u043d\u0430\u044f \u043b\u0430\u0431\u043e\u0440\u0430\u0442\u043e\u0440\u0438\u044f.\",\"breadcrumb\":{\"@id\":\"https:\/\/genetikascentrs.lv\/ru\/uslugi\/#breadcrumb\"},\"inLanguage\":\"ru-RU\",\"potentialAction\":[{\"@type\":\"ReadAction\",\"target\":[\"https:\/\/genetikascentrs.lv\/ru\/uslugi\/\"]}]},{\"@type\":\"BreadcrumbList\",\"@id\":\"https:\/\/genetikascentrs.lv\/ru\/uslugi\/#breadcrumb\",\"itemListElement\":[{\"@type\":\"ListItem\",\"position\":1,\"name\":\"Home\",\"item\":\"https:\/\/genetikascentrs.lv\/ru\/\"},{\"@type\":\"ListItem\",\"position\":2,\"name\":\"\u0423\u0441\u043b\u0443\u0433\u0438\"}]},{\"@type\":\"WebSite\",\"@id\":\"https:\/\/genetikascentrs.lv\/ru\/#website\",\"url\":\"https:\/\/genetikascentrs.lv\/ru\/\",\"name\":\"iVF Riga \u0123en\u0113tikas centrs\",\"description\":\"\u0122en\u0113tikas centrs\",\"publisher\":{\"@id\":\"https:\/\/genetikascentrs.lv\/ru\/#organization\"},\"potentialAction\":[{\"@type\":\"SearchAction\",\"target\":{\"@type\":\"EntryPoint\",\"urlTemplate\":\"https:\/\/genetikascentrs.lv\/ru\/?s={search_term_string}\"},\"query-input\":{\"@type\":\"PropertyValueSpecification\",\"valueRequired\":true,\"valueName\":\"search_term_string\"}}],\"inLanguage\":\"ru-RU\"},{\"@type\":\"Organization\",\"@id\":\"https:\/\/genetikascentrs.lv\/ru\/#organization\",\"name\":\"iVF Riga \u0123en\u0113tikas centrs\",\"url\":\"https:\/\/genetikascentrs.lv\/ru\/\",\"logo\":{\"@type\":\"ImageObject\",\"inLanguage\":\"ru-RU\",\"@id\":\"https:\/\/genetikascentrs.lv\/ru\/#\/schema\/logo\/image\/\",\"url\":\"https:\/\/genetikascentrs.lv\/wp-content\/uploads\/2021\/02\/cropped-iVF-Genetikas-logo.png\",\"contentUrl\":\"https:\/\/genetikascentrs.lv\/wp-content\/uploads\/2021\/02\/cropped-iVF-Genetikas-logo.png\",\"width\":861,\"height\":250,\"caption\":\"iVF Riga \u0123en\u0113tikas centrs\"},\"image\":{\"@id\":\"https:\/\/genetikascentrs.lv\/ru\/#\/schema\/logo\/image\/\"}}]}<\/script>\n<!-- \/ Yoast SEO plugin. -->","yoast_head_json":{"title":"\u0423\u0441\u043b\u0443\u0433\u0438 \u0426\u0435\u043d\u0442\u0440 \u0433\u0435\u043d\u0435\u0442\u0438\u043a\u0438 iVF Riga - iVF Riga \u0123en\u0113tikas centrs","description":"\u0423\u0441\u043b\u0443\u0433\u0438. \u0426\u0435\u043d\u0442\u0440 \u0433\u0435\u043d\u0435\u0442\u0438\u043a\u0438 iVF Riga. \u0412\u044b\u0441\u043e\u043a\u043e\u043a\u0432\u0430\u043b\u0438\u0444\u0438\u0446\u0438\u0440\u043e\u0432\u0430\u043d\u043d\u044b\u0435 \u0432\u0440\u0430\u0447\u0438-\u0433\u0435\u043d\u0435\u0442\u0438\u043a\u0438, \u0431\u043e\u043b\u044c\u0448\u043e\u0439 \u043e\u043f\u044b\u0442 \u0440\u0430\u0431\u043e\u0442\u044b, \u0441\u043e\u0432\u0440\u0435\u043c\u0435\u043d\u043d\u043e \u043e\u0431\u043e\u0440\u0443\u0434\u043e\u0432\u0430\u043d\u043d\u0430\u044f \u043b\u0430\u0431\u043e\u0440\u0430\u0442\u043e\u0440\u0438\u044f.","robots":{"index":"index","follow":"follow","max-snippet":"max-snippet:-1","max-image-preview":"max-image-preview:large","max-video-preview":"max-video-preview:-1"},"canonical":"https:\/\/genetikascentrs.lv\/ru\/uslugi\/","og_locale":"ru_RU","og_type":"article","og_title":"\u0423\u0441\u043b\u0443\u0433\u0438 \u0426\u0435\u043d\u0442\u0440 \u0433\u0435\u043d\u0435\u0442\u0438\u043a\u0438 iVF Riga - iVF Riga \u0123en\u0113tikas centrs","og_description":"\u0423\u0441\u043b\u0443\u0433\u0438. \u0426\u0435\u043d\u0442\u0440 \u0433\u0435\u043d\u0435\u0442\u0438\u043a\u0438 iVF Riga. \u0412\u044b\u0441\u043e\u043a\u043e\u043a\u0432\u0430\u043b\u0438\u0444\u0438\u0446\u0438\u0440\u043e\u0432\u0430\u043d\u043d\u044b\u0435 \u0432\u0440\u0430\u0447\u0438-\u0433\u0435\u043d\u0435\u0442\u0438\u043a\u0438, \u0431\u043e\u043b\u044c\u0448\u043e\u0439 \u043e\u043f\u044b\u0442 \u0440\u0430\u0431\u043e\u0442\u044b, \u0441\u043e\u0432\u0440\u0435\u043c\u0435\u043d\u043d\u043e \u043e\u0431\u043e\u0440\u0443\u0434\u043e\u0432\u0430\u043d\u043d\u0430\u044f \u043b\u0430\u0431\u043e\u0440\u0430\u0442\u043e\u0440\u0438\u044f.","og_url":"https:\/\/genetikascentrs.lv\/ru\/uslugi\/","og_site_name":"iVF Riga \u0123en\u0113tikas centrs","article_modified_time":"2024-08-23T13:44:42+00:00","twitter_card":"summary_large_image","twitter_misc":{"\u041f\u0440\u0438\u043c\u0435\u0440\u043d\u043e\u0435 \u0432\u0440\u0435\u043c\u044f \u0434\u043b\u044f \u0447\u0442\u0435\u043d\u0438\u044f":"1 \u043c\u0438\u043d\u0443\u0442\u0430"},"schema":{"@context":"https:\/\/schema.org","@graph":[{"@type":"WebPage","@id":"https:\/\/genetikascentrs.lv\/ru\/uslugi\/","url":"https:\/\/genetikascentrs.lv\/ru\/uslugi\/","name":"\u0423\u0441\u043b\u0443\u0433\u0438 \u0426\u0435\u043d\u0442\u0440 \u0433\u0435\u043d\u0435\u0442\u0438\u043a\u0438 iVF Riga - iVF Riga \u0123en\u0113tikas centrs","isPartOf":{"@id":"https:\/\/genetikascentrs.lv\/ru\/#website"},"datePublished":"2020-07-07T15:01:27+00:00","dateModified":"2024-08-23T13:44:42+00:00","description":"\u0423\u0441\u043b\u0443\u0433\u0438. \u0426\u0435\u043d\u0442\u0440 \u0433\u0435\u043d\u0435\u0442\u0438\u043a\u0438 iVF Riga. \u0412\u044b\u0441\u043e\u043a\u043e\u043a\u0432\u0430\u043b\u0438\u0444\u0438\u0446\u0438\u0440\u043e\u0432\u0430\u043d\u043d\u044b\u0435 \u0432\u0440\u0430\u0447\u0438-\u0433\u0435\u043d\u0435\u0442\u0438\u043a\u0438, \u0431\u043e\u043b\u044c\u0448\u043e\u0439 \u043e\u043f\u044b\u0442 \u0440\u0430\u0431\u043e\u0442\u044b, \u0441\u043e\u0432\u0440\u0435\u043c\u0435\u043d\u043d\u043e \u043e\u0431\u043e\u0440\u0443\u0434\u043e\u0432\u0430\u043d\u043d\u0430\u044f \u043b\u0430\u0431\u043e\u0440\u0430\u0442\u043e\u0440\u0438\u044f.","breadcrumb":{"@id":"https:\/\/genetikascentrs.lv\/ru\/uslugi\/#breadcrumb"},"inLanguage":"ru-RU","potentialAction":[{"@type":"ReadAction","target":["https:\/\/genetikascentrs.lv\/ru\/uslugi\/"]}]},{"@type":"BreadcrumbList","@id":"https:\/\/genetikascentrs.lv\/ru\/uslugi\/#breadcrumb","itemListElement":[{"@type":"ListItem","position":1,"name":"Home","item":"https:\/\/genetikascentrs.lv\/ru\/"},{"@type":"ListItem","position":2,"name":"\u0423\u0441\u043b\u0443\u0433\u0438"}]},{"@type":"WebSite","@id":"https:\/\/genetikascentrs.lv\/ru\/#website","url":"https:\/\/genetikascentrs.lv\/ru\/","name":"iVF Riga \u0123en\u0113tikas centrs","description":"\u0122en\u0113tikas centrs","publisher":{"@id":"https:\/\/genetikascentrs.lv\/ru\/#organization"},"potentialAction":[{"@type":"SearchAction","target":{"@type":"EntryPoint","urlTemplate":"https:\/\/genetikascentrs.lv\/ru\/?s={search_term_string}"},"query-input":{"@type":"PropertyValueSpecification","valueRequired":true,"valueName":"search_term_string"}}],"inLanguage":"ru-RU"},{"@type":"Organization","@id":"https:\/\/genetikascentrs.lv\/ru\/#organization","name":"iVF Riga \u0123en\u0113tikas centrs","url":"https:\/\/genetikascentrs.lv\/ru\/","logo":{"@type":"ImageObject","inLanguage":"ru-RU","@id":"https:\/\/genetikascentrs.lv\/ru\/#\/schema\/logo\/image\/","url":"https:\/\/genetikascentrs.lv\/wp-content\/uploads\/2021\/02\/cropped-iVF-Genetikas-logo.png","contentUrl":"https:\/\/genetikascentrs.lv\/wp-content\/uploads\/2021\/02\/cropped-iVF-Genetikas-logo.png","width":861,"height":250,"caption":"iVF Riga \u0123en\u0113tikas centrs"},"image":{"@id":"https:\/\/genetikascentrs.lv\/ru\/#\/schema\/logo\/image\/"}}]}},"_links":{"self":[{"href":"https:\/\/genetikascentrs.lv\/ru\/wp-json\/wp\/v2\/pages\/2984","targetHints":{"allow":["GET"]}}],"collection":[{"href":"https:\/\/genetikascentrs.lv\/ru\/wp-json\/wp\/v2\/pages"}],"about":[{"href":"https:\/\/genetikascentrs.lv\/ru\/wp-json\/wp\/v2\/types\/page"}],"author":[{"embeddable":true,"href":"https:\/\/genetikascentrs.lv\/ru\/wp-json\/wp\/v2\/users\/1"}],"replies":[{"embeddable":true,"href":"https:\/\/genetikascentrs.lv\/ru\/wp-json\/wp\/v2\/comments?post=2984"}],"version-history":[{"count":15,"href":"https:\/\/genetikascentrs.lv\/ru\/wp-json\/wp\/v2\/pages\/2984\/revisions"}],"predecessor-version":[{"id":5841,"href":"https:\/\/genetikascentrs.lv\/ru\/wp-json\/wp\/v2\/pages\/2984\/revisions\/5841"}],"wp:attachment":[{"href":"https:\/\/genetikascentrs.lv\/ru\/wp-json\/wp\/v2\/media?parent=2984"}],"curies":[{"name":"wp","href":"https:\/\/api.w.org\/{rel}","templated":true}]}}