{"id":3587,"date":"2020-10-01T12:08:17","date_gmt":"2020-10-01T12:08:17","guid":{"rendered":"http:\/\/genetikascentrs.lv\/our-team\/dr-liene-kornejeva\/"},"modified":"2021-10-13T10:10:43","modified_gmt":"2021-10-13T10:10:43","slug":"dr-liene-kornejeva-geneticist-specialist-in-cellular-medicine","status":"publish","type":"page","link":"https:\/\/genetikascentrs.lv\/en\/our-team\/dr-liene-kornejeva-geneticist-specialist-in-cellular-medicine\/","title":{"rendered":"Dr. Liene Kor\u0146ejeva"},"content":{"rendered":"[vc_row rsclass=&#8221;clean&#8221; el_class=&#8221;row&#8221;][vc_column width=&#8221;1\/4&#8243; rsclass=&#8221;clean&#8221; el_class=&#8221;col-md&#8221;][vc_single_image image=&#8221;4958&#8243; img_size=&#8221;full&#8221; rsclass=&#8221;clean&#8221; el_class=&#8221;doctor-page-photo text-center tt_pt_3&#8243; rs_image_class=&#8221;img-fluid&#8221;][\/vc_single_image][vc_column_text][\/vc_column_text][\/vc_column][vc_column width=&#8221;3\/4&#8243; rsclass=&#8221;clean&#8221; el_class=&#8221;col-lg-8 mt-4 mt-lg-0&#8243;][vc_column_text rsclass=&#8221;clean&#8221;]\n<div class=\"doctor-info mb-4\">\n<div class=\"doctor-info-name\"><\/div>\n<div class=\"doctor-info-phone\">\n<h1 class=\"doctor-info-name__title\">Dr. Liene Kor\u0146ejeva<\/h1>\n<p>Geneticist, Head of Genetic Department, Specialist in Cellular Medicine<\/p>\n<h6>Education<\/h6>\n<p>Graduated from Riga Stradins University with M.D.<br \/>\nCompleted her residency training in Genetics, board certified in Genetics<\/p>\n<h6>Information for patients<\/h6>\n<p>Genetic consultations are necessary in the following cases:<br \/>\n-repeated miscarriages<br \/>\n-if the couple\u2019s baby was born with genetic disorders<br \/>\n-if there were cases of genetic disorders in the family medical history<br \/>\n-if genetic screening results had changes during the pregnancy<br \/>\n-if ultrasound examination detected problems with baby\u2019s health which may be connected with genetic disorders<\/p>\n<\/div>\n<\/div>\n[\/vc_column_text][\/vc_column][\/vc_row][vc_row rsclass=&#8221;clean&#8221; el_class=&#8221;section&#8221;][vc_column rsclass=&#8221;clean&#8221;][\/vc_column][\/vc_row]\n","protected":false},"excerpt":{"rendered":"<p>[vc_row rsclass=&#8221;clean&#8221; el_class=&#8221;row&#8221;][vc_column width=&#8221;1\/4&#8243; rsclass=&#8221;clean&#8221; el_class=&#8221;col-md&#8221;][vc_single_image image=&#8221;4958&#8243; img_size=&#8221;full&#8221; rsclass=&#8221;clean&#8221; el_class=&#8221;doctor-page-photo text-center tt_pt_3&#8243; rs_image_class=&#8221;img-fluid&#8221;][\/vc_single_image][vc_column_text][\/vc_column_text][\/vc_column][vc_column width=&#8221;3\/4&#8243; rsclass=&#8221;clean&#8221; el_class=&#8221;col-lg-8 mt-4 mt-lg-0&#8243;][vc_column_text rsclass=&#8221;clean&#8221;] Dr. Liene Kor\u0146ejeva Geneticist, Head of Genetic Department, Specialist in Cellular Medicine Education Graduated from Riga Stradins University with M.D. Completed her residency training in Genetics, board certified in Genetics Information for patients Genetic consultations are <\/p>\n<div class=\"btn-more-wrapper\"><a href=\"https:\/\/genetikascentrs.lv\/en\/our-team\/dr-liene-kornejeva-geneticist-specialist-in-cellular-medicine\/\" class=\"btn btn-sm btn-hover-fill\"><svg class=\"icon icon-right-arrow\" version=\"1.1\" xmlns=\"http:\/\/www.w3.org\/2000\/svg\" width=\"32\" height=\"32\" viewBox=\"0 0 32 32\"><title>right-arrow<\/title><path d=\"M21.548 5.088c-0.436-0.451-1.162-0.451-1.613 0-0.436 0.436-0.436 1.162 0 1.596l8.177 8.177h-26.984c-0.629 0.001-1.129 0.501-1.129 1.13s0.5 1.145 1.129 1.145h26.984l-8.177 8.162c-0.436 0.451-0.436 1.178 0 1.613 0.451 0.451 1.178 0.451 1.613 0l10.113-10.113c0.451-0.436 0.451-1.162 0-1.596l-10.113-10.114z\"><\/path><\/svg>Read More<span class=\"screen-reader-text\"> &#8220;Dr. Liene Kor\u0146ejeva&#8221;<\/span><svg class=\"icon icon-right-arrow\" version=\"1.1\" xmlns=\"http:\/\/www.w3.org\/2000\/svg\" width=\"32\" height=\"32\" viewBox=\"0 0 32 32\"><title>right-arrow<\/title><path d=\"M21.548 5.088c-0.436-0.451-1.162-0.451-1.613 0-0.436 0.436-0.436 1.162 0 1.596l8.177 8.177h-26.984c-0.629 0.001-1.129 0.501-1.129 1.13s0.5 1.145 1.129 1.145h26.984l-8.177 8.162c-0.436 0.451-0.436 1.178 0 1.613 0.451 0.451 1.178 0.451 1.613 0l10.113-10.113c0.451-0.436 0.451-1.162 0-1.596l-10.113-10.114z\"><\/path><\/svg><\/a><\/div>\n","protected":false},"author":1,"featured_media":0,"parent":3226,"menu_order":7,"comment_status":"closed","ping_status":"closed","template":"custompagett.php","meta":{"footnotes":""},"class_list":["post-3587","page","type-page","status-publish","hentry"],"yoast_head":"<!-- This site is optimized with the Yoast SEO plugin v24.5 - https:\/\/yoast.com\/wordpress\/plugins\/seo\/ -->\n<title>Dr. Liene Kor\u0146ejeva, Geneticist, Specialist in Cellular Medicine<\/title>\n<meta name=\"description\" content=\"Dr. Liene Kor\u0146ejeva, Geneticist, Specialist in Cellular Medicine. iVF Riga Genetic Center. Accurate and detailed diagnosis.\" \/>\n<meta name=\"robots\" content=\"index, follow, max-snippet:-1, max-image-preview:large, max-video-preview:-1\" \/>\n<link rel=\"canonical\" href=\"https:\/\/genetikascentrs.lv\/en\/our-team\/dr-liene-kornejeva-geneticist-specialist-in-cellular-medicine\/\" \/>\n<meta property=\"og:locale\" content=\"en_US\" \/>\n<meta property=\"og:type\" content=\"article\" \/>\n<meta property=\"og:title\" content=\"Dr. Liene Kor\u0146ejeva, Geneticist, Specialist in Cellular Medicine\" \/>\n<meta property=\"og:description\" content=\"Dr. Liene Kor\u0146ejeva, Geneticist, Specialist in Cellular Medicine. iVF Riga Genetic Center. Accurate and detailed diagnosis.\" \/>\n<meta property=\"og:url\" content=\"https:\/\/genetikascentrs.lv\/en\/our-team\/dr-liene-kornejeva-geneticist-specialist-in-cellular-medicine\/\" \/>\n<meta property=\"og:site_name\" content=\"iVF Riga \u0123en\u0113tikas centrs\" \/>\n<meta property=\"article:modified_time\" content=\"2021-10-13T10:10:43+00:00\" \/>\n<meta name=\"twitter:card\" content=\"summary_large_image\" \/>\n<meta name=\"twitter:label1\" content=\"Est. reading time\" \/>\n\t<meta name=\"twitter:data1\" content=\"1 minute\" \/>\n<script type=\"application\/ld+json\" class=\"yoast-schema-graph\">{\"@context\":\"https:\/\/schema.org\",\"@graph\":[{\"@type\":\"WebPage\",\"@id\":\"https:\/\/genetikascentrs.lv\/en\/our-team\/dr-liene-kornejeva-geneticist-specialist-in-cellular-medicine\/\",\"url\":\"https:\/\/genetikascentrs.lv\/en\/our-team\/dr-liene-kornejeva-geneticist-specialist-in-cellular-medicine\/\",\"name\":\"Dr. Liene Kor\u0146ejeva, Geneticist, Specialist in Cellular Medicine\",\"isPartOf\":{\"@id\":\"https:\/\/genetikascentrs.lv\/en\/#website\"},\"datePublished\":\"2020-10-01T12:08:17+00:00\",\"dateModified\":\"2021-10-13T10:10:43+00:00\",\"description\":\"Dr. Liene Kor\u0146ejeva, Geneticist, Specialist in Cellular Medicine. iVF Riga Genetic Center. Accurate and detailed diagnosis.\",\"breadcrumb\":{\"@id\":\"https:\/\/genetikascentrs.lv\/en\/our-team\/dr-liene-kornejeva-geneticist-specialist-in-cellular-medicine\/#breadcrumb\"},\"inLanguage\":\"en-US\",\"potentialAction\":[{\"@type\":\"ReadAction\",\"target\":[\"https:\/\/genetikascentrs.lv\/en\/our-team\/dr-liene-kornejeva-geneticist-specialist-in-cellular-medicine\/\"]}]},{\"@type\":\"BreadcrumbList\",\"@id\":\"https:\/\/genetikascentrs.lv\/en\/our-team\/dr-liene-kornejeva-geneticist-specialist-in-cellular-medicine\/#breadcrumb\",\"itemListElement\":[{\"@type\":\"ListItem\",\"position\":1,\"name\":\"Home\",\"item\":\"https:\/\/genetikascentrs.lv\/en\/\"},{\"@type\":\"ListItem\",\"position\":2,\"name\":\"Our Team\",\"item\":\"https:\/\/genetikascentrs.lv\/en\/our-team\/\"},{\"@type\":\"ListItem\",\"position\":3,\"name\":\"Dr. Liene Kor\u0146ejeva\"}]},{\"@type\":\"WebSite\",\"@id\":\"https:\/\/genetikascentrs.lv\/en\/#website\",\"url\":\"https:\/\/genetikascentrs.lv\/en\/\",\"name\":\"iVF Riga \u0123en\u0113tikas centrs\",\"description\":\"\u0122en\u0113tikas centrs\",\"publisher\":{\"@id\":\"https:\/\/genetikascentrs.lv\/en\/#organization\"},\"potentialAction\":[{\"@type\":\"SearchAction\",\"target\":{\"@type\":\"EntryPoint\",\"urlTemplate\":\"https:\/\/genetikascentrs.lv\/en\/?s={search_term_string}\"},\"query-input\":{\"@type\":\"PropertyValueSpecification\",\"valueRequired\":true,\"valueName\":\"search_term_string\"}}],\"inLanguage\":\"en-US\"},{\"@type\":\"Organization\",\"@id\":\"https:\/\/genetikascentrs.lv\/en\/#organization\",\"name\":\"iVF Riga \u0123en\u0113tikas centrs\",\"url\":\"https:\/\/genetikascentrs.lv\/en\/\",\"logo\":{\"@type\":\"ImageObject\",\"inLanguage\":\"en-US\",\"@id\":\"https:\/\/genetikascentrs.lv\/en\/#\/schema\/logo\/image\/\",\"url\":\"https:\/\/genetikascentrs.lv\/wp-content\/uploads\/2021\/02\/cropped-iVF-Genetikas-logo.png\",\"contentUrl\":\"https:\/\/genetikascentrs.lv\/wp-content\/uploads\/2021\/02\/cropped-iVF-Genetikas-logo.png\",\"width\":861,\"height\":250,\"caption\":\"iVF Riga \u0123en\u0113tikas centrs\"},\"image\":{\"@id\":\"https:\/\/genetikascentrs.lv\/en\/#\/schema\/logo\/image\/\"}}]}<\/script>\n<!-- \/ Yoast SEO plugin. -->","yoast_head_json":{"title":"Dr. Liene Kor\u0146ejeva, Geneticist, Specialist in Cellular Medicine","description":"Dr. Liene Kor\u0146ejeva, Geneticist, Specialist in Cellular Medicine. iVF Riga Genetic Center. Accurate and detailed diagnosis.","robots":{"index":"index","follow":"follow","max-snippet":"max-snippet:-1","max-image-preview":"max-image-preview:large","max-video-preview":"max-video-preview:-1"},"canonical":"https:\/\/genetikascentrs.lv\/en\/our-team\/dr-liene-kornejeva-geneticist-specialist-in-cellular-medicine\/","og_locale":"en_US","og_type":"article","og_title":"Dr. Liene Kor\u0146ejeva, Geneticist, Specialist in Cellular Medicine","og_description":"Dr. Liene Kor\u0146ejeva, Geneticist, Specialist in Cellular Medicine. iVF Riga Genetic Center. Accurate and detailed diagnosis.","og_url":"https:\/\/genetikascentrs.lv\/en\/our-team\/dr-liene-kornejeva-geneticist-specialist-in-cellular-medicine\/","og_site_name":"iVF Riga \u0123en\u0113tikas centrs","article_modified_time":"2021-10-13T10:10:43+00:00","twitter_card":"summary_large_image","twitter_misc":{"Est. reading time":"1 minute"},"schema":{"@context":"https:\/\/schema.org","@graph":[{"@type":"WebPage","@id":"https:\/\/genetikascentrs.lv\/en\/our-team\/dr-liene-kornejeva-geneticist-specialist-in-cellular-medicine\/","url":"https:\/\/genetikascentrs.lv\/en\/our-team\/dr-liene-kornejeva-geneticist-specialist-in-cellular-medicine\/","name":"Dr. Liene Kor\u0146ejeva, Geneticist, Specialist in Cellular Medicine","isPartOf":{"@id":"https:\/\/genetikascentrs.lv\/en\/#website"},"datePublished":"2020-10-01T12:08:17+00:00","dateModified":"2021-10-13T10:10:43+00:00","description":"Dr. Liene Kor\u0146ejeva, Geneticist, Specialist in Cellular Medicine. iVF Riga Genetic Center. Accurate and detailed diagnosis.","breadcrumb":{"@id":"https:\/\/genetikascentrs.lv\/en\/our-team\/dr-liene-kornejeva-geneticist-specialist-in-cellular-medicine\/#breadcrumb"},"inLanguage":"en-US","potentialAction":[{"@type":"ReadAction","target":["https:\/\/genetikascentrs.lv\/en\/our-team\/dr-liene-kornejeva-geneticist-specialist-in-cellular-medicine\/"]}]},{"@type":"BreadcrumbList","@id":"https:\/\/genetikascentrs.lv\/en\/our-team\/dr-liene-kornejeva-geneticist-specialist-in-cellular-medicine\/#breadcrumb","itemListElement":[{"@type":"ListItem","position":1,"name":"Home","item":"https:\/\/genetikascentrs.lv\/en\/"},{"@type":"ListItem","position":2,"name":"Our Team","item":"https:\/\/genetikascentrs.lv\/en\/our-team\/"},{"@type":"ListItem","position":3,"name":"Dr. Liene Kor\u0146ejeva"}]},{"@type":"WebSite","@id":"https:\/\/genetikascentrs.lv\/en\/#website","url":"https:\/\/genetikascentrs.lv\/en\/","name":"iVF Riga \u0123en\u0113tikas centrs","description":"\u0122en\u0113tikas centrs","publisher":{"@id":"https:\/\/genetikascentrs.lv\/en\/#organization"},"potentialAction":[{"@type":"SearchAction","target":{"@type":"EntryPoint","urlTemplate":"https:\/\/genetikascentrs.lv\/en\/?s={search_term_string}"},"query-input":{"@type":"PropertyValueSpecification","valueRequired":true,"valueName":"search_term_string"}}],"inLanguage":"en-US"},{"@type":"Organization","@id":"https:\/\/genetikascentrs.lv\/en\/#organization","name":"iVF Riga \u0123en\u0113tikas centrs","url":"https:\/\/genetikascentrs.lv\/en\/","logo":{"@type":"ImageObject","inLanguage":"en-US","@id":"https:\/\/genetikascentrs.lv\/en\/#\/schema\/logo\/image\/","url":"https:\/\/genetikascentrs.lv\/wp-content\/uploads\/2021\/02\/cropped-iVF-Genetikas-logo.png","contentUrl":"https:\/\/genetikascentrs.lv\/wp-content\/uploads\/2021\/02\/cropped-iVF-Genetikas-logo.png","width":861,"height":250,"caption":"iVF Riga \u0123en\u0113tikas centrs"},"image":{"@id":"https:\/\/genetikascentrs.lv\/en\/#\/schema\/logo\/image\/"}}]}},"_links":{"self":[{"href":"https:\/\/genetikascentrs.lv\/en\/wp-json\/wp\/v2\/pages\/3587","targetHints":{"allow":["GET"]}}],"collection":[{"href":"https:\/\/genetikascentrs.lv\/en\/wp-json\/wp\/v2\/pages"}],"about":[{"href":"https:\/\/genetikascentrs.lv\/en\/wp-json\/wp\/v2\/types\/page"}],"author":[{"embeddable":true,"href":"https:\/\/genetikascentrs.lv\/en\/wp-json\/wp\/v2\/users\/1"}],"replies":[{"embeddable":true,"href":"https:\/\/genetikascentrs.lv\/en\/wp-json\/wp\/v2\/comments?post=3587"}],"version-history":[{"count":6,"href":"https:\/\/genetikascentrs.lv\/en\/wp-json\/wp\/v2\/pages\/3587\/revisions"}],"predecessor-version":[{"id":5296,"href":"https:\/\/genetikascentrs.lv\/en\/wp-json\/wp\/v2\/pages\/3587\/revisions\/5296"}],"up":[{"embeddable":true,"href":"https:\/\/genetikascentrs.lv\/en\/wp-json\/wp\/v2\/pages\/3226"}],"wp:attachment":[{"href":"https:\/\/genetikascentrs.lv\/en\/wp-json\/wp\/v2\/media?parent=3587"}],"curies":[{"name":"wp","href":"https:\/\/api.w.org\/{rel}","templated":true}]}}