{"id":3262,"date":"2020-07-17T13:07:37","date_gmt":"2020-07-17T13:07:37","guid":{"rendered":"http:\/\/genetikascentrs.lv\/about-us\/sertifikati\/"},"modified":"2025-10-07T11:22:07","modified_gmt":"2025-10-07T11:22:07","slug":"certificates","status":"publish","type":"page","link":"https:\/\/genetikascentrs.lv\/en\/about-us\/certificates\/","title":{"rendered":"Certificates"},"content":{"rendered":"[vc_row disable_element=&#8221;yes&#8221;][vc_column][vc_media_grid grid_id=&#8221;vc_gid:1759835694513-8767c69e-3d73-3&#8243; include=&#8221;6540,6543,6546,6549,6552,6555&#8243; el_class=&#8221;sert_box&#8221;][vc_empty_space][vc_media_grid grid_id=&#8221;vc_gid:1759835694514-86e8e728-51d4-5&#8243; include=&#8221;2727,5410,2736,2739,2742,5413,2748,2754,2757&#8243; el_class=&#8221;sert_box&#8221;][\/vc_column][\/vc_row][vc_row el_class=&#8221;new-cert&#8221;][vc_column width=&#8221;1\/3&#8243;][theme_text_image_element tt_order=&#8221;1&#8243; tt_onclick=&#8221;1&#8243; tt_image_link=&#8221;http:\/\/genetikascentrs.lv\/wp-content\/uploads\/2025\/10\/2025_Akreditacijas_aplieciba_M_541_08-1.pdf&#8221; image=&#8221;6570&#8243;][\/theme_text_image_element][\/vc_column][vc_column width=&#8221;1\/3&#8243;][theme_text_image_element tt_order=&#8221;1&#8243; tt_onclick=&#8221;1&#8243; tt_image_link=&#8221;https:\/\/genetikascentrs.lv\/wp-content\/uploads\/2020\/07\/csm_WhatClinicAward2016_4751591e19.jpg&#8221; image=&#8221;2727&#8243;][\/theme_text_image_element][\/vc_column][vc_column width=&#8221;1\/3&#8243;][theme_text_image_element tt_order=&#8221;1&#8243; tt_onclick=&#8221;1&#8243; tt_image_link=&#8221;https:\/\/genetikascentrs.lv\/wp-content\/uploads\/2020\/07\/csm_6d733afdfc_fe13b5aa47.jpg&#8221; image=&#8221;2736&#8243;][\/theme_text_image_element][\/vc_column][\/vc_row][vc_row el_class=&#8221;new-cert&#8221;][vc_column width=&#8221;1\/3&#8243;][theme_text_image_element tt_order=&#8221;1&#8243; tt_onclick=&#8221;1&#8243; tt_image_link=&#8221;https:\/\/genetikascentrs.lv\/wp-content\/uploads\/2020\/07\/csm_IVF-Clinic-Award-Certificate-IVF-Riga-2017_b23c33f36d.jpg&#8221; image=&#8221;2739&#8243;][\/theme_text_image_element][\/vc_column][vc_column width=&#8221;1\/3&#8243;][theme_text_image_element tt_order=&#8221;1&#8243; tt_onclick=&#8221;1&#8243; tt_image_link=&#8221;https:\/\/genetikascentrs.lv\/wp-content\/uploads\/2020\/07\/csm_IVF_Clinic_Award_Certificate_iVF_Riga_2015_09e8915537.jpg&#8221; image=&#8221;2742&#8243;][\/theme_text_image_element][\/vc_column][vc_column width=&#8221;1\/3&#8243;][theme_text_image_element tt_order=&#8221;1&#8243; tt_onclick=&#8221;1&#8243; tt_image_link=&#8221;https:\/\/genetikascentrs.lv\/wp-content\/uploads\/2020\/07\/csm_04a9e85ab8_0eabdb80db.jpg&#8221; image=&#8221;2754&#8243;][\/theme_text_image_element][\/vc_column][\/vc_row][vc_row el_class=&#8221;new-cert&#8221;][vc_column width=&#8221;1\/3&#8243;][theme_text_image_element tt_order=&#8221;1&#8243; tt_onclick=&#8221;1&#8243; tt_image_link=&#8221;https:\/\/genetikascentrs.lv\/wp-content\/uploads\/2020\/07\/csm_Kval_Balva_a0fb328f22.jpg&#8221; image=&#8221;2748&#8243;][\/theme_text_image_element][\/vc_column][vc_column width=&#8221;1\/3&#8243;][theme_text_image_element tt_order=&#8221;1&#8243; tt_onclick=&#8221;1&#8243; tt_image_link=&#8221;https:\/\/genetikascentrs.lv\/wp-content\/uploads\/2020\/07\/csm_Trusted_Clinic2014_1f8f54880a.jpg&#8221; image=&#8221;2757&#8243;][\/theme_text_image_element][\/vc_column][vc_column width=&#8221;1\/3&#8243;][theme_text_image_element tt_order=&#8221;1&#8243; tt_onclick=&#8221;1&#8243; tt_image_link=&#8221;https:\/\/genetikascentrs.lv\/wp-content\/uploads\/2023\/07\/2023_IVF_9001_Lat-pdf-724&#215;1024.jpg&#8221; image=&#8221;6573&#8243;][\/theme_text_image_element][\/vc_column][\/vc_row][vc_row el_class=&#8221;new-cert&#8221;][vc_column width=&#8221;1\/3&#8243;][theme_text_image_element tt_order=&#8221;1&#8243; tt_onclick=&#8221;1&#8243; tt_image_link=&#8221;https:\/\/genetikascentrs.lv\/wp-content\/uploads\/2023\/07\/1lpp-AC_7_11__iVF-Riga_E_Audu_un_sunu_izmantosanas_atlauja_1.png&#8221; image=&#8221;6576&#8243;][\/theme_text_image_element][\/vc_column][vc_column width=&#8221;1\/3&#8243;][\/vc_column][vc_column width=&#8221;1\/3&#8243;][\/vc_column][\/vc_row]\n","protected":false},"excerpt":{"rendered":"<p>[vc_row disable_element=&#8221;yes&#8221;][vc_column][vc_media_grid grid_id=&#8221;vc_gid:1759835694513-8767c69e-3d73-3&#8243; include=&#8221;6540,6543,6546,6549,6552,6555&#8243; el_class=&#8221;sert_box&#8221;][vc_empty_space][vc_media_grid grid_id=&#8221;vc_gid:1759835694514-86e8e728-51d4-5&#8243; include=&#8221;2727,5410,2736,2739,2742,5413,2748,2754,2757&#8243; el_class=&#8221;sert_box&#8221;][\/vc_column][\/vc_row][vc_row el_class=&#8221;new-cert&#8221;][vc_column width=&#8221;1\/3&#8243;][theme_text_image_element tt_order=&#8221;1&#8243; tt_onclick=&#8221;1&#8243; tt_image_link=&#8221;http:\/\/genetikascentrs.lv\/wp-content\/uploads\/2025\/10\/2025_Akreditacijas_aplieciba_M_541_08-1.pdf&#8221; image=&#8221;6570&#8243;][\/theme_text_image_element][\/vc_column][vc_column width=&#8221;1\/3&#8243;][theme_text_image_element tt_order=&#8221;1&#8243; tt_onclick=&#8221;1&#8243; tt_image_link=&#8221;https:\/\/genetikascentrs.lv\/wp-content\/uploads\/2020\/07\/csm_WhatClinicAward2016_4751591e19.jpg&#8221; image=&#8221;2727&#8243;][\/theme_text_image_element][\/vc_column][vc_column width=&#8221;1\/3&#8243;][theme_text_image_element tt_order=&#8221;1&#8243; tt_onclick=&#8221;1&#8243; tt_image_link=&#8221;https:\/\/genetikascentrs.lv\/wp-content\/uploads\/2020\/07\/csm_6d733afdfc_fe13b5aa47.jpg&#8221; image=&#8221;2736&#8243;][\/theme_text_image_element][\/vc_column][\/vc_row][vc_row el_class=&#8221;new-cert&#8221;][vc_column width=&#8221;1\/3&#8243;][theme_text_image_element tt_order=&#8221;1&#8243; tt_onclick=&#8221;1&#8243; tt_image_link=&#8221;https:\/\/genetikascentrs.lv\/wp-content\/uploads\/2020\/07\/csm_IVF-Clinic-Award-Certificate-IVF-Riga-2017_b23c33f36d.jpg&#8221; image=&#8221;2739&#8243;][\/theme_text_image_element][\/vc_column][vc_column width=&#8221;1\/3&#8243;][theme_text_image_element tt_order=&#8221;1&#8243; tt_onclick=&#8221;1&#8243; tt_image_link=&#8221;https:\/\/genetikascentrs.lv\/wp-content\/uploads\/2020\/07\/csm_IVF_Clinic_Award_Certificate_iVF_Riga_2015_09e8915537.jpg&#8221; image=&#8221;2742&#8243;][\/theme_text_image_element][\/vc_column][vc_column width=&#8221;1\/3&#8243;][theme_text_image_element tt_order=&#8221;1&#8243; tt_onclick=&#8221;1&#8243; tt_image_link=&#8221;https:\/\/genetikascentrs.lv\/wp-content\/uploads\/2020\/07\/csm_04a9e85ab8_0eabdb80db.jpg&#8221; image=&#8221;2754&#8243;][\/theme_text_image_element][\/vc_column][\/vc_row][vc_row el_class=&#8221;new-cert&#8221;][vc_column width=&#8221;1\/3&#8243;][theme_text_image_element tt_order=&#8221;1&#8243; tt_onclick=&#8221;1&#8243; tt_image_link=&#8221;https:\/\/genetikascentrs.lv\/wp-content\/uploads\/2020\/07\/csm_Kval_Balva_a0fb328f22.jpg&#8221; image=&#8221;2748&#8243;][\/theme_text_image_element][\/vc_column][vc_column width=&#8221;1\/3&#8243;][theme_text_image_element tt_order=&#8221;1&#8243; tt_onclick=&#8221;1&#8243; tt_image_link=&#8221;https:\/\/genetikascentrs.lv\/wp-content\/uploads\/2020\/07\/csm_Trusted_Clinic2014_1f8f54880a.jpg&#8221; image=&#8221;2757&#8243;][\/theme_text_image_element][\/vc_column][vc_column width=&#8221;1\/3&#8243;][theme_text_image_element tt_order=&#8221;1&#8243; tt_onclick=&#8221;1&#8243; tt_image_link=&#8221;https:\/\/genetikascentrs.lv\/wp-content\/uploads\/2023\/07\/2023_IVF_9001_Lat-pdf-724&#215;1024.jpg&#8221; <\/p>\n<div class=\"btn-more-wrapper\"><a href=\"https:\/\/genetikascentrs.lv\/en\/about-us\/certificates\/\" class=\"btn btn-sm btn-hover-fill\"><svg class=\"icon icon-right-arrow\" version=\"1.1\" xmlns=\"http:\/\/www.w3.org\/2000\/svg\" width=\"32\" height=\"32\" viewBox=\"0 0 32 32\"><title>right-arrow<\/title><path d=\"M21.548 5.088c-0.436-0.451-1.162-0.451-1.613 0-0.436 0.436-0.436 1.162 0 1.596l8.177 8.177h-26.984c-0.629 0.001-1.129 0.501-1.129 1.13s0.5 1.145 1.129 1.145h26.984l-8.177 8.162c-0.436 0.451-0.436 1.178 0 1.613 0.451 0.451 1.178 0.451 1.613 0l10.113-10.113c0.451-0.436 0.451-1.162 0-1.596l-10.113-10.114z\"><\/path><\/svg>Read More<span class=\"screen-reader-text\"> &#8220;Certificates&#8221;<\/span><svg class=\"icon icon-right-arrow\" version=\"1.1\" xmlns=\"http:\/\/www.w3.org\/2000\/svg\" width=\"32\" height=\"32\" viewBox=\"0 0 32 32\"><title>right-arrow<\/title><path d=\"M21.548 5.088c-0.436-0.451-1.162-0.451-1.613 0-0.436 0.436-0.436 1.162 0 1.596l8.177 8.177h-26.984c-0.629 0.001-1.129 0.501-1.129 1.13s0.5 1.145 1.129 1.145h26.984l-8.177 8.162c-0.436 0.451-0.436 1.178 0 1.613 0.451 0.451 1.178 0.451 1.613 0l10.113-10.113c0.451-0.436 0.451-1.162 0-1.596l-10.113-10.114z\"><\/path><\/svg><\/a><\/div>\n","protected":false},"author":1,"featured_media":0,"parent":3000,"menu_order":0,"comment_status":"closed","ping_status":"closed","template":"","meta":{"footnotes":""},"class_list":["post-3262","page","type-page","status-publish","hentry"],"yoast_head":"<!-- This site is optimized with the Yoast SEO plugin v24.5 - https:\/\/yoast.com\/wordpress\/plugins\/seo\/ -->\n<title>Certificates, iVF Riga Genetic Centre - iVF Riga \u0123en\u0113tikas centrs<\/title>\n<meta name=\"description\" content=\"Certificates, iVF Riga Genetic Centre. Accurate and detailed diagnosis is the key to successful treatment, whatever the diagnosis.\" \/>\n<meta name=\"robots\" content=\"index, follow, max-snippet:-1, max-image-preview:large, max-video-preview:-1\" \/>\n<link rel=\"canonical\" href=\"https:\/\/genetikascentrs.lv\/en\/about-us\/certificates\/\" \/>\n<meta property=\"og:locale\" content=\"en_US\" \/>\n<meta property=\"og:type\" content=\"article\" \/>\n<meta property=\"og:title\" content=\"Certificates, iVF Riga Genetic Centre - iVF Riga \u0123en\u0113tikas centrs\" \/>\n<meta property=\"og:description\" content=\"Certificates, iVF Riga Genetic Centre. Accurate and detailed diagnosis is the key to successful treatment, whatever the diagnosis.\" \/>\n<meta property=\"og:url\" content=\"https:\/\/genetikascentrs.lv\/en\/about-us\/certificates\/\" \/>\n<meta property=\"og:site_name\" content=\"iVF Riga \u0123en\u0113tikas centrs\" \/>\n<meta property=\"article:modified_time\" content=\"2025-10-07T11:22:07+00:00\" \/>\n<meta name=\"twitter:card\" content=\"summary_large_image\" \/>\n<meta name=\"twitter:label1\" content=\"Est. reading time\" \/>\n\t<meta name=\"twitter:data1\" content=\"1 minute\" \/>\n<script type=\"application\/ld+json\" class=\"yoast-schema-graph\">{\"@context\":\"https:\/\/schema.org\",\"@graph\":[{\"@type\":\"WebPage\",\"@id\":\"https:\/\/genetikascentrs.lv\/en\/about-us\/certificates\/\",\"url\":\"https:\/\/genetikascentrs.lv\/en\/about-us\/certificates\/\",\"name\":\"Certificates, iVF Riga Genetic Centre - iVF Riga \u0123en\u0113tikas centrs\",\"isPartOf\":{\"@id\":\"https:\/\/genetikascentrs.lv\/en\/#website\"},\"datePublished\":\"2020-07-17T13:07:37+00:00\",\"dateModified\":\"2025-10-07T11:22:07+00:00\",\"description\":\"Certificates, iVF Riga Genetic Centre. Accurate and detailed diagnosis is the key to successful treatment, whatever the diagnosis.\",\"breadcrumb\":{\"@id\":\"https:\/\/genetikascentrs.lv\/en\/about-us\/certificates\/#breadcrumb\"},\"inLanguage\":\"en-US\",\"potentialAction\":[{\"@type\":\"ReadAction\",\"target\":[\"https:\/\/genetikascentrs.lv\/en\/about-us\/certificates\/\"]}]},{\"@type\":\"BreadcrumbList\",\"@id\":\"https:\/\/genetikascentrs.lv\/en\/about-us\/certificates\/#breadcrumb\",\"itemListElement\":[{\"@type\":\"ListItem\",\"position\":1,\"name\":\"Home\",\"item\":\"https:\/\/genetikascentrs.lv\/en\/\"},{\"@type\":\"ListItem\",\"position\":2,\"name\":\"About us\",\"item\":\"https:\/\/genetikascentrs.lv\/en\/about-us\/\"},{\"@type\":\"ListItem\",\"position\":3,\"name\":\"Certificates\"}]},{\"@type\":\"WebSite\",\"@id\":\"https:\/\/genetikascentrs.lv\/en\/#website\",\"url\":\"https:\/\/genetikascentrs.lv\/en\/\",\"name\":\"iVF Riga \u0123en\u0113tikas centrs\",\"description\":\"\u0122en\u0113tikas centrs\",\"publisher\":{\"@id\":\"https:\/\/genetikascentrs.lv\/en\/#organization\"},\"potentialAction\":[{\"@type\":\"SearchAction\",\"target\":{\"@type\":\"EntryPoint\",\"urlTemplate\":\"https:\/\/genetikascentrs.lv\/en\/?s={search_term_string}\"},\"query-input\":{\"@type\":\"PropertyValueSpecification\",\"valueRequired\":true,\"valueName\":\"search_term_string\"}}],\"inLanguage\":\"en-US\"},{\"@type\":\"Organization\",\"@id\":\"https:\/\/genetikascentrs.lv\/en\/#organization\",\"name\":\"iVF Riga \u0123en\u0113tikas centrs\",\"url\":\"https:\/\/genetikascentrs.lv\/en\/\",\"logo\":{\"@type\":\"ImageObject\",\"inLanguage\":\"en-US\",\"@id\":\"https:\/\/genetikascentrs.lv\/en\/#\/schema\/logo\/image\/\",\"url\":\"https:\/\/genetikascentrs.lv\/wp-content\/uploads\/2021\/02\/cropped-iVF-Genetikas-logo.png\",\"contentUrl\":\"https:\/\/genetikascentrs.lv\/wp-content\/uploads\/2021\/02\/cropped-iVF-Genetikas-logo.png\",\"width\":861,\"height\":250,\"caption\":\"iVF Riga \u0123en\u0113tikas centrs\"},\"image\":{\"@id\":\"https:\/\/genetikascentrs.lv\/en\/#\/schema\/logo\/image\/\"}}]}<\/script>\n<!-- \/ Yoast SEO plugin. -->","yoast_head_json":{"title":"Certificates, iVF Riga Genetic Centre - iVF Riga \u0123en\u0113tikas centrs","description":"Certificates, iVF Riga Genetic Centre. Accurate and detailed diagnosis is the key to successful treatment, whatever the diagnosis.","robots":{"index":"index","follow":"follow","max-snippet":"max-snippet:-1","max-image-preview":"max-image-preview:large","max-video-preview":"max-video-preview:-1"},"canonical":"https:\/\/genetikascentrs.lv\/en\/about-us\/certificates\/","og_locale":"en_US","og_type":"article","og_title":"Certificates, iVF Riga Genetic Centre - iVF Riga \u0123en\u0113tikas centrs","og_description":"Certificates, iVF Riga Genetic Centre. Accurate and detailed diagnosis is the key to successful treatment, whatever the diagnosis.","og_url":"https:\/\/genetikascentrs.lv\/en\/about-us\/certificates\/","og_site_name":"iVF Riga \u0123en\u0113tikas centrs","article_modified_time":"2025-10-07T11:22:07+00:00","twitter_card":"summary_large_image","twitter_misc":{"Est. reading time":"1 minute"},"schema":{"@context":"https:\/\/schema.org","@graph":[{"@type":"WebPage","@id":"https:\/\/genetikascentrs.lv\/en\/about-us\/certificates\/","url":"https:\/\/genetikascentrs.lv\/en\/about-us\/certificates\/","name":"Certificates, iVF Riga Genetic Centre - iVF Riga \u0123en\u0113tikas centrs","isPartOf":{"@id":"https:\/\/genetikascentrs.lv\/en\/#website"},"datePublished":"2020-07-17T13:07:37+00:00","dateModified":"2025-10-07T11:22:07+00:00","description":"Certificates, iVF Riga Genetic Centre. Accurate and detailed diagnosis is the key to successful treatment, whatever the diagnosis.","breadcrumb":{"@id":"https:\/\/genetikascentrs.lv\/en\/about-us\/certificates\/#breadcrumb"},"inLanguage":"en-US","potentialAction":[{"@type":"ReadAction","target":["https:\/\/genetikascentrs.lv\/en\/about-us\/certificates\/"]}]},{"@type":"BreadcrumbList","@id":"https:\/\/genetikascentrs.lv\/en\/about-us\/certificates\/#breadcrumb","itemListElement":[{"@type":"ListItem","position":1,"name":"Home","item":"https:\/\/genetikascentrs.lv\/en\/"},{"@type":"ListItem","position":2,"name":"About us","item":"https:\/\/genetikascentrs.lv\/en\/about-us\/"},{"@type":"ListItem","position":3,"name":"Certificates"}]},{"@type":"WebSite","@id":"https:\/\/genetikascentrs.lv\/en\/#website","url":"https:\/\/genetikascentrs.lv\/en\/","name":"iVF Riga \u0123en\u0113tikas centrs","description":"\u0122en\u0113tikas centrs","publisher":{"@id":"https:\/\/genetikascentrs.lv\/en\/#organization"},"potentialAction":[{"@type":"SearchAction","target":{"@type":"EntryPoint","urlTemplate":"https:\/\/genetikascentrs.lv\/en\/?s={search_term_string}"},"query-input":{"@type":"PropertyValueSpecification","valueRequired":true,"valueName":"search_term_string"}}],"inLanguage":"en-US"},{"@type":"Organization","@id":"https:\/\/genetikascentrs.lv\/en\/#organization","name":"iVF Riga \u0123en\u0113tikas centrs","url":"https:\/\/genetikascentrs.lv\/en\/","logo":{"@type":"ImageObject","inLanguage":"en-US","@id":"https:\/\/genetikascentrs.lv\/en\/#\/schema\/logo\/image\/","url":"https:\/\/genetikascentrs.lv\/wp-content\/uploads\/2021\/02\/cropped-iVF-Genetikas-logo.png","contentUrl":"https:\/\/genetikascentrs.lv\/wp-content\/uploads\/2021\/02\/cropped-iVF-Genetikas-logo.png","width":861,"height":250,"caption":"iVF Riga \u0123en\u0113tikas centrs"},"image":{"@id":"https:\/\/genetikascentrs.lv\/en\/#\/schema\/logo\/image\/"}}]}},"_links":{"self":[{"href":"https:\/\/genetikascentrs.lv\/en\/wp-json\/wp\/v2\/pages\/3262","targetHints":{"allow":["GET"]}}],"collection":[{"href":"https:\/\/genetikascentrs.lv\/en\/wp-json\/wp\/v2\/pages"}],"about":[{"href":"https:\/\/genetikascentrs.lv\/en\/wp-json\/wp\/v2\/types\/page"}],"author":[{"embeddable":true,"href":"https:\/\/genetikascentrs.lv\/en\/wp-json\/wp\/v2\/users\/1"}],"replies":[{"embeddable":true,"href":"https:\/\/genetikascentrs.lv\/en\/wp-json\/wp\/v2\/comments?post=3262"}],"version-history":[{"count":12,"href":"https:\/\/genetikascentrs.lv\/en\/wp-json\/wp\/v2\/pages\/3262\/revisions"}],"predecessor-version":[{"id":6591,"href":"https:\/\/genetikascentrs.lv\/en\/wp-json\/wp\/v2\/pages\/3262\/revisions\/6591"}],"up":[{"embeddable":true,"href":"https:\/\/genetikascentrs.lv\/en\/wp-json\/wp\/v2\/pages\/3000"}],"wp:attachment":[{"href":"https:\/\/genetikascentrs.lv\/en\/wp-json\/wp\/v2\/media?parent=3262"}],"curies":[{"name":"wp","href":"https:\/\/api.w.org\/{rel}","templated":true}]}}