{"id":3256,"date":"2020-07-17T11:15:37","date_gmt":"2020-07-17T11:15:37","guid":{"rendered":"http:\/\/genetikascentrs.lv\/about-us\/partneri\/"},"modified":"2020-10-22T18:18:52","modified_gmt":"2020-10-22T18:18:52","slug":"our-partners","status":"publish","type":"page","link":"https:\/\/genetikascentrs.lv\/en\/about-us\/our-partners\/","title":{"rendered":"Our partners"},"content":{"rendered":"[vc_row][vc_column][vc_media_grid grid_id=&#8221;vc_gid:1594990873378-ac209ec8-b0fb-1&#8243; include=&#8221;2691,2688,2685,2682,2679,2676,2673,2670,2667,2664,2661,2658,2655,2652,2649,2646,2643,2640,2637,2634,2631,2628,2625,2622,2619,2616&#8243; el_class=&#8221;partners_box&#8221;][\/vc_column][\/vc_row][vc_row][vc_column][vc_raw_js]JTNDJTIxLS0lMjAlRDAlOUElRDAlOTAlRDAlOTYlRDAlOTQlRDAlOUUlRDAlOTUlMjAlRDAlQTQlRDAlOUUlRDAlQTIlRDAlOUUlMjAlRDAlOTQlRDAlOUUlRDAlOUIlRDAlOTYlRDAlOUQlRDAlOUUlMjAlRDAlOTglRDAlOUMlRDAlOTUlRDAlQTIlRDAlQUMlMjBBTFQlMjAlRDAlQTIlRDAlOTUlRDAlOUElRDAlQTElRDAlQTIlRDAlOUUlRDAlOUMlMjBVUkwlMjAlRDAlOUQlRDAlOTAlMjAlRDAlOUElRDAlOUUlRDAlQTIlRDAlOUUlRDAlQTAlRDAlQUIlRDAlOTklMjAlRDAlOUQlRDAlQTMlRDAlOTYlRDAlOUQlRDAlOUUlMjAlRDAlQTElRDAlQTElRDAlQUIlRDAlOUIlRDAlOTAlRDAlQTIlRDAlQUMlRDAlQTElRDAlQUYlMjAtLSUzRSUwQSUzQ3NjcmlwdCUzRSUyMCUwQSUyMCUyMCUyMCUyMHdpbmRvdy5vbmxvYWQlMjAlM0QlMjAlMjglMjklM0QlM0UlN0IlMEElMjAlMjAlMjAlMjAlMjAlMjAlMjBzZXRUaW1lb3V0JTI4JTI4JTI5JTNEJTNFJTdCJTBBdmFyJTIwaW1nTGluayUyMCUzRCUyMGRvY3VtZW50LnF1ZXJ5U2VsZWN0b3IlMjglMjcucGFydG5lcnNfYm94JTI3JTI5LnF1ZXJ5U2VsZWN0b3JBbGwlMjglMjdpbWclMjclMjklMEElMjAlMjB2YXIlMjBhTGluayUyMCUzRCUyMGRvY3VtZW50LnF1ZXJ5U2VsZWN0b3IlMjglMjcucGFydG5lcnNfYm94JTI3JTI5LnF1ZXJ5U2VsZWN0b3JBbGwlMjglMjdhJTI3JTI5JTBBJTIwJTIwJTIwJTIwJTIwJTIwYUxpbmsuZm9yRWFjaCUyOCUyOGVsJTJDaSUyOSUzRCUzRSU3QiUwQSUyMCUyMCUyMCUyMCUyMCUyMCUyMCUyMCUyMGVsLnJlbW92ZUF0dHJpYnV0ZSUyOCUyN2RhdGEtcmVsJTI3JTI5JTBBJTIwJTIwJTIwJTIwJTIwJTIwJTIwJTIwJTIwZWwucmVtb3ZlQXR0cmlidXRlJTI4JTI3ZGF0YS12Yy1naXRlbS16b25lJTI3JTI5JTBBJTIwJTIwJTIwJTIwJTIwJTIwJTIwJTIwJTIwZWwuc2V0QXR0cmlidXRlJTI4JTI3aHJlZiUyNyUyQyUyNyUyMyUyNyUyOSUwQSUwQSUyMCUyMCUyMCUyMCUyMCUyMCUyMCUyMCUyMHZhciUyMG5ld19lbGVtZW50JTIwJTNEJTIwZWwuY2xvbmVOb2RlJTI4dHJ1ZSUyOSUzQiUwQSUyMCUyMCUyMCUyMCUyMCUyMCUyMCUyMCUyMGVsLnBhcmVudE5vZGUucmVwbGFjZUNoaWxkJTI4bmV3X2VsZW1lbnQlMkMlMjBlbCUyOSUzQiUwQSUyMCUyMCUyMCUyMCUyMCUyMCU3RCUyOSUwQSUyMCUyMCUyMCUyMCUyMCUyMHZhciUyMGFMaW5rTmV3JTIwJTNEJTIwZG9jdW1lbnQucXVlcnlTZWxlY3RvciUyOCUyNy5wYXJ0bmVyc19ib3glMjclMjkucXVlcnlTZWxlY3RvckFsbCUyOCUyN2ElMjclMjkuZm9yRWFjaCUyOCUyOGVsJTJDaSUyOSUzRCUzRSU3QiUwQSUyMCUyMCUyMCUyMCUyMCUyMCUyMCUyMGVsLmFkZEV2ZW50TGlzdGVuZXIlMjglMjdjbGljayUyNyUyQ2UlM0QlM0UlN0IlMEElMjAlMjAlMjAlMjAlMjAlMjAlMjAlMjAlMjAlMjBlLnByZXZlbnREZWZhdWx0JTI4JTI5JTNCJTBBJTIwJTIwJTIwJTIwJTIwJTIwJTIwJTIwJTIwJTIwd2luZG93Lm9wZW4lMjhpbWdMaW5rJTVCaSU1RC5hbHQlMkMlMjAlMjdfYmxhbmslMjclMjklM0IlMEElMjAlMjAlMjAlMjAlMjAlMjAlMjAlN0QlMkMlMjBmYWxzZSUyOSUwQSUyMCUyMCUyMCUyMCUyMCUyMCU3RCUyOSUwQSUyMCUyMCUwQSUyMCUyMCUyMCUyMCUyMCUyMCUyMCU3RCUyQzEwMCUyOSUwQSUyMCUyMCUyMCUyMCU3RCUwQSUzQyUyRnNjcmlwdCUzRQ==[\/vc_raw_js][\/vc_column][\/vc_row]\n","protected":false},"excerpt":{"rendered":"<p>[vc_row][vc_column][vc_media_grid grid_id=&#8221;vc_gid:1594990873378-ac209ec8-b0fb-1&#8243; include=&#8221;2691,2688,2685,2682,2679,2676,2673,2670,2667,2664,2661,2658,2655,2652,2649,2646,2643,2640,2637,2634,2631,2628,2625,2622,2619,2616&#8243; el_class=&#8221;partners_box&#8221;][\/vc_column][\/vc_row][vc_row][vc_column][vc_raw_js]JTNDJTIxLS0lMjAlRDAlOUElRDAlOTAlRDAlOTYlRDAlOTQlRDAlOUUlRDAlOTUlMjAlRDAlQTQlRDAlOUUlRDAlQTIlRDAlOUUlMjAlRDAlOTQlRDAlOUUlRDAlOUIlRDAlOTYlRDAlOUQlRDAlOUUlMjAlRDAlOTglRDAlOUMlRDAlOTUlRDAlQTIlRDAlQUMlMjBBTFQlMjAlRDAlQTIlRDAlOTUlRDAlOUElRDAlQTElRDAlQTIlRDAlOUUlRDAlOUMlMjBVUkwlMjAlRDAlOUQlRDAlOTAlMjAlRDAlOUElRDAlOUUlRDAlQTIlRDAlOUUlRDAlQTAlRDAlQUIlRDAlOTklMjAlRDAlOUQlRDAlQTMlRDAlOTYlRDAlOUQlRDAlOUUlMjAlRDAlQTElRDAlQTElRDAlQUIlRDAlOUIlRDAlOTAlRDAlQTIlRDAlQUMlRDAlQTElRDAlQUYlMjAtLSUzRSUwQSUzQ3NjcmlwdCUzRSUyMCUwQSUyMCUyMCUyMCUyMHdpbmRvdy5vbmxvYWQlMjAlM0QlMjAlMjglMjklM0QlM0UlN0IlMEElMjAlMjAlMjAlMjAlMjAlMjAlMjBzZXRUaW1lb3V0JTI4JTI4JTI5JTNEJTNFJTdCJTBBdmFyJTIwaW1nTGluayUyMCUzRCUyMGRvY3VtZW50LnF1ZXJ5U2VsZWN0b3IlMjglMjcucGFydG5lcnNfYm94JTI3JTI5LnF1ZXJ5U2VsZWN0b3JBbGwlMjglMjdpbWclMjclMjklMEElMjAlMjB2YXIlMjBhTGluayUyMCUzRCUyMGRvY3VtZW50LnF1ZXJ5U2VsZWN0b3IlMjglMjcucGFydG5lcnNfYm94JTI3JTI5LnF1ZXJ5U2VsZWN0b3JBbGwlMjglMjdhJTI3JTI5JTBBJTIwJTIwJTIwJTIwJTIwJTIwYUxpbmsuZm9yRWFjaCUyOCUyOGVsJTJDaSUyOSUzRCUzRSU3QiUwQSUyMCUyMCUyMCUyMCUyMCUyMCUyMCUyMCUyMGVsLnJlbW92ZUF0dHJpYnV0ZSUyOCUyN2RhdGEtcmVsJTI3JTI5JTBBJTIwJTIwJTIwJTIwJTIwJTIwJTIwJTIwJTIwZWwucmVtb3ZlQXR0cmlidXRlJTI4JTI3ZGF0YS12Yy1naXRlbS16b25lJTI3JTI5JTBBJTIwJTIwJTIwJTIwJTIwJTIwJTIwJTIwJTIwZWwuc2V0QXR0cmlidXRlJTI4JTI3aHJlZiUyNyUyQyUyNyUyMyUyNyUyOSUwQSUwQSUyMCUyMCUyMCUyMCUyMCUyMCUyMCUyMCUyMHZhciUyMG5ld19lbGVtZW50JTIwJTNEJTIwZWwuY2xvbmVOb2RlJTI4dHJ1ZSUyOSUzQiUwQSUyMCUyMCUyMCUyMCUyMCUyMCUyMCUyMCUyMGVsLnBhcmVudE5vZGUucmVwbGFjZUNoaWxkJTI4bmV3X2VsZW1lbnQlMkMlMjBlbCUyOSUzQiUwQSUyMCUyMCUyMCUyMCUyMCUyMCU3RCUyOSUwQSUyMCUyMCUyMCUyMCUyMCUyMHZhciUyMGFMaW5rTmV3JTIwJTNEJTIwZG9jdW1lbnQucXVlcnlTZWxlY3RvciUyOCUyNy5wYXJ0bmVyc19ib3glMjclMjkucXVlcnlTZWxlY3RvckFsbCUyOCUyN2ElMjclMjkuZm9yRWFjaCUyOCUyOGVsJTJDaSUyOSUzRCUzRSU3QiUwQSUyMCUyMCUyMCUyMCUyMCUyMCUyMCUyMGVsLmFkZEV2ZW50TGlzdGVuZXIlMjglMjdjbGljayUyNyUyQ2UlM0QlM0UlN0IlMEElMjAlMjAlMjAlMjAlMjAlMjAlMjAlMjAlMjAlMjBlLnByZXZlbnREZWZhdWx0JTI4JTI5JTNCJTBBJTIwJTIwJTIwJTIwJTIwJTIwJTIwJTIwJTIwJTIwd2luZG93Lm9wZW4lMjhpbWdMaW5rJTVCaSU1RC5hbHQlMkMlMjAlMjdfYmxhbmslMjclMjklM0IlMEElMjAlMjAlMjAlMjAlMjAlMjAlMjAlN0QlMkMlMjBmYWxzZSUyOSUwQSUyMCUyMCUyMCUyMCUyMCUyMCU3RCUyOSUwQSUyMCUyMCUwQSUyMCUyMCUyMCUyMCUyMCUyMCUyMCU3RCUyQzEwMCUyOSUwQSUyMCUyMCUyMCUyMCU3RCUwQSUzQyUyRnNjcmlwdCUzRQ==[\/vc_raw_js][\/vc_column][\/vc_row]<\/p>\n","protected":false},"author":1,"featured_media":0,"parent":3000,"menu_order":0,"comment_status":"closed","ping_status":"closed","template":"","meta":{"footnotes":""},"class_list":["post-3256","page","type-page","status-publish","hentry"],"yoast_head":"<!-- This site is optimized with the Yoast SEO plugin v24.5 - https:\/\/yoast.com\/wordpress\/plugins\/seo\/ -->\n<title>Our partners, iVF Riga Genetic Centre - iVF Riga \u0123en\u0113tikas centrs<\/title>\n<meta name=\"description\" content=\"Our partners, iVF Riga Genetic Centre. Accurate and detailed diagnosis is the key to successful treatment, whatever the diagnosis.\" \/>\n<meta name=\"robots\" content=\"index, follow, max-snippet:-1, max-image-preview:large, max-video-preview:-1\" \/>\n<link rel=\"canonical\" href=\"https:\/\/genetikascentrs.lv\/en\/about-us\/our-partners\/\" \/>\n<meta property=\"og:locale\" content=\"en_US\" \/>\n<meta property=\"og:type\" content=\"article\" \/>\n<meta property=\"og:title\" content=\"Our partners, iVF Riga Genetic Centre - iVF Riga \u0123en\u0113tikas centrs\" \/>\n<meta property=\"og:description\" content=\"Our partners, iVF Riga Genetic Centre. Accurate and detailed diagnosis is the key to successful treatment, whatever the diagnosis.\" \/>\n<meta property=\"og:url\" content=\"https:\/\/genetikascentrs.lv\/en\/about-us\/our-partners\/\" \/>\n<meta property=\"og:site_name\" content=\"iVF Riga \u0123en\u0113tikas centrs\" \/>\n<meta property=\"article:modified_time\" content=\"2020-10-22T18:18:52+00:00\" \/>\n<meta name=\"twitter:card\" content=\"summary_large_image\" \/>\n<meta name=\"twitter:label1\" content=\"Est. reading time\" \/>\n\t<meta name=\"twitter:data1\" content=\"1 minute\" \/>\n<script type=\"application\/ld+json\" class=\"yoast-schema-graph\">{\"@context\":\"https:\/\/schema.org\",\"@graph\":[{\"@type\":\"WebPage\",\"@id\":\"https:\/\/genetikascentrs.lv\/en\/about-us\/our-partners\/\",\"url\":\"https:\/\/genetikascentrs.lv\/en\/about-us\/our-partners\/\",\"name\":\"Our partners, iVF Riga Genetic Centre - iVF Riga \u0123en\u0113tikas centrs\",\"isPartOf\":{\"@id\":\"https:\/\/genetikascentrs.lv\/en\/#website\"},\"datePublished\":\"2020-07-17T11:15:37+00:00\",\"dateModified\":\"2020-10-22T18:18:52+00:00\",\"description\":\"Our partners, iVF Riga Genetic Centre. Accurate and detailed diagnosis is the key to successful treatment, whatever the diagnosis.\",\"breadcrumb\":{\"@id\":\"https:\/\/genetikascentrs.lv\/en\/about-us\/our-partners\/#breadcrumb\"},\"inLanguage\":\"en-US\",\"potentialAction\":[{\"@type\":\"ReadAction\",\"target\":[\"https:\/\/genetikascentrs.lv\/en\/about-us\/our-partners\/\"]}]},{\"@type\":\"BreadcrumbList\",\"@id\":\"https:\/\/genetikascentrs.lv\/en\/about-us\/our-partners\/#breadcrumb\",\"itemListElement\":[{\"@type\":\"ListItem\",\"position\":1,\"name\":\"Home\",\"item\":\"https:\/\/genetikascentrs.lv\/en\/\"},{\"@type\":\"ListItem\",\"position\":2,\"name\":\"About us\",\"item\":\"https:\/\/genetikascentrs.lv\/en\/par-mums\/\"},{\"@type\":\"ListItem\",\"position\":3,\"name\":\"Our partners\"}]},{\"@type\":\"WebSite\",\"@id\":\"https:\/\/genetikascentrs.lv\/en\/#website\",\"url\":\"https:\/\/genetikascentrs.lv\/en\/\",\"name\":\"iVF Riga \u0123en\u0113tikas centrs\",\"description\":\"\u0122en\u0113tikas centrs\",\"publisher\":{\"@id\":\"https:\/\/genetikascentrs.lv\/en\/#organization\"},\"potentialAction\":[{\"@type\":\"SearchAction\",\"target\":{\"@type\":\"EntryPoint\",\"urlTemplate\":\"https:\/\/genetikascentrs.lv\/en\/?s={search_term_string}\"},\"query-input\":{\"@type\":\"PropertyValueSpecification\",\"valueRequired\":true,\"valueName\":\"search_term_string\"}}],\"inLanguage\":\"en-US\"},{\"@type\":\"Organization\",\"@id\":\"https:\/\/genetikascentrs.lv\/en\/#organization\",\"name\":\"iVF Riga \u0123en\u0113tikas centrs\",\"url\":\"https:\/\/genetikascentrs.lv\/en\/\",\"logo\":{\"@type\":\"ImageObject\",\"inLanguage\":\"en-US\",\"@id\":\"https:\/\/genetikascentrs.lv\/en\/#\/schema\/logo\/image\/\",\"url\":\"https:\/\/genetikascentrs.lv\/wp-content\/uploads\/2021\/02\/cropped-iVF-Genetikas-logo.png\",\"contentUrl\":\"https:\/\/genetikascentrs.lv\/wp-content\/uploads\/2021\/02\/cropped-iVF-Genetikas-logo.png\",\"width\":861,\"height\":250,\"caption\":\"iVF Riga \u0123en\u0113tikas centrs\"},\"image\":{\"@id\":\"https:\/\/genetikascentrs.lv\/en\/#\/schema\/logo\/image\/\"}}]}<\/script>\n<!-- \/ Yoast SEO plugin. -->","yoast_head_json":{"title":"Our partners, iVF Riga Genetic Centre - iVF Riga \u0123en\u0113tikas centrs","description":"Our partners, iVF Riga Genetic Centre. Accurate and detailed diagnosis is the key to successful treatment, whatever the diagnosis.","robots":{"index":"index","follow":"follow","max-snippet":"max-snippet:-1","max-image-preview":"max-image-preview:large","max-video-preview":"max-video-preview:-1"},"canonical":"https:\/\/genetikascentrs.lv\/en\/about-us\/our-partners\/","og_locale":"en_US","og_type":"article","og_title":"Our partners, iVF Riga Genetic Centre - iVF Riga \u0123en\u0113tikas centrs","og_description":"Our partners, iVF Riga Genetic Centre. Accurate and detailed diagnosis is the key to successful treatment, whatever the diagnosis.","og_url":"https:\/\/genetikascentrs.lv\/en\/about-us\/our-partners\/","og_site_name":"iVF Riga \u0123en\u0113tikas centrs","article_modified_time":"2020-10-22T18:18:52+00:00","twitter_card":"summary_large_image","twitter_misc":{"Est. reading time":"1 minute"},"schema":{"@context":"https:\/\/schema.org","@graph":[{"@type":"WebPage","@id":"https:\/\/genetikascentrs.lv\/en\/about-us\/our-partners\/","url":"https:\/\/genetikascentrs.lv\/en\/about-us\/our-partners\/","name":"Our partners, iVF Riga Genetic Centre - iVF Riga \u0123en\u0113tikas centrs","isPartOf":{"@id":"https:\/\/genetikascentrs.lv\/en\/#website"},"datePublished":"2020-07-17T11:15:37+00:00","dateModified":"2020-10-22T18:18:52+00:00","description":"Our partners, iVF Riga Genetic Centre. Accurate and detailed diagnosis is the key to successful treatment, whatever the diagnosis.","breadcrumb":{"@id":"https:\/\/genetikascentrs.lv\/en\/about-us\/our-partners\/#breadcrumb"},"inLanguage":"en-US","potentialAction":[{"@type":"ReadAction","target":["https:\/\/genetikascentrs.lv\/en\/about-us\/our-partners\/"]}]},{"@type":"BreadcrumbList","@id":"https:\/\/genetikascentrs.lv\/en\/about-us\/our-partners\/#breadcrumb","itemListElement":[{"@type":"ListItem","position":1,"name":"Home","item":"https:\/\/genetikascentrs.lv\/en\/"},{"@type":"ListItem","position":2,"name":"About us","item":"https:\/\/genetikascentrs.lv\/en\/par-mums\/"},{"@type":"ListItem","position":3,"name":"Our partners"}]},{"@type":"WebSite","@id":"https:\/\/genetikascentrs.lv\/en\/#website","url":"https:\/\/genetikascentrs.lv\/en\/","name":"iVF Riga \u0123en\u0113tikas centrs","description":"\u0122en\u0113tikas centrs","publisher":{"@id":"https:\/\/genetikascentrs.lv\/en\/#organization"},"potentialAction":[{"@type":"SearchAction","target":{"@type":"EntryPoint","urlTemplate":"https:\/\/genetikascentrs.lv\/en\/?s={search_term_string}"},"query-input":{"@type":"PropertyValueSpecification","valueRequired":true,"valueName":"search_term_string"}}],"inLanguage":"en-US"},{"@type":"Organization","@id":"https:\/\/genetikascentrs.lv\/en\/#organization","name":"iVF Riga \u0123en\u0113tikas centrs","url":"https:\/\/genetikascentrs.lv\/en\/","logo":{"@type":"ImageObject","inLanguage":"en-US","@id":"https:\/\/genetikascentrs.lv\/en\/#\/schema\/logo\/image\/","url":"https:\/\/genetikascentrs.lv\/wp-content\/uploads\/2021\/02\/cropped-iVF-Genetikas-logo.png","contentUrl":"https:\/\/genetikascentrs.lv\/wp-content\/uploads\/2021\/02\/cropped-iVF-Genetikas-logo.png","width":861,"height":250,"caption":"iVF Riga \u0123en\u0113tikas centrs"},"image":{"@id":"https:\/\/genetikascentrs.lv\/en\/#\/schema\/logo\/image\/"}}]}},"_links":{"self":[{"href":"https:\/\/genetikascentrs.lv\/en\/wp-json\/wp\/v2\/pages\/3256","targetHints":{"allow":["GET"]}}],"collection":[{"href":"https:\/\/genetikascentrs.lv\/en\/wp-json\/wp\/v2\/pages"}],"about":[{"href":"https:\/\/genetikascentrs.lv\/en\/wp-json\/wp\/v2\/types\/page"}],"author":[{"embeddable":true,"href":"https:\/\/genetikascentrs.lv\/en\/wp-json\/wp\/v2\/users\/1"}],"replies":[{"embeddable":true,"href":"https:\/\/genetikascentrs.lv\/en\/wp-json\/wp\/v2\/comments?post=3256"}],"version-history":[{"count":2,"href":"https:\/\/genetikascentrs.lv\/en\/wp-json\/wp\/v2\/pages\/3256\/revisions"}],"predecessor-version":[{"id":3261,"href":"https:\/\/genetikascentrs.lv\/en\/wp-json\/wp\/v2\/pages\/3256\/revisions\/3261"}],"up":[{"embeddable":true,"href":"https:\/\/genetikascentrs.lv\/en\/wp-json\/wp\/v2\/pages\/3000"}],"wp:attachment":[{"href":"https:\/\/genetikascentrs.lv\/en\/wp-json\/wp\/v2\/media?parent=3256"}],"curies":[{"name":"wp","href":"https:\/\/api.w.org\/{rel}","templated":true}]}}