{"id":3097,"date":"2020-07-16T17:59:54","date_gmt":"2020-07-16T17:59:54","guid":{"rendered":"http:\/\/genetikascentrs.lv\/pakalpojumi\/genetic-analyses\/genetiskie-testi-kompleksas-sieviesu-viriesu-neauglibas-izmeklesanai\/"},"modified":"2024-08-23T12:39:38","modified_gmt":"2024-08-23T12:39:38","slug":"genetic-tests-for-the-comprehensive-examination-of-male-female-infertility","status":"publish","type":"page","link":"https:\/\/genetikascentrs.lv\/en\/services\/genetic-analyses\/genetic-tests-for-the-comprehensive-examination-of-male-female-infertility\/","title":{"rendered":"Genetic tests for the comprehensive examination of male\/female infertility"},"content":{"rendered":"[vc_row rsclass=&#8221;clean&#8221; el_class=&#8221;row&#8221;][vc_column width=&#8221;1\/4&#8243; rsclass=&#8221;clean&#8221; el_class=&#8221;col-md&#8221;][vc_wp_custommenu nav_menu=&#8221;68&#8243; el_class=&#8221;services-nav flex-column flex-nowrap&#8221;][vc_row_inner rsclass=&#8221;clean&#8221; el_class=&#8221;row d-flex flex-column flex-sm-row flex-md-column mt-3&#8243;][vc_column_inner el_class=&#8221;col-auto col-sm col-md-auto&#8221; rsclass=&#8221;clean&#8221; rsinner=&#8221;contact-box contact-box-1&#8243;][vc_custom_heading text=&#8221;Working Time&#8221; font_container=&#8221;tag:h5|text_align:left&#8221; use_theme_fonts=&#8221;yes&#8221; rs_decor_place=&#8221;2&#8243; el_class=&#8221;contact-box-title&#8221;][\/vc_custom_heading][vc_column_text rsclass=&#8221;clean&#8221;]\n<ul class=\"icn-list\">\n<li><svg class=\"icon icon-clock\" version=\"1.1\" xmlns=\"http:\/\/www.w3.org\/2000\/svg\" width=\"32\" height=\"32\" viewBox=\"0 0 32 32\"><title>clock<\/title><path d=\"M20.655 15.582h-4.232v-4.232c0-0.701-0.569-1.27-1.27-1.27s-1.27 0.569-1.27 1.27v5.502c0 0.701 0.569 1.27 1.27 1.27h5.502c0.701 0 1.27-0.569 1.27-1.27s-0.569-1.27-1.27-1.27z\"><\/path><path d=\"M16 1.5c-7.995 0-14.5 6.505-14.5 14.5s6.505 14.5 14.5 14.5 14.5-6.505 14.5-14.5c0-7.995-6.505-14.5-14.5-14.5zM16 27.96c-6.595 0-11.96-5.365-11.96-11.96s5.365-11.96 11.96-11.96 11.96 5.365 11.96 11.96c0 6.595-5.365 11.96-11.96 11.96z\"><\/path><\/svg>Mon-Thu <b>08:00 &#8211; 20:00<\/b><br class=\"tt\" \/>Friday <b>07:00 &#8211; 22:00<\/b><br class=\"tt\" \/>Saturday <b>08:00 &#8211; 18:00<\/b><\/li>\n<\/ul>\n[\/vc_column_text][\/vc_column_inner][vc_column_inner el_class=&#8221;col-auto col-sm col-md-auto&#8221; rsclass=&#8221;clean&#8221; rsinner=&#8221;contact-box contact-box-2&#8243;][vc_custom_heading text=&#8221;Contact Info&#8221; font_container=&#8221;tag:h5|text_align:left&#8221; use_theme_fonts=&#8221;yes&#8221; rs_decor_place=&#8221;2&#8243; el_class=&#8221;contact-box-title&#8221;][\/vc_custom_heading][vc_column_text rsclass=&#8221;clean&#8221;]\n<ul class=\"icn-list\">\n<li class=\" p-l-0\">\n<div class=\"tt\"><svg class=\"icon icon-clock\" version=\"1.1\" xmlns=\"http:\/\/www.w3.org\/2000\/svg\" width=\"32\" height=\"32\" viewBox=\"0 0 32 32\"><title>clock<\/title><path d=\"M20.655 15.582h-4.232v-4.232c0-0.701-0.569-1.27-1.27-1.27s-1.27 0.569-1.27 1.27v5.502c0 0.701 0.569 1.27 1.27 1.27h5.502c0.701 0 1.27-0.569 1.27-1.27s-0.569-1.27-1.27-1.27z\"><\/path><path d=\"M16 1.5c-7.995 0-14.5 6.505-14.5 14.5s6.505 14.5 14.5 14.5 14.5-6.505 14.5-14.5c0-7.995-6.505-14.5-14.5-14.5zM16 27.96c-6.595 0-11.96-5.365-11.96-11.96s5.365-11.96 11.96-11.96 11.96 5.365 11.96 11.96c0 6.595-5.365 11.96-11.96 11.96z\"><\/path><\/svg><span class=\"tt\">Phone: <\/span><span class=\"tt\"><b>1-800-267-0000<\/b><br \/>\n<b class=\"p-l-86\">1-800-267-0001<\/b><\/span><\/div>\n<\/li>\n<li class=\" p-l-0\">\n<div class=\"tt\"><svg class=\"icon icon-black-envelope\" version=\"1.1\" xmlns=\"http:\/\/www.w3.org\/2000\/svg\" width=\"32\" height=\"32\" viewBox=\"0 0 32 32\"><title>black-envelope<\/title><path d=\"M2.531 6.124l11.526 9.13c0.523 0.414 1.243 0.597 1.942 0.563 0.698 0.034 1.419-0.148 1.941-0.563l11.526-9.13c0.924-0.727 0.715-1.323-0.457-1.323h-26.019c-1.173 0-1.382 0.596-0.461 1.323z\"><\/path><path d=\"M30.3 8.533l-12.596 9.563c-0.471 0.354-1.088 0.526-1.702 0.518-0.616 0.008-1.233-0.165-1.704-0.518l-12.598-9.563c-0.935-0.709-1.7-0.329-1.7 0.844v15.69c0 1.173 0.96 2.133 2.133 2.133h27.734c1.173 0 2.133-0.96 2.133-2.133v-15.69c0-1.173-0.765-1.553-1.7-0.844z\"><\/path><\/svg><a href=\"mailto:info@dentco.net\">info@dentco.net<\/a><\/div>\n<\/li>\n<\/ul>\n[\/vc_column_text][\/vc_column_inner][\/vc_row_inner][vc_row_inner rsclass=&#8221;clean&#8221;][vc_column_inner el_class=&#8221;question-box mt-3&#8243; rsclass=&#8221;clean&#8221;][vc_custom_heading text=&#8221;Ask the Experts&#8221; font_container=&#8221;tag:h5|text_align:left&#8221; use_theme_fonts=&#8221;yes&#8221; rs_decor_place=&#8221;2&#8243; el_class=&#8221;question-box-title&#8221;][\/vc_custom_heading]\n<div class=\"wpcf7 no-js\" id=\"wpcf7-f246-o1\" lang=\"en-US\" dir=\"ltr\" data-wpcf7-id=\"246\">\n<div class=\"screen-reader-response\"><p role=\"status\" aria-live=\"polite\" aria-atomic=\"true\"><\/p> <ul><\/ul><\/div>\n<form action=\"\/en\/wp-json\/wp\/v2\/pages\/3097#wpcf7-f246-o1\" method=\"post\" class=\"wpcf7-form init\" aria-label=\"Contact form\" novalidate=\"novalidate\" data-status=\"init\">\n<div style=\"display: none;\">\n<input type=\"hidden\" name=\"_wpcf7\" value=\"246\" \/>\n<input type=\"hidden\" name=\"_wpcf7_version\" value=\"6.0.4\" \/>\n<input type=\"hidden\" name=\"_wpcf7_locale\" value=\"en_US\" \/>\n<input type=\"hidden\" name=\"_wpcf7_unit_tag\" value=\"wpcf7-f246-o1\" \/>\n<input type=\"hidden\" name=\"_wpcf7_container_post\" value=\"0\" \/>\n<input type=\"hidden\" name=\"_wpcf7_posted_data_hash\" value=\"\" \/>\n<input type=\"hidden\" name=\"_wpcf7_recaptcha_response\" value=\"\" \/>\n<\/div>\n<div class=\"contact-form contact7__custom-form questionForm ws-form-icons7\" id=\"questionForm\">\n\t<div class=\"input-group\">\n\t\t<p><span class=\"wpcf7-form-control-wrap\" data-name=\"your-name\"><input size=\"40\" maxlength=\"400\" class=\"wpcf7-form-control wpcf7-text form-control\" aria-invalid=\"false\" placeholder=\"Your name\" value=\"\" type=\"text\" name=\"your-name\" \/><\/span>\n\t\t<\/p>\n\t<\/div>\n\t<div class=\"row row-xs-space7 mt-0 mt-md-1\">\n\t\t<div class=\"col-sm-6\">\n\t\t\t<div class=\"input-group\">\n\t\t\t\t<p><span class=\"wpcf7-form-control-wrap\" data-name=\"your-email\"><input size=\"40\" maxlength=\"400\" class=\"wpcf7-form-control wpcf7-email wpcf7-text wpcf7-validates-as-email form-control\" aria-invalid=\"false\" placeholder=\"Your e-mail\" value=\"\" type=\"email\" name=\"your-email\" \/><\/span>\n\t\t\t\t<\/p>\n\t\t\t<\/div>\n\t\t<\/div>\n\t\t<div class=\"col-sm-6\">\n\t\t\t<div class=\"input-group\">\n\t\t\t\t<p><span class=\"wpcf7-form-control-wrap\" data-name=\"your-phone\"><input size=\"40\" maxlength=\"400\" class=\"wpcf7-form-control wpcf7-text form-control\" aria-invalid=\"false\" placeholder=\"Phone\" value=\"\" type=\"text\" name=\"your-phone\" \/><\/span>\n\t\t\t\t<\/p>\n\t\t\t<\/div>\n\t\t<\/div>\n\t<\/div>\n\t<div class=\"mt-0 mt-md-1\">\n\t\t<p><span class=\"wpcf7-form-control-wrap\" data-name=\"your-message\"><textarea cols=\"40\" rows=\"10\" maxlength=\"2000\" class=\"wpcf7-form-control wpcf7-textarea wpcf7-validates-as-required form-control form-control-textarea\" aria-required=\"true\" aria-invalid=\"false\" placeholder=\"Question*\" name=\"your-message\"><\/textarea><\/span>\n\t\t<\/p>\n\t<\/div>\n\t<div class=\"form-ask_btn_c\">\n\t\t<div class=\"mt-2\">\n\t\t\t<p><input class=\"wpcf7-form-control wpcf7-submit has-spinner btn btn-fill\" type=\"submit\" value=\"Send question\" \/>\n\t\t\t<\/p>\n\t\t<\/div>\n\t<\/div>\n<\/div><div class=\"wpcf7-response-output\" aria-hidden=\"true\"><\/div>\n<\/form>\n<\/div>\n[\/vc_column_inner][\/vc_row_inner][\/vc_column][vc_column width=&#8221;3\/4&#8243; rsclass=&#8221;clean&#8221; el_class=&#8221;col-md-8 col-lg-9 mt-4 mt-md-0&#8243;][vc_row_inner rsclass=&#8221;clean&#8221; el_class=&#8221;pt-2 pt-md-4&#8243;][vc_column_inner rsclass=&#8221;clean&#8221;][vc_column_text rsclass=&#8221;clean&#8221;]\n<h4>Genetic tests for the comprehensive examination of female infertility<\/h4>\n<h6><img loading=\"lazy\" decoding=\"async\" class=\"alignright wp-image-2858\" src=\"http:\/\/genetikascentrs.lv\/wp-content\/uploads\/2020\/08\/9_12.jpg\" alt=\"\" width=\"450\" height=\"301\" srcset=\"https:\/\/genetikascentrs.lv\/wp-content\/uploads\/2020\/08\/9_12.jpg 590w, https:\/\/genetikascentrs.lv\/wp-content\/uploads\/2020\/08\/9_12-300x201.jpg 300w\" sizes=\"auto, (max-width: 450px) 100vw, 450px\" \/>Female Fertility Tests<\/h6>\n<p>Genetic centre iVF Riga offers a new service for patients \u2013 an opportunity to make <strong>a comprehensive check of women&#8217;s health<\/strong>, which will help to answer the question why the long-awaited pregnancy does not occur. Received results will help to avoid possible risks of losing pregnancy in the future and to develop the further treatment plan for a successful result.<\/p>\n<p><strong>Indications for a comprehensive examination for women with the following anamnesis:<\/strong><\/p>\n<ul>\n<li>Abortus habitualis (two or more missed ab.)<\/li>\n<li>Stopped pregnancy for unclear reasons in the second or third trimester<\/li>\n<li>Failed implantation (negative result after the previous cycle of IVF treatment)<\/li>\n<li>Early pregnancy loss (spontaneous abortion)<\/li>\n<li>Premature ovarian failure<\/li>\n<\/ul>\n<p>The comprehensive examination includes:<\/p>\n<ul>\n<li>Molecular testing for thrombophilia (F5, F2 and MTHFR gene variants)<\/li>\n<li>PAI determination (Plasminogen activator inhibitor) for in-depth examination of predisposition to congenital thrombophilia<\/li>\n<li>Testing for the Fragile X chromosome syndrome to clarify the etiology of premature ovarian failure<\/li>\n<li>Determination of the karyotype (number of chromosomes)<\/li>\n<\/ul>\n<p><strong>The results can be obtained after 4 weeks.<\/strong>[\/vc_column_text][\/vc_column_inner][\/vc_row_inner][vc_column_text]\n<h4>Genetic tests for the comprehensive examination of male infertility<\/h4>\n<h6><img loading=\"lazy\" decoding=\"async\" class=\"alignright wp-image-2865\" src=\"http:\/\/genetikascentrs.lv\/wp-content\/uploads\/2020\/08\/9_13.jpg\" alt=\"\" width=\"450\" height=\"301\" srcset=\"https:\/\/genetikascentrs.lv\/wp-content\/uploads\/2020\/08\/9_13.jpg 590w, https:\/\/genetikascentrs.lv\/wp-content\/uploads\/2020\/08\/9_13-300x200.jpg 300w\" sizes=\"auto, (max-width: 450px) 100vw, 450px\" \/>Male Fertility Tests<\/h6>\n<p>Genetic centre iVF Riga offers a new service for patients \u2013 an opportunity to make <strong>a comprehensive check of men&#8217;s health<\/strong>, which will help to answer the question why the long-awaited pregnancy does not occur in his female partner. Received results will help to develop the further examination and treatment plan to achieve a successful result.<\/p>\n<p><strong>Indications for a comprehensive examination for men:<\/strong><\/p>\n<p>If a man wants to know if he could become a father:<\/p>\n<ul>\n<li>In cases of azoospermia or oligozoospermia (absence or very low concentration of spermatozoa in the ejaculate)<\/li>\n<li>In his female partner does not occur pregnancy for a year or more of regular sexual life without the use of any contraceptive<\/li>\n<li>There are repeated pregnancy losses on the early term (two or more spontaneous abortions) in his female partner anamnesis<\/li>\n<li>Failed implantation in the female partner (negative result after the previous cycle of IVF treatment)<\/li>\n<\/ul>\n<p><strong>The comprehensive examination includes:<\/strong><\/p>\n<ul>\n<li>Molecular testing for determination of AZF region microdeletions of Y-chromosome<\/li>\n<li>Determination of the karyotype (number of chromosomes)<\/li>\n<li>Determination of the most common CFTR gene mutations that cause cystic fibrosis (mucoviscidosis)<\/li>\n<li>Determination of hereditary hemochromatosis &#8211; genetically caused disorder, which is characterized by excessive accumulation of iron in the body\u2019s tissues and organs, including testicular tissues. Excessive iron accumulation can cause a gradual cessation of spermatogenesis.<\/li>\n<\/ul>\n<p><strong>The results can be obtained after 4 weeks.<\/strong>[\/vc_column_text][vc_empty_space][vc_column_text]Sign up: +371 67111117 or\u00a0<a href=\"mailto:genetikascentrs@ivfriga.eu\" target=\"_blank\" rel=\"noopener noreferrer\">genetikascentrs@ivfriga.eu<\/a>[\/vc_column_text][\/vc_column][\/vc_row][vc_row][vc_column][\/vc_column][\/vc_row][vc_row][vc_column][\/vc_column][\/vc_row][vc_row][vc_column][\/vc_column][\/vc_row]\n","protected":false},"excerpt":{"rendered":"<p>[vc_row rsclass=&#8221;clean&#8221; el_class=&#8221;row&#8221;][vc_column width=&#8221;1\/4&#8243; rsclass=&#8221;clean&#8221; el_class=&#8221;col-md&#8221;][vc_wp_custommenu nav_menu=&#8221;68&#8243; el_class=&#8221;services-nav flex-column flex-nowrap&#8221;][vc_row_inner rsclass=&#8221;clean&#8221; el_class=&#8221;row d-flex flex-column flex-sm-row flex-md-column mt-3&#8243;][vc_column_inner el_class=&#8221;col-auto col-sm col-md-auto&#8221; rsclass=&#8221;clean&#8221; rsinner=&#8221;contact-box contact-box-1&#8243;][vc_custom_heading text=&#8221;Working Time&#8221; font_container=&#8221;tag:h5|text_align:left&#8221; use_theme_fonts=&#8221;yes&#8221; rs_decor_place=&#8221;2&#8243; el_class=&#8221;contact-box-title&#8221;][\/vc_custom_heading][vc_column_text rsclass=&#8221;clean&#8221;] Mon-Thu 08:00 &#8211; 20:00Friday 07:00 &#8211; 22:00Saturday 08:00 &#8211; 18:00 [\/vc_column_text][\/vc_column_inner][vc_column_inner el_class=&#8221;col-auto col-sm col-md-auto&#8221; rsclass=&#8221;clean&#8221; rsinner=&#8221;contact-box contact-box-2&#8243;][vc_custom_heading text=&#8221;Contact Info&#8221; font_container=&#8221;tag:h5|text_align:left&#8221; use_theme_fonts=&#8221;yes&#8221; rs_decor_place=&#8221;2&#8243; el_class=&#8221;contact-box-title&#8221;][\/vc_custom_heading][vc_column_text rsclass=&#8221;clean&#8221;] Phone: <\/p>\n<div class=\"btn-more-wrapper\"><a href=\"https:\/\/genetikascentrs.lv\/en\/services\/genetic-analyses\/genetic-tests-for-the-comprehensive-examination-of-male-female-infertility\/\" class=\"btn btn-sm btn-hover-fill\"><svg class=\"icon icon-right-arrow\" version=\"1.1\" xmlns=\"http:\/\/www.w3.org\/2000\/svg\" width=\"32\" height=\"32\" viewBox=\"0 0 32 32\"><title>right-arrow<\/title><path d=\"M21.548 5.088c-0.436-0.451-1.162-0.451-1.613 0-0.436 0.436-0.436 1.162 0 1.596l8.177 8.177h-26.984c-0.629 0.001-1.129 0.501-1.129 1.13s0.5 1.145 1.129 1.145h26.984l-8.177 8.162c-0.436 0.451-0.436 1.178 0 1.613 0.451 0.451 1.178 0.451 1.613 0l10.113-10.113c0.451-0.436 0.451-1.162 0-1.596l-10.113-10.114z\"><\/path><\/svg>Read More<span class=\"screen-reader-text\"> &#8220;Genetic tests for the comprehensive examination of male\/female infertility&#8221;<\/span><svg class=\"icon icon-right-arrow\" version=\"1.1\" xmlns=\"http:\/\/www.w3.org\/2000\/svg\" width=\"32\" height=\"32\" viewBox=\"0 0 32 32\"><title>right-arrow<\/title><path d=\"M21.548 5.088c-0.436-0.451-1.162-0.451-1.613 0-0.436 0.436-0.436 1.162 0 1.596l8.177 8.177h-26.984c-0.629 0.001-1.129 0.501-1.129 1.13s0.5 1.145 1.129 1.145h26.984l-8.177 8.162c-0.436 0.451-0.436 1.178 0 1.613 0.451 0.451 1.178 0.451 1.613 0l10.113-10.113c0.451-0.436 0.451-1.162 0-1.596l-10.113-10.114z\"><\/path><\/svg><\/a><\/div>\n","protected":false},"author":1,"featured_media":0,"parent":2967,"menu_order":0,"comment_status":"closed","ping_status":"closed","template":"","meta":{"footnotes":""},"class_list":["post-3097","page","type-page","status-publish","hentry"],"yoast_head":"<!-- This site is optimized with the Yoast SEO plugin v24.5 - https:\/\/yoast.com\/wordpress\/plugins\/seo\/ -->\n<title>Genetic tests for the examination of infertility - iVF Riga \u0123en\u0113tikas centrs<\/title>\n<meta name=\"description\" content=\"Genetic tests for the comprehensive examination of male\/female infertility. iVF Riga Genetic Center. Accurate and detailed diagnosis.\" \/>\n<meta name=\"robots\" content=\"index, follow, max-snippet:-1, max-image-preview:large, max-video-preview:-1\" \/>\n<link rel=\"canonical\" href=\"https:\/\/genetikascentrs.lv\/en\/services\/genetic-analyses\/genetic-tests-for-the-comprehensive-examination-of-male-female-infertility\/\" \/>\n<meta property=\"og:locale\" content=\"en_US\" \/>\n<meta property=\"og:type\" content=\"article\" \/>\n<meta property=\"og:title\" content=\"Genetic tests for the examination of infertility - iVF Riga \u0123en\u0113tikas centrs\" \/>\n<meta property=\"og:description\" content=\"Genetic tests for the comprehensive examination of male\/female infertility. iVF Riga Genetic Center. Accurate and detailed diagnosis.\" \/>\n<meta property=\"og:url\" content=\"https:\/\/genetikascentrs.lv\/en\/services\/genetic-analyses\/genetic-tests-for-the-comprehensive-examination-of-male-female-infertility\/\" \/>\n<meta property=\"og:site_name\" content=\"iVF Riga \u0123en\u0113tikas centrs\" \/>\n<meta property=\"article:modified_time\" content=\"2024-08-23T12:39:38+00:00\" \/>\n<meta property=\"og:image\" content=\"http:\/\/genetikascentrs.lv\/wp-content\/uploads\/2020\/08\/9_12.jpg\" \/>\n<meta name=\"twitter:card\" content=\"summary_large_image\" \/>\n<meta name=\"twitter:label1\" content=\"Est. reading time\" \/>\n\t<meta name=\"twitter:data1\" content=\"3 minutes\" \/>\n<script type=\"application\/ld+json\" class=\"yoast-schema-graph\">{\"@context\":\"https:\/\/schema.org\",\"@graph\":[{\"@type\":\"WebPage\",\"@id\":\"https:\/\/genetikascentrs.lv\/en\/services\/genetic-analyses\/genetic-tests-for-the-comprehensive-examination-of-male-female-infertility\/\",\"url\":\"https:\/\/genetikascentrs.lv\/en\/services\/genetic-analyses\/genetic-tests-for-the-comprehensive-examination-of-male-female-infertility\/\",\"name\":\"Genetic tests for the examination of infertility - iVF Riga \u0123en\u0113tikas centrs\",\"isPartOf\":{\"@id\":\"https:\/\/genetikascentrs.lv\/en\/#website\"},\"primaryImageOfPage\":{\"@id\":\"https:\/\/genetikascentrs.lv\/en\/services\/genetic-analyses\/genetic-tests-for-the-comprehensive-examination-of-male-female-infertility\/#primaryimage\"},\"image\":{\"@id\":\"https:\/\/genetikascentrs.lv\/en\/services\/genetic-analyses\/genetic-tests-for-the-comprehensive-examination-of-male-female-infertility\/#primaryimage\"},\"thumbnailUrl\":\"http:\/\/genetikascentrs.lv\/wp-content\/uploads\/2020\/08\/9_12.jpg\",\"datePublished\":\"2020-07-16T17:59:54+00:00\",\"dateModified\":\"2024-08-23T12:39:38+00:00\",\"description\":\"Genetic tests for the comprehensive examination of male\/female infertility. iVF Riga Genetic Center. Accurate and detailed diagnosis.\",\"breadcrumb\":{\"@id\":\"https:\/\/genetikascentrs.lv\/en\/services\/genetic-analyses\/genetic-tests-for-the-comprehensive-examination-of-male-female-infertility\/#breadcrumb\"},\"inLanguage\":\"en-US\",\"potentialAction\":[{\"@type\":\"ReadAction\",\"target\":[\"https:\/\/genetikascentrs.lv\/en\/services\/genetic-analyses\/genetic-tests-for-the-comprehensive-examination-of-male-female-infertility\/\"]}]},{\"@type\":\"ImageObject\",\"inLanguage\":\"en-US\",\"@id\":\"https:\/\/genetikascentrs.lv\/en\/services\/genetic-analyses\/genetic-tests-for-the-comprehensive-examination-of-male-female-infertility\/#primaryimage\",\"url\":\"http:\/\/genetikascentrs.lv\/wp-content\/uploads\/2020\/08\/9_12.jpg\",\"contentUrl\":\"http:\/\/genetikascentrs.lv\/wp-content\/uploads\/2020\/08\/9_12.jpg\"},{\"@type\":\"BreadcrumbList\",\"@id\":\"https:\/\/genetikascentrs.lv\/en\/services\/genetic-analyses\/genetic-tests-for-the-comprehensive-examination-of-male-female-infertility\/#breadcrumb\",\"itemListElement\":[{\"@type\":\"ListItem\",\"position\":1,\"name\":\"Home\",\"item\":\"https:\/\/genetikascentrs.lv\/en\/\"},{\"@type\":\"ListItem\",\"position\":2,\"name\":\"Services\",\"item\":\"https:\/\/genetikascentrs.lv\/en\/services\/\"},{\"@type\":\"ListItem\",\"position\":3,\"name\":\"Genetic analyses\",\"item\":\"https:\/\/genetikascentrs.lv\/en\/services\/genetic-analyses\/\"},{\"@type\":\"ListItem\",\"position\":4,\"name\":\"Genetic tests for the comprehensive examination of male\/female infertility\"}]},{\"@type\":\"WebSite\",\"@id\":\"https:\/\/genetikascentrs.lv\/en\/#website\",\"url\":\"https:\/\/genetikascentrs.lv\/en\/\",\"name\":\"iVF Riga \u0123en\u0113tikas centrs\",\"description\":\"\u0122en\u0113tikas centrs\",\"publisher\":{\"@id\":\"https:\/\/genetikascentrs.lv\/en\/#organization\"},\"potentialAction\":[{\"@type\":\"SearchAction\",\"target\":{\"@type\":\"EntryPoint\",\"urlTemplate\":\"https:\/\/genetikascentrs.lv\/en\/?s={search_term_string}\"},\"query-input\":{\"@type\":\"PropertyValueSpecification\",\"valueRequired\":true,\"valueName\":\"search_term_string\"}}],\"inLanguage\":\"en-US\"},{\"@type\":\"Organization\",\"@id\":\"https:\/\/genetikascentrs.lv\/en\/#organization\",\"name\":\"iVF Riga \u0123en\u0113tikas centrs\",\"url\":\"https:\/\/genetikascentrs.lv\/en\/\",\"logo\":{\"@type\":\"ImageObject\",\"inLanguage\":\"en-US\",\"@id\":\"https:\/\/genetikascentrs.lv\/en\/#\/schema\/logo\/image\/\",\"url\":\"https:\/\/genetikascentrs.lv\/wp-content\/uploads\/2021\/02\/cropped-iVF-Genetikas-logo.png\",\"contentUrl\":\"https:\/\/genetikascentrs.lv\/wp-content\/uploads\/2021\/02\/cropped-iVF-Genetikas-logo.png\",\"width\":861,\"height\":250,\"caption\":\"iVF Riga \u0123en\u0113tikas centrs\"},\"image\":{\"@id\":\"https:\/\/genetikascentrs.lv\/en\/#\/schema\/logo\/image\/\"}}]}<\/script>\n<!-- \/ Yoast SEO plugin. -->","yoast_head_json":{"title":"Genetic tests for the examination of infertility - iVF Riga \u0123en\u0113tikas centrs","description":"Genetic tests for the comprehensive examination of male\/female infertility. iVF Riga Genetic Center. Accurate and detailed diagnosis.","robots":{"index":"index","follow":"follow","max-snippet":"max-snippet:-1","max-image-preview":"max-image-preview:large","max-video-preview":"max-video-preview:-1"},"canonical":"https:\/\/genetikascentrs.lv\/en\/services\/genetic-analyses\/genetic-tests-for-the-comprehensive-examination-of-male-female-infertility\/","og_locale":"en_US","og_type":"article","og_title":"Genetic tests for the examination of infertility - iVF Riga \u0123en\u0113tikas centrs","og_description":"Genetic tests for the comprehensive examination of male\/female infertility. iVF Riga Genetic Center. Accurate and detailed diagnosis.","og_url":"https:\/\/genetikascentrs.lv\/en\/services\/genetic-analyses\/genetic-tests-for-the-comprehensive-examination-of-male-female-infertility\/","og_site_name":"iVF Riga \u0123en\u0113tikas centrs","article_modified_time":"2024-08-23T12:39:38+00:00","og_image":[{"url":"http:\/\/genetikascentrs.lv\/wp-content\/uploads\/2020\/08\/9_12.jpg","type":"","width":"","height":""}],"twitter_card":"summary_large_image","twitter_misc":{"Est. reading time":"3 minutes"},"schema":{"@context":"https:\/\/schema.org","@graph":[{"@type":"WebPage","@id":"https:\/\/genetikascentrs.lv\/en\/services\/genetic-analyses\/genetic-tests-for-the-comprehensive-examination-of-male-female-infertility\/","url":"https:\/\/genetikascentrs.lv\/en\/services\/genetic-analyses\/genetic-tests-for-the-comprehensive-examination-of-male-female-infertility\/","name":"Genetic tests for the examination of infertility - iVF Riga \u0123en\u0113tikas centrs","isPartOf":{"@id":"https:\/\/genetikascentrs.lv\/en\/#website"},"primaryImageOfPage":{"@id":"https:\/\/genetikascentrs.lv\/en\/services\/genetic-analyses\/genetic-tests-for-the-comprehensive-examination-of-male-female-infertility\/#primaryimage"},"image":{"@id":"https:\/\/genetikascentrs.lv\/en\/services\/genetic-analyses\/genetic-tests-for-the-comprehensive-examination-of-male-female-infertility\/#primaryimage"},"thumbnailUrl":"http:\/\/genetikascentrs.lv\/wp-content\/uploads\/2020\/08\/9_12.jpg","datePublished":"2020-07-16T17:59:54+00:00","dateModified":"2024-08-23T12:39:38+00:00","description":"Genetic tests for the comprehensive examination of male\/female infertility. iVF Riga Genetic Center. Accurate and detailed diagnosis.","breadcrumb":{"@id":"https:\/\/genetikascentrs.lv\/en\/services\/genetic-analyses\/genetic-tests-for-the-comprehensive-examination-of-male-female-infertility\/#breadcrumb"},"inLanguage":"en-US","potentialAction":[{"@type":"ReadAction","target":["https:\/\/genetikascentrs.lv\/en\/services\/genetic-analyses\/genetic-tests-for-the-comprehensive-examination-of-male-female-infertility\/"]}]},{"@type":"ImageObject","inLanguage":"en-US","@id":"https:\/\/genetikascentrs.lv\/en\/services\/genetic-analyses\/genetic-tests-for-the-comprehensive-examination-of-male-female-infertility\/#primaryimage","url":"http:\/\/genetikascentrs.lv\/wp-content\/uploads\/2020\/08\/9_12.jpg","contentUrl":"http:\/\/genetikascentrs.lv\/wp-content\/uploads\/2020\/08\/9_12.jpg"},{"@type":"BreadcrumbList","@id":"https:\/\/genetikascentrs.lv\/en\/services\/genetic-analyses\/genetic-tests-for-the-comprehensive-examination-of-male-female-infertility\/#breadcrumb","itemListElement":[{"@type":"ListItem","position":1,"name":"Home","item":"https:\/\/genetikascentrs.lv\/en\/"},{"@type":"ListItem","position":2,"name":"Services","item":"https:\/\/genetikascentrs.lv\/en\/services\/"},{"@type":"ListItem","position":3,"name":"Genetic analyses","item":"https:\/\/genetikascentrs.lv\/en\/services\/genetic-analyses\/"},{"@type":"ListItem","position":4,"name":"Genetic tests for the comprehensive examination of male\/female infertility"}]},{"@type":"WebSite","@id":"https:\/\/genetikascentrs.lv\/en\/#website","url":"https:\/\/genetikascentrs.lv\/en\/","name":"iVF Riga \u0123en\u0113tikas centrs","description":"\u0122en\u0113tikas centrs","publisher":{"@id":"https:\/\/genetikascentrs.lv\/en\/#organization"},"potentialAction":[{"@type":"SearchAction","target":{"@type":"EntryPoint","urlTemplate":"https:\/\/genetikascentrs.lv\/en\/?s={search_term_string}"},"query-input":{"@type":"PropertyValueSpecification","valueRequired":true,"valueName":"search_term_string"}}],"inLanguage":"en-US"},{"@type":"Organization","@id":"https:\/\/genetikascentrs.lv\/en\/#organization","name":"iVF Riga \u0123en\u0113tikas centrs","url":"https:\/\/genetikascentrs.lv\/en\/","logo":{"@type":"ImageObject","inLanguage":"en-US","@id":"https:\/\/genetikascentrs.lv\/en\/#\/schema\/logo\/image\/","url":"https:\/\/genetikascentrs.lv\/wp-content\/uploads\/2021\/02\/cropped-iVF-Genetikas-logo.png","contentUrl":"https:\/\/genetikascentrs.lv\/wp-content\/uploads\/2021\/02\/cropped-iVF-Genetikas-logo.png","width":861,"height":250,"caption":"iVF Riga \u0123en\u0113tikas centrs"},"image":{"@id":"https:\/\/genetikascentrs.lv\/en\/#\/schema\/logo\/image\/"}}]}},"_links":{"self":[{"href":"https:\/\/genetikascentrs.lv\/en\/wp-json\/wp\/v2\/pages\/3097","targetHints":{"allow":["GET"]}}],"collection":[{"href":"https:\/\/genetikascentrs.lv\/en\/wp-json\/wp\/v2\/pages"}],"about":[{"href":"https:\/\/genetikascentrs.lv\/en\/wp-json\/wp\/v2\/types\/page"}],"author":[{"embeddable":true,"href":"https:\/\/genetikascentrs.lv\/en\/wp-json\/wp\/v2\/users\/1"}],"replies":[{"embeddable":true,"href":"https:\/\/genetikascentrs.lv\/en\/wp-json\/wp\/v2\/comments?post=3097"}],"version-history":[{"count":7,"href":"https:\/\/genetikascentrs.lv\/en\/wp-json\/wp\/v2\/pages\/3097\/revisions"}],"predecessor-version":[{"id":5812,"href":"https:\/\/genetikascentrs.lv\/en\/wp-json\/wp\/v2\/pages\/3097\/revisions\/5812"}],"up":[{"embeddable":true,"href":"https:\/\/genetikascentrs.lv\/en\/wp-json\/wp\/v2\/pages\/2967"}],"wp:attachment":[{"href":"https:\/\/genetikascentrs.lv\/en\/wp-json\/wp\/v2\/media?parent=3097"}],"curies":[{"name":"wp","href":"https:\/\/api.w.org\/{rel}","templated":true}]}}