{"id":2983,"date":"2020-07-07T15:01:27","date_gmt":"2020-07-07T15:01:27","guid":{"rendered":"http:\/\/genetikascentrs.lv\/pakalpojumi\/"},"modified":"2024-08-23T13:46:25","modified_gmt":"2024-08-23T13:46:25","slug":"services","status":"publish","type":"page","link":"https:\/\/genetikascentrs.lv\/en\/services\/","title":{"rendered":"Services"},"content":{"rendered":"[vc_row rsclass=&#8221;clean&#8221; el_class=&#8221;row col-equalH&#8221;][vc_column width=&#8221;1\/3&#8243; rsclass=&#8221;clean&#8221; el_class=&#8221;col-md-6 col-lg-4&#8243; rsinner=&#8221;service-card&#8221;][vc_single_image image=&#8221;4156&#8243; img_size=&#8221;full&#8221; rsclass=&#8221;clean&#8221; el_class=&#8221;service-card-photo&#8221; rs_image_class=&#8221;img-fluid&#8221;][\/vc_single_image][vc_custom_heading text=&#8221;Genetic analyses&#8221; font_container=&#8221;tag:h5|text_align:left&#8221; use_theme_fonts=&#8221;yes&#8221; rs_decor_place=&#8221;2&#8243; el_class=&#8221;service-card-name&#8221; link=&#8221;url:http%3A%2F%2Fgenetikascentrs.lv%2Fen%2Fservices%2Fgenetic-analyses%2F|title:Cosmetic%20Dentistry||&#8221;]\n<div class=\"h-decor\"><\/div>\n[\/vc_custom_heading][\/vc_column][vc_column width=&#8221;1\/3&#8243; rsclass=&#8221;clean&#8221; rsinner=&#8221;service-card&#8221; el_class=&#8221;col-md-6 col-lg-4&#8243;][vc_single_image image=&#8221;4197&#8243; img_size=&#8221;full&#8221; rsclass=&#8221;clean&#8221; el_class=&#8221;service-card-photo&#8221; rs_image_class=&#8221;img-fluid&#8221;][\/vc_single_image][vc_custom_heading text=&#8221;PGS\/PGD (PGT-A\/PGT-M)&#8221; font_container=&#8221;tag:h5|text_align:left&#8221; use_theme_fonts=&#8221;yes&#8221; rs_decor_place=&#8221;2&#8243; el_class=&#8221;service-card-name&#8221; link=&#8221;url:http%3A%2F%2Fgenetikascentrs.lv%2Fen%2Fservices%2Fpgs-pgd-pgt-a-pgt-m%2F|title:Cosmetic%20Dentistry||&#8221;]\n<div class=\"h-decor\"><\/div>\n[\/vc_custom_heading][\/vc_column][vc_column width=&#8221;1\/3&#8243; rsclass=&#8221;clean&#8221; rsinner=&#8221;service-card&#8221; el_class=&#8221;col-md-6 col-lg-4&#8243;][vc_single_image image=&#8221;4168&#8243; img_size=&#8221;full&#8221; rsclass=&#8221;clean&#8221; el_class=&#8221;service-card-photo&#8221; rs_image_class=&#8221;img-fluid&#8221;][\/vc_single_image][vc_custom_heading text=&#8221;Help for oncological patients&#8221; font_container=&#8221;tag:h5|text_align:left&#8221; use_theme_fonts=&#8221;yes&#8221; rs_decor_place=&#8221;2&#8243; el_class=&#8221;service-card-name&#8221; link=&#8221;url:http%3A%2F%2Fgenetikascentrs.lv%2Fen%2Fservices%2Fhelp-for-oncological-patients%2F|title:Cosmetic%20Dentistry||&#8221;]\n<div class=\"h-decor\"><\/div>\n[\/vc_custom_heading][\/vc_column][vc_column width=&#8221;1\/3&#8243; rsclass=&#8221;clean&#8221; rsinner=&#8221;service-card&#8221; el_class=&#8221;col-md-6 col-lg-4&#8243;][vc_single_image image=&#8221;4191&#8243; img_size=&#8221;full&#8221; rsclass=&#8221;clean&#8221; el_class=&#8221;service-card-photo&#8221; rs_image_class=&#8221;img-fluid&#8221;][\/vc_single_image][vc_custom_heading text=&#8221;Genetic consultations&#8221; font_container=&#8221;tag:h5|text_align:left&#8221; use_theme_fonts=&#8221;yes&#8221; rs_decor_place=&#8221;2&#8243; el_class=&#8221;service-card-name&#8221; link=&#8221;url:http%3A%2F%2Fgenetikascentrs.lv%2Fen%2Fservices%2Fgenetic-consultations%2F|title:Cosmetic%20Dentistry||&#8221;]\n<div class=\"h-decor\"><\/div>\n[\/vc_custom_heading][\/vc_column][vc_column width=&#8221;1\/3&#8243; rsclass=&#8221;clean&#8221; rsinner=&#8221;service-card&#8221; el_class=&#8221;col-md-6 col-lg-4&#8243;][vc_single_image image=&#8221;4194&#8243; img_size=&#8221;full&#8221; rsclass=&#8221;clean&#8221; el_class=&#8221;service-card-photo&#8221; rs_image_class=&#8221;img-fluid&#8221;][\/vc_single_image][vc_custom_heading text=&#8221;DNA Tests for lifestyle Viva Genomics&#8221; font_container=&#8221;tag:h5|text_align:left&#8221; use_theme_fonts=&#8221;yes&#8221; rs_decor_place=&#8221;2&#8243; el_class=&#8221;service-card-name&#8221; link=&#8221;url:%2Fen%2Fservices%2Fgenetic-analyses%2Fdna-tests-for-lifestyle-viva-genomics%2F|title:Cosmetic%20Dentistry||&#8221;]\n<div class=\"h-decor\"><\/div>\n[\/vc_custom_heading][\/vc_column][vc_column width=&#8221;1\/3&#8243; rsclass=&#8221;clean&#8221; rsinner=&#8221;service-card&#8221; el_class=&#8221;col-md-6 col-lg-4&#8243;][vc_single_image image=&#8221;4162&#8243; img_size=&#8221;full&#8221; rsclass=&#8221;clean&#8221; el_class=&#8221;service-card-photo&#8221; rs_image_class=&#8221;img-fluid&#8221;][\/vc_single_image][vc_custom_heading text=&#8221;Genetic testing of hereditary cancer&#8221; font_container=&#8221;tag:h5|text_align:left&#8221; use_theme_fonts=&#8221;yes&#8221; rs_decor_place=&#8221;2&#8243; el_class=&#8221;service-card-name&#8221; link=&#8221;url:%2Fen%2Fservices%2Fgenetic-testing-of-hereditary-cancer%2F|title:Cosmetic%20Dentistry||&#8221;]\n<div class=\"h-decor\"><\/div>\n[\/vc_custom_heading][\/vc_column][vc_column width=&#8221;1\/3&#8243; rsclass=&#8221;clean&#8221; el_class=&#8221;col-md-6 col-lg-4&#8243; rsinner=&#8221;service-card&#8221;][vc_single_image image=&#8221;4162&#8243; img_size=&#8221;full&#8221; rsclass=&#8221;clean&#8221; el_class=&#8221;service-card-photo&#8221; rs_image_class=&#8221;img-fluid&#8221;][\/vc_single_image][vc_custom_heading text=&#8221;Superior Onko&#8221; font_container=&#8221;tag:h5|text_align:left&#8221; use_theme_fonts=&#8221;yes&#8221; rs_decor_place=&#8221;2&#8243; el_class=&#8221;service-card-name&#8221; link=&#8221;url:http%3A%2F%2Fgenetikascentrs.lv%2Fen%2Fservices%2Fsuperior-onko%2F|title:Cosmetic%20Dentistry||&#8221;]\n<div class=\"h-decor\"><\/div>\n[\/vc_custom_heading][\/vc_column][vc_column width=&#8221;1\/3&#8243; rsclass=&#8221;clean&#8221; rsinner=&#8221;service-card&#8221; el_class=&#8221;col-md-6 col-lg-4&#8243;][vc_single_image image=&#8221;4156&#8243; img_size=&#8221;full&#8221; rsclass=&#8221;clean&#8221; el_class=&#8221;service-card-photo&#8221; rs_image_class=&#8221;img-fluid&#8221;][\/vc_single_image][vc_custom_heading text=&#8221;Exome Sequencing&#8221; font_container=&#8221;tag:h5|text_align:left&#8221; use_theme_fonts=&#8221;yes&#8221; rs_decor_place=&#8221;2&#8243; el_class=&#8221;service-card-name&#8221; link=&#8221;url:http%3A%2F%2Fgenetikascentrs.lv%2Fen%2Fservices%2Feksoma-sekvencesana%2F|title:Cosmetic%20Dentistry||&#8221;]\n<div class=\"h-decor\"><\/div>\n[\/vc_custom_heading][\/vc_column][vc_column width=&#8221;1\/3&#8243; el_class=&#8221;col-md-6 col-lg-4&#8243; rsclass=&#8221;clean&#8221; rsinner=&#8221;service-card&#8221;][vc_single_image image=&#8221;4156&#8243; img_size=&#8221;full&#8221; rsclass=&#8221;clean&#8221; el_class=&#8221;service-card-photo&#8221; rs_image_class=&#8221;img-fluid&#8221;][\/vc_single_image][vc_custom_heading text=&#8221; Determination of BRCA1 and BRCA2 hereditary mutations&#8221; font_container=&#8221;tag:h5|text_align:left&#8221; use_theme_fonts=&#8221;yes&#8221; rs_decor_place=&#8221;2&#8243; el_class=&#8221;service-card-name&#8221; link=&#8221;url:http%3A%2F%2Fgenetikascentrs.lv%2Fen%2Fservices%2Fgenetic-testing-of-hereditary-cancer%2F|title:Cosmetic%20Dentistry||&#8221;]\n<div class=\"h-decor\"><\/div>\n[\/vc_custom_heading][\/vc_column][\/vc_row]\n","protected":false},"excerpt":{"rendered":"<p>[vc_row rsclass=&#8221;clean&#8221; el_class=&#8221;row col-equalH&#8221;][vc_column width=&#8221;1\/3&#8243; rsclass=&#8221;clean&#8221; el_class=&#8221;col-md-6 col-lg-4&#8243; rsinner=&#8221;service-card&#8221;][vc_single_image image=&#8221;4156&#8243; img_size=&#8221;full&#8221; rsclass=&#8221;clean&#8221; el_class=&#8221;service-card-photo&#8221; rs_image_class=&#8221;img-fluid&#8221;][\/vc_single_image][vc_custom_heading text=&#8221;Genetic analyses&#8221; font_container=&#8221;tag:h5|text_align:left&#8221; use_theme_fonts=&#8221;yes&#8221; rs_decor_place=&#8221;2&#8243; el_class=&#8221;service-card-name&#8221; link=&#8221;url:http%3A%2F%2Fgenetikascentrs.lv%2Fen%2Fservices%2Fgenetic-analyses%2F|title:Cosmetic%20Dentistry||&#8221;] [\/vc_custom_heading][\/vc_column][vc_column width=&#8221;1\/3&#8243; rsclass=&#8221;clean&#8221; rsinner=&#8221;service-card&#8221; el_class=&#8221;col-md-6 col-lg-4&#8243;][vc_single_image image=&#8221;4197&#8243; img_size=&#8221;full&#8221; rsclass=&#8221;clean&#8221; el_class=&#8221;service-card-photo&#8221; rs_image_class=&#8221;img-fluid&#8221;][\/vc_single_image][vc_custom_heading text=&#8221;PGS\/PGD (PGT-A\/PGT-M)&#8221; font_container=&#8221;tag:h5|text_align:left&#8221; use_theme_fonts=&#8221;yes&#8221; rs_decor_place=&#8221;2&#8243; el_class=&#8221;service-card-name&#8221; link=&#8221;url:http%3A%2F%2Fgenetikascentrs.lv%2Fen%2Fservices%2Fpgs-pgd-pgt-a-pgt-m%2F|title:Cosmetic%20Dentistry||&#8221;] [\/vc_custom_heading][\/vc_column][vc_column width=&#8221;1\/3&#8243; rsclass=&#8221;clean&#8221; rsinner=&#8221;service-card&#8221; el_class=&#8221;col-md-6 col-lg-4&#8243;][vc_single_image image=&#8221;4168&#8243; img_size=&#8221;full&#8221; rsclass=&#8221;clean&#8221; el_class=&#8221;service-card-photo&#8221; rs_image_class=&#8221;img-fluid&#8221;][\/vc_single_image][vc_custom_heading text=&#8221;Help for oncological patients&#8221; font_container=&#8221;tag:h5|text_align:left&#8221; <\/p>\n<div class=\"btn-more-wrapper\"><a href=\"https:\/\/genetikascentrs.lv\/en\/services\/\" class=\"btn btn-sm btn-hover-fill\"><svg class=\"icon icon-right-arrow\" version=\"1.1\" xmlns=\"http:\/\/www.w3.org\/2000\/svg\" width=\"32\" height=\"32\" viewBox=\"0 0 32 32\"><title>right-arrow<\/title><path d=\"M21.548 5.088c-0.436-0.451-1.162-0.451-1.613 0-0.436 0.436-0.436 1.162 0 1.596l8.177 8.177h-26.984c-0.629 0.001-1.129 0.501-1.129 1.13s0.5 1.145 1.129 1.145h26.984l-8.177 8.162c-0.436 0.451-0.436 1.178 0 1.613 0.451 0.451 1.178 0.451 1.613 0l10.113-10.113c0.451-0.436 0.451-1.162 0-1.596l-10.113-10.114z\"><\/path><\/svg>Read More<span class=\"screen-reader-text\"> &#8220;Services&#8221;<\/span><svg class=\"icon icon-right-arrow\" version=\"1.1\" xmlns=\"http:\/\/www.w3.org\/2000\/svg\" width=\"32\" height=\"32\" viewBox=\"0 0 32 32\"><title>right-arrow<\/title><path d=\"M21.548 5.088c-0.436-0.451-1.162-0.451-1.613 0-0.436 0.436-0.436 1.162 0 1.596l8.177 8.177h-26.984c-0.629 0.001-1.129 0.501-1.129 1.13s0.5 1.145 1.129 1.145h26.984l-8.177 8.162c-0.436 0.451-0.436 1.178 0 1.613 0.451 0.451 1.178 0.451 1.613 0l10.113-10.113c0.451-0.436 0.451-1.162 0-1.596l-10.113-10.114z\"><\/path><\/svg><\/a><\/div>\n","protected":false},"author":1,"featured_media":0,"parent":0,"menu_order":1,"comment_status":"closed","ping_status":"closed","template":"custompagett.php","meta":{"footnotes":""},"class_list":["post-2983","page","type-page","status-publish","hentry"],"yoast_head":"<!-- This site is optimized with the Yoast SEO plugin v24.5 - https:\/\/yoast.com\/wordpress\/plugins\/seo\/ -->\n<title>Services iVF Riga Genetic Center - iVF Riga \u0123en\u0113tikas centrs<\/title>\n<meta name=\"description\" content=\"Services iVF Riga Genetic Center. Accurate and detailed diagnosis is the key to successful treatment, whatever the diagnosis.\" \/>\n<meta name=\"robots\" content=\"index, follow, max-snippet:-1, max-image-preview:large, max-video-preview:-1\" \/>\n<link rel=\"canonical\" href=\"https:\/\/genetikascentrs.lv\/en\/services\/\" \/>\n<meta property=\"og:locale\" content=\"en_US\" \/>\n<meta property=\"og:type\" content=\"article\" \/>\n<meta property=\"og:title\" content=\"Services iVF Riga Genetic Center - iVF Riga \u0123en\u0113tikas centrs\" \/>\n<meta property=\"og:description\" content=\"Services iVF Riga Genetic Center. Accurate and detailed diagnosis is the key to successful treatment, whatever the diagnosis.\" \/>\n<meta property=\"og:url\" content=\"https:\/\/genetikascentrs.lv\/en\/services\/\" \/>\n<meta property=\"og:site_name\" content=\"iVF Riga \u0123en\u0113tikas centrs\" \/>\n<meta property=\"article:modified_time\" content=\"2024-08-23T13:46:25+00:00\" \/>\n<meta name=\"twitter:card\" content=\"summary_large_image\" \/>\n<meta name=\"twitter:label1\" content=\"Est. reading time\" \/>\n\t<meta name=\"twitter:data1\" content=\"1 minute\" \/>\n<script type=\"application\/ld+json\" class=\"yoast-schema-graph\">{\"@context\":\"https:\/\/schema.org\",\"@graph\":[{\"@type\":\"WebPage\",\"@id\":\"https:\/\/genetikascentrs.lv\/en\/services\/\",\"url\":\"https:\/\/genetikascentrs.lv\/en\/services\/\",\"name\":\"Services iVF Riga Genetic Center - iVF Riga \u0123en\u0113tikas centrs\",\"isPartOf\":{\"@id\":\"https:\/\/genetikascentrs.lv\/en\/#website\"},\"datePublished\":\"2020-07-07T15:01:27+00:00\",\"dateModified\":\"2024-08-23T13:46:25+00:00\",\"description\":\"Services iVF Riga Genetic Center. Accurate and detailed diagnosis is the key to successful treatment, whatever the diagnosis.\",\"breadcrumb\":{\"@id\":\"https:\/\/genetikascentrs.lv\/en\/services\/#breadcrumb\"},\"inLanguage\":\"en-US\",\"potentialAction\":[{\"@type\":\"ReadAction\",\"target\":[\"https:\/\/genetikascentrs.lv\/en\/services\/\"]}]},{\"@type\":\"BreadcrumbList\",\"@id\":\"https:\/\/genetikascentrs.lv\/en\/services\/#breadcrumb\",\"itemListElement\":[{\"@type\":\"ListItem\",\"position\":1,\"name\":\"Home\",\"item\":\"https:\/\/genetikascentrs.lv\/en\/\"},{\"@type\":\"ListItem\",\"position\":2,\"name\":\"Services\"}]},{\"@type\":\"WebSite\",\"@id\":\"https:\/\/genetikascentrs.lv\/en\/#website\",\"url\":\"https:\/\/genetikascentrs.lv\/en\/\",\"name\":\"iVF Riga \u0123en\u0113tikas centrs\",\"description\":\"\u0122en\u0113tikas centrs\",\"publisher\":{\"@id\":\"https:\/\/genetikascentrs.lv\/en\/#organization\"},\"potentialAction\":[{\"@type\":\"SearchAction\",\"target\":{\"@type\":\"EntryPoint\",\"urlTemplate\":\"https:\/\/genetikascentrs.lv\/en\/?s={search_term_string}\"},\"query-input\":{\"@type\":\"PropertyValueSpecification\",\"valueRequired\":true,\"valueName\":\"search_term_string\"}}],\"inLanguage\":\"en-US\"},{\"@type\":\"Organization\",\"@id\":\"https:\/\/genetikascentrs.lv\/en\/#organization\",\"name\":\"iVF Riga \u0123en\u0113tikas centrs\",\"url\":\"https:\/\/genetikascentrs.lv\/en\/\",\"logo\":{\"@type\":\"ImageObject\",\"inLanguage\":\"en-US\",\"@id\":\"https:\/\/genetikascentrs.lv\/en\/#\/schema\/logo\/image\/\",\"url\":\"https:\/\/genetikascentrs.lv\/wp-content\/uploads\/2021\/02\/cropped-iVF-Genetikas-logo.png\",\"contentUrl\":\"https:\/\/genetikascentrs.lv\/wp-content\/uploads\/2021\/02\/cropped-iVF-Genetikas-logo.png\",\"width\":861,\"height\":250,\"caption\":\"iVF Riga \u0123en\u0113tikas centrs\"},\"image\":{\"@id\":\"https:\/\/genetikascentrs.lv\/en\/#\/schema\/logo\/image\/\"}}]}<\/script>\n<!-- \/ Yoast SEO plugin. -->","yoast_head_json":{"title":"Services iVF Riga Genetic Center - iVF Riga \u0123en\u0113tikas centrs","description":"Services iVF Riga Genetic Center. Accurate and detailed diagnosis is the key to successful treatment, whatever the diagnosis.","robots":{"index":"index","follow":"follow","max-snippet":"max-snippet:-1","max-image-preview":"max-image-preview:large","max-video-preview":"max-video-preview:-1"},"canonical":"https:\/\/genetikascentrs.lv\/en\/services\/","og_locale":"en_US","og_type":"article","og_title":"Services iVF Riga Genetic Center - iVF Riga \u0123en\u0113tikas centrs","og_description":"Services iVF Riga Genetic Center. Accurate and detailed diagnosis is the key to successful treatment, whatever the diagnosis.","og_url":"https:\/\/genetikascentrs.lv\/en\/services\/","og_site_name":"iVF Riga \u0123en\u0113tikas centrs","article_modified_time":"2024-08-23T13:46:25+00:00","twitter_card":"summary_large_image","twitter_misc":{"Est. reading time":"1 minute"},"schema":{"@context":"https:\/\/schema.org","@graph":[{"@type":"WebPage","@id":"https:\/\/genetikascentrs.lv\/en\/services\/","url":"https:\/\/genetikascentrs.lv\/en\/services\/","name":"Services iVF Riga Genetic Center - iVF Riga \u0123en\u0113tikas centrs","isPartOf":{"@id":"https:\/\/genetikascentrs.lv\/en\/#website"},"datePublished":"2020-07-07T15:01:27+00:00","dateModified":"2024-08-23T13:46:25+00:00","description":"Services iVF Riga Genetic Center. Accurate and detailed diagnosis is the key to successful treatment, whatever the diagnosis.","breadcrumb":{"@id":"https:\/\/genetikascentrs.lv\/en\/services\/#breadcrumb"},"inLanguage":"en-US","potentialAction":[{"@type":"ReadAction","target":["https:\/\/genetikascentrs.lv\/en\/services\/"]}]},{"@type":"BreadcrumbList","@id":"https:\/\/genetikascentrs.lv\/en\/services\/#breadcrumb","itemListElement":[{"@type":"ListItem","position":1,"name":"Home","item":"https:\/\/genetikascentrs.lv\/en\/"},{"@type":"ListItem","position":2,"name":"Services"}]},{"@type":"WebSite","@id":"https:\/\/genetikascentrs.lv\/en\/#website","url":"https:\/\/genetikascentrs.lv\/en\/","name":"iVF Riga \u0123en\u0113tikas centrs","description":"\u0122en\u0113tikas centrs","publisher":{"@id":"https:\/\/genetikascentrs.lv\/en\/#organization"},"potentialAction":[{"@type":"SearchAction","target":{"@type":"EntryPoint","urlTemplate":"https:\/\/genetikascentrs.lv\/en\/?s={search_term_string}"},"query-input":{"@type":"PropertyValueSpecification","valueRequired":true,"valueName":"search_term_string"}}],"inLanguage":"en-US"},{"@type":"Organization","@id":"https:\/\/genetikascentrs.lv\/en\/#organization","name":"iVF Riga \u0123en\u0113tikas centrs","url":"https:\/\/genetikascentrs.lv\/en\/","logo":{"@type":"ImageObject","inLanguage":"en-US","@id":"https:\/\/genetikascentrs.lv\/en\/#\/schema\/logo\/image\/","url":"https:\/\/genetikascentrs.lv\/wp-content\/uploads\/2021\/02\/cropped-iVF-Genetikas-logo.png","contentUrl":"https:\/\/genetikascentrs.lv\/wp-content\/uploads\/2021\/02\/cropped-iVF-Genetikas-logo.png","width":861,"height":250,"caption":"iVF Riga \u0123en\u0113tikas centrs"},"image":{"@id":"https:\/\/genetikascentrs.lv\/en\/#\/schema\/logo\/image\/"}}]}},"_links":{"self":[{"href":"https:\/\/genetikascentrs.lv\/en\/wp-json\/wp\/v2\/pages\/2983","targetHints":{"allow":["GET"]}}],"collection":[{"href":"https:\/\/genetikascentrs.lv\/en\/wp-json\/wp\/v2\/pages"}],"about":[{"href":"https:\/\/genetikascentrs.lv\/en\/wp-json\/wp\/v2\/types\/page"}],"author":[{"embeddable":true,"href":"https:\/\/genetikascentrs.lv\/en\/wp-json\/wp\/v2\/users\/1"}],"replies":[{"embeddable":true,"href":"https:\/\/genetikascentrs.lv\/en\/wp-json\/wp\/v2\/comments?post=2983"}],"version-history":[{"count":15,"href":"https:\/\/genetikascentrs.lv\/en\/wp-json\/wp\/v2\/pages\/2983\/revisions"}],"predecessor-version":[{"id":5842,"href":"https:\/\/genetikascentrs.lv\/en\/wp-json\/wp\/v2\/pages\/2983\/revisions\/5842"}],"wp:attachment":[{"href":"https:\/\/genetikascentrs.lv\/en\/wp-json\/wp\/v2\/media?parent=2983"}],"curies":[{"name":"wp","href":"https:\/\/api.w.org\/{rel}","templated":true}]}}