{"id":5966,"date":"2024-10-10T18:48:45","date_gmt":"2024-10-10T18:48:45","guid":{"rendered":"http:\/\/genetikascentrs.lv\/nasha-komanda\/jekaterina-voskresenska\/"},"modified":"2024-10-10T19:49:57","modified_gmt":"2024-10-10T19:49:57","slug":"jekaterina-voskresenska","status":"publish","type":"page","link":"http:\/\/genetikascentrs.lv\/ru\/nasha-komanda\/jekaterina-voskresenska\/","title":{"rendered":"\u0415\u043a\u0430\u0442\u0435\u0440\u0438\u043d\u0430 \u0412\u043e\u0441\u043a\u0440\u0435\u0441\u0435\u043d\u0441\u043a\u0430\u044f"},"content":{"rendered":"[vc_row rsclass=&#187;clean&#187; el_class=&#187;row&#187;][vc_column width=&#187;1\/4&#8243; rsclass=&#187;clean&#187; el_class=&#187;col-md&#187;][vc_single_image image=&#187;5873&#8243; img_size=&#187;full&#187; rsclass=&#187;clean&#187; el_class=&#187;doctor-page-photo text-center tt_pt_3&#8243; rs_image_class=&#187;img-fluid&#187;][\/vc_single_image][\/vc_column][vc_column width=&#187;3\/4&#8243; rsclass=&#187;clean&#187; el_class=&#187;col-lg-8 mt-4 mt-lg-0&#8243;][vc_column_text rsclass=&#187;clean&#187;]\n<div class=\"doctor-info mb-4\">\n<div class=\"doctor-info-phone\">\n<h1 class=\"doctor-info-name__title\">\u0415\u043a\u0430\u0442\u0435\u0440\u0438\u043d\u0430 \u0412\u043e\u0441\u043a\u0440\u0435\u0441\u0435\u043d\u0441\u043a\u0430\u044f<\/h1>\n<p>\u0426\u0438\u0442\u043e\u0433\u0435\u043d\u0435\u0442\u0438\u043a<\/p>\n<\/div>\n<\/div>\n[\/vc_column_text][\/vc_column][\/vc_row]\n","protected":false},"excerpt":{"rendered":"<p>[vc_row rsclass=&#187;clean&#187; el_class=&#187;row&#187;][vc_column width=&#187;1\/4&#8243; rsclass=&#187;clean&#187; el_class=&#187;col-md&#187;][vc_single_image image=&#187;5873&#8243; img_size=&#187;full&#187; rsclass=&#187;clean&#187; el_class=&#187;doctor-page-photo text-center tt_pt_3&#8243; rs_image_class=&#187;img-fluid&#187;][\/vc_single_image][\/vc_column][vc_column width=&#187;3\/4&#8243; rsclass=&#187;clean&#187; el_class=&#187;col-lg-8 mt-4 mt-lg-0&#8243;][vc_column_text rsclass=&#187;clean&#187;] \u0415\u043a\u0430\u0442\u0435\u0440\u0438\u043d\u0430 \u0412\u043e\u0441\u043a\u0440\u0435\u0441\u0435\u043d\u0441\u043a\u0430\u044f \u0426\u0438\u0442\u043e\u0433\u0435\u043d\u0435\u0442\u0438\u043a [\/vc_column_text][\/vc_column][\/vc_row]<\/p>\n","protected":false},"author":1,"featured_media":0,"parent":3227,"menu_order":0,"comment_status":"closed","ping_status":"closed","template":"custompagett.php","meta":{"footnotes":""},"class_list":["post-5966","page","type-page","status-publish","hentry"],"yoast_head":"<!-- This site is optimized with the Yoast SEO plugin v24.5 - https:\/\/yoast.com\/wordpress\/plugins\/seo\/ -->\n<title>\u0415\u043a\u0430\u0442\u0435\u0440\u0438\u043d\u0430 \u0412\u043e\u0441\u043a\u0440\u0435\u0441\u0435\u043d\u0441\u043a\u0430\u044f - iVF Riga \u0123en\u0113tikas centrs<\/title>\n<meta name=\"robots\" content=\"index, follow, max-snippet:-1, max-image-preview:large, max-video-preview:-1\" \/>\n<link rel=\"canonical\" href=\"http:\/\/genetikascentrs.lv\/ru\/nasha-komanda\/jekaterina-voskresenska\/\" \/>\n<meta property=\"og:locale\" content=\"ru_RU\" \/>\n<meta property=\"og:type\" content=\"article\" \/>\n<meta property=\"og:title\" content=\"\u0415\u043a\u0430\u0442\u0435\u0440\u0438\u043d\u0430 \u0412\u043e\u0441\u043a\u0440\u0435\u0441\u0435\u043d\u0441\u043a\u0430\u044f - iVF Riga \u0123en\u0113tikas centrs\" \/>\n<meta property=\"og:description\" content=\"[vc_row rsclass=&#187;clean&#187; el_class=&#187;row&#187;][vc_column width=&#187;1\/4&#8243; rsclass=&#187;clean&#187; el_class=&#187;col-md&#187;][vc_single_image image=&#187;5873&#8243; img_size=&#187;full&#187; rsclass=&#187;clean&#187; el_class=&#187;doctor-page-photo text-center tt_pt_3&#8243; rs_image_class=&#187;img-fluid&#187;][\/vc_single_image][\/vc_column][vc_column width=&#187;3\/4&#8243; rsclass=&#187;clean&#187; el_class=&#187;col-lg-8 mt-4 mt-lg-0&#8243;][vc_column_text rsclass=&#187;clean&#187;] \u0415\u043a\u0430\u0442\u0435\u0440\u0438\u043d\u0430 \u0412\u043e\u0441\u043a\u0440\u0435\u0441\u0435\u043d\u0441\u043a\u0430\u044f \u0426\u0438\u0442\u043e\u0433\u0435\u043d\u0435\u0442\u0438\u043a [\/vc_column_text][\/vc_column][\/vc_row]\" \/>\n<meta property=\"og:url\" content=\"http:\/\/genetikascentrs.lv\/ru\/nasha-komanda\/jekaterina-voskresenska\/\" \/>\n<meta property=\"og:site_name\" content=\"iVF Riga \u0123en\u0113tikas centrs\" \/>\n<meta property=\"article:modified_time\" content=\"2024-10-10T19:49:57+00:00\" \/>\n<meta name=\"twitter:card\" content=\"summary_large_image\" \/>\n<meta name=\"twitter:label1\" content=\"\u041f\u0440\u0438\u043c\u0435\u0440\u043d\u043e\u0435 \u0432\u0440\u0435\u043c\u044f \u0434\u043b\u044f \u0447\u0442\u0435\u043d\u0438\u044f\" \/>\n\t<meta name=\"twitter:data1\" content=\"1 \u043c\u0438\u043d\u0443\u0442\u0430\" \/>\n<script type=\"application\/ld+json\" class=\"yoast-schema-graph\">{\"@context\":\"https:\/\/schema.org\",\"@graph\":[{\"@type\":\"WebPage\",\"@id\":\"http:\/\/genetikascentrs.lv\/ru\/nasha-komanda\/jekaterina-voskresenska\/\",\"url\":\"http:\/\/genetikascentrs.lv\/ru\/nasha-komanda\/jekaterina-voskresenska\/\",\"name\":\"\u0415\u043a\u0430\u0442\u0435\u0440\u0438\u043d\u0430 \u0412\u043e\u0441\u043a\u0440\u0435\u0441\u0435\u043d\u0441\u043a\u0430\u044f - iVF Riga \u0123en\u0113tikas centrs\",\"isPartOf\":{\"@id\":\"https:\/\/genetikascentrs.lv\/ru\/#website\"},\"datePublished\":\"2024-10-10T18:48:45+00:00\",\"dateModified\":\"2024-10-10T19:49:57+00:00\",\"breadcrumb\":{\"@id\":\"http:\/\/genetikascentrs.lv\/ru\/nasha-komanda\/jekaterina-voskresenska\/#breadcrumb\"},\"inLanguage\":\"ru-RU\",\"potentialAction\":[{\"@type\":\"ReadAction\",\"target\":[\"http:\/\/genetikascentrs.lv\/ru\/nasha-komanda\/jekaterina-voskresenska\/\"]}]},{\"@type\":\"BreadcrumbList\",\"@id\":\"http:\/\/genetikascentrs.lv\/ru\/nasha-komanda\/jekaterina-voskresenska\/#breadcrumb\",\"itemListElement\":[{\"@type\":\"ListItem\",\"position\":1,\"name\":\"Home\",\"item\":\"https:\/\/genetikascentrs.lv\/ru\/\"},{\"@type\":\"ListItem\",\"position\":2,\"name\":\"\u041d\u0430\u0448\u0430 \u043a\u043e\u043c\u0430\u043d\u0434\u0430\",\"item\":\"https:\/\/genetikascentrs.lv\/ru\/nasha-komanda\/\"},{\"@type\":\"ListItem\",\"position\":3,\"name\":\"\u0415\u043a\u0430\u0442\u0435\u0440\u0438\u043d\u0430 \u0412\u043e\u0441\u043a\u0440\u0435\u0441\u0435\u043d\u0441\u043a\u0430\u044f\"}]},{\"@type\":\"WebSite\",\"@id\":\"https:\/\/genetikascentrs.lv\/ru\/#website\",\"url\":\"https:\/\/genetikascentrs.lv\/ru\/\",\"name\":\"iVF Riga \u0123en\u0113tikas centrs\",\"description\":\"\u0122en\u0113tikas centrs\",\"publisher\":{\"@id\":\"https:\/\/genetikascentrs.lv\/ru\/#organization\"},\"potentialAction\":[{\"@type\":\"SearchAction\",\"target\":{\"@type\":\"EntryPoint\",\"urlTemplate\":\"https:\/\/genetikascentrs.lv\/ru\/?s={search_term_string}\"},\"query-input\":{\"@type\":\"PropertyValueSpecification\",\"valueRequired\":true,\"valueName\":\"search_term_string\"}}],\"inLanguage\":\"ru-RU\"},{\"@type\":\"Organization\",\"@id\":\"https:\/\/genetikascentrs.lv\/ru\/#organization\",\"name\":\"iVF Riga \u0123en\u0113tikas centrs\",\"url\":\"https:\/\/genetikascentrs.lv\/ru\/\",\"logo\":{\"@type\":\"ImageObject\",\"inLanguage\":\"ru-RU\",\"@id\":\"https:\/\/genetikascentrs.lv\/ru\/#\/schema\/logo\/image\/\",\"url\":\"http:\/\/genetikascentrs.lv\/wp-content\/uploads\/2021\/02\/cropped-iVF-Genetikas-logo.png\",\"contentUrl\":\"http:\/\/genetikascentrs.lv\/wp-content\/uploads\/2021\/02\/cropped-iVF-Genetikas-logo.png\",\"width\":861,\"height\":250,\"caption\":\"iVF Riga \u0123en\u0113tikas centrs\"},\"image\":{\"@id\":\"https:\/\/genetikascentrs.lv\/ru\/#\/schema\/logo\/image\/\"}}]}<\/script>\n<!-- \/ Yoast SEO plugin. -->","yoast_head_json":{"title":"\u0415\u043a\u0430\u0442\u0435\u0440\u0438\u043d\u0430 \u0412\u043e\u0441\u043a\u0440\u0435\u0441\u0435\u043d\u0441\u043a\u0430\u044f - iVF Riga \u0123en\u0113tikas centrs","robots":{"index":"index","follow":"follow","max-snippet":"max-snippet:-1","max-image-preview":"max-image-preview:large","max-video-preview":"max-video-preview:-1"},"canonical":"http:\/\/genetikascentrs.lv\/ru\/nasha-komanda\/jekaterina-voskresenska\/","og_locale":"ru_RU","og_type":"article","og_title":"\u0415\u043a\u0430\u0442\u0435\u0440\u0438\u043d\u0430 \u0412\u043e\u0441\u043a\u0440\u0435\u0441\u0435\u043d\u0441\u043a\u0430\u044f - iVF Riga \u0123en\u0113tikas centrs","og_description":"[vc_row rsclass=&#187;clean&#187; el_class=&#187;row&#187;][vc_column width=&#187;1\/4&#8243; rsclass=&#187;clean&#187; el_class=&#187;col-md&#187;][vc_single_image image=&#187;5873&#8243; img_size=&#187;full&#187; rsclass=&#187;clean&#187; el_class=&#187;doctor-page-photo text-center tt_pt_3&#8243; rs_image_class=&#187;img-fluid&#187;][\/vc_single_image][\/vc_column][vc_column width=&#187;3\/4&#8243; rsclass=&#187;clean&#187; el_class=&#187;col-lg-8 mt-4 mt-lg-0&#8243;][vc_column_text rsclass=&#187;clean&#187;] \u0415\u043a\u0430\u0442\u0435\u0440\u0438\u043d\u0430 \u0412\u043e\u0441\u043a\u0440\u0435\u0441\u0435\u043d\u0441\u043a\u0430\u044f \u0426\u0438\u0442\u043e\u0433\u0435\u043d\u0435\u0442\u0438\u043a [\/vc_column_text][\/vc_column][\/vc_row]","og_url":"http:\/\/genetikascentrs.lv\/ru\/nasha-komanda\/jekaterina-voskresenska\/","og_site_name":"iVF Riga \u0123en\u0113tikas centrs","article_modified_time":"2024-10-10T19:49:57+00:00","twitter_card":"summary_large_image","twitter_misc":{"\u041f\u0440\u0438\u043c\u0435\u0440\u043d\u043e\u0435 \u0432\u0440\u0435\u043c\u044f \u0434\u043b\u044f \u0447\u0442\u0435\u043d\u0438\u044f":"1 \u043c\u0438\u043d\u0443\u0442\u0430"},"schema":{"@context":"https:\/\/schema.org","@graph":[{"@type":"WebPage","@id":"http:\/\/genetikascentrs.lv\/ru\/nasha-komanda\/jekaterina-voskresenska\/","url":"http:\/\/genetikascentrs.lv\/ru\/nasha-komanda\/jekaterina-voskresenska\/","name":"\u0415\u043a\u0430\u0442\u0435\u0440\u0438\u043d\u0430 \u0412\u043e\u0441\u043a\u0440\u0435\u0441\u0435\u043d\u0441\u043a\u0430\u044f - iVF Riga \u0123en\u0113tikas centrs","isPartOf":{"@id":"https:\/\/genetikascentrs.lv\/ru\/#website"},"datePublished":"2024-10-10T18:48:45+00:00","dateModified":"2024-10-10T19:49:57+00:00","breadcrumb":{"@id":"http:\/\/genetikascentrs.lv\/ru\/nasha-komanda\/jekaterina-voskresenska\/#breadcrumb"},"inLanguage":"ru-RU","potentialAction":[{"@type":"ReadAction","target":["http:\/\/genetikascentrs.lv\/ru\/nasha-komanda\/jekaterina-voskresenska\/"]}]},{"@type":"BreadcrumbList","@id":"http:\/\/genetikascentrs.lv\/ru\/nasha-komanda\/jekaterina-voskresenska\/#breadcrumb","itemListElement":[{"@type":"ListItem","position":1,"name":"Home","item":"https:\/\/genetikascentrs.lv\/ru\/"},{"@type":"ListItem","position":2,"name":"\u041d\u0430\u0448\u0430 \u043a\u043e\u043c\u0430\u043d\u0434\u0430","item":"https:\/\/genetikascentrs.lv\/ru\/nasha-komanda\/"},{"@type":"ListItem","position":3,"name":"\u0415\u043a\u0430\u0442\u0435\u0440\u0438\u043d\u0430 \u0412\u043e\u0441\u043a\u0440\u0435\u0441\u0435\u043d\u0441\u043a\u0430\u044f"}]},{"@type":"WebSite","@id":"https:\/\/genetikascentrs.lv\/ru\/#website","url":"https:\/\/genetikascentrs.lv\/ru\/","name":"iVF Riga \u0123en\u0113tikas centrs","description":"\u0122en\u0113tikas centrs","publisher":{"@id":"https:\/\/genetikascentrs.lv\/ru\/#organization"},"potentialAction":[{"@type":"SearchAction","target":{"@type":"EntryPoint","urlTemplate":"https:\/\/genetikascentrs.lv\/ru\/?s={search_term_string}"},"query-input":{"@type":"PropertyValueSpecification","valueRequired":true,"valueName":"search_term_string"}}],"inLanguage":"ru-RU"},{"@type":"Organization","@id":"https:\/\/genetikascentrs.lv\/ru\/#organization","name":"iVF Riga \u0123en\u0113tikas centrs","url":"https:\/\/genetikascentrs.lv\/ru\/","logo":{"@type":"ImageObject","inLanguage":"ru-RU","@id":"https:\/\/genetikascentrs.lv\/ru\/#\/schema\/logo\/image\/","url":"http:\/\/genetikascentrs.lv\/wp-content\/uploads\/2021\/02\/cropped-iVF-Genetikas-logo.png","contentUrl":"http:\/\/genetikascentrs.lv\/wp-content\/uploads\/2021\/02\/cropped-iVF-Genetikas-logo.png","width":861,"height":250,"caption":"iVF Riga \u0123en\u0113tikas centrs"},"image":{"@id":"https:\/\/genetikascentrs.lv\/ru\/#\/schema\/logo\/image\/"}}]}},"_links":{"self":[{"href":"http:\/\/genetikascentrs.lv\/ru\/wp-json\/wp\/v2\/pages\/5966","targetHints":{"allow":["GET"]}}],"collection":[{"href":"http:\/\/genetikascentrs.lv\/ru\/wp-json\/wp\/v2\/pages"}],"about":[{"href":"http:\/\/genetikascentrs.lv\/ru\/wp-json\/wp\/v2\/types\/page"}],"author":[{"embeddable":true,"href":"http:\/\/genetikascentrs.lv\/ru\/wp-json\/wp\/v2\/users\/1"}],"replies":[{"embeddable":true,"href":"http:\/\/genetikascentrs.lv\/ru\/wp-json\/wp\/v2\/comments?post=5966"}],"version-history":[{"count":3,"href":"http:\/\/genetikascentrs.lv\/ru\/wp-json\/wp\/v2\/pages\/5966\/revisions"}],"predecessor-version":[{"id":6007,"href":"http:\/\/genetikascentrs.lv\/ru\/wp-json\/wp\/v2\/pages\/5966\/revisions\/6007"}],"up":[{"embeddable":true,"href":"http:\/\/genetikascentrs.lv\/ru\/wp-json\/wp\/v2\/pages\/3227"}],"wp:attachment":[{"href":"http:\/\/genetikascentrs.lv\/ru\/wp-json\/wp\/v2\/media?parent=5966"}],"curies":[{"name":"wp","href":"https:\/\/api.w.org\/{rel}","templated":true}]}}