{"id":3993,"date":"2020-10-13T11:36:23","date_gmt":"2020-10-13T11:36:23","guid":{"rendered":"http:\/\/genetikascentrs.lv\/?page_id=3993"},"modified":"2020-10-13T11:36:23","modified_gmt":"2020-10-13T11:36:23","slug":"terms-and-conditions","status":"publish","type":"page","link":"http:\/\/genetikascentrs.lv\/ru\/terms-and-conditions\/","title":{"rendered":"Terms and Conditions"},"content":{"rendered":"<p>Please read these Terms and Conditions (&#171;Terms&#187;) carefully before using the\u00a0<a href=\"https:\/\/www.ivfriga.eu\/\" target=\"_blank\" rel=\"noopener noreferrer\">www.<\/a><a href=\"http:\/\/ivfrigageneticcentre.eu\/\" target=\"_blank\" rel=\"noopener noreferrer\" data-saferedirecturl=\"https:\/\/www.google.com\/url?q=http:\/\/ivfrigageneticcentre.eu&amp;source=gmail&amp;ust=1561096940394000&amp;usg=AFQjCNHmvzPrtQIHT2pTtNi9pJRM4G5Xpg\">ivfrigageneticcentre.<\/a>lv\u00a0website (the &#171;Service&#187;) operated by SIA &#171;iVF Riga&#187;.<br \/>\nYour access to and use of the Service is conditioned on your acceptance of and compliance with these Terms. These Terms apply to all visitors, users and others who access or use the Service.<br \/>\nBy accessing or using the Service, you agree to be bound by these Terms. If you disagree with any part of the terms then you may not access the Service.<br \/>\nSIA &#171;iVF Riga&#187; will only use information from sources believed to be correct, however this Service may contain inaccuracies.<br \/>\nThe use of information from the Service is at your own risk. SIA &#171;iVF Riga&#187; will assume no liability relating to any errors on the Service.<br \/>\nInformation on the Service is not intended as a substitute for medical advice and may not be used to diagnose or treat any health condition without the consultation of a qualified health care provider.<\/p>\n<p>Links to Other Web Sites<\/p>\n<p>Our Service may contain links to third-party web sites or services that are not owned or controlled by SIA &#171;iVF Riga&#187;.<br \/>\nSIA &#171;iVF Riga&#187; has no control over, and assumes no responsibility for, the content, privacy policies, or practices of any third party web sites or services. You further acknowledge and agree that SIA &#171;iVF Riga&#187; shall not be responsible or liable, directly or indirectly, for any damage or loss caused or alleged to be caused by or in connection with use of or reliance on any such content, goods or services available on or through any such web sites or services.<\/p>\n<p><strong>Changes<\/strong><br \/>\nWe reserve the right, at our sole discretion, to modify, replace or discontinue the Service (or any section of the Service), as well as these Terms at any time, with or without notice you. Support and updating of the Service is not obligatory.<\/p>\n<p><strong>Copyright<\/strong><br \/>\nAll content on the Service is the copyright \u00a9 of SIA &#171;iVF Riga&#187; or is used with permission or under license. You may copy, print and reproduce any information in an unaltered form for your own private use only. All other rights are reserved.<\/p>\n<p><strong>Contact Us<\/strong><br \/>\nIf you have any questions about these Terms, please contact us:\u00a0<a href=\"mailto:ivfriga@ivfriga.eu\">ivfriga@ivfriga.eu<\/a><\/p>\n","protected":false},"excerpt":{"rendered":"<p>Please read these Terms and Conditions (&#171;Terms&#187;) carefully before using the\u00a0www.ivfrigageneticcentre.lv\u00a0website (the &#171;Service&#187;) operated by SIA &#171;iVF Riga&#187;. Your access to and use of the Service is conditioned on your acceptance of and compliance with these Terms. These Terms apply to all visitors, users and others who access or use the Service. By accessing or <\/p>\n<div class=\"btn-more-wrapper\"><a href=\"http:\/\/genetikascentrs.lv\/ru\/terms-and-conditions\/\" class=\"btn btn-sm btn-hover-fill\"><svg class=\"icon icon-right-arrow\" version=\"1.1\" xmlns=\"http:\/\/www.w3.org\/2000\/svg\" width=\"32\" height=\"32\" viewBox=\"0 0 32 32\"><title>right-arrow<\/title><path d=\"M21.548 5.088c-0.436-0.451-1.162-0.451-1.613 0-0.436 0.436-0.436 1.162 0 1.596l8.177 8.177h-26.984c-0.629 0.001-1.129 0.501-1.129 1.13s0.5 1.145 1.129 1.145h26.984l-8.177 8.162c-0.436 0.451-0.436 1.178 0 1.613 0.451 0.451 1.178 0.451 1.613 0l10.113-10.113c0.451-0.436 0.451-1.162 0-1.596l-10.113-10.114z\"><\/path><\/svg>\u0427\u0438\u0442\u0430\u0442\u044c \u0434\u0430\u043b\u0435\u0435<span class=\"screen-reader-text\"> &#171;Terms and Conditions&#187;<\/span><svg class=\"icon icon-right-arrow\" version=\"1.1\" xmlns=\"http:\/\/www.w3.org\/2000\/svg\" width=\"32\" height=\"32\" viewBox=\"0 0 32 32\"><title>right-arrow<\/title><path d=\"M21.548 5.088c-0.436-0.451-1.162-0.451-1.613 0-0.436 0.436-0.436 1.162 0 1.596l8.177 8.177h-26.984c-0.629 0.001-1.129 0.501-1.129 1.13s0.5 1.145 1.129 1.145h26.984l-8.177 8.162c-0.436 0.451-0.436 1.178 0 1.613 0.451 0.451 1.178 0.451 1.613 0l10.113-10.113c0.451-0.436 0.451-1.162 0-1.596l-10.113-10.114z\"><\/path><\/svg><\/a><\/div>\n","protected":false},"author":1,"featured_media":0,"parent":0,"menu_order":0,"comment_status":"closed","ping_status":"closed","template":"","meta":{"footnotes":""},"class_list":["post-3993","page","type-page","status-publish","hentry"],"yoast_head":"<!-- This site is optimized with the Yoast SEO plugin v24.5 - https:\/\/yoast.com\/wordpress\/plugins\/seo\/ -->\n<title>Terms and Conditions - iVF Riga \u0123en\u0113tikas centrs<\/title>\n<meta name=\"robots\" content=\"index, follow, max-snippet:-1, max-image-preview:large, max-video-preview:-1\" \/>\n<link rel=\"canonical\" href=\"http:\/\/genetikascentrs.lv\/ru\/terms-and-conditions\/\" \/>\n<meta property=\"og:locale\" content=\"ru_RU\" \/>\n<meta property=\"og:type\" content=\"article\" \/>\n<meta property=\"og:title\" content=\"Terms and Conditions - iVF Riga \u0123en\u0113tikas centrs\" \/>\n<meta property=\"og:description\" content=\"Please read these Terms and Conditions (&#171;Terms&#187;) carefully before using the\u00a0www.ivfrigageneticcentre.lv\u00a0website (the &#171;Service&#187;) operated by SIA &#171;iVF Riga&#187;. Your access to and use of the Service is conditioned on your acceptance of and compliance with these Terms. These Terms apply to all visitors, users and others who access or use the Service. By accessing or right-arrow\u0427\u0438\u0442\u0430\u0442\u044c \u0434\u0430\u043b\u0435\u0435 &quot;Terms and Conditions&quot;right-arrow\" \/>\n<meta property=\"og:url\" content=\"http:\/\/genetikascentrs.lv\/ru\/terms-and-conditions\/\" \/>\n<meta property=\"og:site_name\" content=\"iVF Riga \u0123en\u0113tikas centrs\" \/>\n<meta name=\"twitter:card\" content=\"summary_large_image\" \/>\n<meta name=\"twitter:label1\" content=\"\u041f\u0440\u0438\u043c\u0435\u0440\u043d\u043e\u0435 \u0432\u0440\u0435\u043c\u044f \u0434\u043b\u044f \u0447\u0442\u0435\u043d\u0438\u044f\" \/>\n\t<meta name=\"twitter:data1\" content=\"2 \u043c\u0438\u043d\u0443\u0442\u044b\" \/>\n<script type=\"application\/ld+json\" class=\"yoast-schema-graph\">{\"@context\":\"https:\/\/schema.org\",\"@graph\":[{\"@type\":\"WebPage\",\"@id\":\"http:\/\/genetikascentrs.lv\/ru\/terms-and-conditions\/\",\"url\":\"http:\/\/genetikascentrs.lv\/ru\/terms-and-conditions\/\",\"name\":\"Terms and Conditions - iVF Riga \u0123en\u0113tikas centrs\",\"isPartOf\":{\"@id\":\"https:\/\/genetikascentrs.lv\/ru\/#website\"},\"datePublished\":\"2020-10-13T11:36:23+00:00\",\"breadcrumb\":{\"@id\":\"http:\/\/genetikascentrs.lv\/ru\/terms-and-conditions\/#breadcrumb\"},\"inLanguage\":\"ru-RU\",\"potentialAction\":[{\"@type\":\"ReadAction\",\"target\":[\"http:\/\/genetikascentrs.lv\/ru\/terms-and-conditions\/\"]}]},{\"@type\":\"BreadcrumbList\",\"@id\":\"http:\/\/genetikascentrs.lv\/ru\/terms-and-conditions\/#breadcrumb\",\"itemListElement\":[{\"@type\":\"ListItem\",\"position\":1,\"name\":\"Home\",\"item\":\"https:\/\/genetikascentrs.lv\/ru\/\"},{\"@type\":\"ListItem\",\"position\":2,\"name\":\"Terms and Conditions\"}]},{\"@type\":\"WebSite\",\"@id\":\"https:\/\/genetikascentrs.lv\/ru\/#website\",\"url\":\"https:\/\/genetikascentrs.lv\/ru\/\",\"name\":\"iVF Riga \u0123en\u0113tikas centrs\",\"description\":\"\u0122en\u0113tikas centrs\",\"publisher\":{\"@id\":\"https:\/\/genetikascentrs.lv\/ru\/#organization\"},\"potentialAction\":[{\"@type\":\"SearchAction\",\"target\":{\"@type\":\"EntryPoint\",\"urlTemplate\":\"https:\/\/genetikascentrs.lv\/ru\/?s={search_term_string}\"},\"query-input\":{\"@type\":\"PropertyValueSpecification\",\"valueRequired\":true,\"valueName\":\"search_term_string\"}}],\"inLanguage\":\"ru-RU\"},{\"@type\":\"Organization\",\"@id\":\"https:\/\/genetikascentrs.lv\/ru\/#organization\",\"name\":\"iVF Riga \u0123en\u0113tikas centrs\",\"url\":\"https:\/\/genetikascentrs.lv\/ru\/\",\"logo\":{\"@type\":\"ImageObject\",\"inLanguage\":\"ru-RU\",\"@id\":\"https:\/\/genetikascentrs.lv\/ru\/#\/schema\/logo\/image\/\",\"url\":\"http:\/\/genetikascentrs.lv\/wp-content\/uploads\/2021\/02\/cropped-iVF-Genetikas-logo.png\",\"contentUrl\":\"http:\/\/genetikascentrs.lv\/wp-content\/uploads\/2021\/02\/cropped-iVF-Genetikas-logo.png\",\"width\":861,\"height\":250,\"caption\":\"iVF Riga \u0123en\u0113tikas centrs\"},\"image\":{\"@id\":\"https:\/\/genetikascentrs.lv\/ru\/#\/schema\/logo\/image\/\"}}]}<\/script>\n<!-- \/ Yoast SEO plugin. -->","yoast_head_json":{"title":"Terms and Conditions - iVF Riga \u0123en\u0113tikas centrs","robots":{"index":"index","follow":"follow","max-snippet":"max-snippet:-1","max-image-preview":"max-image-preview:large","max-video-preview":"max-video-preview:-1"},"canonical":"http:\/\/genetikascentrs.lv\/ru\/terms-and-conditions\/","og_locale":"ru_RU","og_type":"article","og_title":"Terms and Conditions - iVF Riga \u0123en\u0113tikas centrs","og_description":"Please read these Terms and Conditions (&#171;Terms&#187;) carefully before using the\u00a0www.ivfrigageneticcentre.lv\u00a0website (the &#171;Service&#187;) operated by SIA &#171;iVF Riga&#187;. Your access to and use of the Service is conditioned on your acceptance of and compliance with these Terms. These Terms apply to all visitors, users and others who access or use the Service. By accessing or right-arrow\u0427\u0438\u0442\u0430\u0442\u044c \u0434\u0430\u043b\u0435\u0435 \"Terms and Conditions\"right-arrow","og_url":"http:\/\/genetikascentrs.lv\/ru\/terms-and-conditions\/","og_site_name":"iVF Riga \u0123en\u0113tikas centrs","twitter_card":"summary_large_image","twitter_misc":{"\u041f\u0440\u0438\u043c\u0435\u0440\u043d\u043e\u0435 \u0432\u0440\u0435\u043c\u044f \u0434\u043b\u044f \u0447\u0442\u0435\u043d\u0438\u044f":"2 \u043c\u0438\u043d\u0443\u0442\u044b"},"schema":{"@context":"https:\/\/schema.org","@graph":[{"@type":"WebPage","@id":"http:\/\/genetikascentrs.lv\/ru\/terms-and-conditions\/","url":"http:\/\/genetikascentrs.lv\/ru\/terms-and-conditions\/","name":"Terms and Conditions - iVF Riga \u0123en\u0113tikas centrs","isPartOf":{"@id":"https:\/\/genetikascentrs.lv\/ru\/#website"},"datePublished":"2020-10-13T11:36:23+00:00","breadcrumb":{"@id":"http:\/\/genetikascentrs.lv\/ru\/terms-and-conditions\/#breadcrumb"},"inLanguage":"ru-RU","potentialAction":[{"@type":"ReadAction","target":["http:\/\/genetikascentrs.lv\/ru\/terms-and-conditions\/"]}]},{"@type":"BreadcrumbList","@id":"http:\/\/genetikascentrs.lv\/ru\/terms-and-conditions\/#breadcrumb","itemListElement":[{"@type":"ListItem","position":1,"name":"Home","item":"https:\/\/genetikascentrs.lv\/ru\/"},{"@type":"ListItem","position":2,"name":"Terms and Conditions"}]},{"@type":"WebSite","@id":"https:\/\/genetikascentrs.lv\/ru\/#website","url":"https:\/\/genetikascentrs.lv\/ru\/","name":"iVF Riga \u0123en\u0113tikas centrs","description":"\u0122en\u0113tikas centrs","publisher":{"@id":"https:\/\/genetikascentrs.lv\/ru\/#organization"},"potentialAction":[{"@type":"SearchAction","target":{"@type":"EntryPoint","urlTemplate":"https:\/\/genetikascentrs.lv\/ru\/?s={search_term_string}"},"query-input":{"@type":"PropertyValueSpecification","valueRequired":true,"valueName":"search_term_string"}}],"inLanguage":"ru-RU"},{"@type":"Organization","@id":"https:\/\/genetikascentrs.lv\/ru\/#organization","name":"iVF Riga \u0123en\u0113tikas centrs","url":"https:\/\/genetikascentrs.lv\/ru\/","logo":{"@type":"ImageObject","inLanguage":"ru-RU","@id":"https:\/\/genetikascentrs.lv\/ru\/#\/schema\/logo\/image\/","url":"http:\/\/genetikascentrs.lv\/wp-content\/uploads\/2021\/02\/cropped-iVF-Genetikas-logo.png","contentUrl":"http:\/\/genetikascentrs.lv\/wp-content\/uploads\/2021\/02\/cropped-iVF-Genetikas-logo.png","width":861,"height":250,"caption":"iVF Riga \u0123en\u0113tikas centrs"},"image":{"@id":"https:\/\/genetikascentrs.lv\/ru\/#\/schema\/logo\/image\/"}}]}},"_links":{"self":[{"href":"http:\/\/genetikascentrs.lv\/ru\/wp-json\/wp\/v2\/pages\/3993","targetHints":{"allow":["GET"]}}],"collection":[{"href":"http:\/\/genetikascentrs.lv\/ru\/wp-json\/wp\/v2\/pages"}],"about":[{"href":"http:\/\/genetikascentrs.lv\/ru\/wp-json\/wp\/v2\/types\/page"}],"author":[{"embeddable":true,"href":"http:\/\/genetikascentrs.lv\/ru\/wp-json\/wp\/v2\/users\/1"}],"replies":[{"embeddable":true,"href":"http:\/\/genetikascentrs.lv\/ru\/wp-json\/wp\/v2\/comments?post=3993"}],"version-history":[{"count":1,"href":"http:\/\/genetikascentrs.lv\/ru\/wp-json\/wp\/v2\/pages\/3993\/revisions"}],"predecessor-version":[{"id":3994,"href":"http:\/\/genetikascentrs.lv\/ru\/wp-json\/wp\/v2\/pages\/3993\/revisions\/3994"}],"wp:attachment":[{"href":"http:\/\/genetikascentrs.lv\/ru\/wp-json\/wp\/v2\/media?parent=3993"}],"curies":[{"name":"wp","href":"https:\/\/api.w.org\/{rel}","templated":true}]}}