{"id":3530,"date":"2020-07-07T15:01:28","date_gmt":"2020-07-07T15:01:28","guid":{"rendered":"http:\/\/genetikascentrs.lv\/nasha-komanda\/dr-violeta-fodina\/"},"modified":"2021-10-13T09:31:24","modified_gmt":"2021-10-13T09:31:24","slug":"dr-violeta-fodina-reproduktolog-akusher-ginekolog","status":"publish","type":"page","link":"http:\/\/genetikascentrs.lv\/ru\/nasha-komanda\/dr-violeta-fodina-reproduktolog-akusher-ginekolog\/","title":{"rendered":"\u0414\u0440. \u0412\u0438\u043e\u043b\u0435\u0442\u0430 \u0424\u043e\u0434\u0438\u043d\u0430"},"content":{"rendered":"[vc_row rsclass=&#187;clean&#187; el_class=&#187;row&#187;][vc_column width=&#187;1\/4&#8243; rsclass=&#187;clean&#187; el_class=&#187;col-md&#187;][vc_single_image image=&#187;4965&#8243; img_size=&#187;full&#187; rsclass=&#187;clean&#187; el_class=&#187;doctor-page-photo text-center tt_pt_3&#8243; rs_image_class=&#187;img-fluid&#187;][\/vc_single_image][vc_column_text]&#187;\u0418\u0437 \u043b\u044e\u0431\u043e\u0439 \u0441\u0438\u0442\u0443\u0430\u0446\u0438\u0438 \u0435\u0441\u0442\u044c \u0432\u044b\u0445\u043e\u0434, \u043c\u044b \u043f\u0440\u0438\u043c\u0435\u043d\u0438\u043c \u043d\u0430\u0448\u0438 \u043e\u043f\u044b\u0442, \u0437\u043d\u0430\u043d\u0438\u044f \u0438 \u043d\u043e\u0432\u0435\u0439\u0448\u0438\u0435 \u0442\u0435\u0445\u043d\u043e\u043b\u043e\u0433\u0438\u0438, \u0447\u0442\u043e\u0431\u044b \u0434\u043e\u0441\u0442\u0438\u0433\u043d\u0443\u0442\u044c \u043f\u043e\u0437\u0438\u0442\u0438\u0432\u043d\u044b\u0445 \u0440\u0435\u0437\u0443\u043b\u044c\u0442\u0430\u0442\u043e\u0432 \u0432\u043c\u0435\u0441\u0442\u0435.&#187;[\/vc_column_text][\/vc_column][vc_column width=&#187;3\/4&#8243; rsclass=&#187;clean&#187; el_class=&#187;col-lg-8 mt-4 mt-lg-0&#8243;][vc_column_text rsclass=&#187;clean&#187;]\n<div class=\"doctor-info mb-4\">\n<div class=\"doctor-info-name\"><\/div>\n<div class=\"doctor-info-phone\">\n<h1 class=\"doctor-info-name__title\">\u0414\u0440. \u0412\u0438\u043e\u043b\u0435\u0442\u0430 \u0424\u043e\u0434\u0438\u043d\u0430<\/h1>\n<p>\u041c\u0435\u0434\u0438\u0446\u0438\u043d\u0441\u043a\u0438\u0439 \u0434\u0438\u0440\u0435\u043a\u0442\u043e\u0440, \u0440\u0435\u043f\u0440\u043e\u0434\u0443\u043a\u0442\u043e\u043b\u043e\u0433, \u0430\u043a\u0443\u0448\u0435\u0440-\u0433\u0438\u043d\u0435\u043a\u043e\u043b\u043e\u0433<\/p>\n<h6>\u041e\u0431\u0440\u0430\u0437\u043e\u0432\u0430\u043d\u0438\u0435:<\/h6>\n<p>\u041e\u043a\u043e\u043d\u0447\u0438\u043b\u0430 \u041b\u0430\u0442\u0432\u0438\u0439\u0441\u043a\u0443\u044e \u041c\u0435\u0434\u0438\u0446\u0438\u043d\u0441\u043a\u0443\u044e \u0410\u043a\u0430\u0434\u0435\u043c\u0438\u044e, \u043f\u043e\u043b\u0443\u0447\u0438\u0432 \u0441\u043f\u0435\u0446\u0438\u0430\u043b\u044c\u043d\u043e\u0441\u0442\u044c \u0432\u0440\u0430\u0447\u0430. \u041e\u0431\u0440\u0430\u0437\u043e\u0432\u0430\u043d\u0438\u0435 \u043f\u0440\u043e\u0434\u043e\u043b\u0436\u0438\u043b\u0430 \u0432 \u0443\u043d\u0438\u0432\u0435\u0440\u0441\u0438\u0442\u0435\u0442\u0435 \u0438\u043c\u0435\u043d\u0438 \u041f\u0430\u0443\u043b\u0430 \u0421\u0442\u0440\u0430\u0434\u0438\u043d\u044f, \u0430 \u0442\u0430\u043a\u0436\u0435 \u0432 \u0421\u0430\u043d\u043a\u0442-\u041f\u0435\u0442\u0435\u0440\u0431\u0443\u0440\u0433\u0441\u043a\u043e\u0439 \u041c\u0435\u0434\u0435\u0446\u0438\u043d\u0441\u043a\u043e\u0439 \u0410\u043a\u0430\u0434\u0435\u043c\u0438\u0438 \u041f\u043e\u0441\u043b\u0435\u0434\u0438\u043f\u043b\u043e\u043c\u043d\u043e\u0433\u043e \u043e\u0431\u0440\u0430\u0437\u043e\u0432\u0430\u043d\u0438\u044f. \u0421\u043f\u0435\u0446\u0438\u0430\u043b\u0438\u0437\u0438\u0440\u0443\u0435\u0442\u0441\u044f \u0432 \u043e\u0431\u043b\u0430\u0441\u0442\u0438 \u0433\u0438\u043d\u0435\u043a\u043e\u043b\u043e\u0433\u0438\u0438 \u0438 \u0440\u0435\u043f\u0440\u043e\u0434\u0443\u043a\u0442\u043e\u043b\u043e\u0433\u0438\u0438.<\/p>\n<h6>\u041f\u043e\u0432\u044b\u0448\u0435\u043d\u0438\u0435 \u043a\u0432\u0430\u043b\u0438\u0444\u0438\u043a\u0430\u0446\u0438\u0438:<\/h6>\n<p>\u041f\u0440\u043e\u0434\u043e\u043b\u0436\u0438\u043b\u0430 \u043f\u043e\u0432\u044b\u0448\u0430\u0442\u044c \u043a\u0432\u0430\u043b\u0438\u0444\u0438\u043a\u0430\u0446\u0438\u044e \u0432 \u0441\u0444\u0435\u0440\u0435 \u0440\u0435\u043f\u0440\u043e\u0434\u0443\u043a\u0442\u043e\u043b\u043e\u0433\u0438\u0438 \u0432 \u0424\u0438\u043d\u043b\u044f\u043d\u0434\u0438\u0438. \u0414\u043b\u0438\u0442\u0435\u043b\u044c\u043d\u043e\u0435 \u0432\u0440\u0435\u043c\u044f \u0440\u0443\u043a\u043e\u0432\u043e\u0434\u0438\u043b\u0430 \u043e\u0434\u043d\u043e\u0439 \u0438\u0437 \u0420\u0438\u0436\u0441\u043a\u0438\u0445 \u043a\u043b\u0438\u043d\u0438\u043a \u0440\u0435\u043f\u0440\u043e\u0434\u0443\u043a\u0442\u043e\u043b\u043e\u0433\u0438\u0438. \u0412\u043b\u0430\u0434\u0435\u0435\u0442 \u0432\u0441\u0435\u043c\u0438 \u0442\u0435\u0445\u043d\u0438\u043a\u0430\u043c\u0438 \u044d\u043a\u0441\u0442\u0440\u0430\u043a\u043e\u0440\u043f\u043e\u0440\u0430\u043b\u044c\u043d\u043e\u0433\u043e \u043e\u043f\u043b\u043e\u0434\u043e\u0442\u0432\u043e\u0440\u0435\u043d\u0438\u044f, \u0434\u043e\u0431\u0438\u0432\u0430\u044f\u0441\u044c \u0443\u0441\u043f\u0435\u0448\u043d\u044b\u0445 \u0440\u0435\u0437\u0443\u043b\u044c\u0442\u0430\u0442\u043e\u0432 \u0441 \u0432\u044b\u0441\u043e\u043a\u0438\u043c \u043f\u0440\u043e\u0446\u0435\u043d\u0442\u043e\u043c \u0431\u0435\u0440\u0435\u043c\u0435\u043d\u043d\u043e\u0441\u0442\u0438.<br \/>\n\u041f\u043e\u0441\u0442\u043e\u044f\u043d\u043d\u043e \u043f\u043e\u0432\u044b\u0448\u0430\u0435\u0442 \u0441\u0432\u043e\u044e \u043a\u0432\u0430\u043b\u0438\u0444\u0438\u043a\u0430\u0446\u0438\u044e \u0432 \u0432\u0435\u0434\u0443\u0449\u0438\u0445 \u0415\u0432\u0440\u043e\u043f\u0435\u0439\u0441\u043a\u0438\u0445 \u0446\u0435\u043d\u0442\u0440\u0430\u0445 \u0440\u0435\u043f\u0440\u043e\u0434\u0443\u043a\u0442\u043e\u043b\u043e\u0433\u0438\u0438 \u0438 \u043d\u0430 \u043c\u0435\u0436\u0434\u0443\u043d\u0430\u0440\u043e\u0434\u043d\u044b\u0445 \u043a\u043e\u043d\u0433\u0440\u0435\u0441\u0441\u0430\u0445. \u0421\u043f\u0435\u0446\u0438\u0430\u043b\u0438\u0437\u0438\u0440\u0443\u0435\u0442\u0441\u044f \u0432 \u043b\u0435\u0447\u0435\u043d\u0438\u0438 \u0431\u0435\u0441\u043f\u043b\u043e\u0434\u0438\u044f \u0438 \u0432 \u0433\u0438\u043d\u0435\u043a\u043e\u043b\u043e\u0433\u0438\u0447\u0435\u0441\u043a\u043e\u0439 \u044d\u043d\u0434\u043e\u043a\u0440\u0438\u043d\u043e\u043b\u043e\u0433\u0438\u0438.<\/p>\n<\/div>\n<\/div>\n<div class=\"mt-4 mt-lg-7\"><\/div>\n[\/vc_column_text][\/vc_column][\/vc_row][vc_row rsclass=&#187;clean&#187; el_class=&#187;section&#187;][vc_column rsclass=&#187;clean&#187;][\/vc_column][\/vc_row]\n","protected":false},"excerpt":{"rendered":"<p>[vc_row rsclass=&#187;clean&#187; el_class=&#187;row&#187;][vc_column width=&#187;1\/4&#8243; rsclass=&#187;clean&#187; el_class=&#187;col-md&#187;][vc_single_image image=&#187;4965&#8243; img_size=&#187;full&#187; rsclass=&#187;clean&#187; el_class=&#187;doctor-page-photo text-center tt_pt_3&#8243; rs_image_class=&#187;img-fluid&#187;][\/vc_single_image][vc_column_text]&#187;\u0418\u0437 \u043b\u044e\u0431\u043e\u0439 \u0441\u0438\u0442\u0443\u0430\u0446\u0438\u0438 \u0435\u0441\u0442\u044c \u0432\u044b\u0445\u043e\u0434, \u043c\u044b \u043f\u0440\u0438\u043c\u0435\u043d\u0438\u043c \u043d\u0430\u0448\u0438 \u043e\u043f\u044b\u0442, \u0437\u043d\u0430\u043d\u0438\u044f \u0438 \u043d\u043e\u0432\u0435\u0439\u0448\u0438\u0435 \u0442\u0435\u0445\u043d\u043e\u043b\u043e\u0433\u0438\u0438, \u0447\u0442\u043e\u0431\u044b \u0434\u043e\u0441\u0442\u0438\u0433\u043d\u0443\u0442\u044c \u043f\u043e\u0437\u0438\u0442\u0438\u0432\u043d\u044b\u0445 \u0440\u0435\u0437\u0443\u043b\u044c\u0442\u0430\u0442\u043e\u0432 \u0432\u043c\u0435\u0441\u0442\u0435.&#187;[\/vc_column_text][\/vc_column][vc_column width=&#187;3\/4&#8243; rsclass=&#187;clean&#187; el_class=&#187;col-lg-8 mt-4 mt-lg-0&#8243;][vc_column_text rsclass=&#187;clean&#187;] \u0414\u0440. \u0412\u0438\u043e\u043b\u0435\u0442\u0430 \u0424\u043e\u0434\u0438\u043d\u0430 \u041c\u0435\u0434\u0438\u0446\u0438\u043d\u0441\u043a\u0438\u0439 \u0434\u0438\u0440\u0435\u043a\u0442\u043e\u0440, \u0440\u0435\u043f\u0440\u043e\u0434\u0443\u043a\u0442\u043e\u043b\u043e\u0433, \u0430\u043a\u0443\u0448\u0435\u0440-\u0433\u0438\u043d\u0435\u043a\u043e\u043b\u043e\u0433 \u041e\u0431\u0440\u0430\u0437\u043e\u0432\u0430\u043d\u0438\u0435: \u041e\u043a\u043e\u043d\u0447\u0438\u043b\u0430 \u041b\u0430\u0442\u0432\u0438\u0439\u0441\u043a\u0443\u044e \u041c\u0435\u0434\u0438\u0446\u0438\u043d\u0441\u043a\u0443\u044e \u0410\u043a\u0430\u0434\u0435\u043c\u0438\u044e, \u043f\u043e\u043b\u0443\u0447\u0438\u0432 \u0441\u043f\u0435\u0446\u0438\u0430\u043b\u044c\u043d\u043e\u0441\u0442\u044c \u0432\u0440\u0430\u0447\u0430. \u041e\u0431\u0440\u0430\u0437\u043e\u0432\u0430\u043d\u0438\u0435 \u043f\u0440\u043e\u0434\u043e\u043b\u0436\u0438\u043b\u0430 \u0432 \u0443\u043d\u0438\u0432\u0435\u0440\u0441\u0438\u0442\u0435\u0442\u0435 <\/p>\n<div class=\"btn-more-wrapper\"><a href=\"http:\/\/genetikascentrs.lv\/ru\/nasha-komanda\/dr-violeta-fodina-reproduktolog-akusher-ginekolog\/\" class=\"btn btn-sm btn-hover-fill\"><svg class=\"icon icon-right-arrow\" version=\"1.1\" xmlns=\"http:\/\/www.w3.org\/2000\/svg\" width=\"32\" height=\"32\" viewBox=\"0 0 32 32\"><title>right-arrow<\/title><path d=\"M21.548 5.088c-0.436-0.451-1.162-0.451-1.613 0-0.436 0.436-0.436 1.162 0 1.596l8.177 8.177h-26.984c-0.629 0.001-1.129 0.501-1.129 1.13s0.5 1.145 1.129 1.145h26.984l-8.177 8.162c-0.436 0.451-0.436 1.178 0 1.613 0.451 0.451 1.178 0.451 1.613 0l10.113-10.113c0.451-0.436 0.451-1.162 0-1.596l-10.113-10.114z\"><\/path><\/svg>\u0427\u0438\u0442\u0430\u0442\u044c \u0434\u0430\u043b\u0435\u0435<span class=\"screen-reader-text\"> &#171;\u0414\u0440. \u0412\u0438\u043e\u043b\u0435\u0442\u0430 \u0424\u043e\u0434\u0438\u043d\u0430&#187;<\/span><svg class=\"icon icon-right-arrow\" version=\"1.1\" xmlns=\"http:\/\/www.w3.org\/2000\/svg\" width=\"32\" height=\"32\" viewBox=\"0 0 32 32\"><title>right-arrow<\/title><path d=\"M21.548 5.088c-0.436-0.451-1.162-0.451-1.613 0-0.436 0.436-0.436 1.162 0 1.596l8.177 8.177h-26.984c-0.629 0.001-1.129 0.501-1.129 1.13s0.5 1.145 1.129 1.145h26.984l-8.177 8.162c-0.436 0.451-0.436 1.178 0 1.613 0.451 0.451 1.178 0.451 1.613 0l10.113-10.113c0.451-0.436 0.451-1.162 0-1.596l-10.113-10.114z\"><\/path><\/svg><\/a><\/div>\n","protected":false},"author":1,"featured_media":0,"parent":3227,"menu_order":7,"comment_status":"closed","ping_status":"closed","template":"custompagett.php","meta":{"footnotes":""},"class_list":["post-3530","page","type-page","status-publish","hentry"],"yoast_head":"<!-- This site is optimized with the Yoast SEO plugin v24.5 - https:\/\/yoast.com\/wordpress\/plugins\/seo\/ -->\n<title>\u0414\u0440. \u0412\u0438\u043e\u043b\u0435\u0442\u0430 \u0424\u043e\u0434\u0438\u043d\u0430, \u041c\u0435\u0434. \u0434\u0438\u0440\u0435\u043a\u0442\u043e\u0440, \u0440\u0435\u043f\u0440\u043e\u0434\u0443\u043a\u0442\u043e\u043b\u043e\u0433, \u0430\u043a\u0443\u0448\u0435\u0440-\u0433\u0438\u043d\u0435\u043a\u043e\u043b\u043e\u0433<\/title>\n<meta name=\"description\" content=\"\u0414\u0440. \u0412\u0438\u043e\u043b\u0435\u0442\u0430 \u0424\u043e\u0434\u0438\u043d\u0430, \u041c\u0435\u0434\u0438\u0446\u0438\u043d\u0441\u043a\u0438\u0439 \u0434\u0438\u0440\u0435\u043a\u0442\u043e\u0440, \u0440\u0435\u043f\u0440\u043e\u0434\u0443\u043a\u0442\u043e\u043b\u043e\u0433, \u0430\u043a\u0443\u0448\u0435\u0440-\u0433\u0438\u043d\u0435\u043a\u043e\u043b\u043e\u0433. \u0426\u0435\u043d\u0442\u0440 \u0433\u0435\u043d\u0435\u0442\u0438\u043a\u0438 iVF Riga. \u0412\u044b\u0441\u043e\u043a\u043e\u043a\u0432\u0430\u043b\u0438\u0444\u0438\u0446\u0438\u0440\u043e\u0432\u0430\u043d\u043d\u044b\u0435 \u0432\u0440\u0430\u0447\u0438-\u0433\u0435\u043d\u0435\u0442\u0438\u043a\u0438.\" \/>\n<meta name=\"robots\" content=\"index, follow, max-snippet:-1, max-image-preview:large, max-video-preview:-1\" \/>\n<link rel=\"canonical\" href=\"http:\/\/genetikascentrs.lv\/ru\/nasha-komanda\/dr-violeta-fodina-reproduktolog-akusher-ginekolog\/\" \/>\n<meta property=\"og:locale\" content=\"ru_RU\" \/>\n<meta property=\"og:type\" content=\"article\" \/>\n<meta property=\"og:title\" content=\"\u0414\u0440. \u0412\u0438\u043e\u043b\u0435\u0442\u0430 \u0424\u043e\u0434\u0438\u043d\u0430, \u041c\u0435\u0434. \u0434\u0438\u0440\u0435\u043a\u0442\u043e\u0440, \u0440\u0435\u043f\u0440\u043e\u0434\u0443\u043a\u0442\u043e\u043b\u043e\u0433, \u0430\u043a\u0443\u0448\u0435\u0440-\u0433\u0438\u043d\u0435\u043a\u043e\u043b\u043e\u0433\" \/>\n<meta property=\"og:description\" content=\"\u0414\u0440. \u0412\u0438\u043e\u043b\u0435\u0442\u0430 \u0424\u043e\u0434\u0438\u043d\u0430, \u041c\u0435\u0434\u0438\u0446\u0438\u043d\u0441\u043a\u0438\u0439 \u0434\u0438\u0440\u0435\u043a\u0442\u043e\u0440, \u0440\u0435\u043f\u0440\u043e\u0434\u0443\u043a\u0442\u043e\u043b\u043e\u0433, \u0430\u043a\u0443\u0448\u0435\u0440-\u0433\u0438\u043d\u0435\u043a\u043e\u043b\u043e\u0433. \u0426\u0435\u043d\u0442\u0440 \u0433\u0435\u043d\u0435\u0442\u0438\u043a\u0438 iVF Riga. \u0412\u044b\u0441\u043e\u043a\u043e\u043a\u0432\u0430\u043b\u0438\u0444\u0438\u0446\u0438\u0440\u043e\u0432\u0430\u043d\u043d\u044b\u0435 \u0432\u0440\u0430\u0447\u0438-\u0433\u0435\u043d\u0435\u0442\u0438\u043a\u0438.\" \/>\n<meta property=\"og:url\" content=\"http:\/\/genetikascentrs.lv\/ru\/nasha-komanda\/dr-violeta-fodina-reproduktolog-akusher-ginekolog\/\" \/>\n<meta property=\"og:site_name\" content=\"iVF Riga \u0123en\u0113tikas centrs\" \/>\n<meta property=\"article:modified_time\" content=\"2021-10-13T09:31:24+00:00\" \/>\n<meta name=\"twitter:card\" content=\"summary_large_image\" \/>\n<meta name=\"twitter:label1\" content=\"\u041f\u0440\u0438\u043c\u0435\u0440\u043d\u043e\u0435 \u0432\u0440\u0435\u043c\u044f \u0434\u043b\u044f \u0447\u0442\u0435\u043d\u0438\u044f\" \/>\n\t<meta name=\"twitter:data1\" content=\"1 \u043c\u0438\u043d\u0443\u0442\u0430\" \/>\n<script type=\"application\/ld+json\" class=\"yoast-schema-graph\">{\"@context\":\"https:\/\/schema.org\",\"@graph\":[{\"@type\":\"WebPage\",\"@id\":\"http:\/\/genetikascentrs.lv\/ru\/nasha-komanda\/dr-violeta-fodina-reproduktolog-akusher-ginekolog\/\",\"url\":\"http:\/\/genetikascentrs.lv\/ru\/nasha-komanda\/dr-violeta-fodina-reproduktolog-akusher-ginekolog\/\",\"name\":\"\u0414\u0440. \u0412\u0438\u043e\u043b\u0435\u0442\u0430 \u0424\u043e\u0434\u0438\u043d\u0430, \u041c\u0435\u0434. \u0434\u0438\u0440\u0435\u043a\u0442\u043e\u0440, \u0440\u0435\u043f\u0440\u043e\u0434\u0443\u043a\u0442\u043e\u043b\u043e\u0433, \u0430\u043a\u0443\u0448\u0435\u0440-\u0433\u0438\u043d\u0435\u043a\u043e\u043b\u043e\u0433\",\"isPartOf\":{\"@id\":\"https:\/\/genetikascentrs.lv\/ru\/#website\"},\"datePublished\":\"2020-07-07T15:01:28+00:00\",\"dateModified\":\"2021-10-13T09:31:24+00:00\",\"description\":\"\u0414\u0440. \u0412\u0438\u043e\u043b\u0435\u0442\u0430 \u0424\u043e\u0434\u0438\u043d\u0430, \u041c\u0435\u0434\u0438\u0446\u0438\u043d\u0441\u043a\u0438\u0439 \u0434\u0438\u0440\u0435\u043a\u0442\u043e\u0440, \u0440\u0435\u043f\u0440\u043e\u0434\u0443\u043a\u0442\u043e\u043b\u043e\u0433, \u0430\u043a\u0443\u0448\u0435\u0440-\u0433\u0438\u043d\u0435\u043a\u043e\u043b\u043e\u0433. \u0426\u0435\u043d\u0442\u0440 \u0433\u0435\u043d\u0435\u0442\u0438\u043a\u0438 iVF Riga. \u0412\u044b\u0441\u043e\u043a\u043e\u043a\u0432\u0430\u043b\u0438\u0444\u0438\u0446\u0438\u0440\u043e\u0432\u0430\u043d\u043d\u044b\u0435 \u0432\u0440\u0430\u0447\u0438-\u0433\u0435\u043d\u0435\u0442\u0438\u043a\u0438.\",\"breadcrumb\":{\"@id\":\"http:\/\/genetikascentrs.lv\/ru\/nasha-komanda\/dr-violeta-fodina-reproduktolog-akusher-ginekolog\/#breadcrumb\"},\"inLanguage\":\"ru-RU\",\"potentialAction\":[{\"@type\":\"ReadAction\",\"target\":[\"http:\/\/genetikascentrs.lv\/ru\/nasha-komanda\/dr-violeta-fodina-reproduktolog-akusher-ginekolog\/\"]}]},{\"@type\":\"BreadcrumbList\",\"@id\":\"http:\/\/genetikascentrs.lv\/ru\/nasha-komanda\/dr-violeta-fodina-reproduktolog-akusher-ginekolog\/#breadcrumb\",\"itemListElement\":[{\"@type\":\"ListItem\",\"position\":1,\"name\":\"Home\",\"item\":\"https:\/\/genetikascentrs.lv\/ru\/\"},{\"@type\":\"ListItem\",\"position\":2,\"name\":\"\u041d\u0430\u0448\u0430 \u043a\u043e\u043c\u0430\u043d\u0434\u0430\",\"item\":\"https:\/\/genetikascentrs.lv\/ru\/nasha-komanda\/\"},{\"@type\":\"ListItem\",\"position\":3,\"name\":\"\u0414\u0440. \u0412\u0438\u043e\u043b\u0435\u0442\u0430 \u0424\u043e\u0434\u0438\u043d\u0430\"}]},{\"@type\":\"WebSite\",\"@id\":\"https:\/\/genetikascentrs.lv\/ru\/#website\",\"url\":\"https:\/\/genetikascentrs.lv\/ru\/\",\"name\":\"iVF Riga \u0123en\u0113tikas centrs\",\"description\":\"\u0122en\u0113tikas centrs\",\"publisher\":{\"@id\":\"https:\/\/genetikascentrs.lv\/ru\/#organization\"},\"potentialAction\":[{\"@type\":\"SearchAction\",\"target\":{\"@type\":\"EntryPoint\",\"urlTemplate\":\"https:\/\/genetikascentrs.lv\/ru\/?s={search_term_string}\"},\"query-input\":{\"@type\":\"PropertyValueSpecification\",\"valueRequired\":true,\"valueName\":\"search_term_string\"}}],\"inLanguage\":\"ru-RU\"},{\"@type\":\"Organization\",\"@id\":\"https:\/\/genetikascentrs.lv\/ru\/#organization\",\"name\":\"iVF Riga \u0123en\u0113tikas centrs\",\"url\":\"https:\/\/genetikascentrs.lv\/ru\/\",\"logo\":{\"@type\":\"ImageObject\",\"inLanguage\":\"ru-RU\",\"@id\":\"https:\/\/genetikascentrs.lv\/ru\/#\/schema\/logo\/image\/\",\"url\":\"http:\/\/genetikascentrs.lv\/wp-content\/uploads\/2021\/02\/cropped-iVF-Genetikas-logo.png\",\"contentUrl\":\"http:\/\/genetikascentrs.lv\/wp-content\/uploads\/2021\/02\/cropped-iVF-Genetikas-logo.png\",\"width\":861,\"height\":250,\"caption\":\"iVF Riga \u0123en\u0113tikas centrs\"},\"image\":{\"@id\":\"https:\/\/genetikascentrs.lv\/ru\/#\/schema\/logo\/image\/\"}}]}<\/script>\n<!-- \/ Yoast SEO plugin. -->","yoast_head_json":{"title":"\u0414\u0440. \u0412\u0438\u043e\u043b\u0435\u0442\u0430 \u0424\u043e\u0434\u0438\u043d\u0430, \u041c\u0435\u0434. \u0434\u0438\u0440\u0435\u043a\u0442\u043e\u0440, \u0440\u0435\u043f\u0440\u043e\u0434\u0443\u043a\u0442\u043e\u043b\u043e\u0433, \u0430\u043a\u0443\u0448\u0435\u0440-\u0433\u0438\u043d\u0435\u043a\u043e\u043b\u043e\u0433","description":"\u0414\u0440. \u0412\u0438\u043e\u043b\u0435\u0442\u0430 \u0424\u043e\u0434\u0438\u043d\u0430, \u041c\u0435\u0434\u0438\u0446\u0438\u043d\u0441\u043a\u0438\u0439 \u0434\u0438\u0440\u0435\u043a\u0442\u043e\u0440, \u0440\u0435\u043f\u0440\u043e\u0434\u0443\u043a\u0442\u043e\u043b\u043e\u0433, \u0430\u043a\u0443\u0448\u0435\u0440-\u0433\u0438\u043d\u0435\u043a\u043e\u043b\u043e\u0433. \u0426\u0435\u043d\u0442\u0440 \u0433\u0435\u043d\u0435\u0442\u0438\u043a\u0438 iVF Riga. \u0412\u044b\u0441\u043e\u043a\u043e\u043a\u0432\u0430\u043b\u0438\u0444\u0438\u0446\u0438\u0440\u043e\u0432\u0430\u043d\u043d\u044b\u0435 \u0432\u0440\u0430\u0447\u0438-\u0433\u0435\u043d\u0435\u0442\u0438\u043a\u0438.","robots":{"index":"index","follow":"follow","max-snippet":"max-snippet:-1","max-image-preview":"max-image-preview:large","max-video-preview":"max-video-preview:-1"},"canonical":"http:\/\/genetikascentrs.lv\/ru\/nasha-komanda\/dr-violeta-fodina-reproduktolog-akusher-ginekolog\/","og_locale":"ru_RU","og_type":"article","og_title":"\u0414\u0440. \u0412\u0438\u043e\u043b\u0435\u0442\u0430 \u0424\u043e\u0434\u0438\u043d\u0430, \u041c\u0435\u0434. \u0434\u0438\u0440\u0435\u043a\u0442\u043e\u0440, \u0440\u0435\u043f\u0440\u043e\u0434\u0443\u043a\u0442\u043e\u043b\u043e\u0433, \u0430\u043a\u0443\u0448\u0435\u0440-\u0433\u0438\u043d\u0435\u043a\u043e\u043b\u043e\u0433","og_description":"\u0414\u0440. \u0412\u0438\u043e\u043b\u0435\u0442\u0430 \u0424\u043e\u0434\u0438\u043d\u0430, \u041c\u0435\u0434\u0438\u0446\u0438\u043d\u0441\u043a\u0438\u0439 \u0434\u0438\u0440\u0435\u043a\u0442\u043e\u0440, \u0440\u0435\u043f\u0440\u043e\u0434\u0443\u043a\u0442\u043e\u043b\u043e\u0433, \u0430\u043a\u0443\u0448\u0435\u0440-\u0433\u0438\u043d\u0435\u043a\u043e\u043b\u043e\u0433. \u0426\u0435\u043d\u0442\u0440 \u0433\u0435\u043d\u0435\u0442\u0438\u043a\u0438 iVF Riga. \u0412\u044b\u0441\u043e\u043a\u043e\u043a\u0432\u0430\u043b\u0438\u0444\u0438\u0446\u0438\u0440\u043e\u0432\u0430\u043d\u043d\u044b\u0435 \u0432\u0440\u0430\u0447\u0438-\u0433\u0435\u043d\u0435\u0442\u0438\u043a\u0438.","og_url":"http:\/\/genetikascentrs.lv\/ru\/nasha-komanda\/dr-violeta-fodina-reproduktolog-akusher-ginekolog\/","og_site_name":"iVF Riga \u0123en\u0113tikas centrs","article_modified_time":"2021-10-13T09:31:24+00:00","twitter_card":"summary_large_image","twitter_misc":{"\u041f\u0440\u0438\u043c\u0435\u0440\u043d\u043e\u0435 \u0432\u0440\u0435\u043c\u044f \u0434\u043b\u044f \u0447\u0442\u0435\u043d\u0438\u044f":"1 \u043c\u0438\u043d\u0443\u0442\u0430"},"schema":{"@context":"https:\/\/schema.org","@graph":[{"@type":"WebPage","@id":"http:\/\/genetikascentrs.lv\/ru\/nasha-komanda\/dr-violeta-fodina-reproduktolog-akusher-ginekolog\/","url":"http:\/\/genetikascentrs.lv\/ru\/nasha-komanda\/dr-violeta-fodina-reproduktolog-akusher-ginekolog\/","name":"\u0414\u0440. \u0412\u0438\u043e\u043b\u0435\u0442\u0430 \u0424\u043e\u0434\u0438\u043d\u0430, \u041c\u0435\u0434. \u0434\u0438\u0440\u0435\u043a\u0442\u043e\u0440, \u0440\u0435\u043f\u0440\u043e\u0434\u0443\u043a\u0442\u043e\u043b\u043e\u0433, \u0430\u043a\u0443\u0448\u0435\u0440-\u0433\u0438\u043d\u0435\u043a\u043e\u043b\u043e\u0433","isPartOf":{"@id":"https:\/\/genetikascentrs.lv\/ru\/#website"},"datePublished":"2020-07-07T15:01:28+00:00","dateModified":"2021-10-13T09:31:24+00:00","description":"\u0414\u0440. \u0412\u0438\u043e\u043b\u0435\u0442\u0430 \u0424\u043e\u0434\u0438\u043d\u0430, \u041c\u0435\u0434\u0438\u0446\u0438\u043d\u0441\u043a\u0438\u0439 \u0434\u0438\u0440\u0435\u043a\u0442\u043e\u0440, \u0440\u0435\u043f\u0440\u043e\u0434\u0443\u043a\u0442\u043e\u043b\u043e\u0433, \u0430\u043a\u0443\u0448\u0435\u0440-\u0433\u0438\u043d\u0435\u043a\u043e\u043b\u043e\u0433. \u0426\u0435\u043d\u0442\u0440 \u0433\u0435\u043d\u0435\u0442\u0438\u043a\u0438 iVF Riga. \u0412\u044b\u0441\u043e\u043a\u043e\u043a\u0432\u0430\u043b\u0438\u0444\u0438\u0446\u0438\u0440\u043e\u0432\u0430\u043d\u043d\u044b\u0435 \u0432\u0440\u0430\u0447\u0438-\u0433\u0435\u043d\u0435\u0442\u0438\u043a\u0438.","breadcrumb":{"@id":"http:\/\/genetikascentrs.lv\/ru\/nasha-komanda\/dr-violeta-fodina-reproduktolog-akusher-ginekolog\/#breadcrumb"},"inLanguage":"ru-RU","potentialAction":[{"@type":"ReadAction","target":["http:\/\/genetikascentrs.lv\/ru\/nasha-komanda\/dr-violeta-fodina-reproduktolog-akusher-ginekolog\/"]}]},{"@type":"BreadcrumbList","@id":"http:\/\/genetikascentrs.lv\/ru\/nasha-komanda\/dr-violeta-fodina-reproduktolog-akusher-ginekolog\/#breadcrumb","itemListElement":[{"@type":"ListItem","position":1,"name":"Home","item":"https:\/\/genetikascentrs.lv\/ru\/"},{"@type":"ListItem","position":2,"name":"\u041d\u0430\u0448\u0430 \u043a\u043e\u043c\u0430\u043d\u0434\u0430","item":"https:\/\/genetikascentrs.lv\/ru\/nasha-komanda\/"},{"@type":"ListItem","position":3,"name":"\u0414\u0440. \u0412\u0438\u043e\u043b\u0435\u0442\u0430 \u0424\u043e\u0434\u0438\u043d\u0430"}]},{"@type":"WebSite","@id":"https:\/\/genetikascentrs.lv\/ru\/#website","url":"https:\/\/genetikascentrs.lv\/ru\/","name":"iVF Riga \u0123en\u0113tikas centrs","description":"\u0122en\u0113tikas centrs","publisher":{"@id":"https:\/\/genetikascentrs.lv\/ru\/#organization"},"potentialAction":[{"@type":"SearchAction","target":{"@type":"EntryPoint","urlTemplate":"https:\/\/genetikascentrs.lv\/ru\/?s={search_term_string}"},"query-input":{"@type":"PropertyValueSpecification","valueRequired":true,"valueName":"search_term_string"}}],"inLanguage":"ru-RU"},{"@type":"Organization","@id":"https:\/\/genetikascentrs.lv\/ru\/#organization","name":"iVF Riga \u0123en\u0113tikas centrs","url":"https:\/\/genetikascentrs.lv\/ru\/","logo":{"@type":"ImageObject","inLanguage":"ru-RU","@id":"https:\/\/genetikascentrs.lv\/ru\/#\/schema\/logo\/image\/","url":"http:\/\/genetikascentrs.lv\/wp-content\/uploads\/2021\/02\/cropped-iVF-Genetikas-logo.png","contentUrl":"http:\/\/genetikascentrs.lv\/wp-content\/uploads\/2021\/02\/cropped-iVF-Genetikas-logo.png","width":861,"height":250,"caption":"iVF Riga \u0123en\u0113tikas centrs"},"image":{"@id":"https:\/\/genetikascentrs.lv\/ru\/#\/schema\/logo\/image\/"}}]}},"_links":{"self":[{"href":"http:\/\/genetikascentrs.lv\/ru\/wp-json\/wp\/v2\/pages\/3530","targetHints":{"allow":["GET"]}}],"collection":[{"href":"http:\/\/genetikascentrs.lv\/ru\/wp-json\/wp\/v2\/pages"}],"about":[{"href":"http:\/\/genetikascentrs.lv\/ru\/wp-json\/wp\/v2\/types\/page"}],"author":[{"embeddable":true,"href":"http:\/\/genetikascentrs.lv\/ru\/wp-json\/wp\/v2\/users\/1"}],"replies":[{"embeddable":true,"href":"http:\/\/genetikascentrs.lv\/ru\/wp-json\/wp\/v2\/comments?post=3530"}],"version-history":[{"count":8,"href":"http:\/\/genetikascentrs.lv\/ru\/wp-json\/wp\/v2\/pages\/3530\/revisions"}],"predecessor-version":[{"id":5292,"href":"http:\/\/genetikascentrs.lv\/ru\/wp-json\/wp\/v2\/pages\/3530\/revisions\/5292"}],"up":[{"embeddable":true,"href":"http:\/\/genetikascentrs.lv\/ru\/wp-json\/wp\/v2\/pages\/3227"}],"wp:attachment":[{"href":"http:\/\/genetikascentrs.lv\/ru\/wp-json\/wp\/v2\/media?parent=3530"}],"curies":[{"name":"wp","href":"https:\/\/api.w.org\/{rel}","templated":true}]}}