{"id":3257,"date":"2020-07-17T11:15:37","date_gmt":"2020-07-17T11:15:37","guid":{"rendered":"http:\/\/genetikascentrs.lv\/o-nas\/partneri\/"},"modified":"2020-10-22T18:17:30","modified_gmt":"2020-10-22T18:17:30","slug":"partnery","status":"publish","type":"page","link":"http:\/\/genetikascentrs.lv\/ru\/o-nas\/partnery\/","title":{"rendered":"\u041f\u0430\u0440\u0442\u043d\u0451\u0440\u044b"},"content":{"rendered":"[vc_row][vc_column][vc_media_grid grid_id=&#187;vc_gid:1594990873378-ac209ec8-b0fb-1&#8243; include=&#187;2692,2689,2686,2683,2680,2677,2674,2671,2668,2665,2662,2659,2656,2653,2650,2647,2644,2641,2638,2635,2632,2629,2626,2623,2620,2617&#8243; el_class=&#187;partners_box&#187;][\/vc_column][\/vc_row][vc_row][vc_column][vc_raw_js]JTNDJTIxLS0lMjAlRDAlOUElRDAlOTAlRDAlOTYlRDAlOTQlRDAlOUUlRDAlOTUlMjAlRDAlQTQlRDAlOUUlRDAlQTIlRDAlOUUlMjAlRDAlOTQlRDAlOUUlRDAlOUIlRDAlOTYlRDAlOUQlRDAlOUUlMjAlRDAlOTglRDAlOUMlRDAlOTUlRDAlQTIlRDAlQUMlMjBBTFQlMjAlRDAlQTIlRDAlOTUlRDAlOUElRDAlQTElRDAlQTIlRDAlOUUlRDAlOUMlMjBVUkwlMjAlRDAlOUQlRDAlOTAlMjAlRDAlOUElRDAlOUUlRDAlQTIlRDAlOUUlRDAlQTAlRDAlQUIlRDAlOTklMjAlRDAlOUQlRDAlQTMlRDAlOTYlRDAlOUQlRDAlOUUlMjAlRDAlQTElRDAlQTElRDAlQUIlRDAlOUIlRDAlOTAlRDAlQTIlRDAlQUMlRDAlQTElRDAlQUYlMjAtLSUzRSUwQSUzQ3NjcmlwdCUzRSUyMCUwQSUyMCUyMCUyMCUyMHdpbmRvdy5vbmxvYWQlMjAlM0QlMjAlMjglMjklM0QlM0UlN0IlMEElMjAlMjAlMjAlMjAlMjAlMjAlMjBzZXRUaW1lb3V0JTI4JTI4JTI5JTNEJTNFJTdCJTBBdmFyJTIwaW1nTGluayUyMCUzRCUyMGRvY3VtZW50LnF1ZXJ5U2VsZWN0b3IlMjglMjcucGFydG5lcnNfYm94JTI3JTI5LnF1ZXJ5U2VsZWN0b3JBbGwlMjglMjdpbWclMjclMjklMEElMjAlMjB2YXIlMjBhTGluayUyMCUzRCUyMGRvY3VtZW50LnF1ZXJ5U2VsZWN0b3IlMjglMjcucGFydG5lcnNfYm94JTI3JTI5LnF1ZXJ5U2VsZWN0b3JBbGwlMjglMjdhJTI3JTI5JTBBJTIwJTIwJTIwJTIwJTIwJTIwYUxpbmsuZm9yRWFjaCUyOCUyOGVsJTJDaSUyOSUzRCUzRSU3QiUwQSUyMCUyMCUyMCUyMCUyMCUyMCUyMCUyMCUyMGVsLnJlbW92ZUF0dHJpYnV0ZSUyOCUyN2RhdGEtcmVsJTI3JTI5JTBBJTIwJTIwJTIwJTIwJTIwJTIwJTIwJTIwJTIwZWwucmVtb3ZlQXR0cmlidXRlJTI4JTI3ZGF0YS12Yy1naXRlbS16b25lJTI3JTI5JTBBJTIwJTIwJTIwJTIwJTIwJTIwJTIwJTIwJTIwZWwuc2V0QXR0cmlidXRlJTI4JTI3aHJlZiUyNyUyQyUyNyUyMyUyNyUyOSUwQSUwQSUyMCUyMCUyMCUyMCUyMCUyMCUyMCUyMCUyMHZhciUyMG5ld19lbGVtZW50JTIwJTNEJTIwZWwuY2xvbmVOb2RlJTI4dHJ1ZSUyOSUzQiUwQSUyMCUyMCUyMCUyMCUyMCUyMCUyMCUyMCUyMGVsLnBhcmVudE5vZGUucmVwbGFjZUNoaWxkJTI4bmV3X2VsZW1lbnQlMkMlMjBlbCUyOSUzQiUwQSUyMCUyMCUyMCUyMCUyMCUyMCU3RCUyOSUwQSUyMCUyMCUyMCUyMCUyMCUyMHZhciUyMGFMaW5rTmV3JTIwJTNEJTIwZG9jdW1lbnQucXVlcnlTZWxlY3RvciUyOCUyNy5wYXJ0bmVyc19ib3glMjclMjkucXVlcnlTZWxlY3RvckFsbCUyOCUyN2ElMjclMjkuZm9yRWFjaCUyOCUyOGVsJTJDaSUyOSUzRCUzRSU3QiUwQSUyMCUyMCUyMCUyMCUyMCUyMCUyMCUyMGVsLmFkZEV2ZW50TGlzdGVuZXIlMjglMjdjbGljayUyNyUyQ2UlM0QlM0UlN0IlMEElMjAlMjAlMjAlMjAlMjAlMjAlMjAlMjAlMjAlMjBlLnByZXZlbnREZWZhdWx0JTI4JTI5JTNCJTBBJTIwJTIwJTIwJTIwJTIwJTIwJTIwJTIwJTIwJTIwd2luZG93Lm9wZW4lMjhpbWdMaW5rJTVCaSU1RC5hbHQlMkMlMjAlMjdfYmxhbmslMjclMjklM0IlMEElMjAlMjAlMjAlMjAlMjAlMjAlMjAlN0QlMkMlMjBmYWxzZSUyOSUwQSUyMCUyMCUyMCUyMCUyMCUyMCU3RCUyOSUwQSUyMCUyMCUwQSUyMCUyMCUyMCUyMCUyMCUyMCUyMCU3RCUyQzEwMCUyOSUwQSUyMCUyMCUyMCUyMCU3RCUwQSUzQyUyRnNjcmlwdCUzRQ==[\/vc_raw_js][\/vc_column][\/vc_row]\n","protected":false},"excerpt":{"rendered":"<p>[vc_row][vc_column][vc_media_grid grid_id=&#187;vc_gid:1594990873378-ac209ec8-b0fb-1&#8243; include=&#187;2692,2689,2686,2683,2680,2677,2674,2671,2668,2665,2662,2659,2656,2653,2650,2647,2644,2641,2638,2635,2632,2629,2626,2623,2620,2617&#8243; el_class=&#187;partners_box&#187;][\/vc_column][\/vc_row][vc_row][vc_column][vc_raw_js]JTNDJTIxLS0lMjAlRDAlOUElRDAlOTAlRDAlOTYlRDAlOTQlRDAlOUUlRDAlOTUlMjAlRDAlQTQlRDAlOUUlRDAlQTIlRDAlOUUlMjAlRDAlOTQlRDAlOUUlRDAlOUIlRDAlOTYlRDAlOUQlRDAlOUUlMjAlRDAlOTglRDAlOUMlRDAlOTUlRDAlQTIlRDAlQUMlMjBBTFQlMjAlRDAlQTIlRDAlOTUlRDAlOUElRDAlQTElRDAlQTIlRDAlOUUlRDAlOUMlMjBVUkwlMjAlRDAlOUQlRDAlOTAlMjAlRDAlOUElRDAlOUUlRDAlQTIlRDAlOUUlRDAlQTAlRDAlQUIlRDAlOTklMjAlRDAlOUQlRDAlQTMlRDAlOTYlRDAlOUQlRDAlOUUlMjAlRDAlQTElRDAlQTElRDAlQUIlRDAlOUIlRDAlOTAlRDAlQTIlRDAlQUMlRDAlQTElRDAlQUYlMjAtLSUzRSUwQSUzQ3NjcmlwdCUzRSUyMCUwQSUyMCUyMCUyMCUyMHdpbmRvdy5vbmxvYWQlMjAlM0QlMjAlMjglMjklM0QlM0UlN0IlMEElMjAlMjAlMjAlMjAlMjAlMjAlMjBzZXRUaW1lb3V0JTI4JTI4JTI5JTNEJTNFJTdCJTBBdmFyJTIwaW1nTGluayUyMCUzRCUyMGRvY3VtZW50LnF1ZXJ5U2VsZWN0b3IlMjglMjcucGFydG5lcnNfYm94JTI3JTI5LnF1ZXJ5U2VsZWN0b3JBbGwlMjglMjdpbWclMjclMjklMEElMjAlMjB2YXIlMjBhTGluayUyMCUzRCUyMGRvY3VtZW50LnF1ZXJ5U2VsZWN0b3IlMjglMjcucGFydG5lcnNfYm94JTI3JTI5LnF1ZXJ5U2VsZWN0b3JBbGwlMjglMjdhJTI3JTI5JTBBJTIwJTIwJTIwJTIwJTIwJTIwYUxpbmsuZm9yRWFjaCUyOCUyOGVsJTJDaSUyOSUzRCUzRSU3QiUwQSUyMCUyMCUyMCUyMCUyMCUyMCUyMCUyMCUyMGVsLnJlbW92ZUF0dHJpYnV0ZSUyOCUyN2RhdGEtcmVsJTI3JTI5JTBBJTIwJTIwJTIwJTIwJTIwJTIwJTIwJTIwJTIwZWwucmVtb3ZlQXR0cmlidXRlJTI4JTI3ZGF0YS12Yy1naXRlbS16b25lJTI3JTI5JTBBJTIwJTIwJTIwJTIwJTIwJTIwJTIwJTIwJTIwZWwuc2V0QXR0cmlidXRlJTI4JTI3aHJlZiUyNyUyQyUyNyUyMyUyNyUyOSUwQSUwQSUyMCUyMCUyMCUyMCUyMCUyMCUyMCUyMCUyMHZhciUyMG5ld19lbGVtZW50JTIwJTNEJTIwZWwuY2xvbmVOb2RlJTI4dHJ1ZSUyOSUzQiUwQSUyMCUyMCUyMCUyMCUyMCUyMCUyMCUyMCUyMGVsLnBhcmVudE5vZGUucmVwbGFjZUNoaWxkJTI4bmV3X2VsZW1lbnQlMkMlMjBlbCUyOSUzQiUwQSUyMCUyMCUyMCUyMCUyMCUyMCU3RCUyOSUwQSUyMCUyMCUyMCUyMCUyMCUyMHZhciUyMGFMaW5rTmV3JTIwJTNEJTIwZG9jdW1lbnQucXVlcnlTZWxlY3RvciUyOCUyNy5wYXJ0bmVyc19ib3glMjclMjkucXVlcnlTZWxlY3RvckFsbCUyOCUyN2ElMjclMjkuZm9yRWFjaCUyOCUyOGVsJTJDaSUyOSUzRCUzRSU3QiUwQSUyMCUyMCUyMCUyMCUyMCUyMCUyMCUyMGVsLmFkZEV2ZW50TGlzdGVuZXIlMjglMjdjbGljayUyNyUyQ2UlM0QlM0UlN0IlMEElMjAlMjAlMjAlMjAlMjAlMjAlMjAlMjAlMjAlMjBlLnByZXZlbnREZWZhdWx0JTI4JTI5JTNCJTBBJTIwJTIwJTIwJTIwJTIwJTIwJTIwJTIwJTIwJTIwd2luZG93Lm9wZW4lMjhpbWdMaW5rJTVCaSU1RC5hbHQlMkMlMjAlMjdfYmxhbmslMjclMjklM0IlMEElMjAlMjAlMjAlMjAlMjAlMjAlMjAlN0QlMkMlMjBmYWxzZSUyOSUwQSUyMCUyMCUyMCUyMCUyMCUyMCU3RCUyOSUwQSUyMCUyMCUwQSUyMCUyMCUyMCUyMCUyMCUyMCUyMCU3RCUyQzEwMCUyOSUwQSUyMCUyMCUyMCUyMCU3RCUwQSUzQyUyRnNjcmlwdCUzRQ==[\/vc_raw_js][\/vc_column][\/vc_row]<\/p>\n","protected":false},"author":1,"featured_media":0,"parent":3001,"menu_order":0,"comment_status":"closed","ping_status":"closed","template":"","meta":{"footnotes":""},"class_list":["post-3257","page","type-page","status-publish","hentry"],"yoast_head":"<!-- This site is optimized with the Yoast SEO plugin v24.5 - https:\/\/yoast.com\/wordpress\/plugins\/seo\/ -->\n<title>\u041f\u0430\u0440\u0442\u043d\u0451\u0440\u044b, \u0426\u0435\u043d\u0442\u0440 \u0433\u0435\u043d\u0435\u0442\u0438\u043a\u0438 iVF Riga - iVF Riga \u0123en\u0113tikas centrs<\/title>\n<meta name=\"description\" content=\"\u041f\u0430\u0440\u0442\u043d\u0451\u0440\u044b, \u0426\u0435\u043d\u0442\u0440 \u0433\u0435\u043d\u0435\u0442\u0438\u043a\u0438 iVF Riga. \u0412\u044b\u0441\u043e\u043a\u043e\u043a\u0432\u0430\u043b\u0438\u0444\u0438\u0446\u0438\u0440\u043e\u0432\u0430\u043d\u043d\u044b\u0435 \u0432\u0440\u0430\u0447\u0438-\u0433\u0435\u043d\u0435\u0442\u0438\u043a\u0438, \u0431\u043e\u043b\u044c\u0448\u043e\u0439 \u043e\u043f\u044b\u0442 \u0440\u0430\u0431\u043e\u0442\u044b, \u0441\u043e\u0432\u0440\u0435\u043c\u0435\u043d\u043d\u043e \u043e\u0431\u043e\u0440\u0443\u0434\u043e\u0432\u0430\u043d\u043d\u0430\u044f \u043b\u0430\u0431\u043e\u0440\u0430\u0442\u043e\u0440\u0438\u044f.\" \/>\n<meta name=\"robots\" content=\"index, follow, max-snippet:-1, max-image-preview:large, max-video-preview:-1\" \/>\n<link rel=\"canonical\" href=\"http:\/\/genetikascentrs.lv\/ru\/o-nas\/partnery\/\" \/>\n<meta property=\"og:locale\" content=\"ru_RU\" \/>\n<meta property=\"og:type\" content=\"article\" \/>\n<meta property=\"og:title\" content=\"\u041f\u0430\u0440\u0442\u043d\u0451\u0440\u044b, \u0426\u0435\u043d\u0442\u0440 \u0433\u0435\u043d\u0435\u0442\u0438\u043a\u0438 iVF Riga - iVF Riga \u0123en\u0113tikas centrs\" \/>\n<meta property=\"og:description\" content=\"\u041f\u0430\u0440\u0442\u043d\u0451\u0440\u044b, \u0426\u0435\u043d\u0442\u0440 \u0433\u0435\u043d\u0435\u0442\u0438\u043a\u0438 iVF Riga. \u0412\u044b\u0441\u043e\u043a\u043e\u043a\u0432\u0430\u043b\u0438\u0444\u0438\u0446\u0438\u0440\u043e\u0432\u0430\u043d\u043d\u044b\u0435 \u0432\u0440\u0430\u0447\u0438-\u0433\u0435\u043d\u0435\u0442\u0438\u043a\u0438, \u0431\u043e\u043b\u044c\u0448\u043e\u0439 \u043e\u043f\u044b\u0442 \u0440\u0430\u0431\u043e\u0442\u044b, \u0441\u043e\u0432\u0440\u0435\u043c\u0435\u043d\u043d\u043e \u043e\u0431\u043e\u0440\u0443\u0434\u043e\u0432\u0430\u043d\u043d\u0430\u044f \u043b\u0430\u0431\u043e\u0440\u0430\u0442\u043e\u0440\u0438\u044f.\" \/>\n<meta property=\"og:url\" content=\"http:\/\/genetikascentrs.lv\/ru\/o-nas\/partnery\/\" \/>\n<meta property=\"og:site_name\" content=\"iVF Riga \u0123en\u0113tikas centrs\" \/>\n<meta property=\"article:modified_time\" content=\"2020-10-22T18:17:30+00:00\" \/>\n<meta name=\"twitter:card\" content=\"summary_large_image\" \/>\n<meta name=\"twitter:label1\" content=\"\u041f\u0440\u0438\u043c\u0435\u0440\u043d\u043e\u0435 \u0432\u0440\u0435\u043c\u044f \u0434\u043b\u044f \u0447\u0442\u0435\u043d\u0438\u044f\" \/>\n\t<meta name=\"twitter:data1\" content=\"1 \u043c\u0438\u043d\u0443\u0442\u0430\" \/>\n<script type=\"application\/ld+json\" class=\"yoast-schema-graph\">{\"@context\":\"https:\/\/schema.org\",\"@graph\":[{\"@type\":\"WebPage\",\"@id\":\"http:\/\/genetikascentrs.lv\/ru\/o-nas\/partnery\/\",\"url\":\"http:\/\/genetikascentrs.lv\/ru\/o-nas\/partnery\/\",\"name\":\"\u041f\u0430\u0440\u0442\u043d\u0451\u0440\u044b, \u0426\u0435\u043d\u0442\u0440 \u0433\u0435\u043d\u0435\u0442\u0438\u043a\u0438 iVF Riga - iVF Riga \u0123en\u0113tikas centrs\",\"isPartOf\":{\"@id\":\"https:\/\/genetikascentrs.lv\/ru\/#website\"},\"datePublished\":\"2020-07-17T11:15:37+00:00\",\"dateModified\":\"2020-10-22T18:17:30+00:00\",\"description\":\"\u041f\u0430\u0440\u0442\u043d\u0451\u0440\u044b, \u0426\u0435\u043d\u0442\u0440 \u0433\u0435\u043d\u0435\u0442\u0438\u043a\u0438 iVF Riga. \u0412\u044b\u0441\u043e\u043a\u043e\u043a\u0432\u0430\u043b\u0438\u0444\u0438\u0446\u0438\u0440\u043e\u0432\u0430\u043d\u043d\u044b\u0435 \u0432\u0440\u0430\u0447\u0438-\u0433\u0435\u043d\u0435\u0442\u0438\u043a\u0438, \u0431\u043e\u043b\u044c\u0448\u043e\u0439 \u043e\u043f\u044b\u0442 \u0440\u0430\u0431\u043e\u0442\u044b, \u0441\u043e\u0432\u0440\u0435\u043c\u0435\u043d\u043d\u043e \u043e\u0431\u043e\u0440\u0443\u0434\u043e\u0432\u0430\u043d\u043d\u0430\u044f \u043b\u0430\u0431\u043e\u0440\u0430\u0442\u043e\u0440\u0438\u044f.\",\"breadcrumb\":{\"@id\":\"http:\/\/genetikascentrs.lv\/ru\/o-nas\/partnery\/#breadcrumb\"},\"inLanguage\":\"ru-RU\",\"potentialAction\":[{\"@type\":\"ReadAction\",\"target\":[\"http:\/\/genetikascentrs.lv\/ru\/o-nas\/partnery\/\"]}]},{\"@type\":\"BreadcrumbList\",\"@id\":\"http:\/\/genetikascentrs.lv\/ru\/o-nas\/partnery\/#breadcrumb\",\"itemListElement\":[{\"@type\":\"ListItem\",\"position\":1,\"name\":\"Home\",\"item\":\"https:\/\/genetikascentrs.lv\/ru\/\"},{\"@type\":\"ListItem\",\"position\":2,\"name\":\"\u041e \u043d\u0430\u0441\",\"item\":\"https:\/\/genetikascentrs.lv\/ru\/o-nas\/\"},{\"@type\":\"ListItem\",\"position\":3,\"name\":\"\u041f\u0430\u0440\u0442\u043d\u0451\u0440\u044b\"}]},{\"@type\":\"WebSite\",\"@id\":\"https:\/\/genetikascentrs.lv\/ru\/#website\",\"url\":\"https:\/\/genetikascentrs.lv\/ru\/\",\"name\":\"iVF Riga \u0123en\u0113tikas centrs\",\"description\":\"\u0122en\u0113tikas centrs\",\"publisher\":{\"@id\":\"https:\/\/genetikascentrs.lv\/ru\/#organization\"},\"potentialAction\":[{\"@type\":\"SearchAction\",\"target\":{\"@type\":\"EntryPoint\",\"urlTemplate\":\"https:\/\/genetikascentrs.lv\/ru\/?s={search_term_string}\"},\"query-input\":{\"@type\":\"PropertyValueSpecification\",\"valueRequired\":true,\"valueName\":\"search_term_string\"}}],\"inLanguage\":\"ru-RU\"},{\"@type\":\"Organization\",\"@id\":\"https:\/\/genetikascentrs.lv\/ru\/#organization\",\"name\":\"iVF Riga \u0123en\u0113tikas centrs\",\"url\":\"https:\/\/genetikascentrs.lv\/ru\/\",\"logo\":{\"@type\":\"ImageObject\",\"inLanguage\":\"ru-RU\",\"@id\":\"https:\/\/genetikascentrs.lv\/ru\/#\/schema\/logo\/image\/\",\"url\":\"http:\/\/genetikascentrs.lv\/wp-content\/uploads\/2021\/02\/cropped-iVF-Genetikas-logo.png\",\"contentUrl\":\"http:\/\/genetikascentrs.lv\/wp-content\/uploads\/2021\/02\/cropped-iVF-Genetikas-logo.png\",\"width\":861,\"height\":250,\"caption\":\"iVF Riga \u0123en\u0113tikas centrs\"},\"image\":{\"@id\":\"https:\/\/genetikascentrs.lv\/ru\/#\/schema\/logo\/image\/\"}}]}<\/script>\n<!-- \/ Yoast SEO plugin. -->","yoast_head_json":{"title":"\u041f\u0430\u0440\u0442\u043d\u0451\u0440\u044b, \u0426\u0435\u043d\u0442\u0440 \u0433\u0435\u043d\u0435\u0442\u0438\u043a\u0438 iVF Riga - iVF Riga \u0123en\u0113tikas centrs","description":"\u041f\u0430\u0440\u0442\u043d\u0451\u0440\u044b, \u0426\u0435\u043d\u0442\u0440 \u0433\u0435\u043d\u0435\u0442\u0438\u043a\u0438 iVF Riga. \u0412\u044b\u0441\u043e\u043a\u043e\u043a\u0432\u0430\u043b\u0438\u0444\u0438\u0446\u0438\u0440\u043e\u0432\u0430\u043d\u043d\u044b\u0435 \u0432\u0440\u0430\u0447\u0438-\u0433\u0435\u043d\u0435\u0442\u0438\u043a\u0438, \u0431\u043e\u043b\u044c\u0448\u043e\u0439 \u043e\u043f\u044b\u0442 \u0440\u0430\u0431\u043e\u0442\u044b, \u0441\u043e\u0432\u0440\u0435\u043c\u0435\u043d\u043d\u043e \u043e\u0431\u043e\u0440\u0443\u0434\u043e\u0432\u0430\u043d\u043d\u0430\u044f \u043b\u0430\u0431\u043e\u0440\u0430\u0442\u043e\u0440\u0438\u044f.","robots":{"index":"index","follow":"follow","max-snippet":"max-snippet:-1","max-image-preview":"max-image-preview:large","max-video-preview":"max-video-preview:-1"},"canonical":"http:\/\/genetikascentrs.lv\/ru\/o-nas\/partnery\/","og_locale":"ru_RU","og_type":"article","og_title":"\u041f\u0430\u0440\u0442\u043d\u0451\u0440\u044b, \u0426\u0435\u043d\u0442\u0440 \u0433\u0435\u043d\u0435\u0442\u0438\u043a\u0438 iVF Riga - iVF Riga \u0123en\u0113tikas centrs","og_description":"\u041f\u0430\u0440\u0442\u043d\u0451\u0440\u044b, \u0426\u0435\u043d\u0442\u0440 \u0433\u0435\u043d\u0435\u0442\u0438\u043a\u0438 iVF Riga. \u0412\u044b\u0441\u043e\u043a\u043e\u043a\u0432\u0430\u043b\u0438\u0444\u0438\u0446\u0438\u0440\u043e\u0432\u0430\u043d\u043d\u044b\u0435 \u0432\u0440\u0430\u0447\u0438-\u0433\u0435\u043d\u0435\u0442\u0438\u043a\u0438, \u0431\u043e\u043b\u044c\u0448\u043e\u0439 \u043e\u043f\u044b\u0442 \u0440\u0430\u0431\u043e\u0442\u044b, \u0441\u043e\u0432\u0440\u0435\u043c\u0435\u043d\u043d\u043e \u043e\u0431\u043e\u0440\u0443\u0434\u043e\u0432\u0430\u043d\u043d\u0430\u044f \u043b\u0430\u0431\u043e\u0440\u0430\u0442\u043e\u0440\u0438\u044f.","og_url":"http:\/\/genetikascentrs.lv\/ru\/o-nas\/partnery\/","og_site_name":"iVF Riga \u0123en\u0113tikas centrs","article_modified_time":"2020-10-22T18:17:30+00:00","twitter_card":"summary_large_image","twitter_misc":{"\u041f\u0440\u0438\u043c\u0435\u0440\u043d\u043e\u0435 \u0432\u0440\u0435\u043c\u044f \u0434\u043b\u044f \u0447\u0442\u0435\u043d\u0438\u044f":"1 \u043c\u0438\u043d\u0443\u0442\u0430"},"schema":{"@context":"https:\/\/schema.org","@graph":[{"@type":"WebPage","@id":"http:\/\/genetikascentrs.lv\/ru\/o-nas\/partnery\/","url":"http:\/\/genetikascentrs.lv\/ru\/o-nas\/partnery\/","name":"\u041f\u0430\u0440\u0442\u043d\u0451\u0440\u044b, \u0426\u0435\u043d\u0442\u0440 \u0433\u0435\u043d\u0435\u0442\u0438\u043a\u0438 iVF Riga - iVF Riga \u0123en\u0113tikas centrs","isPartOf":{"@id":"https:\/\/genetikascentrs.lv\/ru\/#website"},"datePublished":"2020-07-17T11:15:37+00:00","dateModified":"2020-10-22T18:17:30+00:00","description":"\u041f\u0430\u0440\u0442\u043d\u0451\u0440\u044b, \u0426\u0435\u043d\u0442\u0440 \u0433\u0435\u043d\u0435\u0442\u0438\u043a\u0438 iVF Riga. \u0412\u044b\u0441\u043e\u043a\u043e\u043a\u0432\u0430\u043b\u0438\u0444\u0438\u0446\u0438\u0440\u043e\u0432\u0430\u043d\u043d\u044b\u0435 \u0432\u0440\u0430\u0447\u0438-\u0433\u0435\u043d\u0435\u0442\u0438\u043a\u0438, \u0431\u043e\u043b\u044c\u0448\u043e\u0439 \u043e\u043f\u044b\u0442 \u0440\u0430\u0431\u043e\u0442\u044b, \u0441\u043e\u0432\u0440\u0435\u043c\u0435\u043d\u043d\u043e \u043e\u0431\u043e\u0440\u0443\u0434\u043e\u0432\u0430\u043d\u043d\u0430\u044f \u043b\u0430\u0431\u043e\u0440\u0430\u0442\u043e\u0440\u0438\u044f.","breadcrumb":{"@id":"http:\/\/genetikascentrs.lv\/ru\/o-nas\/partnery\/#breadcrumb"},"inLanguage":"ru-RU","potentialAction":[{"@type":"ReadAction","target":["http:\/\/genetikascentrs.lv\/ru\/o-nas\/partnery\/"]}]},{"@type":"BreadcrumbList","@id":"http:\/\/genetikascentrs.lv\/ru\/o-nas\/partnery\/#breadcrumb","itemListElement":[{"@type":"ListItem","position":1,"name":"Home","item":"https:\/\/genetikascentrs.lv\/ru\/"},{"@type":"ListItem","position":2,"name":"\u041e \u043d\u0430\u0441","item":"https:\/\/genetikascentrs.lv\/ru\/o-nas\/"},{"@type":"ListItem","position":3,"name":"\u041f\u0430\u0440\u0442\u043d\u0451\u0440\u044b"}]},{"@type":"WebSite","@id":"https:\/\/genetikascentrs.lv\/ru\/#website","url":"https:\/\/genetikascentrs.lv\/ru\/","name":"iVF Riga \u0123en\u0113tikas centrs","description":"\u0122en\u0113tikas centrs","publisher":{"@id":"https:\/\/genetikascentrs.lv\/ru\/#organization"},"potentialAction":[{"@type":"SearchAction","target":{"@type":"EntryPoint","urlTemplate":"https:\/\/genetikascentrs.lv\/ru\/?s={search_term_string}"},"query-input":{"@type":"PropertyValueSpecification","valueRequired":true,"valueName":"search_term_string"}}],"inLanguage":"ru-RU"},{"@type":"Organization","@id":"https:\/\/genetikascentrs.lv\/ru\/#organization","name":"iVF Riga \u0123en\u0113tikas centrs","url":"https:\/\/genetikascentrs.lv\/ru\/","logo":{"@type":"ImageObject","inLanguage":"ru-RU","@id":"https:\/\/genetikascentrs.lv\/ru\/#\/schema\/logo\/image\/","url":"http:\/\/genetikascentrs.lv\/wp-content\/uploads\/2021\/02\/cropped-iVF-Genetikas-logo.png","contentUrl":"http:\/\/genetikascentrs.lv\/wp-content\/uploads\/2021\/02\/cropped-iVF-Genetikas-logo.png","width":861,"height":250,"caption":"iVF Riga \u0123en\u0113tikas centrs"},"image":{"@id":"https:\/\/genetikascentrs.lv\/ru\/#\/schema\/logo\/image\/"}}]}},"_links":{"self":[{"href":"http:\/\/genetikascentrs.lv\/ru\/wp-json\/wp\/v2\/pages\/3257","targetHints":{"allow":["GET"]}}],"collection":[{"href":"http:\/\/genetikascentrs.lv\/ru\/wp-json\/wp\/v2\/pages"}],"about":[{"href":"http:\/\/genetikascentrs.lv\/ru\/wp-json\/wp\/v2\/types\/page"}],"author":[{"embeddable":true,"href":"http:\/\/genetikascentrs.lv\/ru\/wp-json\/wp\/v2\/users\/1"}],"replies":[{"embeddable":true,"href":"http:\/\/genetikascentrs.lv\/ru\/wp-json\/wp\/v2\/comments?post=3257"}],"version-history":[{"count":2,"href":"http:\/\/genetikascentrs.lv\/ru\/wp-json\/wp\/v2\/pages\/3257\/revisions"}],"predecessor-version":[{"id":3260,"href":"http:\/\/genetikascentrs.lv\/ru\/wp-json\/wp\/v2\/pages\/3257\/revisions\/3260"}],"up":[{"embeddable":true,"href":"http:\/\/genetikascentrs.lv\/ru\/wp-json\/wp\/v2\/pages\/3001"}],"wp:attachment":[{"href":"http:\/\/genetikascentrs.lv\/ru\/wp-json\/wp\/v2\/media?parent=3257"}],"curies":[{"name":"wp","href":"https:\/\/api.w.org\/{rel}","templated":true}]}}