{"id":3643,"date":"2020-10-01T13:31:11","date_gmt":"2020-10-01T13:31:11","guid":{"rendered":"http:\/\/genetikascentrs.lv\/our-team\/dana-saukuma\/"},"modified":"2024-10-10T20:14:00","modified_gmt":"2024-10-10T20:14:00","slug":"dana-saukuma-administrator-of-the-genetic-centre","status":"publish","type":"page","link":"http:\/\/genetikascentrs.lv\/en\/our-team\/dana-saukuma-administrator-of-the-genetic-centre\/","title":{"rendered":"Dana Saukuma"},"content":{"rendered":"[vc_row rsclass=&#8221;clean&#8221; el_class=&#8221;row&#8221;][vc_column width=&#8221;1\/4&#8243; rsclass=&#8221;clean&#8221; el_class=&#8221;col-md&#8221;][vc_single_image image=&#8221;4949&#8243; img_size=&#8221;full&#8221; rsclass=&#8221;clean&#8221; el_class=&#8221;doctor-page-photo text-center tt_pt_3&#8243; rs_image_class=&#8221;img-fluid&#8221;][\/vc_single_image][vc_column_text][\/vc_column_text][\/vc_column][vc_column width=&#8221;3\/4&#8243; rsclass=&#8221;clean&#8221; el_class=&#8221;col-lg-8 mt-4 mt-lg-0&#8243;][vc_column_text rsclass=&#8221;clean&#8221;]\n<div class=\"doctor-info mb-4\">\n<div class=\"doctor-info-phone\">\n<h1 class=\"doctor-info-name__title\">Dana Saukuma<\/h1>\n<p>Administrator of the Genetic Centre<\/p>\n<\/div>\n<\/div>\n[\/vc_column_text][\/vc_column][\/vc_row][vc_row rsclass=&#8221;clean&#8221; el_class=&#8221;section&#8221;][vc_column rsclass=&#8221;clean&#8221;][\/vc_column][\/vc_row]\n","protected":false},"excerpt":{"rendered":"<p>[vc_row rsclass=&#8221;clean&#8221; el_class=&#8221;row&#8221;][vc_column width=&#8221;1\/4&#8243; rsclass=&#8221;clean&#8221; el_class=&#8221;col-md&#8221;][vc_single_image image=&#8221;4949&#8243; img_size=&#8221;full&#8221; rsclass=&#8221;clean&#8221; el_class=&#8221;doctor-page-photo text-center tt_pt_3&#8243; rs_image_class=&#8221;img-fluid&#8221;][\/vc_single_image][vc_column_text][\/vc_column_text][\/vc_column][vc_column width=&#8221;3\/4&#8243; rsclass=&#8221;clean&#8221; el_class=&#8221;col-lg-8 mt-4 mt-lg-0&#8243;][vc_column_text rsclass=&#8221;clean&#8221;] Dana Saukuma Administrator of the Genetic Centre [\/vc_column_text][\/vc_column][\/vc_row][vc_row rsclass=&#8221;clean&#8221; el_class=&#8221;section&#8221;][vc_column rsclass=&#8221;clean&#8221;][\/vc_column][\/vc_row]<\/p>\n","protected":false},"author":1,"featured_media":0,"parent":3226,"menu_order":7,"comment_status":"closed","ping_status":"closed","template":"custompagett.php","meta":{"footnotes":""},"class_list":["post-3643","page","type-page","status-publish","hentry"],"yoast_head":"<!-- This site is optimized with the Yoast SEO plugin v24.5 - https:\/\/yoast.com\/wordpress\/plugins\/seo\/ -->\n<title>Dana Saukuma, Administrator of the Genetic Centre<\/title>\n<meta name=\"description\" content=\"Dana Saukuma, Administrator of the Genetic Centre. iVF Riga Genetic Center. Accurate and detailed diagnosis.\" \/>\n<meta name=\"robots\" content=\"index, follow, max-snippet:-1, max-image-preview:large, max-video-preview:-1\" \/>\n<link rel=\"canonical\" href=\"http:\/\/genetikascentrs.lv\/en\/our-team\/dana-saukuma-administrator-of-the-genetic-centre\/\" \/>\n<meta property=\"og:locale\" content=\"en_US\" \/>\n<meta property=\"og:type\" content=\"article\" \/>\n<meta property=\"og:title\" content=\"Dana Saukuma, Administrator of the Genetic Centre\" \/>\n<meta property=\"og:description\" content=\"Dana Saukuma, Administrator of the Genetic Centre. iVF Riga Genetic Center. Accurate and detailed diagnosis.\" \/>\n<meta property=\"og:url\" content=\"http:\/\/genetikascentrs.lv\/en\/our-team\/dana-saukuma-administrator-of-the-genetic-centre\/\" \/>\n<meta property=\"og:site_name\" content=\"iVF Riga \u0123en\u0113tikas centrs\" \/>\n<meta property=\"article:modified_time\" content=\"2024-10-10T20:14:00+00:00\" \/>\n<meta name=\"twitter:card\" content=\"summary_large_image\" \/>\n<meta name=\"twitter:label1\" content=\"Est. reading time\" \/>\n\t<meta name=\"twitter:data1\" content=\"1 minute\" \/>\n<script type=\"application\/ld+json\" class=\"yoast-schema-graph\">{\"@context\":\"https:\/\/schema.org\",\"@graph\":[{\"@type\":\"WebPage\",\"@id\":\"http:\/\/genetikascentrs.lv\/en\/our-team\/dana-saukuma-administrator-of-the-genetic-centre\/\",\"url\":\"http:\/\/genetikascentrs.lv\/en\/our-team\/dana-saukuma-administrator-of-the-genetic-centre\/\",\"name\":\"Dana Saukuma, Administrator of the Genetic Centre\",\"isPartOf\":{\"@id\":\"https:\/\/genetikascentrs.lv\/en\/#website\"},\"datePublished\":\"2020-10-01T13:31:11+00:00\",\"dateModified\":\"2024-10-10T20:14:00+00:00\",\"description\":\"Dana Saukuma, Administrator of the Genetic Centre. iVF Riga Genetic Center. Accurate and detailed diagnosis.\",\"breadcrumb\":{\"@id\":\"http:\/\/genetikascentrs.lv\/en\/our-team\/dana-saukuma-administrator-of-the-genetic-centre\/#breadcrumb\"},\"inLanguage\":\"en-US\",\"potentialAction\":[{\"@type\":\"ReadAction\",\"target\":[\"http:\/\/genetikascentrs.lv\/en\/our-team\/dana-saukuma-administrator-of-the-genetic-centre\/\"]}]},{\"@type\":\"BreadcrumbList\",\"@id\":\"http:\/\/genetikascentrs.lv\/en\/our-team\/dana-saukuma-administrator-of-the-genetic-centre\/#breadcrumb\",\"itemListElement\":[{\"@type\":\"ListItem\",\"position\":1,\"name\":\"Home\",\"item\":\"https:\/\/genetikascentrs.lv\/en\/\"},{\"@type\":\"ListItem\",\"position\":2,\"name\":\"Our Team\",\"item\":\"https:\/\/genetikascentrs.lv\/en\/our-team\/\"},{\"@type\":\"ListItem\",\"position\":3,\"name\":\"Dana Saukuma\"}]},{\"@type\":\"WebSite\",\"@id\":\"https:\/\/genetikascentrs.lv\/en\/#website\",\"url\":\"https:\/\/genetikascentrs.lv\/en\/\",\"name\":\"iVF Riga \u0123en\u0113tikas centrs\",\"description\":\"\u0122en\u0113tikas centrs\",\"publisher\":{\"@id\":\"https:\/\/genetikascentrs.lv\/en\/#organization\"},\"potentialAction\":[{\"@type\":\"SearchAction\",\"target\":{\"@type\":\"EntryPoint\",\"urlTemplate\":\"https:\/\/genetikascentrs.lv\/en\/?s={search_term_string}\"},\"query-input\":{\"@type\":\"PropertyValueSpecification\",\"valueRequired\":true,\"valueName\":\"search_term_string\"}}],\"inLanguage\":\"en-US\"},{\"@type\":\"Organization\",\"@id\":\"https:\/\/genetikascentrs.lv\/en\/#organization\",\"name\":\"iVF Riga \u0123en\u0113tikas centrs\",\"url\":\"https:\/\/genetikascentrs.lv\/en\/\",\"logo\":{\"@type\":\"ImageObject\",\"inLanguage\":\"en-US\",\"@id\":\"https:\/\/genetikascentrs.lv\/en\/#\/schema\/logo\/image\/\",\"url\":\"http:\/\/genetikascentrs.lv\/wp-content\/uploads\/2021\/02\/cropped-iVF-Genetikas-logo.png\",\"contentUrl\":\"http:\/\/genetikascentrs.lv\/wp-content\/uploads\/2021\/02\/cropped-iVF-Genetikas-logo.png\",\"width\":861,\"height\":250,\"caption\":\"iVF Riga \u0123en\u0113tikas centrs\"},\"image\":{\"@id\":\"https:\/\/genetikascentrs.lv\/en\/#\/schema\/logo\/image\/\"}}]}<\/script>\n<!-- \/ Yoast SEO plugin. -->","yoast_head_json":{"title":"Dana Saukuma, Administrator of the Genetic Centre","description":"Dana Saukuma, Administrator of the Genetic Centre. iVF Riga Genetic Center. Accurate and detailed diagnosis.","robots":{"index":"index","follow":"follow","max-snippet":"max-snippet:-1","max-image-preview":"max-image-preview:large","max-video-preview":"max-video-preview:-1"},"canonical":"http:\/\/genetikascentrs.lv\/en\/our-team\/dana-saukuma-administrator-of-the-genetic-centre\/","og_locale":"en_US","og_type":"article","og_title":"Dana Saukuma, Administrator of the Genetic Centre","og_description":"Dana Saukuma, Administrator of the Genetic Centre. iVF Riga Genetic Center. Accurate and detailed diagnosis.","og_url":"http:\/\/genetikascentrs.lv\/en\/our-team\/dana-saukuma-administrator-of-the-genetic-centre\/","og_site_name":"iVF Riga \u0123en\u0113tikas centrs","article_modified_time":"2024-10-10T20:14:00+00:00","twitter_card":"summary_large_image","twitter_misc":{"Est. reading time":"1 minute"},"schema":{"@context":"https:\/\/schema.org","@graph":[{"@type":"WebPage","@id":"http:\/\/genetikascentrs.lv\/en\/our-team\/dana-saukuma-administrator-of-the-genetic-centre\/","url":"http:\/\/genetikascentrs.lv\/en\/our-team\/dana-saukuma-administrator-of-the-genetic-centre\/","name":"Dana Saukuma, Administrator of the Genetic Centre","isPartOf":{"@id":"https:\/\/genetikascentrs.lv\/en\/#website"},"datePublished":"2020-10-01T13:31:11+00:00","dateModified":"2024-10-10T20:14:00+00:00","description":"Dana Saukuma, Administrator of the Genetic Centre. iVF Riga Genetic Center. Accurate and detailed diagnosis.","breadcrumb":{"@id":"http:\/\/genetikascentrs.lv\/en\/our-team\/dana-saukuma-administrator-of-the-genetic-centre\/#breadcrumb"},"inLanguage":"en-US","potentialAction":[{"@type":"ReadAction","target":["http:\/\/genetikascentrs.lv\/en\/our-team\/dana-saukuma-administrator-of-the-genetic-centre\/"]}]},{"@type":"BreadcrumbList","@id":"http:\/\/genetikascentrs.lv\/en\/our-team\/dana-saukuma-administrator-of-the-genetic-centre\/#breadcrumb","itemListElement":[{"@type":"ListItem","position":1,"name":"Home","item":"https:\/\/genetikascentrs.lv\/en\/"},{"@type":"ListItem","position":2,"name":"Our Team","item":"https:\/\/genetikascentrs.lv\/en\/our-team\/"},{"@type":"ListItem","position":3,"name":"Dana Saukuma"}]},{"@type":"WebSite","@id":"https:\/\/genetikascentrs.lv\/en\/#website","url":"https:\/\/genetikascentrs.lv\/en\/","name":"iVF Riga \u0123en\u0113tikas centrs","description":"\u0122en\u0113tikas centrs","publisher":{"@id":"https:\/\/genetikascentrs.lv\/en\/#organization"},"potentialAction":[{"@type":"SearchAction","target":{"@type":"EntryPoint","urlTemplate":"https:\/\/genetikascentrs.lv\/en\/?s={search_term_string}"},"query-input":{"@type":"PropertyValueSpecification","valueRequired":true,"valueName":"search_term_string"}}],"inLanguage":"en-US"},{"@type":"Organization","@id":"https:\/\/genetikascentrs.lv\/en\/#organization","name":"iVF Riga \u0123en\u0113tikas centrs","url":"https:\/\/genetikascentrs.lv\/en\/","logo":{"@type":"ImageObject","inLanguage":"en-US","@id":"https:\/\/genetikascentrs.lv\/en\/#\/schema\/logo\/image\/","url":"http:\/\/genetikascentrs.lv\/wp-content\/uploads\/2021\/02\/cropped-iVF-Genetikas-logo.png","contentUrl":"http:\/\/genetikascentrs.lv\/wp-content\/uploads\/2021\/02\/cropped-iVF-Genetikas-logo.png","width":861,"height":250,"caption":"iVF Riga \u0123en\u0113tikas centrs"},"image":{"@id":"https:\/\/genetikascentrs.lv\/en\/#\/schema\/logo\/image\/"}}]}},"_links":{"self":[{"href":"http:\/\/genetikascentrs.lv\/en\/wp-json\/wp\/v2\/pages\/3643","targetHints":{"allow":["GET"]}}],"collection":[{"href":"http:\/\/genetikascentrs.lv\/en\/wp-json\/wp\/v2\/pages"}],"about":[{"href":"http:\/\/genetikascentrs.lv\/en\/wp-json\/wp\/v2\/types\/page"}],"author":[{"embeddable":true,"href":"http:\/\/genetikascentrs.lv\/en\/wp-json\/wp\/v2\/users\/1"}],"replies":[{"embeddable":true,"href":"http:\/\/genetikascentrs.lv\/en\/wp-json\/wp\/v2\/comments?post=3643"}],"version-history":[{"count":8,"href":"http:\/\/genetikascentrs.lv\/en\/wp-json\/wp\/v2\/pages\/3643\/revisions"}],"predecessor-version":[{"id":6019,"href":"http:\/\/genetikascentrs.lv\/en\/wp-json\/wp\/v2\/pages\/3643\/revisions\/6019"}],"up":[{"embeddable":true,"href":"http:\/\/genetikascentrs.lv\/en\/wp-json\/wp\/v2\/pages\/3226"}],"wp:attachment":[{"href":"http:\/\/genetikascentrs.lv\/en\/wp-json\/wp\/v2\/media?parent=3643"}],"curies":[{"name":"wp","href":"https:\/\/api.w.org\/{rel}","templated":true}]}}