{"id":3565,"date":"2020-10-01T11:11:06","date_gmt":"2020-10-01T11:11:06","guid":{"rendered":"http:\/\/genetikascentrs.lv\/our-team\/dace-serge\/"},"modified":"2026-02-13T09:45:10","modified_gmt":"2026-02-13T09:45:10","slug":"dace-serge","status":"publish","type":"page","link":"http:\/\/genetikascentrs.lv\/en\/our-team\/dace-serge\/","title":{"rendered":"Dace Ser\u0123e"},"content":{"rendered":"[vc_row rsclass=&#8221;clean&#8221; el_class=&#8221;row&#8221;][vc_column width=&#8221;1\/4&#8243; rsclass=&#8221;clean&#8221; el_class=&#8221;col-md&#8221;][vc_single_image image=&#8221;4946&#8243; img_size=&#8221;full&#8221; rsclass=&#8221;clean&#8221; el_class=&#8221;doctor-page-photo text-center tt_pt_3&#8243; rs_image_class=&#8221;img-fluid&#8221;][\/vc_single_image][vc_column_text][\/vc_column_text][\/vc_column][vc_column width=&#8221;3\/4&#8243; rsclass=&#8221;clean&#8221; el_class=&#8221;col-lg-8 mt-4 mt-lg-0&#8243;][vc_column_text rsclass=&#8221;clean&#8221;]\n<div class=\"doctor-info mb-4\">\n<div class=\"doctor-info-name\"><\/div>\n<div class=\"doctor-info-phone\">\n<h1 class=\"doctor-info-name__title\">Dace Ser\u0123e<\/h1>\n<p>Head of iVF Riga Genetic Centre<\/p>\n<h6>Education:<\/h6>\n<p>Master&#8217;s degree in social sciences in the professional master&#8217;s study program \u201cLaw Science\u201d \u2013 the Faculty of Law, R\u012bga Stradi\u0146\u0161 University. Master&#8217;s degree in social sciences in the European program of the Faculty of Economics and Management of the Latvian University.<\/p>\n<\/div>\n<\/div>\n<div class=\"mt-4 mt-lg-7\"><\/div>\n[\/vc_column_text][\/vc_column][\/vc_row][vc_row rsclass=&#8221;clean&#8221; el_class=&#8221;section&#8221;][vc_column rsclass=&#8221;clean&#8221;][\/vc_column][\/vc_row]\n","protected":false},"excerpt":{"rendered":"<p>[vc_row rsclass=&#8221;clean&#8221; el_class=&#8221;row&#8221;][vc_column width=&#8221;1\/4&#8243; rsclass=&#8221;clean&#8221; el_class=&#8221;col-md&#8221;][vc_single_image image=&#8221;4946&#8243; img_size=&#8221;full&#8221; rsclass=&#8221;clean&#8221; el_class=&#8221;doctor-page-photo text-center tt_pt_3&#8243; rs_image_class=&#8221;img-fluid&#8221;][\/vc_single_image][vc_column_text][\/vc_column_text][\/vc_column][vc_column width=&#8221;3\/4&#8243; rsclass=&#8221;clean&#8221; el_class=&#8221;col-lg-8 mt-4 mt-lg-0&#8243;][vc_column_text rsclass=&#8221;clean&#8221;] Dace Ser\u0123e Head of iVF Riga Genetic Centre Education: Master&#8217;s degree in social sciences in the professional master&#8217;s study program \u201cLaw Science\u201d \u2013 the Faculty of Law, R\u012bga Stradi\u0146\u0161 University. Master&#8217;s degree in social sciences in <\/p>\n<div class=\"btn-more-wrapper\"><a href=\"http:\/\/genetikascentrs.lv\/en\/our-team\/dace-serge\/\" class=\"btn btn-sm btn-hover-fill\"><svg class=\"icon icon-right-arrow\" version=\"1.1\" xmlns=\"http:\/\/www.w3.org\/2000\/svg\" width=\"32\" height=\"32\" viewBox=\"0 0 32 32\"><title>right-arrow<\/title><path d=\"M21.548 5.088c-0.436-0.451-1.162-0.451-1.613 0-0.436 0.436-0.436 1.162 0 1.596l8.177 8.177h-26.984c-0.629 0.001-1.129 0.501-1.129 1.13s0.5 1.145 1.129 1.145h26.984l-8.177 8.162c-0.436 0.451-0.436 1.178 0 1.613 0.451 0.451 1.178 0.451 1.613 0l10.113-10.113c0.451-0.436 0.451-1.162 0-1.596l-10.113-10.114z\"><\/path><\/svg>Read More<span class=\"screen-reader-text\"> &#8220;Dace Ser\u0123e&#8221;<\/span><svg class=\"icon icon-right-arrow\" version=\"1.1\" xmlns=\"http:\/\/www.w3.org\/2000\/svg\" width=\"32\" height=\"32\" viewBox=\"0 0 32 32\"><title>right-arrow<\/title><path d=\"M21.548 5.088c-0.436-0.451-1.162-0.451-1.613 0-0.436 0.436-0.436 1.162 0 1.596l8.177 8.177h-26.984c-0.629 0.001-1.129 0.501-1.129 1.13s0.5 1.145 1.129 1.145h26.984l-8.177 8.162c-0.436 0.451-0.436 1.178 0 1.613 0.451 0.451 1.178 0.451 1.613 0l10.113-10.113c0.451-0.436 0.451-1.162 0-1.596l-10.113-10.114z\"><\/path><\/svg><\/a><\/div>\n","protected":false},"author":1,"featured_media":0,"parent":3226,"menu_order":7,"comment_status":"closed","ping_status":"closed","template":"custompagett.php","meta":{"footnotes":""},"class_list":["post-3565","page","type-page","status-publish","hentry"],"yoast_head":"<!-- This site is optimized with the Yoast SEO plugin v24.5 - https:\/\/yoast.com\/wordpress\/plugins\/seo\/ -->\n<title>Dace Ser\u0123e, Head of iVF Riga Genetic Centre- iVF Riga \u0123en\u0113tikas centrs<\/title>\n<meta name=\"description\" content=\"Dace Ser\u0123e, Head of iVF Riga Genetic Centre. iVF Riga Genetic Center. Accurate and detailed diagnosis is the key to successful treatment.\" \/>\n<meta name=\"robots\" content=\"index, follow, max-snippet:-1, max-image-preview:large, max-video-preview:-1\" \/>\n<link rel=\"canonical\" href=\"http:\/\/genetikascentrs.lv\/en\/our-team\/dace-serge\/\" \/>\n<meta property=\"og:locale\" content=\"en_US\" \/>\n<meta property=\"og:type\" content=\"article\" \/>\n<meta property=\"og:title\" content=\"Dace Ser\u0123e, Head of iVF Riga Genetic Centre- iVF Riga \u0123en\u0113tikas centrs\" \/>\n<meta property=\"og:description\" content=\"Dace Ser\u0123e, Head of iVF Riga Genetic Centre. iVF Riga Genetic Center. Accurate and detailed diagnosis is the key to successful treatment.\" \/>\n<meta property=\"og:url\" content=\"http:\/\/genetikascentrs.lv\/en\/our-team\/dace-serge\/\" \/>\n<meta property=\"og:site_name\" content=\"iVF Riga \u0123en\u0113tikas centrs\" \/>\n<meta property=\"article:modified_time\" content=\"2026-02-13T09:45:10+00:00\" \/>\n<meta name=\"twitter:card\" content=\"summary_large_image\" \/>\n<meta name=\"twitter:label1\" content=\"Est. reading time\" \/>\n\t<meta name=\"twitter:data1\" content=\"1 minute\" \/>\n<script type=\"application\/ld+json\" class=\"yoast-schema-graph\">{\"@context\":\"https:\/\/schema.org\",\"@graph\":[{\"@type\":\"WebPage\",\"@id\":\"http:\/\/genetikascentrs.lv\/en\/our-team\/dace-serge\/\",\"url\":\"http:\/\/genetikascentrs.lv\/en\/our-team\/dace-serge\/\",\"name\":\"Dace Ser\u0123e, Head of iVF Riga Genetic Centre- iVF Riga \u0123en\u0113tikas centrs\",\"isPartOf\":{\"@id\":\"https:\/\/genetikascentrs.lv\/en\/#website\"},\"datePublished\":\"2020-10-01T11:11:06+00:00\",\"dateModified\":\"2026-02-13T09:45:10+00:00\",\"description\":\"Dace Ser\u0123e, Head of iVF Riga Genetic Centre. iVF Riga Genetic Center. Accurate and detailed diagnosis is the key to successful treatment.\",\"breadcrumb\":{\"@id\":\"http:\/\/genetikascentrs.lv\/en\/our-team\/dace-serge\/#breadcrumb\"},\"inLanguage\":\"en-US\",\"potentialAction\":[{\"@type\":\"ReadAction\",\"target\":[\"http:\/\/genetikascentrs.lv\/en\/our-team\/dace-serge\/\"]}]},{\"@type\":\"BreadcrumbList\",\"@id\":\"http:\/\/genetikascentrs.lv\/en\/our-team\/dace-serge\/#breadcrumb\",\"itemListElement\":[{\"@type\":\"ListItem\",\"position\":1,\"name\":\"Home\",\"item\":\"https:\/\/genetikascentrs.lv\/en\/\"},{\"@type\":\"ListItem\",\"position\":2,\"name\":\"Our Team\",\"item\":\"https:\/\/genetikascentrs.lv\/en\/our-team\/\"},{\"@type\":\"ListItem\",\"position\":3,\"name\":\"Dace Ser\u0123e\"}]},{\"@type\":\"WebSite\",\"@id\":\"https:\/\/genetikascentrs.lv\/en\/#website\",\"url\":\"https:\/\/genetikascentrs.lv\/en\/\",\"name\":\"iVF Riga \u0123en\u0113tikas centrs\",\"description\":\"\u0122en\u0113tikas centrs\",\"publisher\":{\"@id\":\"https:\/\/genetikascentrs.lv\/en\/#organization\"},\"potentialAction\":[{\"@type\":\"SearchAction\",\"target\":{\"@type\":\"EntryPoint\",\"urlTemplate\":\"https:\/\/genetikascentrs.lv\/en\/?s={search_term_string}\"},\"query-input\":{\"@type\":\"PropertyValueSpecification\",\"valueRequired\":true,\"valueName\":\"search_term_string\"}}],\"inLanguage\":\"en-US\"},{\"@type\":\"Organization\",\"@id\":\"https:\/\/genetikascentrs.lv\/en\/#organization\",\"name\":\"iVF Riga \u0123en\u0113tikas centrs\",\"url\":\"https:\/\/genetikascentrs.lv\/en\/\",\"logo\":{\"@type\":\"ImageObject\",\"inLanguage\":\"en-US\",\"@id\":\"https:\/\/genetikascentrs.lv\/en\/#\/schema\/logo\/image\/\",\"url\":\"http:\/\/genetikascentrs.lv\/wp-content\/uploads\/2021\/02\/cropped-iVF-Genetikas-logo.png\",\"contentUrl\":\"http:\/\/genetikascentrs.lv\/wp-content\/uploads\/2021\/02\/cropped-iVF-Genetikas-logo.png\",\"width\":861,\"height\":250,\"caption\":\"iVF Riga \u0123en\u0113tikas centrs\"},\"image\":{\"@id\":\"https:\/\/genetikascentrs.lv\/en\/#\/schema\/logo\/image\/\"}}]}<\/script>\n<!-- \/ Yoast SEO plugin. -->","yoast_head_json":{"title":"Dace Ser\u0123e, Head of iVF Riga Genetic Centre- iVF Riga \u0123en\u0113tikas centrs","description":"Dace Ser\u0123e, Head of iVF Riga Genetic Centre. iVF Riga Genetic Center. Accurate and detailed diagnosis is the key to successful treatment.","robots":{"index":"index","follow":"follow","max-snippet":"max-snippet:-1","max-image-preview":"max-image-preview:large","max-video-preview":"max-video-preview:-1"},"canonical":"http:\/\/genetikascentrs.lv\/en\/our-team\/dace-serge\/","og_locale":"en_US","og_type":"article","og_title":"Dace Ser\u0123e, Head of iVF Riga Genetic Centre- iVF Riga \u0123en\u0113tikas centrs","og_description":"Dace Ser\u0123e, Head of iVF Riga Genetic Centre. iVF Riga Genetic Center. Accurate and detailed diagnosis is the key to successful treatment.","og_url":"http:\/\/genetikascentrs.lv\/en\/our-team\/dace-serge\/","og_site_name":"iVF Riga \u0123en\u0113tikas centrs","article_modified_time":"2026-02-13T09:45:10+00:00","twitter_card":"summary_large_image","twitter_misc":{"Est. reading time":"1 minute"},"schema":{"@context":"https:\/\/schema.org","@graph":[{"@type":"WebPage","@id":"http:\/\/genetikascentrs.lv\/en\/our-team\/dace-serge\/","url":"http:\/\/genetikascentrs.lv\/en\/our-team\/dace-serge\/","name":"Dace Ser\u0123e, Head of iVF Riga Genetic Centre- iVF Riga \u0123en\u0113tikas centrs","isPartOf":{"@id":"https:\/\/genetikascentrs.lv\/en\/#website"},"datePublished":"2020-10-01T11:11:06+00:00","dateModified":"2026-02-13T09:45:10+00:00","description":"Dace Ser\u0123e, Head of iVF Riga Genetic Centre. iVF Riga Genetic Center. Accurate and detailed diagnosis is the key to successful treatment.","breadcrumb":{"@id":"http:\/\/genetikascentrs.lv\/en\/our-team\/dace-serge\/#breadcrumb"},"inLanguage":"en-US","potentialAction":[{"@type":"ReadAction","target":["http:\/\/genetikascentrs.lv\/en\/our-team\/dace-serge\/"]}]},{"@type":"BreadcrumbList","@id":"http:\/\/genetikascentrs.lv\/en\/our-team\/dace-serge\/#breadcrumb","itemListElement":[{"@type":"ListItem","position":1,"name":"Home","item":"https:\/\/genetikascentrs.lv\/en\/"},{"@type":"ListItem","position":2,"name":"Our Team","item":"https:\/\/genetikascentrs.lv\/en\/our-team\/"},{"@type":"ListItem","position":3,"name":"Dace Ser\u0123e"}]},{"@type":"WebSite","@id":"https:\/\/genetikascentrs.lv\/en\/#website","url":"https:\/\/genetikascentrs.lv\/en\/","name":"iVF Riga \u0123en\u0113tikas centrs","description":"\u0122en\u0113tikas centrs","publisher":{"@id":"https:\/\/genetikascentrs.lv\/en\/#organization"},"potentialAction":[{"@type":"SearchAction","target":{"@type":"EntryPoint","urlTemplate":"https:\/\/genetikascentrs.lv\/en\/?s={search_term_string}"},"query-input":{"@type":"PropertyValueSpecification","valueRequired":true,"valueName":"search_term_string"}}],"inLanguage":"en-US"},{"@type":"Organization","@id":"https:\/\/genetikascentrs.lv\/en\/#organization","name":"iVF Riga \u0123en\u0113tikas centrs","url":"https:\/\/genetikascentrs.lv\/en\/","logo":{"@type":"ImageObject","inLanguage":"en-US","@id":"https:\/\/genetikascentrs.lv\/en\/#\/schema\/logo\/image\/","url":"http:\/\/genetikascentrs.lv\/wp-content\/uploads\/2021\/02\/cropped-iVF-Genetikas-logo.png","contentUrl":"http:\/\/genetikascentrs.lv\/wp-content\/uploads\/2021\/02\/cropped-iVF-Genetikas-logo.png","width":861,"height":250,"caption":"iVF Riga \u0123en\u0113tikas centrs"},"image":{"@id":"https:\/\/genetikascentrs.lv\/en\/#\/schema\/logo\/image\/"}}]}},"_links":{"self":[{"href":"http:\/\/genetikascentrs.lv\/en\/wp-json\/wp\/v2\/pages\/3565","targetHints":{"allow":["GET"]}}],"collection":[{"href":"http:\/\/genetikascentrs.lv\/en\/wp-json\/wp\/v2\/pages"}],"about":[{"href":"http:\/\/genetikascentrs.lv\/en\/wp-json\/wp\/v2\/types\/page"}],"author":[{"embeddable":true,"href":"http:\/\/genetikascentrs.lv\/en\/wp-json\/wp\/v2\/users\/1"}],"replies":[{"embeddable":true,"href":"http:\/\/genetikascentrs.lv\/en\/wp-json\/wp\/v2\/comments?post=3565"}],"version-history":[{"count":15,"href":"http:\/\/genetikascentrs.lv\/en\/wp-json\/wp\/v2\/pages\/3565\/revisions"}],"predecessor-version":[{"id":6620,"href":"http:\/\/genetikascentrs.lv\/en\/wp-json\/wp\/v2\/pages\/3565\/revisions\/6620"}],"up":[{"embeddable":true,"href":"http:\/\/genetikascentrs.lv\/en\/wp-json\/wp\/v2\/pages\/3226"}],"wp:attachment":[{"href":"http:\/\/genetikascentrs.lv\/en\/wp-json\/wp\/v2\/media?parent=3565"}],"curies":[{"name":"wp","href":"https:\/\/api.w.org\/{rel}","templated":true}]}}