{"id":3226,"date":"2020-07-07T15:01:28","date_gmt":"2020-07-07T15:01:28","guid":{"rendered":"http:\/\/genetikascentrs.lv\/musu-komanda\/"},"modified":"2025-09-17T13:38:11","modified_gmt":"2025-09-17T13:38:11","slug":"our-team","status":"publish","type":"page","link":"http:\/\/genetikascentrs.lv\/en\/our-team\/","title":{"rendered":"Our Team"},"content":{"rendered":"[vc_row rsclass=&#8221;clean&#8221;][vc_column rsclass=&#8221;clean&#8221;][vc_column_inner el_class=&#8221;gallery-item category1 category5&#8243; rsclass=&#8221;clean&#8221; rsinner=&#8221;doctor-box text-center&#8221;][\/vc_column_inner][vc_row_inner rsclass=&#8221;clean&#8221; el_id=&#8221;gallery-specialist&#8221; el_class=&#8221;gallery-specialist gallery-isotope&#8221;][vc_column_inner el_class=&#8221;gallery-item category1&#8243; width=&#8221;1\/3&#8243; rsclass=&#8221;clean&#8221; rsinner=&#8221;doctor-box text-center&#8221;][vc_single_image image=&#8221;4964&#8243; img_size=&#8221;full&#8221; rsclass=&#8221;clean&#8221; el_class=&#8221;doctor-box-photo&#8221; rs_image_class=&#8221;img-fluid&#8221;][\/vc_single_image][vc_custom_heading text=&#8221;Dr. Violeta Fodina&#8221; font_container=&#8221;tag:h5|text_align:center&#8221; use_theme_fonts=&#8221;yes&#8221; rs_decor_place=&#8221;2&#8243; link=&#8221;url:http%3A%2F%2Fgenetikascentrs.lv%2Fen%2Four-team%2Fdr-violeta-fodina%2F|title:Doctor%20Violeta%20Fodina||&#8221; el_class=&#8221;doctor-box-name&#8221;][\/vc_custom_heading][vc_column_text rsclass=&#8221;clean&#8221;]\n<div class=\"doctor-box-position\">\n<p>Medical Director, Reproductology Specialist, Gynaecologist, Obstetric Specialist<\/p>\n<\/div>\n[\/vc_column_text][\/vc_column_inner][vc_column_inner el_class=&#8221;gallery-item category2 category7&#8243; width=&#8221;1\/3&#8243; rsclass=&#8221;clean&#8221; rsinner=&#8221;doctor-box text-center&#8221;][vc_single_image image=&#8221;4946&#8243; img_size=&#8221;full&#8221; rsclass=&#8221;clean&#8221; el_class=&#8221;doctor-box-photo&#8221; rs_image_class=&#8221;img-fluid&#8221;][\/vc_single_image][vc_custom_heading text=&#8221;Dace Ser\u0123e&#8221; font_container=&#8221;tag:h5|text_align:center&#8221; use_theme_fonts=&#8221;yes&#8221; rs_decor_place=&#8221;2&#8243; link=&#8221;url:http%3A%2F%2Fgenetikascentrs.lv%2Fen%2Four-team%2Fdace-serge%2F|||&#8221; el_class=&#8221;doctor-box-name&#8221;][\/vc_custom_heading][vc_column_text rsclass=&#8221;clean&#8221;]\n<div class=\"doctor-box-position\">\n<p>Head of iVF Riga Genetic Centre<\/p>\n<\/div>\n[\/vc_column_text][\/vc_column_inner][vc_column_inner el_class=&#8221;gallery-item category3 category6&#8243; width=&#8221;1\/3&#8243; rsclass=&#8221;clean&#8221; rsinner=&#8221;doctor-box text-center&#8221;][vc_single_image image=&#8221;4958&#8243; img_size=&#8221;full&#8221; rsclass=&#8221;clean&#8221; el_class=&#8221;doctor-box-photo&#8221; rs_image_class=&#8221;img-fluid&#8221;][\/vc_single_image][vc_custom_heading text=&#8221;Dr. Liene Kor\u0146ejeva&#8221; font_container=&#8221;tag:h5|text_align:center&#8221; use_theme_fonts=&#8221;yes&#8221; rs_decor_place=&#8221;2&#8243; link=&#8221;url:http%3A%2F%2Fgenetikascentrs.lv%2Fen%2Four-team%2Fdr-liene-kornejeva%2F|||&#8221; el_class=&#8221;doctor-box-name&#8221;][\/vc_custom_heading][vc_column_text rsclass=&#8221;clean&#8221;]\n<div class=\"doctor-box-position\">\n<p>Geneticist, Head of Genetic Department, Specialist in Cellular Medicine<\/p>\n<\/div>\n[\/vc_column_text][\/vc_column_inner][\/vc_row_inner][vc_row_inner rsclass=&#8221;clean&#8221; el_class=&#8221;gallery-specialist gallery-isotope&#8221;][vc_column_inner el_class=&#8221;gallery-item category1 category5&#8243; width=&#8221;1\/3&#8243; rsclass=&#8221;clean&#8221; rsinner=&#8221;doctor-box text-center&#8221;][vc_single_image image=&#8221;4955&#8243; img_size=&#8221;full&#8221; rsclass=&#8221;clean&#8221; el_class=&#8221;doctor-box-photo&#8221; rs_image_class=&#8221;img-fluid&#8221;][\/vc_single_image][vc_custom_heading text=&#8221;Dr. Ieva Gr\u012bnfelde&#8221; font_container=&#8221;tag:h5|text_align:center&#8221; use_theme_fonts=&#8221;yes&#8221; rs_decor_place=&#8221;2&#8243; link=&#8221;url:http%3A%2F%2Fgenetikascentrs.lv%2Fen%2Four-team%2Fdr-ieva-grinfelde%2F|||&#8221; el_class=&#8221;doctor-box-name&#8221;][\/vc_custom_heading][vc_column_text rsclass=&#8221;clean&#8221;]\n<div class=\"doctor-box-position\">\n<p>Medical Geneticist<\/p>\n<\/div>\n[\/vc_column_text][\/vc_column_inner][vc_column_inner el_class=&#8221;gallery-item category3 category7&#8243; width=&#8221;1\/3&#8243; rsclass=&#8221;clean&#8221; rsinner=&#8221;doctor-box text-center&#8221;][vc_single_image image=&#8221;5871&#8243; img_size=&#8221;full&#8221; rsclass=&#8221;clean&#8221; el_class=&#8221;doctor-box-photo&#8221; rs_image_class=&#8221;img-fluid&#8221;][\/vc_single_image][vc_custom_heading text=&#8221;Jekaterina Voskresenska&#8221; font_container=&#8221;tag:h5|text_align:center&#8221; use_theme_fonts=&#8221;yes&#8221; rs_decor_place=&#8221;2&#8243; link=&#8221;url:http%3A%2F%2Fgenetikascentrs.lv%2Fen%2Four-team%2Fjekaterina-voskresenska%2F|||&#8221; el_class=&#8221;doctor-box-name&#8221;][\/vc_custom_heading][vc_column_text rsclass=&#8221;clean&#8221;]\n<div class=\"doctor-box-position\">\n<p>Cytogeneticist<\/p>\n<\/div>\n[\/vc_column_text][\/vc_column_inner][vc_column_inner el_class=&#8221;gallery-item category1 category5&#8243; width=&#8221;1\/3&#8243; rsclass=&#8221;clean&#8221; rsinner=&#8221;doctor-box text-center&#8221;][vc_single_image image=&#8221;5919&#8243; img_size=&#8221;full&#8221; rsclass=&#8221;clean&#8221; el_class=&#8221;doctor-box-photo&#8221; rs_image_class=&#8221;img-fluid&#8221;][\/vc_single_image][vc_custom_heading text=&#8221;Agnese Kalni\u0146a&#8221; font_container=&#8221;tag:h5|text_align:center&#8221; use_theme_fonts=&#8221;yes&#8221; rs_decor_place=&#8221;2&#8243; link=&#8221;url:http%3A%2F%2Fgenetikascentrs.lv%2Fen%2Four-team%2Fagnese-kalnina%2F|||&#8221; el_class=&#8221;doctor-box-name&#8221;][\/vc_custom_heading][vc_column_text rsclass=&#8221;clean&#8221;]\n<div class=\"doctor-box-position\">\n<p>Doctor \u2013 geneticist (on maternity leave)<\/p>\n<\/div>\n[\/vc_column_text][\/vc_column_inner][\/vc_row_inner][vc_row_inner rsclass=&#8221;clean&#8221; el_class=&#8221;gallery-specialist gallery-isotope&#8221;][vc_column_inner el_class=&#8221;gallery-item category5 category7&#8243; width=&#8221;1\/3&#8243; rsclass=&#8221;clean&#8221; rsinner=&#8221;doctor-box text-center&#8221;][vc_single_image image=&#8221;4943&#8243; img_size=&#8221;full&#8221; rsclass=&#8221;clean&#8221; el_class=&#8221;doctor-box-photo&#8221; rs_image_class=&#8221;img-fluid&#8221;][\/vc_single_image][vc_custom_heading text=&#8221;Dace Enkure&#8221; font_container=&#8221;tag:h5|text_align:center&#8221; use_theme_fonts=&#8221;yes&#8221; rs_decor_place=&#8221;2&#8243; link=&#8221;url:http%3A%2F%2Fgenetikascentrs.lv%2Fen%2Four-team%2Fdace-enkure-molecular-geneticist%2F|title:Dace%20Enkure||&#8221; el_class=&#8221;doctor-box-name&#8221;][\/vc_custom_heading][vc_column_text rsclass=&#8221;clean&#8221;]\n<div class=\"doctor-box-position\">\n<p>Molecular geneticist, certified geneticist<\/p>\n<\/div>\n[\/vc_column_text][\/vc_column_inner][vc_column_inner el_class=&#8221;gallery-item category1 category2&#8243; width=&#8221;1\/3&#8243; rsclass=&#8221;clean&#8221; rsinner=&#8221;doctor-box text-center&#8221;][vc_single_image image=&#8221;5864&#8243; img_size=&#8221;full&#8221; rsclass=&#8221;clean&#8221; el_class=&#8221;doctor-box-photo&#8221; rs_image_class=&#8221;img-fluid&#8221;][\/vc_single_image][vc_custom_heading text=&#8221;Olga \u0160terna&#8221; font_container=&#8221;tag:h5|text_align:center&#8221; use_theme_fonts=&#8221;yes&#8221; rs_decor_place=&#8221;2&#8243; link=&#8221;url:http%3A%2F%2Fgenetikascentrs.lv%2Fen%2Four-team%2Folga-sterna%2F|||&#8221; el_class=&#8221;doctor-box-name&#8221;][\/vc_custom_heading][vc_column_text rsclass=&#8221;clean&#8221;]\n<div class=\"doctor-box-position\">\n<p>Molecular geneticist, certified geneticist (medical support person)<\/p>\n<\/div>\n[\/vc_column_text][\/vc_column_inner][vc_column_inner el_class=&#8221;gallery-item category3 category4&#8243; width=&#8221;1\/3&#8243; rsclass=&#8221;clean&#8221; rsinner=&#8221;doctor-box text-center&#8221;][vc_single_image image=&#8221;4973&#8243; img_size=&#8221;full&#8221; rsclass=&#8221;clean&#8221; el_class=&#8221;doctor-box-photo&#8221; rs_image_class=&#8221;img-fluid&#8221;][\/vc_single_image][vc_custom_heading text=&#8221;Santa Andersone&#8221; font_container=&#8221;tag:h5|text_align:center&#8221; use_theme_fonts=&#8221;yes&#8221; rs_decor_place=&#8221;2&#8243; link=&#8221;url:http%3A%2F%2Fgenetikascentrs.lv%2Fen%2Four-team%2Fsanta-andersone%2F|||&#8221; el_class=&#8221;doctor-box-name&#8221;][\/vc_custom_heading][vc_column_text rsclass=&#8221;clean&#8221;]\n<div class=\"doctor-box-position\">\n<p>Cytogeneticist<\/p>\n<\/div>\n[\/vc_column_text][\/vc_column_inner][\/vc_row_inner][vc_row_inner rsclass=&#8221;clean&#8221; el_class=&#8221;gallery-specialist gallery-isotope&#8221;][vc_column_inner el_class=&#8221;gallery-item category3 category7&#8243; width=&#8221;1\/3&#8243; rsclass=&#8221;clean&#8221; rsinner=&#8221;doctor-box text-center&#8221;][vc_single_image image=&#8221;5437&#8243; img_size=&#8221;full&#8221; rsclass=&#8221;clean&#8221; el_class=&#8221;doctor-box-photo&#8221; rs_image_class=&#8221;img-fluid&#8221;][\/vc_single_image][vc_custom_heading text=&#8221;Alise Eihmane&#8221; font_container=&#8221;tag:h5|text_align:center&#8221; use_theme_fonts=&#8221;yes&#8221; rs_decor_place=&#8221;2&#8243; link=&#8221;url:http%3A%2F%2Fgenetikascentrs.lv%2Fen%2Four-team%2Falise-eihmane%2F|||&#8221; el_class=&#8221;doctor-box-name&#8221;][\/vc_custom_heading][vc_column_text rsclass=&#8221;clean&#8221;]\n<div class=\"doctor-box-position\">\n<p>Molecular geneticist<\/p>\n<\/div>\n[\/vc_column_text][\/vc_column_inner][vc_column_inner el_class=&#8221;gallery-item category1 category5&#8243; width=&#8221;1\/3&#8243; rsclass=&#8221;clean&#8221; rsinner=&#8221;doctor-box text-center&#8221;][vc_single_image image=&#8221;5867&#8243; img_size=&#8221;full&#8221; rsclass=&#8221;clean&#8221; el_class=&#8221;doctor-box-photo&#8221; rs_image_class=&#8221;img-fluid&#8221;][\/vc_single_image][vc_custom_heading text=&#8221;Di\u0101na Liv\u010d\u0101ne&#8221; font_container=&#8221;tag:h5|text_align:center&#8221; use_theme_fonts=&#8221;yes&#8221; rs_decor_place=&#8221;2&#8243; link=&#8221;url:http%3A%2F%2Fgenetikascentrs.lv%2Fen%2Four-team%2Fdiana-livcane%2F|||&#8221; el_class=&#8221;doctor-box-name&#8221;][\/vc_custom_heading][vc_column_text rsclass=&#8221;clean&#8221;]\n<div class=\"doctor-box-position\">\n<p>Molecular geneticist<\/p>\n<\/div>\n[\/vc_column_text][\/vc_column_inner][vc_column_inner el_class=&#8221;gallery-item category1 category5&#8243; width=&#8221;1\/3&#8243; rsclass=&#8221;clean&#8221; rsinner=&#8221;doctor-box text-center&#8221;][vc_single_image image=&#8221;4949&#8243; img_size=&#8221;full&#8221; rsclass=&#8221;clean&#8221; el_class=&#8221;doctor-box-photo&#8221; rs_image_class=&#8221;img-fluid&#8221;][\/vc_single_image][vc_custom_heading text=&#8221;Dana Saukuma&#8221; font_container=&#8221;tag:h5|text_align:center&#8221; use_theme_fonts=&#8221;yes&#8221; rs_decor_place=&#8221;2&#8243; link=&#8221;url:http%3A%2F%2Fgenetikascentrs.lv%2Fen%2Four-team%2Fdana-saukuma%2F|||&#8221; el_class=&#8221;doctor-box-name&#8221;][\/vc_custom_heading][vc_column_text rsclass=&#8221;clean&#8221;]\n<div class=\"doctor-box-position\">\n<p>Administrator of the Genetic Centre<\/p>\n<\/div>\n[\/vc_column_text][\/vc_column_inner][\/vc_row_inner][vc_row_inner rsclass=&#8221;clean&#8221; el_class=&#8221;gallery-specialist gallery-isotope&#8221;][vc_column_inner el_class=&#8221;gallery-item category3 category7&#8243; width=&#8221;1\/3&#8243; rsclass=&#8221;clean&#8221; rsinner=&#8221;doctor-box text-center&#8221;][vc_single_image image=&#8221;5622&#8243; img_size=&#8221;full&#8221; rsclass=&#8221;clean&#8221; el_class=&#8221;doctor-box-photo&#8221; rs_image_class=&#8221;img-fluid&#8221;][\/vc_single_image][vc_custom_heading text=&#8221;Anna \u017ddanovi\u010da&#8221; font_container=&#8221;tag:h5|text_align:center&#8221; use_theme_fonts=&#8221;yes&#8221; rs_decor_place=&#8221;2&#8243; link=&#8221;url:http%3A%2F%2Fgenetikascentrs.lv%2Fen%2Four-team%2Fanna-zdanovica%2F|||&#8221; el_class=&#8221;doctor-box-name&#8221;][\/vc_custom_heading][vc_column_text rsclass=&#8221;clean&#8221;]\n<div class=\"doctor-box-position\">\n<p>Molecular geneticist<\/p>\n<\/div>\n[\/vc_column_text][\/vc_column_inner][vc_column_inner el_class=&#8221;gallery-item category1 category5&#8243; width=&#8221;1\/3&#8243; rsclass=&#8221;clean&#8221; rsinner=&#8221;doctor-box text-center&#8221;][vc_single_image image=&#8221;5607&#8243; img_size=&#8221;full&#8221; rsclass=&#8221;clean&#8221; el_class=&#8221;doctor-box-photo&#8221; rs_image_class=&#8221;img-fluid&#8221;][\/vc_single_image][vc_custom_heading text=&#8221;Lelde \u0160uksta&#8221; font_container=&#8221;tag:h5|text_align:center&#8221; use_theme_fonts=&#8221;yes&#8221; rs_decor_place=&#8221;2&#8243; link=&#8221;url:https%3A%2F%2Fgenetikascentrs.lv%2Fen%2Four-team%2Flelde-suksta%2F|||&#8221; el_class=&#8221;doctor-box-name&#8221;][\/vc_custom_heading][vc_column_text rsclass=&#8221;clean&#8221;]\n<div class=\"doctor-box-position\">\n<p>Cytogeneticist<\/p>\n<\/div>\n[\/vc_column_text][\/vc_column_inner][vc_column_inner el_class=&#8221;gallery-item category1 category5&#8243; width=&#8221;1\/3&#8243; rsclass=&#8221;clean&#8221; rsinner=&#8221;doctor-box text-center&#8221;][vc_single_image image=&#8221;5607&#8243; img_size=&#8221;full&#8221; rsclass=&#8221;clean&#8221; el_class=&#8221;doctor-box-photo&#8221; rs_image_class=&#8221;img-fluid&#8221;][\/vc_single_image][vc_custom_heading text=&#8221;Nele Malv\u012bne B\u0113rzi\u0146a&#8221; font_container=&#8221;tag:h5|text_align:center&#8221; use_theme_fonts=&#8221;yes&#8221; rs_decor_place=&#8221;2&#8243; link=&#8221;url:https%3A%2F%2Fgenetikascentrs.lv%2Fen%2Four-team%2Fnele-malvine-berzina%2F|||&#8221; el_class=&#8221;doctor-box-name&#8221;][\/vc_custom_heading][vc_column_text rsclass=&#8221;clean&#8221;]\n<div class=\"doctor-box-position\">\n<p>Molecular geneticist<\/p>\n<\/div>\n[\/vc_column_text][\/vc_column_inner][\/vc_row_inner][vc_row_inner rsclass=&#8221;clean&#8221; el_class=&#8221;gallery-specialist gallery-isotope&#8221;][vc_column_inner el_class=&#8221;gallery-item category3 category7&#8243; width=&#8221;1\/3&#8243; rsclass=&#8221;clean&#8221; rsinner=&#8221;doctor-box text-center&#8221;][\/vc_column_inner][\/vc_row_inner][\/vc_column][\/vc_row]\n","protected":false},"excerpt":{"rendered":"<p>[vc_row rsclass=&#8221;clean&#8221;][vc_column rsclass=&#8221;clean&#8221;][vc_column_inner el_class=&#8221;gallery-item category1 category5&#8243; rsclass=&#8221;clean&#8221; rsinner=&#8221;doctor-box text-center&#8221;][\/vc_column_inner][vc_row_inner rsclass=&#8221;clean&#8221; el_id=&#8221;gallery-specialist&#8221; el_class=&#8221;gallery-specialist gallery-isotope&#8221;][vc_column_inner el_class=&#8221;gallery-item category1&#8243; width=&#8221;1\/3&#8243; rsclass=&#8221;clean&#8221; rsinner=&#8221;doctor-box text-center&#8221;][vc_single_image image=&#8221;4964&#8243; img_size=&#8221;full&#8221; rsclass=&#8221;clean&#8221; el_class=&#8221;doctor-box-photo&#8221; rs_image_class=&#8221;img-fluid&#8221;][\/vc_single_image][vc_custom_heading text=&#8221;Dr. Violeta Fodina&#8221; font_container=&#8221;tag:h5|text_align:center&#8221; use_theme_fonts=&#8221;yes&#8221; rs_decor_place=&#8221;2&#8243; link=&#8221;url:http%3A%2F%2Fgenetikascentrs.lv%2Fen%2Four-team%2Fdr-violeta-fodina%2F|title:Doctor%20Violeta%20Fodina||&#8221; el_class=&#8221;doctor-box-name&#8221;][\/vc_custom_heading][vc_column_text rsclass=&#8221;clean&#8221;] Medical Director, Reproductology Specialist, Gynaecologist, Obstetric Specialist [\/vc_column_text][\/vc_column_inner][vc_column_inner el_class=&#8221;gallery-item category2 category7&#8243; width=&#8221;1\/3&#8243; rsclass=&#8221;clean&#8221; rsinner=&#8221;doctor-box text-center&#8221;][vc_single_image image=&#8221;4946&#8243; img_size=&#8221;full&#8221; rsclass=&#8221;clean&#8221; el_class=&#8221;doctor-box-photo&#8221; rs_image_class=&#8221;img-fluid&#8221;][\/vc_single_image][vc_custom_heading text=&#8221;Dace Ser\u0123e&#8221; <\/p>\n<div class=\"btn-more-wrapper\"><a href=\"http:\/\/genetikascentrs.lv\/en\/our-team\/\" class=\"btn btn-sm btn-hover-fill\"><svg class=\"icon icon-right-arrow\" version=\"1.1\" xmlns=\"http:\/\/www.w3.org\/2000\/svg\" width=\"32\" height=\"32\" viewBox=\"0 0 32 32\"><title>right-arrow<\/title><path d=\"M21.548 5.088c-0.436-0.451-1.162-0.451-1.613 0-0.436 0.436-0.436 1.162 0 1.596l8.177 8.177h-26.984c-0.629 0.001-1.129 0.501-1.129 1.13s0.5 1.145 1.129 1.145h26.984l-8.177 8.162c-0.436 0.451-0.436 1.178 0 1.613 0.451 0.451 1.178 0.451 1.613 0l10.113-10.113c0.451-0.436 0.451-1.162 0-1.596l-10.113-10.114z\"><\/path><\/svg>Read More<span class=\"screen-reader-text\"> &#8220;Our Team&#8221;<\/span><svg class=\"icon icon-right-arrow\" version=\"1.1\" xmlns=\"http:\/\/www.w3.org\/2000\/svg\" width=\"32\" height=\"32\" viewBox=\"0 0 32 32\"><title>right-arrow<\/title><path d=\"M21.548 5.088c-0.436-0.451-1.162-0.451-1.613 0-0.436 0.436-0.436 1.162 0 1.596l8.177 8.177h-26.984c-0.629 0.001-1.129 0.501-1.129 1.13s0.5 1.145 1.129 1.145h26.984l-8.177 8.162c-0.436 0.451-0.436 1.178 0 1.613 0.451 0.451 1.178 0.451 1.613 0l10.113-10.113c0.451-0.436 0.451-1.162 0-1.596l-10.113-10.114z\"><\/path><\/svg><\/a><\/div>\n","protected":false},"author":1,"featured_media":0,"parent":0,"menu_order":6,"comment_status":"closed","ping_status":"closed","template":"custompagett.php","meta":{"footnotes":""},"class_list":["post-3226","page","type-page","status-publish","hentry"],"yoast_head":"<!-- This site is optimized with the Yoast SEO plugin v24.5 - https:\/\/yoast.com\/wordpress\/plugins\/seo\/ -->\n<title>Our Team iVF Riga Genetic Centre - iVF Riga \u0123en\u0113tikas centrs<\/title>\n<meta name=\"description\" content=\"Our Team iVF Riga Genetic Centre. Accurate and detailed diagnosis is the key to successful treatment, whatever the diagnosis.\" \/>\n<meta name=\"robots\" content=\"index, follow, max-snippet:-1, max-image-preview:large, max-video-preview:-1\" \/>\n<link rel=\"canonical\" href=\"http:\/\/genetikascentrs.lv\/en\/our-team\/\" \/>\n<meta property=\"og:locale\" content=\"en_US\" \/>\n<meta property=\"og:type\" content=\"article\" \/>\n<meta property=\"og:title\" content=\"Our Team iVF Riga Genetic Centre - iVF Riga \u0123en\u0113tikas centrs\" \/>\n<meta property=\"og:description\" content=\"Our Team iVF Riga Genetic Centre. Accurate and detailed diagnosis is the key to successful treatment, whatever the diagnosis.\" \/>\n<meta property=\"og:url\" content=\"http:\/\/genetikascentrs.lv\/en\/our-team\/\" \/>\n<meta property=\"og:site_name\" content=\"iVF Riga \u0123en\u0113tikas centrs\" \/>\n<meta property=\"article:modified_time\" content=\"2025-09-17T13:38:11+00:00\" \/>\n<meta name=\"twitter:card\" content=\"summary_large_image\" \/>\n<meta name=\"twitter:label1\" content=\"Est. reading time\" \/>\n\t<meta name=\"twitter:data1\" content=\"3 minutes\" \/>\n<script type=\"application\/ld+json\" class=\"yoast-schema-graph\">{\"@context\":\"https:\/\/schema.org\",\"@graph\":[{\"@type\":\"WebPage\",\"@id\":\"http:\/\/genetikascentrs.lv\/en\/our-team\/\",\"url\":\"http:\/\/genetikascentrs.lv\/en\/our-team\/\",\"name\":\"Our Team iVF Riga Genetic Centre - iVF Riga \u0123en\u0113tikas centrs\",\"isPartOf\":{\"@id\":\"https:\/\/genetikascentrs.lv\/en\/#website\"},\"datePublished\":\"2020-07-07T15:01:28+00:00\",\"dateModified\":\"2025-09-17T13:38:11+00:00\",\"description\":\"Our Team iVF Riga Genetic Centre. Accurate and detailed diagnosis is the key to successful treatment, whatever the diagnosis.\",\"breadcrumb\":{\"@id\":\"http:\/\/genetikascentrs.lv\/en\/our-team\/#breadcrumb\"},\"inLanguage\":\"en-US\",\"potentialAction\":[{\"@type\":\"ReadAction\",\"target\":[\"http:\/\/genetikascentrs.lv\/en\/our-team\/\"]}]},{\"@type\":\"BreadcrumbList\",\"@id\":\"http:\/\/genetikascentrs.lv\/en\/our-team\/#breadcrumb\",\"itemListElement\":[{\"@type\":\"ListItem\",\"position\":1,\"name\":\"Home\",\"item\":\"https:\/\/genetikascentrs.lv\/en\/\"},{\"@type\":\"ListItem\",\"position\":2,\"name\":\"Our Team\"}]},{\"@type\":\"WebSite\",\"@id\":\"https:\/\/genetikascentrs.lv\/en\/#website\",\"url\":\"https:\/\/genetikascentrs.lv\/en\/\",\"name\":\"iVF Riga \u0123en\u0113tikas centrs\",\"description\":\"\u0122en\u0113tikas centrs\",\"publisher\":{\"@id\":\"https:\/\/genetikascentrs.lv\/en\/#organization\"},\"potentialAction\":[{\"@type\":\"SearchAction\",\"target\":{\"@type\":\"EntryPoint\",\"urlTemplate\":\"https:\/\/genetikascentrs.lv\/en\/?s={search_term_string}\"},\"query-input\":{\"@type\":\"PropertyValueSpecification\",\"valueRequired\":true,\"valueName\":\"search_term_string\"}}],\"inLanguage\":\"en-US\"},{\"@type\":\"Organization\",\"@id\":\"https:\/\/genetikascentrs.lv\/en\/#organization\",\"name\":\"iVF Riga \u0123en\u0113tikas centrs\",\"url\":\"https:\/\/genetikascentrs.lv\/en\/\",\"logo\":{\"@type\":\"ImageObject\",\"inLanguage\":\"en-US\",\"@id\":\"https:\/\/genetikascentrs.lv\/en\/#\/schema\/logo\/image\/\",\"url\":\"http:\/\/genetikascentrs.lv\/wp-content\/uploads\/2021\/02\/cropped-iVF-Genetikas-logo.png\",\"contentUrl\":\"http:\/\/genetikascentrs.lv\/wp-content\/uploads\/2021\/02\/cropped-iVF-Genetikas-logo.png\",\"width\":861,\"height\":250,\"caption\":\"iVF Riga \u0123en\u0113tikas centrs\"},\"image\":{\"@id\":\"https:\/\/genetikascentrs.lv\/en\/#\/schema\/logo\/image\/\"}}]}<\/script>\n<!-- \/ Yoast SEO plugin. -->","yoast_head_json":{"title":"Our Team iVF Riga Genetic Centre - iVF Riga \u0123en\u0113tikas centrs","description":"Our Team iVF Riga Genetic Centre. Accurate and detailed diagnosis is the key to successful treatment, whatever the diagnosis.","robots":{"index":"index","follow":"follow","max-snippet":"max-snippet:-1","max-image-preview":"max-image-preview:large","max-video-preview":"max-video-preview:-1"},"canonical":"http:\/\/genetikascentrs.lv\/en\/our-team\/","og_locale":"en_US","og_type":"article","og_title":"Our Team iVF Riga Genetic Centre - iVF Riga \u0123en\u0113tikas centrs","og_description":"Our Team iVF Riga Genetic Centre. Accurate and detailed diagnosis is the key to successful treatment, whatever the diagnosis.","og_url":"http:\/\/genetikascentrs.lv\/en\/our-team\/","og_site_name":"iVF Riga \u0123en\u0113tikas centrs","article_modified_time":"2025-09-17T13:38:11+00:00","twitter_card":"summary_large_image","twitter_misc":{"Est. reading time":"3 minutes"},"schema":{"@context":"https:\/\/schema.org","@graph":[{"@type":"WebPage","@id":"http:\/\/genetikascentrs.lv\/en\/our-team\/","url":"http:\/\/genetikascentrs.lv\/en\/our-team\/","name":"Our Team iVF Riga Genetic Centre - iVF Riga \u0123en\u0113tikas centrs","isPartOf":{"@id":"https:\/\/genetikascentrs.lv\/en\/#website"},"datePublished":"2020-07-07T15:01:28+00:00","dateModified":"2025-09-17T13:38:11+00:00","description":"Our Team iVF Riga Genetic Centre. Accurate and detailed diagnosis is the key to successful treatment, whatever the diagnosis.","breadcrumb":{"@id":"http:\/\/genetikascentrs.lv\/en\/our-team\/#breadcrumb"},"inLanguage":"en-US","potentialAction":[{"@type":"ReadAction","target":["http:\/\/genetikascentrs.lv\/en\/our-team\/"]}]},{"@type":"BreadcrumbList","@id":"http:\/\/genetikascentrs.lv\/en\/our-team\/#breadcrumb","itemListElement":[{"@type":"ListItem","position":1,"name":"Home","item":"https:\/\/genetikascentrs.lv\/en\/"},{"@type":"ListItem","position":2,"name":"Our Team"}]},{"@type":"WebSite","@id":"https:\/\/genetikascentrs.lv\/en\/#website","url":"https:\/\/genetikascentrs.lv\/en\/","name":"iVF Riga \u0123en\u0113tikas centrs","description":"\u0122en\u0113tikas centrs","publisher":{"@id":"https:\/\/genetikascentrs.lv\/en\/#organization"},"potentialAction":[{"@type":"SearchAction","target":{"@type":"EntryPoint","urlTemplate":"https:\/\/genetikascentrs.lv\/en\/?s={search_term_string}"},"query-input":{"@type":"PropertyValueSpecification","valueRequired":true,"valueName":"search_term_string"}}],"inLanguage":"en-US"},{"@type":"Organization","@id":"https:\/\/genetikascentrs.lv\/en\/#organization","name":"iVF Riga \u0123en\u0113tikas centrs","url":"https:\/\/genetikascentrs.lv\/en\/","logo":{"@type":"ImageObject","inLanguage":"en-US","@id":"https:\/\/genetikascentrs.lv\/en\/#\/schema\/logo\/image\/","url":"http:\/\/genetikascentrs.lv\/wp-content\/uploads\/2021\/02\/cropped-iVF-Genetikas-logo.png","contentUrl":"http:\/\/genetikascentrs.lv\/wp-content\/uploads\/2021\/02\/cropped-iVF-Genetikas-logo.png","width":861,"height":250,"caption":"iVF Riga \u0123en\u0113tikas centrs"},"image":{"@id":"https:\/\/genetikascentrs.lv\/en\/#\/schema\/logo\/image\/"}}]}},"_links":{"self":[{"href":"http:\/\/genetikascentrs.lv\/en\/wp-json\/wp\/v2\/pages\/3226","targetHints":{"allow":["GET"]}}],"collection":[{"href":"http:\/\/genetikascentrs.lv\/en\/wp-json\/wp\/v2\/pages"}],"about":[{"href":"http:\/\/genetikascentrs.lv\/en\/wp-json\/wp\/v2\/types\/page"}],"author":[{"embeddable":true,"href":"http:\/\/genetikascentrs.lv\/en\/wp-json\/wp\/v2\/users\/1"}],"replies":[{"embeddable":true,"href":"http:\/\/genetikascentrs.lv\/en\/wp-json\/wp\/v2\/comments?post=3226"}],"version-history":[{"count":47,"href":"http:\/\/genetikascentrs.lv\/en\/wp-json\/wp\/v2\/pages\/3226\/revisions"}],"predecessor-version":[{"id":6504,"href":"http:\/\/genetikascentrs.lv\/en\/wp-json\/wp\/v2\/pages\/3226\/revisions\/6504"}],"wp:attachment":[{"href":"http:\/\/genetikascentrs.lv\/en\/wp-json\/wp\/v2\/media?parent=3226"}],"curies":[{"name":"wp","href":"https:\/\/api.w.org\/{rel}","templated":true}]}}