{"id":3141,"date":"2020-07-15T10:26:14","date_gmt":"2020-07-15T10:26:14","guid":{"rendered":"http:\/\/genetikascentrs.lv\/pakalpojumi\/pirmsimplantacijas-genetiska-testesana-pgs-pgd-pgt-a-pgt-m\/"},"modified":"2020-10-16T19:38:46","modified_gmt":"2020-10-16T19:38:46","slug":"pgs-pgd-pgt-a-pgt-m","status":"publish","type":"page","link":"http:\/\/genetikascentrs.lv\/en\/services\/pgs-pgd-pgt-a-pgt-m\/","title":{"rendered":"PGS\/PGD (PGT-A\/PGT-M)"},"content":{"rendered":"[vc_row rsclass=&#8221;clean&#8221; el_class=&#8221;row&#8221;][vc_column width=&#8221;1\/4&#8243; rsclass=&#8221;clean&#8221; el_class=&#8221;col-md&#8221;][vc_wp_custommenu nav_menu=&#8221;68&#8243; el_class=&#8221;services-nav flex-column flex-nowrap&#8221;][vc_row_inner rsclass=&#8221;clean&#8221; el_class=&#8221;row d-flex flex-column flex-sm-row flex-md-column mt-3&#8243;][vc_column_inner el_class=&#8221;col-auto col-sm col-md-auto&#8221; rsclass=&#8221;clean&#8221; rsinner=&#8221;contact-box contact-box-1&#8243;][vc_custom_heading text=&#8221;Working Time&#8221; font_container=&#8221;tag:h5|text_align:left&#8221; use_theme_fonts=&#8221;yes&#8221; rs_decor_place=&#8221;2&#8243; el_class=&#8221;contact-box-title&#8221;][\/vc_custom_heading][vc_column_text rsclass=&#8221;clean&#8221;]\n<ul class=\"icn-list\">\n<li><svg class=\"icon icon-clock\" version=\"1.1\" xmlns=\"http:\/\/www.w3.org\/2000\/svg\" width=\"32\" height=\"32\" viewBox=\"0 0 32 32\"><title>clock<\/title><path d=\"M20.655 15.582h-4.232v-4.232c0-0.701-0.569-1.27-1.27-1.27s-1.27 0.569-1.27 1.27v5.502c0 0.701 0.569 1.27 1.27 1.27h5.502c0.701 0 1.27-0.569 1.27-1.27s-0.569-1.27-1.27-1.27z\"><\/path><path d=\"M16 1.5c-7.995 0-14.5 6.505-14.5 14.5s6.505 14.5 14.5 14.5 14.5-6.505 14.5-14.5c0-7.995-6.505-14.5-14.5-14.5zM16 27.96c-6.595 0-11.96-5.365-11.96-11.96s5.365-11.96 11.96-11.96 11.96 5.365 11.96 11.96c0 6.595-5.365 11.96-11.96 11.96z\"><\/path><\/svg>Mon-Thu <b>08:00 &#8211; 20:00<\/b><br class=\"tt\" \/>Friday <b>07:00 &#8211; 22:00<\/b><br class=\"tt\" \/>Saturday <b>08:00 &#8211; 18:00<\/b><\/li>\n<\/ul>\n[\/vc_column_text][\/vc_column_inner][vc_column_inner el_class=&#8221;col-auto col-sm col-md-auto&#8221; rsclass=&#8221;clean&#8221; rsinner=&#8221;contact-box contact-box-2&#8243;][vc_custom_heading text=&#8221;Contact Info&#8221; font_container=&#8221;tag:h5|text_align:left&#8221; use_theme_fonts=&#8221;yes&#8221; rs_decor_place=&#8221;2&#8243; el_class=&#8221;contact-box-title&#8221;][\/vc_custom_heading][vc_column_text rsclass=&#8221;clean&#8221;]\n<ul class=\"icn-list\">\n<li class=\" p-l-0\">\n<div class=\"tt\"><svg class=\"icon icon-clock\" version=\"1.1\" xmlns=\"http:\/\/www.w3.org\/2000\/svg\" width=\"32\" height=\"32\" viewBox=\"0 0 32 32\"><title>clock<\/title><path d=\"M20.655 15.582h-4.232v-4.232c0-0.701-0.569-1.27-1.27-1.27s-1.27 0.569-1.27 1.27v5.502c0 0.701 0.569 1.27 1.27 1.27h5.502c0.701 0 1.27-0.569 1.27-1.27s-0.569-1.27-1.27-1.27z\"><\/path><path d=\"M16 1.5c-7.995 0-14.5 6.505-14.5 14.5s6.505 14.5 14.5 14.5 14.5-6.505 14.5-14.5c0-7.995-6.505-14.5-14.5-14.5zM16 27.96c-6.595 0-11.96-5.365-11.96-11.96s5.365-11.96 11.96-11.96 11.96 5.365 11.96 11.96c0 6.595-5.365 11.96-11.96 11.96z\"><\/path><\/svg><span class=\"tt\">Phone: <\/span><span class=\"tt\"><b>1-800-267-0000<\/b><br \/>\n<b class=\"p-l-86\">1-800-267-0001<\/b><\/span><\/div>\n<\/li>\n<li class=\" p-l-0\">\n<div class=\"tt\"><svg class=\"icon icon-black-envelope\" version=\"1.1\" xmlns=\"http:\/\/www.w3.org\/2000\/svg\" width=\"32\" height=\"32\" viewBox=\"0 0 32 32\"><title>black-envelope<\/title><path d=\"M2.531 6.124l11.526 9.13c0.523 0.414 1.243 0.597 1.942 0.563 0.698 0.034 1.419-0.148 1.941-0.563l11.526-9.13c0.924-0.727 0.715-1.323-0.457-1.323h-26.019c-1.173 0-1.382 0.596-0.461 1.323z\"><\/path><path d=\"M30.3 8.533l-12.596 9.563c-0.471 0.354-1.088 0.526-1.702 0.518-0.616 0.008-1.233-0.165-1.704-0.518l-12.598-9.563c-0.935-0.709-1.7-0.329-1.7 0.844v15.69c0 1.173 0.96 2.133 2.133 2.133h27.734c1.173 0 2.133-0.96 2.133-2.133v-15.69c0-1.173-0.765-1.553-1.7-0.844z\"><\/path><\/svg><a href=\"mailto:info@dentco.net\">info@dentco.net<\/a><\/div>\n<\/li>\n<\/ul>\n[\/vc_column_text][\/vc_column_inner][\/vc_row_inner][vc_row_inner rsclass=&#8221;clean&#8221;][vc_column_inner el_class=&#8221;question-box mt-3&#8243; rsclass=&#8221;clean&#8221;][vc_custom_heading text=&#8221;Ask the Experts&#8221; font_container=&#8221;tag:h5|text_align:left&#8221; use_theme_fonts=&#8221;yes&#8221; rs_decor_place=&#8221;2&#8243; el_class=&#8221;question-box-title&#8221;][\/vc_custom_heading]\n<div class=\"wpcf7 no-js\" id=\"wpcf7-f246-o1\" lang=\"en-US\" dir=\"ltr\" data-wpcf7-id=\"246\">\n<div class=\"screen-reader-response\"><p role=\"status\" aria-live=\"polite\" aria-atomic=\"true\"><\/p> <ul><\/ul><\/div>\n<form action=\"\/en\/wp-json\/wp\/v2\/pages\/3141#wpcf7-f246-o1\" method=\"post\" class=\"wpcf7-form init\" aria-label=\"Contact form\" novalidate=\"novalidate\" data-status=\"init\">\n<div style=\"display: none;\">\n<input type=\"hidden\" name=\"_wpcf7\" value=\"246\" \/>\n<input type=\"hidden\" name=\"_wpcf7_version\" value=\"6.0.4\" \/>\n<input type=\"hidden\" name=\"_wpcf7_locale\" value=\"en_US\" \/>\n<input type=\"hidden\" name=\"_wpcf7_unit_tag\" value=\"wpcf7-f246-o1\" \/>\n<input type=\"hidden\" name=\"_wpcf7_container_post\" value=\"0\" \/>\n<input type=\"hidden\" name=\"_wpcf7_posted_data_hash\" value=\"\" \/>\n<input type=\"hidden\" name=\"_wpcf7_recaptcha_response\" value=\"\" \/>\n<\/div>\n<div class=\"contact-form contact7__custom-form questionForm ws-form-icons7\" id=\"questionForm\">\n\t<div class=\"input-group\">\n\t\t<p><span class=\"wpcf7-form-control-wrap\" data-name=\"your-name\"><input size=\"40\" maxlength=\"400\" class=\"wpcf7-form-control wpcf7-text form-control\" aria-invalid=\"false\" placeholder=\"Your name\" value=\"\" type=\"text\" name=\"your-name\" \/><\/span>\n\t\t<\/p>\n\t<\/div>\n\t<div class=\"row row-xs-space7 mt-0 mt-md-1\">\n\t\t<div class=\"col-sm-6\">\n\t\t\t<div class=\"input-group\">\n\t\t\t\t<p><span class=\"wpcf7-form-control-wrap\" data-name=\"your-email\"><input size=\"40\" maxlength=\"400\" class=\"wpcf7-form-control wpcf7-email wpcf7-text wpcf7-validates-as-email form-control\" aria-invalid=\"false\" placeholder=\"Your e-mail\" value=\"\" type=\"email\" name=\"your-email\" \/><\/span>\n\t\t\t\t<\/p>\n\t\t\t<\/div>\n\t\t<\/div>\n\t\t<div class=\"col-sm-6\">\n\t\t\t<div class=\"input-group\">\n\t\t\t\t<p><span class=\"wpcf7-form-control-wrap\" data-name=\"your-phone\"><input size=\"40\" maxlength=\"400\" class=\"wpcf7-form-control wpcf7-text form-control\" aria-invalid=\"false\" placeholder=\"Phone\" value=\"\" type=\"text\" name=\"your-phone\" \/><\/span>\n\t\t\t\t<\/p>\n\t\t\t<\/div>\n\t\t<\/div>\n\t<\/div>\n\t<div class=\"mt-0 mt-md-1\">\n\t\t<p><span class=\"wpcf7-form-control-wrap\" data-name=\"your-message\"><textarea cols=\"40\" rows=\"10\" maxlength=\"2000\" class=\"wpcf7-form-control wpcf7-textarea wpcf7-validates-as-required form-control form-control-textarea\" aria-required=\"true\" aria-invalid=\"false\" placeholder=\"Question*\" name=\"your-message\"><\/textarea><\/span>\n\t\t<\/p>\n\t<\/div>\n\t<div class=\"form-ask_btn_c\">\n\t\t<div class=\"mt-2\">\n\t\t\t<p><input class=\"wpcf7-form-control wpcf7-submit has-spinner btn btn-fill\" type=\"submit\" value=\"Send question\" \/>\n\t\t\t<\/p>\n\t\t<\/div>\n\t<\/div>\n<\/div><div class=\"wpcf7-response-output\" aria-hidden=\"true\"><\/div>\n<\/form>\n<\/div>\n[\/vc_column_inner][\/vc_row_inner][\/vc_column][vc_column width=&#8221;3\/4&#8243; rsclass=&#8221;clean&#8221; el_class=&#8221;col-md-8 col-lg-9 mt-4 mt-md-0&#8243;][vc_column_text]The Genetic centre iVF Riga is currently the only one in the Baltic Countries offering <strong>preimplantation genetic testing or screening (PGT-A\/PGS)<\/strong> of embryos and <strong>Preimplantation Genetic Diagnosis (PGT-M\/PGD)<\/strong>.<br \/>\nThe terms PGD and PGS are replaced now by new definitions:<br \/>\n<strong>PGS = PGT-A (Preimplantation genetic testing for aneuploidy &#8211; abnormal number of chromosomes)<\/strong><br \/>\n<strong>PGD = PGT-M (Preimplantation genetic testing for monogenic\/single gene diseases)*<\/strong><br \/>\n*<em>According to The International Glossary on Infertility and Fertility Care, 2017<\/em><\/p>\n<h6>Preimplantation Genetic Screening (PGS) or Preimplantation genetic testing for aneuploidy (PGT-A)<\/h6>\n<p>Simultaneous testing of the entire set of chromosomes of an embryo on the day 5 of development by NGS method (Next generation sequencing) before the embryo is transferred into the uterus.<\/p>\n<h6>Indications:<\/h6>\n<ul>\n<li>Repeated failed IVF cycles;<\/li>\n<li>Pregnancy occurs, but then repeatedly interrupted or stopped (Repeated miscarriages);<\/li>\n<li>Changes in the parental karyotype (Robertsonian, reciprocal translocations or chromosomal mosaicism);<\/li>\n<li>Age after 40 years (Advanced maternal age).<\/li>\n<\/ul>\n<p>In such cases, embryos with an altered chromosome set often develop, which are not able to be implanted into the uterus or stop in their development in the early stages of pregnancy.<\/p>\n<h6>PGS (PGT-A) is carried out:<\/h6>\n<ul>\n<li>to screen the entire set of chromosomes for abnormalities;<\/li>\n<li>to improve IVF results;<\/li>\n<li>to increase IVF success rates;<\/li>\n<li>without personalized test preparation.<\/li>\n<\/ul>\n<h6>Preimplantation Genetic Diagnosis (PGD) or Preimplantation genetic testing for monogenic\/single gene diseases (PGT-M)<\/h6>\n<p>The examination of monogenic hereditary diseases (which appeared because of changes in a single gene).<\/p>\n<h6>Indications:<\/h6>\n<ul>\n<li>Confirmed monogenic hereditary diseases, which are transmitted from generation to generation;<\/li>\n<li>A monogenic disease has already been detected in one of family children<\/li>\n<\/ul>\n<p>Preimplantation Genetic Diagnosis (PGD or PGT-M) is the unique method, offered by iVF Riga Clinic. If a woman or a man has a disease on gene level, it is possible to define the precise localization of the problem and examine both the chromosome and the gene level to exclude such health problems for the unborn child.<\/p>\n<h6>PGD (PGT-M) is carried out:<\/h6>\n<ul>\n<li>to reduce genetic disorder risk;<\/li>\n<li>to check for monogenic hereditary diseases;<\/li>\n<li>with personalized test design &amp; preparation.<\/li>\n<\/ul>\n<h6>iVF Riga Genetic laboratory benefits:<\/h6>\n<ul>\n<li>All investigations are carried out at our own genetic laboratory; no need for material transportation to other laboratories;<\/li>\n<li>Tests runtime: PGS ~2 weeks; PGD \u2013 individually set;<\/li>\n<li>PGS (PGT-A) is included in PGD (PGT-M) for healthy embryos;<\/li>\n<li>Geneticist consultation with detailed explanation.<\/li>\n<\/ul>\n[\/vc_column_text][\/vc_column][\/vc_row][vc_row][vc_column][\/vc_column][\/vc_row]\n","protected":false},"excerpt":{"rendered":"<p>[vc_row rsclass=&#8221;clean&#8221; el_class=&#8221;row&#8221;][vc_column width=&#8221;1\/4&#8243; rsclass=&#8221;clean&#8221; el_class=&#8221;col-md&#8221;][vc_wp_custommenu nav_menu=&#8221;68&#8243; el_class=&#8221;services-nav flex-column flex-nowrap&#8221;][vc_row_inner rsclass=&#8221;clean&#8221; el_class=&#8221;row d-flex flex-column flex-sm-row flex-md-column mt-3&#8243;][vc_column_inner el_class=&#8221;col-auto col-sm col-md-auto&#8221; rsclass=&#8221;clean&#8221; rsinner=&#8221;contact-box contact-box-1&#8243;][vc_custom_heading text=&#8221;Working Time&#8221; font_container=&#8221;tag:h5|text_align:left&#8221; use_theme_fonts=&#8221;yes&#8221; rs_decor_place=&#8221;2&#8243; el_class=&#8221;contact-box-title&#8221;][\/vc_custom_heading][vc_column_text rsclass=&#8221;clean&#8221;] Mon-Thu 08:00 &#8211; 20:00Friday 07:00 &#8211; 22:00Saturday 08:00 &#8211; 18:00 [\/vc_column_text][\/vc_column_inner][vc_column_inner el_class=&#8221;col-auto col-sm col-md-auto&#8221; rsclass=&#8221;clean&#8221; rsinner=&#8221;contact-box contact-box-2&#8243;][vc_custom_heading text=&#8221;Contact Info&#8221; font_container=&#8221;tag:h5|text_align:left&#8221; use_theme_fonts=&#8221;yes&#8221; rs_decor_place=&#8221;2&#8243; el_class=&#8221;contact-box-title&#8221;][\/vc_custom_heading][vc_column_text rsclass=&#8221;clean&#8221;] Phone: <\/p>\n<div class=\"btn-more-wrapper\"><a href=\"http:\/\/genetikascentrs.lv\/en\/services\/pgs-pgd-pgt-a-pgt-m\/\" class=\"btn btn-sm btn-hover-fill\"><svg class=\"icon icon-right-arrow\" version=\"1.1\" xmlns=\"http:\/\/www.w3.org\/2000\/svg\" width=\"32\" height=\"32\" viewBox=\"0 0 32 32\"><title>right-arrow<\/title><path d=\"M21.548 5.088c-0.436-0.451-1.162-0.451-1.613 0-0.436 0.436-0.436 1.162 0 1.596l8.177 8.177h-26.984c-0.629 0.001-1.129 0.501-1.129 1.13s0.5 1.145 1.129 1.145h26.984l-8.177 8.162c-0.436 0.451-0.436 1.178 0 1.613 0.451 0.451 1.178 0.451 1.613 0l10.113-10.113c0.451-0.436 0.451-1.162 0-1.596l-10.113-10.114z\"><\/path><\/svg>Read More<span class=\"screen-reader-text\"> &#8220;PGS\/PGD (PGT-A\/PGT-M)&#8221;<\/span><svg class=\"icon icon-right-arrow\" version=\"1.1\" xmlns=\"http:\/\/www.w3.org\/2000\/svg\" width=\"32\" height=\"32\" viewBox=\"0 0 32 32\"><title>right-arrow<\/title><path d=\"M21.548 5.088c-0.436-0.451-1.162-0.451-1.613 0-0.436 0.436-0.436 1.162 0 1.596l8.177 8.177h-26.984c-0.629 0.001-1.129 0.501-1.129 1.13s0.5 1.145 1.129 1.145h26.984l-8.177 8.162c-0.436 0.451-0.436 1.178 0 1.613 0.451 0.451 1.178 0.451 1.613 0l10.113-10.113c0.451-0.436 0.451-1.162 0-1.596l-10.113-10.114z\"><\/path><\/svg><\/a><\/div>\n","protected":false},"author":1,"featured_media":0,"parent":2983,"menu_order":0,"comment_status":"closed","ping_status":"closed","template":"","meta":{"footnotes":""},"class_list":["post-3141","page","type-page","status-publish","hentry"],"yoast_head":"<!-- This site is optimized with the Yoast SEO plugin v24.5 - https:\/\/yoast.com\/wordpress\/plugins\/seo\/ -->\n<title>PGS\/PGD (PGT-A\/PGT-M) - iVF Riga \u0123en\u0113tikas centrs<\/title>\n<meta name=\"description\" content=\"Preimplantation genetic testing PGS\/PGD (PGT-A\/PGT-M). Accurate and detailed diagnosis is the key to successful treatment.\" \/>\n<meta name=\"robots\" content=\"index, follow, max-snippet:-1, max-image-preview:large, max-video-preview:-1\" \/>\n<link rel=\"canonical\" href=\"http:\/\/genetikascentrs.lv\/en\/services\/pgs-pgd-pgt-a-pgt-m\/\" \/>\n<meta property=\"og:locale\" content=\"en_US\" \/>\n<meta property=\"og:type\" content=\"article\" \/>\n<meta property=\"og:title\" content=\"PGS\/PGD (PGT-A\/PGT-M) - iVF Riga \u0123en\u0113tikas centrs\" \/>\n<meta property=\"og:description\" content=\"Preimplantation genetic testing PGS\/PGD (PGT-A\/PGT-M). Accurate and detailed diagnosis is the key to successful treatment.\" \/>\n<meta property=\"og:url\" content=\"http:\/\/genetikascentrs.lv\/en\/services\/pgs-pgd-pgt-a-pgt-m\/\" \/>\n<meta property=\"og:site_name\" content=\"iVF Riga \u0123en\u0113tikas centrs\" \/>\n<meta property=\"article:modified_time\" content=\"2020-10-16T19:38:46+00:00\" \/>\n<meta name=\"twitter:card\" content=\"summary_large_image\" \/>\n<meta name=\"twitter:label1\" content=\"Est. reading time\" \/>\n\t<meta name=\"twitter:data1\" content=\"3 minutes\" \/>\n<script type=\"application\/ld+json\" class=\"yoast-schema-graph\">{\"@context\":\"https:\/\/schema.org\",\"@graph\":[{\"@type\":\"WebPage\",\"@id\":\"http:\/\/genetikascentrs.lv\/en\/services\/pgs-pgd-pgt-a-pgt-m\/\",\"url\":\"http:\/\/genetikascentrs.lv\/en\/services\/pgs-pgd-pgt-a-pgt-m\/\",\"name\":\"PGS\/PGD (PGT-A\/PGT-M) - iVF Riga \u0123en\u0113tikas centrs\",\"isPartOf\":{\"@id\":\"https:\/\/genetikascentrs.lv\/en\/#website\"},\"datePublished\":\"2020-07-15T10:26:14+00:00\",\"dateModified\":\"2020-10-16T19:38:46+00:00\",\"description\":\"Preimplantation genetic testing PGS\/PGD (PGT-A\/PGT-M). Accurate and detailed diagnosis is the key to successful treatment.\",\"breadcrumb\":{\"@id\":\"http:\/\/genetikascentrs.lv\/en\/services\/pgs-pgd-pgt-a-pgt-m\/#breadcrumb\"},\"inLanguage\":\"en-US\",\"potentialAction\":[{\"@type\":\"ReadAction\",\"target\":[\"http:\/\/genetikascentrs.lv\/en\/services\/pgs-pgd-pgt-a-pgt-m\/\"]}]},{\"@type\":\"BreadcrumbList\",\"@id\":\"http:\/\/genetikascentrs.lv\/en\/services\/pgs-pgd-pgt-a-pgt-m\/#breadcrumb\",\"itemListElement\":[{\"@type\":\"ListItem\",\"position\":1,\"name\":\"Home\",\"item\":\"https:\/\/genetikascentrs.lv\/en\/\"},{\"@type\":\"ListItem\",\"position\":2,\"name\":\"Services\",\"item\":\"https:\/\/genetikascentrs.lv\/en\/services\/\"},{\"@type\":\"ListItem\",\"position\":3,\"name\":\"PGS\/PGD (PGT-A\/PGT-M)\"}]},{\"@type\":\"WebSite\",\"@id\":\"https:\/\/genetikascentrs.lv\/en\/#website\",\"url\":\"https:\/\/genetikascentrs.lv\/en\/\",\"name\":\"iVF Riga \u0123en\u0113tikas centrs\",\"description\":\"\u0122en\u0113tikas centrs\",\"publisher\":{\"@id\":\"https:\/\/genetikascentrs.lv\/en\/#organization\"},\"potentialAction\":[{\"@type\":\"SearchAction\",\"target\":{\"@type\":\"EntryPoint\",\"urlTemplate\":\"https:\/\/genetikascentrs.lv\/en\/?s={search_term_string}\"},\"query-input\":{\"@type\":\"PropertyValueSpecification\",\"valueRequired\":true,\"valueName\":\"search_term_string\"}}],\"inLanguage\":\"en-US\"},{\"@type\":\"Organization\",\"@id\":\"https:\/\/genetikascentrs.lv\/en\/#organization\",\"name\":\"iVF Riga \u0123en\u0113tikas centrs\",\"url\":\"https:\/\/genetikascentrs.lv\/en\/\",\"logo\":{\"@type\":\"ImageObject\",\"inLanguage\":\"en-US\",\"@id\":\"https:\/\/genetikascentrs.lv\/en\/#\/schema\/logo\/image\/\",\"url\":\"http:\/\/genetikascentrs.lv\/wp-content\/uploads\/2021\/02\/cropped-iVF-Genetikas-logo.png\",\"contentUrl\":\"http:\/\/genetikascentrs.lv\/wp-content\/uploads\/2021\/02\/cropped-iVF-Genetikas-logo.png\",\"width\":861,\"height\":250,\"caption\":\"iVF Riga \u0123en\u0113tikas centrs\"},\"image\":{\"@id\":\"https:\/\/genetikascentrs.lv\/en\/#\/schema\/logo\/image\/\"}}]}<\/script>\n<!-- \/ Yoast SEO plugin. -->","yoast_head_json":{"title":"PGS\/PGD (PGT-A\/PGT-M) - iVF Riga \u0123en\u0113tikas centrs","description":"Preimplantation genetic testing PGS\/PGD (PGT-A\/PGT-M). Accurate and detailed diagnosis is the key to successful treatment.","robots":{"index":"index","follow":"follow","max-snippet":"max-snippet:-1","max-image-preview":"max-image-preview:large","max-video-preview":"max-video-preview:-1"},"canonical":"http:\/\/genetikascentrs.lv\/en\/services\/pgs-pgd-pgt-a-pgt-m\/","og_locale":"en_US","og_type":"article","og_title":"PGS\/PGD (PGT-A\/PGT-M) - iVF Riga \u0123en\u0113tikas centrs","og_description":"Preimplantation genetic testing PGS\/PGD (PGT-A\/PGT-M). Accurate and detailed diagnosis is the key to successful treatment.","og_url":"http:\/\/genetikascentrs.lv\/en\/services\/pgs-pgd-pgt-a-pgt-m\/","og_site_name":"iVF Riga \u0123en\u0113tikas centrs","article_modified_time":"2020-10-16T19:38:46+00:00","twitter_card":"summary_large_image","twitter_misc":{"Est. reading time":"3 minutes"},"schema":{"@context":"https:\/\/schema.org","@graph":[{"@type":"WebPage","@id":"http:\/\/genetikascentrs.lv\/en\/services\/pgs-pgd-pgt-a-pgt-m\/","url":"http:\/\/genetikascentrs.lv\/en\/services\/pgs-pgd-pgt-a-pgt-m\/","name":"PGS\/PGD (PGT-A\/PGT-M) - iVF Riga \u0123en\u0113tikas centrs","isPartOf":{"@id":"https:\/\/genetikascentrs.lv\/en\/#website"},"datePublished":"2020-07-15T10:26:14+00:00","dateModified":"2020-10-16T19:38:46+00:00","description":"Preimplantation genetic testing PGS\/PGD (PGT-A\/PGT-M). Accurate and detailed diagnosis is the key to successful treatment.","breadcrumb":{"@id":"http:\/\/genetikascentrs.lv\/en\/services\/pgs-pgd-pgt-a-pgt-m\/#breadcrumb"},"inLanguage":"en-US","potentialAction":[{"@type":"ReadAction","target":["http:\/\/genetikascentrs.lv\/en\/services\/pgs-pgd-pgt-a-pgt-m\/"]}]},{"@type":"BreadcrumbList","@id":"http:\/\/genetikascentrs.lv\/en\/services\/pgs-pgd-pgt-a-pgt-m\/#breadcrumb","itemListElement":[{"@type":"ListItem","position":1,"name":"Home","item":"https:\/\/genetikascentrs.lv\/en\/"},{"@type":"ListItem","position":2,"name":"Services","item":"https:\/\/genetikascentrs.lv\/en\/services\/"},{"@type":"ListItem","position":3,"name":"PGS\/PGD (PGT-A\/PGT-M)"}]},{"@type":"WebSite","@id":"https:\/\/genetikascentrs.lv\/en\/#website","url":"https:\/\/genetikascentrs.lv\/en\/","name":"iVF Riga \u0123en\u0113tikas centrs","description":"\u0122en\u0113tikas centrs","publisher":{"@id":"https:\/\/genetikascentrs.lv\/en\/#organization"},"potentialAction":[{"@type":"SearchAction","target":{"@type":"EntryPoint","urlTemplate":"https:\/\/genetikascentrs.lv\/en\/?s={search_term_string}"},"query-input":{"@type":"PropertyValueSpecification","valueRequired":true,"valueName":"search_term_string"}}],"inLanguage":"en-US"},{"@type":"Organization","@id":"https:\/\/genetikascentrs.lv\/en\/#organization","name":"iVF Riga \u0123en\u0113tikas centrs","url":"https:\/\/genetikascentrs.lv\/en\/","logo":{"@type":"ImageObject","inLanguage":"en-US","@id":"https:\/\/genetikascentrs.lv\/en\/#\/schema\/logo\/image\/","url":"http:\/\/genetikascentrs.lv\/wp-content\/uploads\/2021\/02\/cropped-iVF-Genetikas-logo.png","contentUrl":"http:\/\/genetikascentrs.lv\/wp-content\/uploads\/2021\/02\/cropped-iVF-Genetikas-logo.png","width":861,"height":250,"caption":"iVF Riga \u0123en\u0113tikas centrs"},"image":{"@id":"https:\/\/genetikascentrs.lv\/en\/#\/schema\/logo\/image\/"}}]}},"_links":{"self":[{"href":"http:\/\/genetikascentrs.lv\/en\/wp-json\/wp\/v2\/pages\/3141","targetHints":{"allow":["GET"]}}],"collection":[{"href":"http:\/\/genetikascentrs.lv\/en\/wp-json\/wp\/v2\/pages"}],"about":[{"href":"http:\/\/genetikascentrs.lv\/en\/wp-json\/wp\/v2\/types\/page"}],"author":[{"embeddable":true,"href":"http:\/\/genetikascentrs.lv\/en\/wp-json\/wp\/v2\/users\/1"}],"replies":[{"embeddable":true,"href":"http:\/\/genetikascentrs.lv\/en\/wp-json\/wp\/v2\/comments?post=3141"}],"version-history":[{"count":6,"href":"http:\/\/genetikascentrs.lv\/en\/wp-json\/wp\/v2\/pages\/3141\/revisions"}],"predecessor-version":[{"id":4078,"href":"http:\/\/genetikascentrs.lv\/en\/wp-json\/wp\/v2\/pages\/3141\/revisions\/4078"}],"up":[{"embeddable":true,"href":"http:\/\/genetikascentrs.lv\/en\/wp-json\/wp\/v2\/pages\/2983"}],"wp:attachment":[{"href":"http:\/\/genetikascentrs.lv\/en\/wp-json\/wp\/v2\/media?parent=3141"}],"curies":[{"name":"wp","href":"https:\/\/api.w.org\/{rel}","templated":true}]}}